{"id":13241,"date":"2024-04-15T13:50:06","date_gmt":"2024-04-15T10:50:06","guid":{"rendered":"https:\/\/wi.ee\/?page_id=13241"},"modified":"2024-04-15T13:54:33","modified_gmt":"2024-04-15T10:54:33","slug":"vordne-kohtlemine","status":"publish","type":"page","link":"https:\/\/wi.ee\/et\/vordne-kohtlemine\/","title":{"rendered":"V\u00f5rdne kohtlemine"},"content":{"rendered":"<p>V\u00f5ru Instituudi\u00a0 jaoks on v\u00e4ga t\u00e4htis tagada v\u00f5rdse kohtlemise p\u00f5him\u00f5tete rakendamine nii oma t\u00f6\u00f6tajate, klientide kui ka partnerite seas.<\/p>\n<p>V\u00f5rdse kohtlemise p\u00f5him\u00f5te t\u00e4hendab, et inimesi ei tohi diskrimineerida mingite tunnuste t\u00f5ttu. Eesti Vabariigi p\u00f5hiseaduse \u00a7 12 \u00fctleb, et k\u00f5ik on seaduse ees v\u00f5rdsed. Kedagi ei tohi diskrimineerida rahvuse, rassi, nahav\u00e4rvuse, soo, keele, p\u00e4ritolu, usutunnistuse, poliitiliste v\u00f5i muude veendumuste, samuti varalise ja sotsiaalse seisundi v\u00f5i muude asjaolude t\u00f5ttu.<\/p>\n<p><strong>Eesti Vabariigi p\u00f5hiseadus<\/strong>e saad k\u00e4tte <em>siit<\/em>: <a href=\"https:\/\/www.riigiteataja.ee\/akt\/115052015002?leiaKehtiv\">https:\/\/www.riigiteataja.ee\/akt\/115052015002?leiaKehtiv<\/a><\/p>\n<p>&nbsp;<\/p>\n<p>Lisaks p\u00f5hiseadusele k\u00e4sitletakse v\u00f5rdse kohtlemise k\u00fcsimust esmajoones soolise v\u00f5rd\u00f5iguslikkuse seaduses ja v\u00f5rdse kohtlemise seaduses.<\/p>\n<p>Soolise v\u00f5rd\u00f5iguslikkuse all peetakse silmas naiste ja meeste v\u00f5rdseid \u00f5iguseid, kohustusi, v\u00f5imalusi ja vastutust t\u00f6\u00f6elus, hariduse omandamisel ning teistes \u00fchiskonnaelu valdkondades osalemisel. Naiste ja meeste v\u00f5rdne kohtlemine on otsese ja kaudse soolise diskrimineerimise puudumine. Otsene sooline diskrimineerimine ehk ebav\u00f5rdne kohtlemine on olukord, kus \u00fchte inimest koheldakse tema soo t\u00f5ttu halvemini kui teist inimest samalaadses olukorras. Kaudne sooline diskrimineerimine on selline ebav\u00f5rdne kohtlemine, kui v\u00e4liselt neutraalne s\u00e4te v\u00f5i tegevus seab \u00fchest soost isikud ebasoodsamasse olukorda v\u00f5rreldes teisest soost isikutega, v\u00e4lja arvatud juhul, kui sellel on objektiivselt p\u00f5hjendatav \u00f5igustatud eesm\u00e4rk.<\/p>\n<p><strong>Soolise v\u00f5rd\u00f5iguslikkuse seaduse<\/strong> saad k\u00e4tte siit: <a href=\"https:\/\/www.riigiteataja.ee\/akt\/738642?leiaKehtiv\">https:\/\/www.riigiteataja.ee\/akt\/738642?leiaKehtiv<\/a><\/p>\n<p>&nbsp;<\/p>\n<p><strong>V\u00f5rdse kohtlemise seadus<\/strong> kaitseb inimest ebav\u00f5rdse kohtlemise eest rahvuse (etnilise kuuluvuse), rassi, nahav\u00e4rvuse, usutunnistuse v\u00f5i veendumuste, vanuse, puude v\u00f5i seksuaalsest s\u00e4ttumuse alusel.<\/p>\n<p><strong>V\u00f5rdse kohtlemise seaduse<\/strong> saad k\u00e4tte siit: <a href=\"https:\/\/www.riigiteataja.ee\/akt\/122102021011?leiaKehtiv\">https:\/\/www.riigiteataja.ee\/akt\/122102021011?leiaKehtiv<\/a><\/p>\n<p>&nbsp;<\/p>\n<p>Ka Eesti teadlaste eetikakoodeksis on lisaks muule olulisele kirjas ka n\u00f5ue l\u00e4htuda v\u00f5rdse kohtlemise p\u00f5him\u00f5ttest: <a href=\"https:\/\/etag.ee\/teadusagentuur\/dokumendid\/eetikakoodeks2002\/\">https:\/\/etag.ee\/teadusagentuur\/dokumendid\/eetikakoodeks2002\/<\/a><\/p>\n<p>&nbsp;<\/p>\n<p>Kui tunned, et Sind on t\u00f6\u00f6l, teenuste saamisel, hariduse omandamisel v\u00f5i muudel juhtudel koheldud ebav\u00f5rdselt, siis n\u00f5ustab ja abistab Sind s\u00f5ltumatu ning erapooletu v\u00f5rd\u00f5igusvolinik <a href=\"https:\/\/volinik.ee\/index.html\">https:\/\/volinik.ee\/index.html<\/a>.<\/p>\n","protected":false},"excerpt":{"rendered":"<p>V\u00f5ru Instituudi\u00a0 jaoks on v\u00e4ga t\u00e4htis tagada v\u00f5rdse kohtlemise p\u00f5him\u00f5tete rakendamine nii oma t\u00f6\u00f6tajate, klientide kui ka partnerite seas. V\u00f5rdse kohtlemise p\u00f5him\u00f5te t\u00e4hendab, et inimesi ei tohi diskrimineerida mingite tunnuste t\u00f5ttu. Eesti Vabariigi p\u00f5hiseaduse \u00a7 12 \u00fctleb, et k\u00f5ik on seaduse ees v\u00f5rdsed. Kedagi ei tohi diskrimineerida rahvuse, rassi, nahav\u00e4rvuse, soo, keele, p\u00e4ritolu, usutunnistuse, poliitiliste [&hellip;]<\/p>\n","protected":false},"author":2,"featured_media":0,"parent":0,"menu_order":0,"comment_status":"closed","ping_status":"closed","template":"","meta":{"_acf_changed":false,"footnotes":""},"class_list":["post-13241","page","type-page","status-publish","hentry"],"acf":[],"yoast_head":"<!-- This site is optimized with the Yoast SEO plugin v27.3 - https:\/\/yoast.com\/product\/yoast-seo-wordpress\/ -->\n<title>V\u00f5rdne kohtlemine - V\u00f5ru Instituut<\/title>\n<meta name=\"robots\" content=\"index, follow, max-snippet:-1, max-image-preview:large, max-video-preview:-1\" \/>\n<link rel=\"canonical\" href=\"https:\/\/wi.ee\/et\/vordne-kohtlemine\/\" \/>\n<meta property=\"og:locale\" content=\"et_EE\" \/>\n<meta property=\"og:type\" content=\"article\" \/>\n<meta property=\"og:title\" content=\"V\u00f5rdne kohtlemine - V\u00f5ru Instituut\" \/>\n<meta property=\"og:description\" content=\"V\u00f5ru Instituudi\u00a0 jaoks on v\u00e4ga t\u00e4htis tagada v\u00f5rdse kohtlemise p\u00f5him\u00f5tete rakendamine nii oma t\u00f6\u00f6tajate, klientide kui ka partnerite seas. V\u00f5rdse kohtlemise p\u00f5him\u00f5te t\u00e4hendab, et inimesi ei tohi diskrimineerida mingite tunnuste t\u00f5ttu. Eesti Vabariigi p\u00f5hiseaduse \u00a7 12 \u00fctleb, et k\u00f5ik on seaduse ees v\u00f5rdsed. Kedagi ei tohi diskrimineerida rahvuse, rassi, nahav\u00e4rvuse, soo, keele, p\u00e4ritolu, usutunnistuse, poliitiliste [&hellip;]\" \/>\n<meta property=\"og:url\" content=\"https:\/\/wi.ee\/et\/vordne-kohtlemine\/\" \/>\n<meta property=\"og:site_name\" content=\"V\u00f5ru Instituut\" \/>\n<meta property=\"article:publisher\" content=\"https:\/\/www.facebook.com\/VoroInstituut\" \/>\n<meta property=\"article:modified_time\" content=\"2024-04-15T10:54:33+00:00\" \/>\n<meta property=\"og:image\" content=\"https:\/\/wi.ee\/wp-content\/uploads\/2015\/05\/logo-150507.png\" \/>\n\t<meta property=\"og:image:width\" content=\"183\" \/>\n\t<meta property=\"og:image:height\" content=\"123\" \/>\n\t<meta property=\"og:image:type\" content=\"image\/png\" \/>\n<meta name=\"twitter:label1\" content=\"Est. reading time\" \/>\n\t<meta name=\"twitter:data1\" content=\"2 minutit\" \/>\n<script type=\"application\/ld+json\" class=\"yoast-schema-graph\">{\"@context\":\"https:\\\/\\\/schema.org\",\"@graph\":[{\"@type\":\"WebPage\",\"@id\":\"https:\\\/\\\/wi.ee\\\/et\\\/vordne-kohtlemine\\\/\",\"url\":\"https:\\\/\\\/wi.ee\\\/et\\\/vordne-kohtlemine\\\/\",\"name\":\"V\u00f5rdne kohtlemine - V\u00f5ru Instituut\",\"isPartOf\":{\"@id\":\"https:\\\/\\\/wi.ee\\\/et\\\/#website\"},\"datePublished\":\"2024-04-15T10:50:06+00:00\",\"dateModified\":\"2024-04-15T10:54:33+00:00\",\"breadcrumb\":{\"@id\":\"https:\\\/\\\/wi.ee\\\/et\\\/vordne-kohtlemine\\\/#breadcrumb\"},\"inLanguage\":\"et\",\"potentialAction\":[{\"@type\":\"ReadAction\",\"target\":[\"https:\\\/\\\/wi.ee\\\/et\\\/vordne-kohtlemine\\\/\"]}]},{\"@type\":\"BreadcrumbList\",\"@id\":\"https:\\\/\\\/wi.ee\\\/et\\\/vordne-kohtlemine\\\/#breadcrumb\",\"itemListElement\":[{\"@type\":\"ListItem\",\"position\":1,\"name\":\"Avaleht\",\"item\":\"https:\\\/\\\/wi.ee\\\/et\\\/\"},{\"@type\":\"ListItem\",\"position\":2,\"name\":\"V\u00f5rdne kohtlemine\"}]},{\"@type\":\"WebSite\",\"@id\":\"https:\\\/\\\/wi.ee\\\/et\\\/#website\",\"url\":\"https:\\\/\\\/wi.ee\\\/et\\\/\",\"name\":\"V\u00f5ru Instituut\",\"description\":\"\",\"publisher\":{\"@id\":\"https:\\\/\\\/wi.ee\\\/et\\\/#organization\"},\"potentialAction\":[{\"@type\":\"SearchAction\",\"target\":{\"@type\":\"EntryPoint\",\"urlTemplate\":\"https:\\\/\\\/wi.ee\\\/et\\\/?s={search_term_string}\"},\"query-input\":{\"@type\":\"PropertyValueSpecification\",\"valueRequired\":true,\"valueName\":\"search_term_string\"}}],\"inLanguage\":\"et\"},{\"@type\":\"Organization\",\"@id\":\"https:\\\/\\\/wi.ee\\\/et\\\/#organization\",\"name\":\"V\u00f5ru Instituut\",\"url\":\"https:\\\/\\\/wi.ee\\\/et\\\/\",\"logo\":{\"@type\":\"ImageObject\",\"inLanguage\":\"et\",\"@id\":\"https:\\\/\\\/wi.ee\\\/et\\\/#\\\/schema\\\/logo\\\/image\\\/\",\"url\":\"https:\\\/\\\/wi.ee\\\/wp-content\\\/uploads\\\/2015\\\/05\\\/logo-150507.png\",\"contentUrl\":\"https:\\\/\\\/wi.ee\\\/wp-content\\\/uploads\\\/2015\\\/05\\\/logo-150507.png\",\"width\":183,\"height\":123,\"caption\":\"V\u00f5ru Instituut\"},\"image\":{\"@id\":\"https:\\\/\\\/wi.ee\\\/et\\\/#\\\/schema\\\/logo\\\/image\\\/\"},\"sameAs\":[\"https:\\\/\\\/www.facebook.com\\\/VoroInstituut\"]}]}<\/script>\n<!-- \/ Yoast SEO plugin. -->","yoast_head_json":{"title":"V\u00f5rdne kohtlemine - V\u00f5ru Instituut","robots":{"index":"index","follow":"follow","max-snippet":"max-snippet:-1","max-image-preview":"max-image-preview:large","max-video-preview":"max-video-preview:-1"},"canonical":"https:\/\/wi.ee\/et\/vordne-kohtlemine\/","og_locale":"et_EE","og_type":"article","og_title":"V\u00f5rdne kohtlemine - V\u00f5ru Instituut","og_description":"V\u00f5ru Instituudi\u00a0 jaoks on v\u00e4ga t\u00e4htis tagada v\u00f5rdse kohtlemise p\u00f5him\u00f5tete rakendamine nii oma t\u00f6\u00f6tajate, klientide kui ka partnerite seas. V\u00f5rdse kohtlemise p\u00f5him\u00f5te t\u00e4hendab, et inimesi ei tohi diskrimineerida mingite tunnuste t\u00f5ttu. Eesti Vabariigi p\u00f5hiseaduse \u00a7 12 \u00fctleb, et k\u00f5ik on seaduse ees v\u00f5rdsed. Kedagi ei tohi diskrimineerida rahvuse, rassi, nahav\u00e4rvuse, soo, keele, p\u00e4ritolu, usutunnistuse, poliitiliste [&hellip;]","og_url":"https:\/\/wi.ee\/et\/vordne-kohtlemine\/","og_site_name":"V\u00f5ru Instituut","article_publisher":"https:\/\/www.facebook.com\/VoroInstituut","article_modified_time":"2024-04-15T10:54:33+00:00","og_image":[{"width":183,"height":123,"url":"https:\/\/wi.ee\/wp-content\/uploads\/2015\/05\/logo-150507.png","type":"image\/png"}],"twitter_misc":{"Est. reading time":"2 minutit"},"schema":{"@context":"https:\/\/schema.org","@graph":[{"@type":"WebPage","@id":"https:\/\/wi.ee\/et\/vordne-kohtlemine\/","url":"https:\/\/wi.ee\/et\/vordne-kohtlemine\/","name":"V\u00f5rdne kohtlemine - V\u00f5ru Instituut","isPartOf":{"@id":"https:\/\/wi.ee\/et\/#website"},"datePublished":"2024-04-15T10:50:06+00:00","dateModified":"2024-04-15T10:54:33+00:00","breadcrumb":{"@id":"https:\/\/wi.ee\/et\/vordne-kohtlemine\/#breadcrumb"},"inLanguage":"et","potentialAction":[{"@type":"ReadAction","target":["https:\/\/wi.ee\/et\/vordne-kohtlemine\/"]}]},{"@type":"BreadcrumbList","@id":"https:\/\/wi.ee\/et\/vordne-kohtlemine\/#breadcrumb","itemListElement":[{"@type":"ListItem","position":1,"name":"Avaleht","item":"https:\/\/wi.ee\/et\/"},{"@type":"ListItem","position":2,"name":"V\u00f5rdne kohtlemine"}]},{"@type":"WebSite","@id":"https:\/\/wi.ee\/et\/#website","url":"https:\/\/wi.ee\/et\/","name":"V\u00f5ru Instituut","description":"","publisher":{"@id":"https:\/\/wi.ee\/et\/#organization"},"potentialAction":[{"@type":"SearchAction","target":{"@type":"EntryPoint","urlTemplate":"https:\/\/wi.ee\/et\/?s={search_term_string}"},"query-input":{"@type":"PropertyValueSpecification","valueRequired":true,"valueName":"search_term_string"}}],"inLanguage":"et"},{"@type":"Organization","@id":"https:\/\/wi.ee\/et\/#organization","name":"V\u00f5ru Instituut","url":"https:\/\/wi.ee\/et\/","logo":{"@type":"ImageObject","inLanguage":"et","@id":"https:\/\/wi.ee\/et\/#\/schema\/logo\/image\/","url":"https:\/\/wi.ee\/wp-content\/uploads\/2015\/05\/logo-150507.png","contentUrl":"https:\/\/wi.ee\/wp-content\/uploads\/2015\/05\/logo-150507.png","width":183,"height":123,"caption":"V\u00f5ru Instituut"},"image":{"@id":"https:\/\/wi.ee\/et\/#\/schema\/logo\/image\/"},"sameAs":["https:\/\/www.facebook.com\/VoroInstituut"]}]}},"_links":{"self":[{"href":"https:\/\/wi.ee\/et\/wp-json\/wp\/v2\/pages\/13241","targetHints":{"allow":["GET"]}}],"collection":[{"href":"https:\/\/wi.ee\/et\/wp-json\/wp\/v2\/pages"}],"about":[{"href":"https:\/\/wi.ee\/et\/wp-json\/wp\/v2\/types\/page"}],"author":[{"embeddable":true,"href":"https:\/\/wi.ee\/et\/wp-json\/wp\/v2\/users\/2"}],"replies":[{"embeddable":true,"href":"https:\/\/wi.ee\/et\/wp-json\/wp\/v2\/comments?post=13241"}],"version-history":[{"count":3,"href":"https:\/\/wi.ee\/et\/wp-json\/wp\/v2\/pages\/13241\/revisions"}],"predecessor-version":[{"id":13248,"href":"https:\/\/wi.ee\/et\/wp-json\/wp\/v2\/pages\/13241\/revisions\/13248"}],"wp:attachment":[{"href":"https:\/\/wi.ee\/et\/wp-json\/wp\/v2\/media?parent=13241"}],"curies":[{"name":"wp","href":"https:\/\/api.w.org\/{rel}","templated":true}]}}