{"id":12759,"date":"2023-10-11T11:07:20","date_gmt":"2023-10-11T08:07:20","guid":{"rendered":"https:\/\/wi.ee\/?page_id=12759"},"modified":"2025-09-30T10:40:16","modified_gmt":"2025-09-30T07:40:16","slug":"kava","status":"publish","type":"page","link":"https:\/\/wi.ee\/et\/kava\/","title":{"rendered":"Kava"},"content":{"rendered":"<p><strong>P\u00f5lids\u00f5q keeleq ja kultuuriq muutuisi aol<\/strong><\/p>\n<p><strong>P\u00f5liskeeled ja -kultuurid muutuste ajal<\/strong><\/p>\n<p><strong>Indigenous languages and cultures in the time(s) of change<\/strong><\/p>\n<p>V\u00f5ro Instituudi s\u00fck\u00fcskonv\u00f5r\u00f5nts V\u00f5rol oktoobril 2025<\/p>\n<p>&nbsp;<\/p>\n<p>&nbsp;<\/p>\n<p>11.00-11.30 Kokkotul\u00f5min\u00f5. Kohv ja v\u00e4iku haugahus. Kogunemine. Tervituskohv ja toiduamps<\/p>\n<p>11.30-12.30<strong> Piia Post<\/strong>. Kliima muutumin\u00f5: mi\u00e4 om t\u00e4\u00e4mb\u00e4 ja mi\u00e4 tul\u00f5 humm\u00f5n<\/p>\n<p>12.30-13.00 <strong>Enn Ernits<\/strong>. Vadjalaste h\u00e4\u00e4bumisest ajaloo lainem\u00f6llus<\/p>\n<p>13.00-13.30 <strong>Tobias Weber<\/strong>. Kraasna maarahvas ni n\u00e4ide kujotamin\u00f5 l\u00e4bi ao<\/p>\n<p>13.30-14.30 L\u00f5un\u00f5vaih. L\u00f5unapaus<\/p>\n<p>14.30-15.00 <strong>Karl Pajusalu, Uldis Balodis<\/strong>. Loodusnimed l\u00e4\u00e4nemeresoome kohanimedes L\u00e4tis<\/p>\n<p>15.00-15.30 <strong>Vladislavs Malahovskis<\/strong>. Issues of Latgalian identity in emigration after World War II<\/p>\n<p>15.30-15.45 Sirotusvaih. Sirutuspaus<\/p>\n<p>15.45-16.15 <strong>Hipp Saar<\/strong>. V\u00f5ro kiil n\u00f5vvokogod\u00f5 ao koolin ja \u00fctiskunnan<\/p>\n<p>16.15-16.45 <strong>Kadri Ugur<\/strong>. Koolilatsi ja oppajid\u00f5 arvamis\u00f5 v\u00f5ro keele pruukmis\u00f5 kottal\u00f5 projekti \u201eUmakultuur mi \u00fcmbre\u201c piluutkuul\u00f5n<\/p>\n<p>16.45-17.15 <strong>Helen Plado, Mariko Faster<\/strong>. V\u00f5ro ja seto keelen lug\u00f5min\u00f5 \u2013 ku hulga ja mid\u00e4?<\/p>\n<p>17.15-17.45 Vahtsid\u00f5 raamatid\u00f5 n\u00e4\u00fct\u00e4mine. Romaaniv\u00f5istlus\u00f5 avvuhinna k\u00e4tteandmin\u00f5<\/p>\n<p>17.45-18.00 \u00d5daguhaugahus. \u00d5htuamps<\/p>\n<p>&nbsp;<\/p>\n","protected":false},"excerpt":{"rendered":"<p>P\u00f5lids\u00f5q keeleq ja kultuuriq muutuisi aol P\u00f5liskeeled ja -kultuurid muutuste ajal Indigenous languages and cultures in the time(s) of change V\u00f5ro Instituudi s\u00fck\u00fcskonv\u00f5r\u00f5nts V\u00f5rol oktoobril 2025 &nbsp; &nbsp; 11.00-11.30 Kokkotul\u00f5min\u00f5. Kohv ja v\u00e4iku haugahus. Kogunemine. Tervituskohv ja toiduamps 11.30-12.30 Piia Post. Kliima muutumin\u00f5: mi\u00e4 om t\u00e4\u00e4mb\u00e4 ja mi\u00e4 tul\u00f5 humm\u00f5n 12.30-13.00 Enn Ernits. Vadjalaste h\u00e4\u00e4bumisest [&hellip;]<\/p>\n","protected":false},"author":2,"featured_media":0,"parent":0,"menu_order":0,"comment_status":"closed","ping_status":"closed","template":"","meta":{"_acf_changed":false,"footnotes":""},"class_list":["post-12759","page","type-page","status-publish","hentry"],"acf":[],"yoast_head":"<!-- This site is optimized with the Yoast SEO plugin v27.3 - https:\/\/yoast.com\/product\/yoast-seo-wordpress\/ -->\n<title>Kava - V\u00f5ru Instituut<\/title>\n<meta name=\"robots\" content=\"index, follow, max-snippet:-1, max-image-preview:large, max-video-preview:-1\" \/>\n<link rel=\"canonical\" href=\"https:\/\/wi.ee\/et\/kava\/\" \/>\n<meta property=\"og:locale\" content=\"et_EE\" \/>\n<meta property=\"og:type\" content=\"article\" \/>\n<meta property=\"og:title\" content=\"Kava - V\u00f5ru Instituut\" \/>\n<meta property=\"og:description\" content=\"P\u00f5lids\u00f5q keeleq ja kultuuriq muutuisi aol P\u00f5liskeeled ja -kultuurid muutuste ajal Indigenous languages and cultures in the time(s) of change V\u00f5ro Instituudi s\u00fck\u00fcskonv\u00f5r\u00f5nts V\u00f5rol oktoobril 2025 &nbsp; &nbsp; 11.00-11.30 Kokkotul\u00f5min\u00f5. Kohv ja v\u00e4iku haugahus. Kogunemine. Tervituskohv ja toiduamps 11.30-12.30 Piia Post. Kliima muutumin\u00f5: mi\u00e4 om t\u00e4\u00e4mb\u00e4 ja mi\u00e4 tul\u00f5 humm\u00f5n 12.30-13.00 Enn Ernits. Vadjalaste h\u00e4\u00e4bumisest [&hellip;]\" \/>\n<meta property=\"og:url\" content=\"https:\/\/wi.ee\/et\/kava\/\" \/>\n<meta property=\"og:site_name\" content=\"V\u00f5ru Instituut\" \/>\n<meta property=\"article:publisher\" content=\"https:\/\/www.facebook.com\/VoroInstituut\" \/>\n<meta property=\"article:modified_time\" content=\"2025-09-30T07:40:16+00:00\" \/>\n<meta property=\"og:image\" content=\"https:\/\/wi.ee\/wp-content\/uploads\/2015\/05\/logo-150507.png\" \/>\n\t<meta property=\"og:image:width\" content=\"183\" \/>\n\t<meta property=\"og:image:height\" content=\"123\" \/>\n\t<meta property=\"og:image:type\" content=\"image\/png\" \/>\n<meta name=\"twitter:label1\" content=\"Est. reading time\" \/>\n\t<meta name=\"twitter:data1\" content=\"1 minut\" \/>\n<script type=\"application\/ld+json\" class=\"yoast-schema-graph\">{\"@context\":\"https:\\\/\\\/schema.org\",\"@graph\":[{\"@type\":\"WebPage\",\"@id\":\"https:\\\/\\\/wi.ee\\\/et\\\/kava\\\/\",\"url\":\"https:\\\/\\\/wi.ee\\\/et\\\/kava\\\/\",\"name\":\"Kava - V\u00f5ru Instituut\",\"isPartOf\":{\"@id\":\"https:\\\/\\\/wi.ee\\\/et\\\/#website\"},\"datePublished\":\"2023-10-11T08:07:20+00:00\",\"dateModified\":\"2025-09-30T07:40:16+00:00\",\"breadcrumb\":{\"@id\":\"https:\\\/\\\/wi.ee\\\/et\\\/kava\\\/#breadcrumb\"},\"inLanguage\":\"et\",\"potentialAction\":[{\"@type\":\"ReadAction\",\"target\":[\"https:\\\/\\\/wi.ee\\\/et\\\/kava\\\/\"]}]},{\"@type\":\"BreadcrumbList\",\"@id\":\"https:\\\/\\\/wi.ee\\\/et\\\/kava\\\/#breadcrumb\",\"itemListElement\":[{\"@type\":\"ListItem\",\"position\":1,\"name\":\"Avaleht\",\"item\":\"https:\\\/\\\/wi.ee\\\/et\\\/\"},{\"@type\":\"ListItem\",\"position\":2,\"name\":\"Kava\"}]},{\"@type\":\"WebSite\",\"@id\":\"https:\\\/\\\/wi.ee\\\/et\\\/#website\",\"url\":\"https:\\\/\\\/wi.ee\\\/et\\\/\",\"name\":\"V\u00f5ru Instituut\",\"description\":\"\",\"publisher\":{\"@id\":\"https:\\\/\\\/wi.ee\\\/et\\\/#organization\"},\"potentialAction\":[{\"@type\":\"SearchAction\",\"target\":{\"@type\":\"EntryPoint\",\"urlTemplate\":\"https:\\\/\\\/wi.ee\\\/et\\\/?s={search_term_string}\"},\"query-input\":{\"@type\":\"PropertyValueSpecification\",\"valueRequired\":true,\"valueName\":\"search_term_string\"}}],\"inLanguage\":\"et\"},{\"@type\":\"Organization\",\"@id\":\"https:\\\/\\\/wi.ee\\\/et\\\/#organization\",\"name\":\"V\u00f5ru Instituut\",\"url\":\"https:\\\/\\\/wi.ee\\\/et\\\/\",\"logo\":{\"@type\":\"ImageObject\",\"inLanguage\":\"et\",\"@id\":\"https:\\\/\\\/wi.ee\\\/et\\\/#\\\/schema\\\/logo\\\/image\\\/\",\"url\":\"https:\\\/\\\/wi.ee\\\/wp-content\\\/uploads\\\/2015\\\/05\\\/logo-150507.png\",\"contentUrl\":\"https:\\\/\\\/wi.ee\\\/wp-content\\\/uploads\\\/2015\\\/05\\\/logo-150507.png\",\"width\":183,\"height\":123,\"caption\":\"V\u00f5ru Instituut\"},\"image\":{\"@id\":\"https:\\\/\\\/wi.ee\\\/et\\\/#\\\/schema\\\/logo\\\/image\\\/\"},\"sameAs\":[\"https:\\\/\\\/www.facebook.com\\\/VoroInstituut\"]}]}<\/script>\n<!-- \/ Yoast SEO plugin. -->","yoast_head_json":{"title":"Kava - V\u00f5ru Instituut","robots":{"index":"index","follow":"follow","max-snippet":"max-snippet:-1","max-image-preview":"max-image-preview:large","max-video-preview":"max-video-preview:-1"},"canonical":"https:\/\/wi.ee\/et\/kava\/","og_locale":"et_EE","og_type":"article","og_title":"Kava - V\u00f5ru Instituut","og_description":"P\u00f5lids\u00f5q keeleq ja kultuuriq muutuisi aol P\u00f5liskeeled ja -kultuurid muutuste ajal Indigenous languages and cultures in the time(s) of change V\u00f5ro Instituudi s\u00fck\u00fcskonv\u00f5r\u00f5nts V\u00f5rol oktoobril 2025 &nbsp; &nbsp; 11.00-11.30 Kokkotul\u00f5min\u00f5. Kohv ja v\u00e4iku haugahus. Kogunemine. Tervituskohv ja toiduamps 11.30-12.30 Piia Post. Kliima muutumin\u00f5: mi\u00e4 om t\u00e4\u00e4mb\u00e4 ja mi\u00e4 tul\u00f5 humm\u00f5n 12.30-13.00 Enn Ernits. Vadjalaste h\u00e4\u00e4bumisest [&hellip;]","og_url":"https:\/\/wi.ee\/et\/kava\/","og_site_name":"V\u00f5ru Instituut","article_publisher":"https:\/\/www.facebook.com\/VoroInstituut","article_modified_time":"2025-09-30T07:40:16+00:00","og_image":[{"width":183,"height":123,"url":"https:\/\/wi.ee\/wp-content\/uploads\/2015\/05\/logo-150507.png","type":"image\/png"}],"twitter_misc":{"Est. reading time":"1 minut"},"schema":{"@context":"https:\/\/schema.org","@graph":[{"@type":"WebPage","@id":"https:\/\/wi.ee\/et\/kava\/","url":"https:\/\/wi.ee\/et\/kava\/","name":"Kava - V\u00f5ru Instituut","isPartOf":{"@id":"https:\/\/wi.ee\/et\/#website"},"datePublished":"2023-10-11T08:07:20+00:00","dateModified":"2025-09-30T07:40:16+00:00","breadcrumb":{"@id":"https:\/\/wi.ee\/et\/kava\/#breadcrumb"},"inLanguage":"et","potentialAction":[{"@type":"ReadAction","target":["https:\/\/wi.ee\/et\/kava\/"]}]},{"@type":"BreadcrumbList","@id":"https:\/\/wi.ee\/et\/kava\/#breadcrumb","itemListElement":[{"@type":"ListItem","position":1,"name":"Avaleht","item":"https:\/\/wi.ee\/et\/"},{"@type":"ListItem","position":2,"name":"Kava"}]},{"@type":"WebSite","@id":"https:\/\/wi.ee\/et\/#website","url":"https:\/\/wi.ee\/et\/","name":"V\u00f5ru Instituut","description":"","publisher":{"@id":"https:\/\/wi.ee\/et\/#organization"},"potentialAction":[{"@type":"SearchAction","target":{"@type":"EntryPoint","urlTemplate":"https:\/\/wi.ee\/et\/?s={search_term_string}"},"query-input":{"@type":"PropertyValueSpecification","valueRequired":true,"valueName":"search_term_string"}}],"inLanguage":"et"},{"@type":"Organization","@id":"https:\/\/wi.ee\/et\/#organization","name":"V\u00f5ru Instituut","url":"https:\/\/wi.ee\/et\/","logo":{"@type":"ImageObject","inLanguage":"et","@id":"https:\/\/wi.ee\/et\/#\/schema\/logo\/image\/","url":"https:\/\/wi.ee\/wp-content\/uploads\/2015\/05\/logo-150507.png","contentUrl":"https:\/\/wi.ee\/wp-content\/uploads\/2015\/05\/logo-150507.png","width":183,"height":123,"caption":"V\u00f5ru Instituut"},"image":{"@id":"https:\/\/wi.ee\/et\/#\/schema\/logo\/image\/"},"sameAs":["https:\/\/www.facebook.com\/VoroInstituut"]}]}},"_links":{"self":[{"href":"https:\/\/wi.ee\/et\/wp-json\/wp\/v2\/pages\/12759","targetHints":{"allow":["GET"]}}],"collection":[{"href":"https:\/\/wi.ee\/et\/wp-json\/wp\/v2\/pages"}],"about":[{"href":"https:\/\/wi.ee\/et\/wp-json\/wp\/v2\/types\/page"}],"author":[{"embeddable":true,"href":"https:\/\/wi.ee\/et\/wp-json\/wp\/v2\/users\/2"}],"replies":[{"embeddable":true,"href":"https:\/\/wi.ee\/et\/wp-json\/wp\/v2\/comments?post=12759"}],"version-history":[{"count":3,"href":"https:\/\/wi.ee\/et\/wp-json\/wp\/v2\/pages\/12759\/revisions"}],"predecessor-version":[{"id":16695,"href":"https:\/\/wi.ee\/et\/wp-json\/wp\/v2\/pages\/12759\/revisions\/16695"}],"wp:attachment":[{"href":"https:\/\/wi.ee\/et\/wp-json\/wp\/v2\/media?parent=12759"}],"curies":[{"name":"wp","href":"https:\/\/api.w.org\/{rel}","templated":true}]}}