{"id":12008,"date":"2023-02-27T14:09:13","date_gmt":"2023-02-27T12:09:13","guid":{"rendered":"https:\/\/wi.ee\/?page_id=12008"},"modified":"2026-01-14T15:00:03","modified_gmt":"2026-01-14T13:00:03","slug":"instituudist","status":"publish","type":"page","link":"https:\/\/wi.ee\/et\/instituudist\/","title":{"rendered":"Instituudist"},"content":{"rendered":"<div class=\"page-header\">\n<h1><a style=\"font-size: 16px;\" href=\"https:\/\/wi.ee\/wp-content\/uploads\/2015\/02\/vorumaa-kaart.jpg\"><img loading=\"lazy\" decoding=\"async\" class=\"alignright size-thumbnail wp-image-113\" src=\"https:\/\/wi.ee\/wp-content\/uploads\/2015\/02\/vorumaa-kaart-600x400.jpg\" alt=\"vorumaa-kaart\" width=\"600\" height=\"400\" \/><\/a><\/h1>\n<\/div>\n<p><strong>V\u00f5ru Instituut<\/strong>\u00a0on 1995. aastal Kultuuriministeeriumi juurde loodud teadus- ja arendusasutus. Instituudi tegemised puudutavad peamiselt ajaloolist V\u00f5rumaad ja aitavad elus hoida v\u00f5rukestele omast keelt ja kultuuri.<\/p>\n<p><strong>Ajalooline V\u00f5rumaa<\/strong>\u00a0on V\u00f5rumaa neis piires, mis oli ametlik haldus\u00fcksus alates moodustamisest 1783. aastal kuni 1920. aastani. Ajalooline V\u00f5rumaa koosneb kaheksast osast: Karula, Hargla, Urvaste, R\u00f5uge, Kanepi, P\u00f5lva, R\u00e4pina ja Vastseliina kihelkonnast. Neis kihelkondades r\u00e4\u00e4gitakse v\u00f5ru keelt. 1920. aastal, kui Valga linn Eesti koosseisu arvati ja Eesti aladel uus Valga maakond moodustati, liideti osa Karula ja Hargla kihelkonnast Valga maakonnaga, 1925. aastal viidi osa R\u00e4pina kihelkonnast Tartu maakonna alla. Ajalooline V\u00f5rumaa h\u00f5lmab praeguste V\u00f5ru, P\u00f5lva, Valga ja Tartu maakondade alasid, kuid teadmine V\u00f5rumaast ja v\u00f5ru keel on siin ikka igal pool alles p\u00fcsinud.<\/p>\n<p><strong>V\u00f5ru keel<\/strong>\u00a0on vana l\u00f5unaeesti h\u00f5imukeele \u00fcks j\u00e4reltulija. T\u00e4nap\u00e4eval peetakse l\u00f5unaeesti keelteks veel mulgi, tartu ja setu keelt. Viimane on k\u00fcll v\u00f5ru keelega k\u00fcllalt sarnane, kuid kuna setudel on alles v\u00e4ga omap\u00e4rased iidsed kombed ja tugev identiteet, siis r\u00e4\u00e4gitakse v\u00f5ru ja setu keelest eraldi. Tartlastega \u00fchendas v\u00f5rukesi mitusada aastat \u00fchine l\u00f5unaeesti kirjakeel. 20. sajandil hakati kirjutama juba teadlikult v\u00f5ru keeles. 1990. aastaist on tarvitusel v\u00f5ru oma kirjakeel. V\u00f5ru ja setu keel on teistest l\u00f5unaeesti keeltest vanap\u00e4rasemad ja p\u00f5hjaeesti keelest v\u00e4hem m\u00f5jutatud. Varem on neid r\u00e4\u00e4gitud ka kaugemal idas ja l\u00f5unas, praegustel L\u00e4ti ja Venemaa aladel. \u00dcpris palju v\u00f5ru keele oskajaid leidub t\u00e4nap\u00e4eval Tartus, Tallinnas ja mujal Eestis. Kokku on v\u00f5ru keele aktiivseid ja passiivseid kasutajaid umbes 70 000.<\/p>\n<p><strong>V\u00f5rukesi<\/strong>\u00a0eristab teistest eestlasetest v\u00f5ru keele m\u00f5istmine. V\u00f5rukesed ei pea ennast rahvusv\u00e4hemuseks, k\u00fcll aga v\u00f5ib neid t\u00e4nap\u00e4eval julgelt pidada keelev\u00e4hemuseks. Eesti \u00fchiskeelest tugevalt erinev v\u00f5ro kiil\u2019 on v\u00f5rukeste identiteedi peamine alus. Peale selle arvestab V\u00f5ru maarahvas paljuski veel k\u00fclakogukonna arvamuse ja tavadega, ka linnav\u00f5rukestele on oma suguv\u00f5sa k\u00fcllalt t\u00e4htis. V\u00f5rukestel on alles palju iidseid kombeid nagu ristipuude austamine ja s\u00f5irategu. V\u00f5rumaa vana rahvakultuur on silmapaistev rikkus kogu Eesti jaoks.<\/p>\n<p>&nbsp;<\/p>\n<p><a href=\"https:\/\/wi.ee\/wp-content\/uploads\/2026\/01\/Lisa-3_-WI_arengukava-2026-2030.pdf\">V\u00f5ru Instituudi arengukava 2026-2030<\/a><\/p>\n<p><a href=\"https:\/\/wi.ee\/wp-content\/uploads\/2026\/01\/Lisa-2.-Muuseumide-arengukava-2026-2030.pdf\">Vana-V\u00f5romaa muuseumide arengukava 2026-2030<\/a><\/p>\n<p><a href=\"https:\/\/wi.ee\/et\/aruanded\/\">Aastaaruanded<\/a><\/p>\n<p><a href=\"https:\/\/wi.ee\/et\/tooplaanid\/\">T\u00f6\u00f6plaanid<\/a><\/p>\n","protected":false},"excerpt":{"rendered":"<p>V\u00f5ru Instituut\u00a0on 1995. aastal Kultuuriministeeriumi juurde loodud teadus- ja arendusasutus. Instituudi tegemised puudutavad peamiselt ajaloolist V\u00f5rumaad ja aitavad elus hoida v\u00f5rukestele omast keelt ja kultuuri. Ajalooline V\u00f5rumaa\u00a0on V\u00f5rumaa neis piires, mis oli ametlik haldus\u00fcksus alates moodustamisest 1783. aastal kuni 1920. aastani. Ajalooline V\u00f5rumaa koosneb kaheksast osast: Karula, Hargla, Urvaste, R\u00f5uge, Kanepi, P\u00f5lva, R\u00e4pina ja Vastseliina [&hellip;]<\/p>\n","protected":false},"author":2,"featured_media":0,"parent":0,"menu_order":0,"comment_status":"closed","ping_status":"open","template":"","meta":{"_acf_changed":false,"footnotes":""},"class_list":["post-12008","page","type-page","status-publish","hentry"],"acf":[],"yoast_head":"<!-- This site is optimized with the Yoast SEO plugin v27.3 - https:\/\/yoast.com\/product\/yoast-seo-wordpress\/ -->\n<title>V\u00f5ru Instituut<\/title>\n<meta name=\"description\" content=\"V\u00f5ru Instituudi t\u00f6\u00f6 ja tegemiste eesm\u00e4rgiks on v\u00f5ru keele ja kultuuri elushoidmine\" \/>\n<meta name=\"robots\" content=\"index, follow, max-snippet:-1, max-image-preview:large, max-video-preview:-1\" \/>\n<link rel=\"canonical\" href=\"https:\/\/wi.ee\/et\/instituudist\/\" \/>\n<meta property=\"og:locale\" content=\"et_EE\" \/>\n<meta property=\"og:type\" content=\"article\" \/>\n<meta property=\"og:title\" content=\"V\u00f5ru Instituut\" \/>\n<meta property=\"og:description\" content=\"V\u00f5ru Instituudi t\u00f6\u00f6 ja tegemiste eesm\u00e4rgiks on v\u00f5ru keele ja kultuuri elushoidmine\" \/>\n<meta property=\"og:url\" content=\"https:\/\/wi.ee\/et\/instituudist\/\" \/>\n<meta property=\"og:site_name\" content=\"V\u00f5ru Instituut\" \/>\n<meta property=\"article:publisher\" content=\"https:\/\/www.facebook.com\/VoroInstituut\" \/>\n<meta property=\"article:modified_time\" content=\"2026-01-14T13:00:03+00:00\" \/>\n<meta property=\"og:image\" content=\"https:\/\/wi.ee\/wp-content\/uploads\/2015\/02\/vorumaa-kaart.jpg\" \/>\n\t<meta property=\"og:image:width\" content=\"2339\" \/>\n\t<meta property=\"og:image:height\" content=\"1654\" \/>\n\t<meta property=\"og:image:type\" content=\"image\/jpeg\" \/>\n<meta name=\"twitter:label1\" content=\"Est. reading time\" \/>\n\t<meta name=\"twitter:data1\" content=\"2 minutit\" \/>\n<script type=\"application\/ld+json\" class=\"yoast-schema-graph\">{\"@context\":\"https:\\\/\\\/schema.org\",\"@graph\":[{\"@type\":\"WebPage\",\"@id\":\"https:\\\/\\\/wi.ee\\\/et\\\/instituudist\\\/\",\"url\":\"https:\\\/\\\/wi.ee\\\/et\\\/instituudist\\\/\",\"name\":\"V\u00f5ru Instituut\",\"isPartOf\":{\"@id\":\"https:\\\/\\\/wi.ee\\\/et\\\/#website\"},\"primaryImageOfPage\":{\"@id\":\"https:\\\/\\\/wi.ee\\\/et\\\/instituudist\\\/#primaryimage\"},\"image\":{\"@id\":\"https:\\\/\\\/wi.ee\\\/et\\\/instituudist\\\/#primaryimage\"},\"thumbnailUrl\":\"https:\\\/\\\/wi.ee\\\/wp-content\\\/uploads\\\/2015\\\/02\\\/vorumaa-kaart-600x400.jpg\",\"datePublished\":\"2023-02-27T12:09:13+00:00\",\"dateModified\":\"2026-01-14T13:00:03+00:00\",\"description\":\"V\u00f5ru Instituudi t\u00f6\u00f6 ja tegemiste eesm\u00e4rgiks on v\u00f5ru keele ja kultuuri elushoidmine\",\"breadcrumb\":{\"@id\":\"https:\\\/\\\/wi.ee\\\/et\\\/instituudist\\\/#breadcrumb\"},\"inLanguage\":\"et\",\"potentialAction\":[{\"@type\":\"ReadAction\",\"target\":[\"https:\\\/\\\/wi.ee\\\/et\\\/instituudist\\\/\"]}]},{\"@type\":\"ImageObject\",\"inLanguage\":\"et\",\"@id\":\"https:\\\/\\\/wi.ee\\\/et\\\/instituudist\\\/#primaryimage\",\"url\":\"https:\\\/\\\/wi.ee\\\/wp-content\\\/uploads\\\/2015\\\/02\\\/vorumaa-kaart-600x400.jpg\",\"contentUrl\":\"https:\\\/\\\/wi.ee\\\/wp-content\\\/uploads\\\/2015\\\/02\\\/vorumaa-kaart-600x400.jpg\"},{\"@type\":\"BreadcrumbList\",\"@id\":\"https:\\\/\\\/wi.ee\\\/et\\\/instituudist\\\/#breadcrumb\",\"itemListElement\":[{\"@type\":\"ListItem\",\"position\":1,\"name\":\"Avaleht\",\"item\":\"https:\\\/\\\/wi.ee\\\/et\\\/\"},{\"@type\":\"ListItem\",\"position\":2,\"name\":\"Instituudist\"}]},{\"@type\":\"WebSite\",\"@id\":\"https:\\\/\\\/wi.ee\\\/et\\\/#website\",\"url\":\"https:\\\/\\\/wi.ee\\\/et\\\/\",\"name\":\"V\u00f5ru Instituut\",\"description\":\"\",\"publisher\":{\"@id\":\"https:\\\/\\\/wi.ee\\\/et\\\/#organization\"},\"potentialAction\":[{\"@type\":\"SearchAction\",\"target\":{\"@type\":\"EntryPoint\",\"urlTemplate\":\"https:\\\/\\\/wi.ee\\\/et\\\/?s={search_term_string}\"},\"query-input\":{\"@type\":\"PropertyValueSpecification\",\"valueRequired\":true,\"valueName\":\"search_term_string\"}}],\"inLanguage\":\"et\"},{\"@type\":\"Organization\",\"@id\":\"https:\\\/\\\/wi.ee\\\/et\\\/#organization\",\"name\":\"V\u00f5ru Instituut\",\"url\":\"https:\\\/\\\/wi.ee\\\/et\\\/\",\"logo\":{\"@type\":\"ImageObject\",\"inLanguage\":\"et\",\"@id\":\"https:\\\/\\\/wi.ee\\\/et\\\/#\\\/schema\\\/logo\\\/image\\\/\",\"url\":\"https:\\\/\\\/wi.ee\\\/wp-content\\\/uploads\\\/2015\\\/05\\\/logo-150507.png\",\"contentUrl\":\"https:\\\/\\\/wi.ee\\\/wp-content\\\/uploads\\\/2015\\\/05\\\/logo-150507.png\",\"width\":183,\"height\":123,\"caption\":\"V\u00f5ru Instituut\"},\"image\":{\"@id\":\"https:\\\/\\\/wi.ee\\\/et\\\/#\\\/schema\\\/logo\\\/image\\\/\"},\"sameAs\":[\"https:\\\/\\\/www.facebook.com\\\/VoroInstituut\"]}]}<\/script>\n<!-- \/ Yoast SEO plugin. -->","yoast_head_json":{"title":"V\u00f5ru Instituut","description":"V\u00f5ru Instituudi t\u00f6\u00f6 ja tegemiste eesm\u00e4rgiks on v\u00f5ru keele ja kultuuri elushoidmine","robots":{"index":"index","follow":"follow","max-snippet":"max-snippet:-1","max-image-preview":"max-image-preview:large","max-video-preview":"max-video-preview:-1"},"canonical":"https:\/\/wi.ee\/et\/instituudist\/","og_locale":"et_EE","og_type":"article","og_title":"V\u00f5ru Instituut","og_description":"V\u00f5ru Instituudi t\u00f6\u00f6 ja tegemiste eesm\u00e4rgiks on v\u00f5ru keele ja kultuuri elushoidmine","og_url":"https:\/\/wi.ee\/et\/instituudist\/","og_site_name":"V\u00f5ru Instituut","article_publisher":"https:\/\/www.facebook.com\/VoroInstituut","article_modified_time":"2026-01-14T13:00:03+00:00","og_image":[{"width":2339,"height":1654,"url":"https:\/\/wi.ee\/wp-content\/uploads\/2015\/02\/vorumaa-kaart.jpg","type":"image\/jpeg"}],"twitter_misc":{"Est. reading time":"2 minutit"},"schema":{"@context":"https:\/\/schema.org","@graph":[{"@type":"WebPage","@id":"https:\/\/wi.ee\/et\/instituudist\/","url":"https:\/\/wi.ee\/et\/instituudist\/","name":"V\u00f5ru Instituut","isPartOf":{"@id":"https:\/\/wi.ee\/et\/#website"},"primaryImageOfPage":{"@id":"https:\/\/wi.ee\/et\/instituudist\/#primaryimage"},"image":{"@id":"https:\/\/wi.ee\/et\/instituudist\/#primaryimage"},"thumbnailUrl":"https:\/\/wi.ee\/wp-content\/uploads\/2015\/02\/vorumaa-kaart-600x400.jpg","datePublished":"2023-02-27T12:09:13+00:00","dateModified":"2026-01-14T13:00:03+00:00","description":"V\u00f5ru Instituudi t\u00f6\u00f6 ja tegemiste eesm\u00e4rgiks on v\u00f5ru keele ja kultuuri elushoidmine","breadcrumb":{"@id":"https:\/\/wi.ee\/et\/instituudist\/#breadcrumb"},"inLanguage":"et","potentialAction":[{"@type":"ReadAction","target":["https:\/\/wi.ee\/et\/instituudist\/"]}]},{"@type":"ImageObject","inLanguage":"et","@id":"https:\/\/wi.ee\/et\/instituudist\/#primaryimage","url":"https:\/\/wi.ee\/wp-content\/uploads\/2015\/02\/vorumaa-kaart-600x400.jpg","contentUrl":"https:\/\/wi.ee\/wp-content\/uploads\/2015\/02\/vorumaa-kaart-600x400.jpg"},{"@type":"BreadcrumbList","@id":"https:\/\/wi.ee\/et\/instituudist\/#breadcrumb","itemListElement":[{"@type":"ListItem","position":1,"name":"Avaleht","item":"https:\/\/wi.ee\/et\/"},{"@type":"ListItem","position":2,"name":"Instituudist"}]},{"@type":"WebSite","@id":"https:\/\/wi.ee\/et\/#website","url":"https:\/\/wi.ee\/et\/","name":"V\u00f5ru Instituut","description":"","publisher":{"@id":"https:\/\/wi.ee\/et\/#organization"},"potentialAction":[{"@type":"SearchAction","target":{"@type":"EntryPoint","urlTemplate":"https:\/\/wi.ee\/et\/?s={search_term_string}"},"query-input":{"@type":"PropertyValueSpecification","valueRequired":true,"valueName":"search_term_string"}}],"inLanguage":"et"},{"@type":"Organization","@id":"https:\/\/wi.ee\/et\/#organization","name":"V\u00f5ru Instituut","url":"https:\/\/wi.ee\/et\/","logo":{"@type":"ImageObject","inLanguage":"et","@id":"https:\/\/wi.ee\/et\/#\/schema\/logo\/image\/","url":"https:\/\/wi.ee\/wp-content\/uploads\/2015\/05\/logo-150507.png","contentUrl":"https:\/\/wi.ee\/wp-content\/uploads\/2015\/05\/logo-150507.png","width":183,"height":123,"caption":"V\u00f5ru Instituut"},"image":{"@id":"https:\/\/wi.ee\/et\/#\/schema\/logo\/image\/"},"sameAs":["https:\/\/www.facebook.com\/VoroInstituut"]}]}},"_links":{"self":[{"href":"https:\/\/wi.ee\/et\/wp-json\/wp\/v2\/pages\/12008","targetHints":{"allow":["GET"]}}],"collection":[{"href":"https:\/\/wi.ee\/et\/wp-json\/wp\/v2\/pages"}],"about":[{"href":"https:\/\/wi.ee\/et\/wp-json\/wp\/v2\/types\/page"}],"author":[{"embeddable":true,"href":"https:\/\/wi.ee\/et\/wp-json\/wp\/v2\/users\/2"}],"replies":[{"embeddable":true,"href":"https:\/\/wi.ee\/et\/wp-json\/wp\/v2\/comments?post=12008"}],"version-history":[{"count":8,"href":"https:\/\/wi.ee\/et\/wp-json\/wp\/v2\/pages\/12008\/revisions"}],"predecessor-version":[{"id":17204,"href":"https:\/\/wi.ee\/et\/wp-json\/wp\/v2\/pages\/12008\/revisions\/17204"}],"wp:attachment":[{"href":"https:\/\/wi.ee\/et\/wp-json\/wp\/v2\/media?parent=12008"}],"curies":[{"name":"wp","href":"https:\/\/api.w.org\/{rel}","templated":true}]}}