{"id":1166,"date":"2016-02-03T11:44:32","date_gmt":"2016-02-03T09:44:32","guid":{"rendered":"https:\/\/wi.ee\/?page_id=1166"},"modified":"2016-02-03T11:44:32","modified_gmt":"2016-02-03T09:44:32","slug":"publications-of-voro-institute","status":"publish","type":"page","link":"https:\/\/wi.ee\/et\/publications-of-voro-institute\/","title":{"rendered":"Publications of V\u00f5ro Institute"},"content":{"rendered":"<p>Publications of V\u00f5ro Institute have been pubished since 1997. Since 2007 the procedure of publication has been changed. There is a standing editor in charge, an international advisory board is invloved and the series\u00a0is peer-reviwed. The publication\u00a0is\u00a0covered by international indexing\/abstracting services\/databases:<\/p>\n<p>Eesti Rahvusraamatukogu digitaalne arhiiv (DIGAR)<\/p>\n<p><strong>Periodicity.<\/strong> Henseforward we\u00a0aim to publish a main issue a year, in October, and according to material and will special editions will be published.<\/p>\n<p>Theoretically and empirically well-grounded papers are expected. Publications are not limited to the presentations of the annual conferences of V\u00f5ro Institute. We look forward to all contributions from\u00a0 the different fields of the study\u00a0of language and culture. The interdisciplinary and comparative angle is welcome.<\/p>\n<p><strong>In the main section<\/strong> the contributions of researchers of Finnic and other European small languages and cultures\u00a0\u2013 linguists, scholars of literature, folklorists, archaeologists, ethnologists, and historians, and social scientists \u2013 are published.<\/p>\n<p><strong>In the section of essays <\/strong>the papers of popular interest, reviews and summaries are published.<\/p>\n<p>Thematic numbers, monographies, and ad hoc studies are published as\u00a0special editions.<\/p>\n<p><strong>Language.<\/strong> Publications of V\u00f5ro Institute have been since the very beginning a multilingual publication. In addition to the V\u00f5ro and Estonian languages articles in all Finnic languaes, and as an exception in other languages,\u00a0are welcome. Each main edition is at least trilingual \u2013 the summary in the V\u00f5ro language and in English will be always added to the original.<\/p>\n<p><strong>The papers are peer-reviewed.<\/strong> Each article\u00a0is anonymously reviewed by two, in case of disagreement by three reviewers. The editor forwards the reviews to the author.<\/p>\n<p><strong>The submission deadline for papers <\/strong>is every year\u00a0February 15. The timely papers are published after peer-reviewing and editing in the\u00a0issue of the year, in October.<\/p>\n<p>Advisory board: Ren\u0101te Blumberga (Institute of Latvian History, Latvian University), Martin Ehala (University of Tartu), Riho Gr\u00fcnthal (University of Helsinki), Hasso Krull (Estonian Institute of Humanities, Tallinn University), Karl Pajusalu (University of Tartu), P\u00e9ter Pomozi (E\u00f6tv\u00f6s Lor\u00e1nd University), Tiit Rosenberg (University of Tartu), Janne Saarikivi (University of Helsinki), Anneli Saro (University of Tartu), Helena Sulkala (University of Oulu), Taive S\u00e4rg (Estonian Literary Museum), Heiki Valk (University of Tartu), Eberhard Winkler (University of G\u00f6ttingen)<\/p>\n<p>The editor: J\u00fcv\u00e4 Sull\u00f5v<br \/>\nAddress: V\u00f5ro Instituut,\u00a0Tarto\u00a0huulits 48, 65609 V\u00f5ro liin, Estonia<br \/>\nphone\u00a0+372 78 28750<\/p>\n","protected":false},"excerpt":{"rendered":"<p>Publications of V\u00f5ro Institute have been pubished since 1997. Since 2007 the procedure of publication has been changed. There is a standing editor in charge, an international advisory board is invloved and the series\u00a0is peer-reviwed. The publication\u00a0is\u00a0covered by international indexing\/abstracting services\/databases: Eesti Rahvusraamatukogu digitaalne arhiiv (DIGAR) Periodicity. Henseforward we\u00a0aim to publish a main issue a [&hellip;]<\/p>\n","protected":false},"author":2,"featured_media":0,"parent":0,"menu_order":0,"comment_status":"closed","ping_status":"closed","template":"","meta":{"_acf_changed":false,"footnotes":""},"class_list":["post-1166","page","type-page","status-publish","hentry"],"acf":[],"yoast_head":"<!-- This site is optimized with the Yoast SEO plugin v27.3 - https:\/\/yoast.com\/product\/yoast-seo-wordpress\/ -->\n<title>Publications of V\u00f5ro Institute - V\u00f5ru Instituut<\/title>\n<meta name=\"robots\" content=\"index, follow, max-snippet:-1, max-image-preview:large, max-video-preview:-1\" \/>\n<link rel=\"canonical\" href=\"https:\/\/wi.ee\/et\/publications-of-voro-institute\/\" \/>\n<meta property=\"og:locale\" content=\"et_EE\" \/>\n<meta property=\"og:type\" content=\"article\" \/>\n<meta property=\"og:title\" content=\"Publications of V\u00f5ro Institute - V\u00f5ru Instituut\" \/>\n<meta property=\"og:description\" content=\"Publications of V\u00f5ro Institute have been pubished since 1997. Since 2007 the procedure of publication has been changed. There is a standing editor in charge, an international advisory board is invloved and the series\u00a0is peer-reviwed. The publication\u00a0is\u00a0covered by international indexing\/abstracting services\/databases: Eesti Rahvusraamatukogu digitaalne arhiiv (DIGAR) Periodicity. Henseforward we\u00a0aim to publish a main issue a [&hellip;]\" \/>\n<meta property=\"og:url\" content=\"https:\/\/wi.ee\/et\/publications-of-voro-institute\/\" \/>\n<meta property=\"og:site_name\" content=\"V\u00f5ru Instituut\" \/>\n<meta property=\"article:publisher\" content=\"https:\/\/www.facebook.com\/VoroInstituut\" \/>\n<meta property=\"og:image\" content=\"https:\/\/wi.ee\/wp-content\/uploads\/2015\/05\/logo-150507.png\" \/>\n\t<meta property=\"og:image:width\" content=\"183\" \/>\n\t<meta property=\"og:image:height\" content=\"123\" \/>\n\t<meta property=\"og:image:type\" content=\"image\/png\" \/>\n<meta name=\"twitter:label1\" content=\"Est. reading time\" \/>\n\t<meta name=\"twitter:data1\" content=\"2 minutit\" \/>\n<script type=\"application\/ld+json\" class=\"yoast-schema-graph\">{\"@context\":\"https:\\\/\\\/schema.org\",\"@graph\":[{\"@type\":\"WebPage\",\"@id\":\"https:\\\/\\\/wi.ee\\\/et\\\/publications-of-voro-institute\\\/\",\"url\":\"https:\\\/\\\/wi.ee\\\/et\\\/publications-of-voro-institute\\\/\",\"name\":\"Publications of V\u00f5ro Institute - V\u00f5ru Instituut\",\"isPartOf\":{\"@id\":\"https:\\\/\\\/wi.ee\\\/et\\\/#website\"},\"datePublished\":\"2016-02-03T09:44:32+00:00\",\"breadcrumb\":{\"@id\":\"https:\\\/\\\/wi.ee\\\/et\\\/publications-of-voro-institute\\\/#breadcrumb\"},\"inLanguage\":\"et\",\"potentialAction\":[{\"@type\":\"ReadAction\",\"target\":[\"https:\\\/\\\/wi.ee\\\/et\\\/publications-of-voro-institute\\\/\"]}]},{\"@type\":\"BreadcrumbList\",\"@id\":\"https:\\\/\\\/wi.ee\\\/et\\\/publications-of-voro-institute\\\/#breadcrumb\",\"itemListElement\":[{\"@type\":\"ListItem\",\"position\":1,\"name\":\"Avaleht\",\"item\":\"https:\\\/\\\/wi.ee\\\/et\\\/\"},{\"@type\":\"ListItem\",\"position\":2,\"name\":\"Publications of V\u00f5ro Institute\"}]},{\"@type\":\"WebSite\",\"@id\":\"https:\\\/\\\/wi.ee\\\/et\\\/#website\",\"url\":\"https:\\\/\\\/wi.ee\\\/et\\\/\",\"name\":\"V\u00f5ru Instituut\",\"description\":\"\",\"publisher\":{\"@id\":\"https:\\\/\\\/wi.ee\\\/et\\\/#organization\"},\"potentialAction\":[{\"@type\":\"SearchAction\",\"target\":{\"@type\":\"EntryPoint\",\"urlTemplate\":\"https:\\\/\\\/wi.ee\\\/et\\\/?s={search_term_string}\"},\"query-input\":{\"@type\":\"PropertyValueSpecification\",\"valueRequired\":true,\"valueName\":\"search_term_string\"}}],\"inLanguage\":\"et\"},{\"@type\":\"Organization\",\"@id\":\"https:\\\/\\\/wi.ee\\\/et\\\/#organization\",\"name\":\"V\u00f5ru Instituut\",\"url\":\"https:\\\/\\\/wi.ee\\\/et\\\/\",\"logo\":{\"@type\":\"ImageObject\",\"inLanguage\":\"et\",\"@id\":\"https:\\\/\\\/wi.ee\\\/et\\\/#\\\/schema\\\/logo\\\/image\\\/\",\"url\":\"https:\\\/\\\/wi.ee\\\/wp-content\\\/uploads\\\/2015\\\/05\\\/logo-150507.png\",\"contentUrl\":\"https:\\\/\\\/wi.ee\\\/wp-content\\\/uploads\\\/2015\\\/05\\\/logo-150507.png\",\"width\":183,\"height\":123,\"caption\":\"V\u00f5ru Instituut\"},\"image\":{\"@id\":\"https:\\\/\\\/wi.ee\\\/et\\\/#\\\/schema\\\/logo\\\/image\\\/\"},\"sameAs\":[\"https:\\\/\\\/www.facebook.com\\\/VoroInstituut\"]}]}<\/script>\n<!-- \/ Yoast SEO plugin. -->","yoast_head_json":{"title":"Publications of V\u00f5ro Institute - V\u00f5ru Instituut","robots":{"index":"index","follow":"follow","max-snippet":"max-snippet:-1","max-image-preview":"max-image-preview:large","max-video-preview":"max-video-preview:-1"},"canonical":"https:\/\/wi.ee\/et\/publications-of-voro-institute\/","og_locale":"et_EE","og_type":"article","og_title":"Publications of V\u00f5ro Institute - V\u00f5ru Instituut","og_description":"Publications of V\u00f5ro Institute have been pubished since 1997. Since 2007 the procedure of publication has been changed. There is a standing editor in charge, an international advisory board is invloved and the series\u00a0is peer-reviwed. The publication\u00a0is\u00a0covered by international indexing\/abstracting services\/databases: Eesti Rahvusraamatukogu digitaalne arhiiv (DIGAR) Periodicity. Henseforward we\u00a0aim to publish a main issue a [&hellip;]","og_url":"https:\/\/wi.ee\/et\/publications-of-voro-institute\/","og_site_name":"V\u00f5ru Instituut","article_publisher":"https:\/\/www.facebook.com\/VoroInstituut","og_image":[{"width":183,"height":123,"url":"https:\/\/wi.ee\/wp-content\/uploads\/2015\/05\/logo-150507.png","type":"image\/png"}],"twitter_misc":{"Est. reading time":"2 minutit"},"schema":{"@context":"https:\/\/schema.org","@graph":[{"@type":"WebPage","@id":"https:\/\/wi.ee\/et\/publications-of-voro-institute\/","url":"https:\/\/wi.ee\/et\/publications-of-voro-institute\/","name":"Publications of V\u00f5ro Institute - V\u00f5ru Instituut","isPartOf":{"@id":"https:\/\/wi.ee\/et\/#website"},"datePublished":"2016-02-03T09:44:32+00:00","breadcrumb":{"@id":"https:\/\/wi.ee\/et\/publications-of-voro-institute\/#breadcrumb"},"inLanguage":"et","potentialAction":[{"@type":"ReadAction","target":["https:\/\/wi.ee\/et\/publications-of-voro-institute\/"]}]},{"@type":"BreadcrumbList","@id":"https:\/\/wi.ee\/et\/publications-of-voro-institute\/#breadcrumb","itemListElement":[{"@type":"ListItem","position":1,"name":"Avaleht","item":"https:\/\/wi.ee\/et\/"},{"@type":"ListItem","position":2,"name":"Publications of V\u00f5ro Institute"}]},{"@type":"WebSite","@id":"https:\/\/wi.ee\/et\/#website","url":"https:\/\/wi.ee\/et\/","name":"V\u00f5ru Instituut","description":"","publisher":{"@id":"https:\/\/wi.ee\/et\/#organization"},"potentialAction":[{"@type":"SearchAction","target":{"@type":"EntryPoint","urlTemplate":"https:\/\/wi.ee\/et\/?s={search_term_string}"},"query-input":{"@type":"PropertyValueSpecification","valueRequired":true,"valueName":"search_term_string"}}],"inLanguage":"et"},{"@type":"Organization","@id":"https:\/\/wi.ee\/et\/#organization","name":"V\u00f5ru Instituut","url":"https:\/\/wi.ee\/et\/","logo":{"@type":"ImageObject","inLanguage":"et","@id":"https:\/\/wi.ee\/et\/#\/schema\/logo\/image\/","url":"https:\/\/wi.ee\/wp-content\/uploads\/2015\/05\/logo-150507.png","contentUrl":"https:\/\/wi.ee\/wp-content\/uploads\/2015\/05\/logo-150507.png","width":183,"height":123,"caption":"V\u00f5ru Instituut"},"image":{"@id":"https:\/\/wi.ee\/et\/#\/schema\/logo\/image\/"},"sameAs":["https:\/\/www.facebook.com\/VoroInstituut"]}]}},"_links":{"self":[{"href":"https:\/\/wi.ee\/et\/wp-json\/wp\/v2\/pages\/1166","targetHints":{"allow":["GET"]}}],"collection":[{"href":"https:\/\/wi.ee\/et\/wp-json\/wp\/v2\/pages"}],"about":[{"href":"https:\/\/wi.ee\/et\/wp-json\/wp\/v2\/types\/page"}],"author":[{"embeddable":true,"href":"https:\/\/wi.ee\/et\/wp-json\/wp\/v2\/users\/2"}],"replies":[{"embeddable":true,"href":"https:\/\/wi.ee\/et\/wp-json\/wp\/v2\/comments?post=1166"}],"version-history":[{"count":1,"href":"https:\/\/wi.ee\/et\/wp-json\/wp\/v2\/pages\/1166\/revisions"}],"predecessor-version":[{"id":1167,"href":"https:\/\/wi.ee\/et\/wp-json\/wp\/v2\/pages\/1166\/revisions\/1167"}],"wp:attachment":[{"href":"https:\/\/wi.ee\/et\/wp-json\/wp\/v2\/media?parent=1166"}],"curies":[{"name":"wp","href":"https:\/\/api.w.org\/{rel}","templated":true}]}}