{"id":1162,"date":"2016-02-03T11:42:55","date_gmt":"2016-02-03T09:42:55","guid":{"rendered":"https:\/\/wi.ee\/?page_id=1162"},"modified":"2016-03-08T16:31:05","modified_gmt":"2016-03-08T14:31:05","slug":"kaastoo-vormistusjuhend","status":"publish","type":"page","link":"https:\/\/wi.ee\/et\/toimetised\/kaastoo-vormistusjuhend\/","title":{"rendered":"Kaast\u00f6\u00f6 vormistusjuhend"},"content":{"rendered":"<p><a href=\"https:\/\/wi.ee\/artikkelin-muotoiluohjeita\/\">Suomeksi<\/a><br \/>\n<a href=\"https:\/\/wi.ee\/submission-guidelines\/\">In English<\/a><\/p>\n<p><strong>Faili vormistamine.<\/strong> Kaast\u00f6\u00f6 tekst tuleb esitada \u00fche failina (.doc v\u00f5i .rtf formaadis), mille esileht sisaldab andmeid autori kohta: ees- ja perekonnanimi, (\u00f5ppe)asutus, postiaadress, e-posti aadress, telefon ja l\u00fchike (kuni 150 s\u00f5na) enesetutvustus.<\/p>\n<p><strong>Teksti vormistamine.<\/strong> Palume kasutada fonti Times New Roman suurusega 12 ning reavahega 1,5. Pealkirjad kirjutada sama fondiga. Keelen\u00e4ited jms kirjutada kursiivis, tsitaadid asetada jutum\u00e4rkidesse, muude esilet\u00f5stmiste puhul kasutada rasvast kirja, kuid seda ainult t\u00f5sise vajaduse korral. Palume allajoonimisi mitte kasutada. Tekst tuleks vormistada ilma sisendusteta, j\u00e4ttes l\u00f5ikude vahele lihtsalt t\u00fchja rea ja kasutades standardmarginaale (all ja \u00fcleval 2,54 cm, paremal ja vasakul 3,17 cm). Joonised, kaardid, pildid jms esitada paberversioonis eraldi lehel, m\u00e4rkides nende koha tekstis pealkirjaga eraldi real tekstil\u00f5ikude vahel ning v\u00f5imaluse korral ka elektrooniliselt eraldi JPG- v\u00f5i TIF-failidena. Kogu t\u00e4psem k\u00fcljendus ja kujundus j\u00e4tke palun kogumiku tehnilise kujundaja hooleks.<\/p>\n<p><strong>Viidete vormistus.<\/strong> Palume kasutada tekstisiseseid viiteid, kus on sulgudes m\u00e4rgitud viidatava artikli v\u00f5i raamatu autori perekonnanimi, teose ilmumisaasta ja kooloni j\u00e4rel lehek\u00fclg, kui on tegemist teose mingit konkreetset osa esitava viitega, nt (Ariste 1981: 47\u201350). Artikli l\u00f5pus esitatavasse kasutatud kirjanduse loetellu palume lisada v\u00f5imalikult t\u00e4pne informatsioon iga viite kohta, m\u00e4rkides ka v\u00e4ljaande sarja, ilmumiskoha, ajakirja numbri, artikli lehek\u00fcljed ajakirjas jne. Seejuures palume esitada autori perekonna- ja eesnime ning teose ilmumisaasta k\u00f5igepealt rasvases kirjas; raamatu v\u00f5i ajakirja pealkiri kirjutage kursiivis ja artiklit sisaldava raamatu v\u00f5i ajakirja ette m\u00e4rkige m\u00f5ttekriips.<\/p>\n<p>N\u00e4iteks:<\/p>\n<p><strong>Ariste, Paul 1981:<\/strong> Keelekontaktid. Eesti keele kontakte teiste keeltega. Emakeele Seltsi Toimetised 14. Tallinn: Valgus.<\/p>\n<p><strong>Ariste, Paul 1979:<\/strong> Keele kreolisatsioon. \u2013 Keel ja Kirjandus 7, 403\u2013406.<\/p>\n<p>Elektrooniliste allikate viitamisel lisada aadressile ka selle k\u00fclastamise aeg. N\u00e4iteks:<\/p>\n<p><strong>K\u00f5ivupuu, Marju 2003:<\/strong> The transformation of the death cult over time: the example of the burial customs in historic V\u00f5rumaa county. \u2013 Folklore, Vol. 22. <a href=\"http:\/\/www.folklore.ee\/folklore\/vol22\/burial.pdf\" target=\"_blank\">http:\/\/www.folklore.ee\/folklore\/vol22\/burial.pdf<\/a> (15.10.2007).<\/p>\n<p><strong>Joonealuste viidetena<\/strong> v\u00f5ib vormistada artiklit puudutavad kommentaarid (nt Autori m\u00e4rkus).<\/p>\n<p><strong>Eesti- ja ingliskeelne kokkuv\u00f5te ning m\u00e4rks\u00f5nad.<\/strong> Palume artikli l\u00f5ppu lisada 200\u2013300-s\u00f5nalise kokkuv\u00f5tte artikli originaalkeeles (eesti, v\u00f5ru, soome vm l\u00e4\u00e4nemeresoome keel) ja inglise keeles ning kuni 10 m\u00e4rks\u00f5na inglise keeles. Ingliskeelne kokkuv\u00f5te peaks sisaldama kindlasti ka artikli ingliskeelset pealkirja. M\u00e4rks\u00f5nade valikul v\u00f5ib leida abi Eesti \u00fcldisest m\u00e4rks\u00f5nastikust (http:\/\/eum.nlib.ee\/).<\/p>\n<p><strong>Artikli pikkus.<\/strong> Artiklite maksimaalne pikkus ei tohiks \u00fcletada 4000 s\u00f5na (umbes 30\u00a0000 t\u00e4hem\u00e4rki), esseistika rubriigi artiklitel 2000 s\u00f5na. Kui artikkel tuleb sisulistel p\u00f5hjustel ikkagi pisut pikem, palun konsulteerige toimetajaga.<\/p>\n","protected":false},"excerpt":{"rendered":"<p>Suomeksi In English Faili vormistamine. Kaast\u00f6\u00f6 tekst tuleb esitada \u00fche failina (.doc v\u00f5i .rtf formaadis), mille esileht sisaldab andmeid autori kohta: ees- ja perekonnanimi, (\u00f5ppe)asutus, postiaadress, e-posti aadress, telefon ja l\u00fchike (kuni 150 s\u00f5na) enesetutvustus. Teksti vormistamine. Palume kasutada fonti Times New Roman suurusega 12 ning reavahega 1,5. Pealkirjad kirjutada sama fondiga. Keelen\u00e4ited jms kirjutada [&hellip;]<\/p>\n","protected":false},"author":2,"featured_media":0,"parent":830,"menu_order":0,"comment_status":"closed","ping_status":"closed","template":"","meta":{"_acf_changed":false,"footnotes":""},"class_list":["post-1162","page","type-page","status-publish","hentry"],"acf":[],"yoast_head":"<!-- This site is optimized with the Yoast SEO plugin v27.3 - https:\/\/yoast.com\/product\/yoast-seo-wordpress\/ -->\n<title>Kaast\u00f6\u00f6 vormistusjuhend - V\u00f5ru Instituut<\/title>\n<meta name=\"robots\" content=\"index, follow, max-snippet:-1, max-image-preview:large, max-video-preview:-1\" \/>\n<link rel=\"canonical\" href=\"https:\/\/wi.ee\/et\/toimetised\/kaastoo-vormistusjuhend\/\" \/>\n<meta property=\"og:locale\" content=\"et_EE\" \/>\n<meta property=\"og:type\" content=\"article\" \/>\n<meta property=\"og:title\" content=\"Kaast\u00f6\u00f6 vormistusjuhend - V\u00f5ru Instituut\" \/>\n<meta property=\"og:description\" content=\"Suomeksi In English Faili vormistamine. Kaast\u00f6\u00f6 tekst tuleb esitada \u00fche failina (.doc v\u00f5i .rtf formaadis), mille esileht sisaldab andmeid autori kohta: ees- ja perekonnanimi, (\u00f5ppe)asutus, postiaadress, e-posti aadress, telefon ja l\u00fchike (kuni 150 s\u00f5na) enesetutvustus. Teksti vormistamine. Palume kasutada fonti Times New Roman suurusega 12 ning reavahega 1,5. Pealkirjad kirjutada sama fondiga. Keelen\u00e4ited jms kirjutada [&hellip;]\" \/>\n<meta property=\"og:url\" content=\"https:\/\/wi.ee\/et\/toimetised\/kaastoo-vormistusjuhend\/\" \/>\n<meta property=\"og:site_name\" content=\"V\u00f5ru Instituut\" \/>\n<meta property=\"article:publisher\" content=\"https:\/\/www.facebook.com\/VoroInstituut\" \/>\n<meta property=\"article:modified_time\" content=\"2016-03-08T14:31:05+00:00\" \/>\n<meta property=\"og:image\" content=\"https:\/\/wi.ee\/wp-content\/uploads\/2015\/05\/logo-150507.png\" \/>\n\t<meta property=\"og:image:width\" content=\"183\" \/>\n\t<meta property=\"og:image:height\" content=\"123\" \/>\n\t<meta property=\"og:image:type\" content=\"image\/png\" \/>\n<meta name=\"twitter:label1\" content=\"Est. reading time\" \/>\n\t<meta name=\"twitter:data1\" content=\"2 minutit\" \/>\n<script type=\"application\/ld+json\" class=\"yoast-schema-graph\">{\"@context\":\"https:\\\/\\\/schema.org\",\"@graph\":[{\"@type\":\"WebPage\",\"@id\":\"https:\\\/\\\/wi.ee\\\/et\\\/toimetised\\\/kaastoo-vormistusjuhend\\\/\",\"url\":\"https:\\\/\\\/wi.ee\\\/et\\\/toimetised\\\/kaastoo-vormistusjuhend\\\/\",\"name\":\"Kaast\u00f6\u00f6 vormistusjuhend - V\u00f5ru Instituut\",\"isPartOf\":{\"@id\":\"https:\\\/\\\/wi.ee\\\/et\\\/#website\"},\"datePublished\":\"2016-02-03T09:42:55+00:00\",\"dateModified\":\"2016-03-08T14:31:05+00:00\",\"breadcrumb\":{\"@id\":\"https:\\\/\\\/wi.ee\\\/et\\\/toimetised\\\/kaastoo-vormistusjuhend\\\/#breadcrumb\"},\"inLanguage\":\"et\",\"potentialAction\":[{\"@type\":\"ReadAction\",\"target\":[\"https:\\\/\\\/wi.ee\\\/et\\\/toimetised\\\/kaastoo-vormistusjuhend\\\/\"]}]},{\"@type\":\"BreadcrumbList\",\"@id\":\"https:\\\/\\\/wi.ee\\\/et\\\/toimetised\\\/kaastoo-vormistusjuhend\\\/#breadcrumb\",\"itemListElement\":[{\"@type\":\"ListItem\",\"position\":1,\"name\":\"Avaleht\",\"item\":\"https:\\\/\\\/wi.ee\\\/et\\\/\"},{\"@type\":\"ListItem\",\"position\":2,\"name\":\"Toimetiste arhiiv\",\"item\":\"https:\\\/\\\/wi.ee\\\/et\\\/toimetised\\\/\"},{\"@type\":\"ListItem\",\"position\":3,\"name\":\"Kaast\u00f6\u00f6 vormistusjuhend\"}]},{\"@type\":\"WebSite\",\"@id\":\"https:\\\/\\\/wi.ee\\\/et\\\/#website\",\"url\":\"https:\\\/\\\/wi.ee\\\/et\\\/\",\"name\":\"V\u00f5ru Instituut\",\"description\":\"\",\"publisher\":{\"@id\":\"https:\\\/\\\/wi.ee\\\/et\\\/#organization\"},\"potentialAction\":[{\"@type\":\"SearchAction\",\"target\":{\"@type\":\"EntryPoint\",\"urlTemplate\":\"https:\\\/\\\/wi.ee\\\/et\\\/?s={search_term_string}\"},\"query-input\":{\"@type\":\"PropertyValueSpecification\",\"valueRequired\":true,\"valueName\":\"search_term_string\"}}],\"inLanguage\":\"et\"},{\"@type\":\"Organization\",\"@id\":\"https:\\\/\\\/wi.ee\\\/et\\\/#organization\",\"name\":\"V\u00f5ru Instituut\",\"url\":\"https:\\\/\\\/wi.ee\\\/et\\\/\",\"logo\":{\"@type\":\"ImageObject\",\"inLanguage\":\"et\",\"@id\":\"https:\\\/\\\/wi.ee\\\/et\\\/#\\\/schema\\\/logo\\\/image\\\/\",\"url\":\"https:\\\/\\\/wi.ee\\\/wp-content\\\/uploads\\\/2015\\\/05\\\/logo-150507.png\",\"contentUrl\":\"https:\\\/\\\/wi.ee\\\/wp-content\\\/uploads\\\/2015\\\/05\\\/logo-150507.png\",\"width\":183,\"height\":123,\"caption\":\"V\u00f5ru Instituut\"},\"image\":{\"@id\":\"https:\\\/\\\/wi.ee\\\/et\\\/#\\\/schema\\\/logo\\\/image\\\/\"},\"sameAs\":[\"https:\\\/\\\/www.facebook.com\\\/VoroInstituut\"]}]}<\/script>\n<!-- \/ Yoast SEO plugin. -->","yoast_head_json":{"title":"Kaast\u00f6\u00f6 vormistusjuhend - V\u00f5ru Instituut","robots":{"index":"index","follow":"follow","max-snippet":"max-snippet:-1","max-image-preview":"max-image-preview:large","max-video-preview":"max-video-preview:-1"},"canonical":"https:\/\/wi.ee\/et\/toimetised\/kaastoo-vormistusjuhend\/","og_locale":"et_EE","og_type":"article","og_title":"Kaast\u00f6\u00f6 vormistusjuhend - V\u00f5ru Instituut","og_description":"Suomeksi In English Faili vormistamine. Kaast\u00f6\u00f6 tekst tuleb esitada \u00fche failina (.doc v\u00f5i .rtf formaadis), mille esileht sisaldab andmeid autori kohta: ees- ja perekonnanimi, (\u00f5ppe)asutus, postiaadress, e-posti aadress, telefon ja l\u00fchike (kuni 150 s\u00f5na) enesetutvustus. Teksti vormistamine. Palume kasutada fonti Times New Roman suurusega 12 ning reavahega 1,5. Pealkirjad kirjutada sama fondiga. Keelen\u00e4ited jms kirjutada [&hellip;]","og_url":"https:\/\/wi.ee\/et\/toimetised\/kaastoo-vormistusjuhend\/","og_site_name":"V\u00f5ru Instituut","article_publisher":"https:\/\/www.facebook.com\/VoroInstituut","article_modified_time":"2016-03-08T14:31:05+00:00","og_image":[{"width":183,"height":123,"url":"https:\/\/wi.ee\/wp-content\/uploads\/2015\/05\/logo-150507.png","type":"image\/png"}],"twitter_misc":{"Est. reading time":"2 minutit"},"schema":{"@context":"https:\/\/schema.org","@graph":[{"@type":"WebPage","@id":"https:\/\/wi.ee\/et\/toimetised\/kaastoo-vormistusjuhend\/","url":"https:\/\/wi.ee\/et\/toimetised\/kaastoo-vormistusjuhend\/","name":"Kaast\u00f6\u00f6 vormistusjuhend - V\u00f5ru Instituut","isPartOf":{"@id":"https:\/\/wi.ee\/et\/#website"},"datePublished":"2016-02-03T09:42:55+00:00","dateModified":"2016-03-08T14:31:05+00:00","breadcrumb":{"@id":"https:\/\/wi.ee\/et\/toimetised\/kaastoo-vormistusjuhend\/#breadcrumb"},"inLanguage":"et","potentialAction":[{"@type":"ReadAction","target":["https:\/\/wi.ee\/et\/toimetised\/kaastoo-vormistusjuhend\/"]}]},{"@type":"BreadcrumbList","@id":"https:\/\/wi.ee\/et\/toimetised\/kaastoo-vormistusjuhend\/#breadcrumb","itemListElement":[{"@type":"ListItem","position":1,"name":"Avaleht","item":"https:\/\/wi.ee\/et\/"},{"@type":"ListItem","position":2,"name":"Toimetiste arhiiv","item":"https:\/\/wi.ee\/et\/toimetised\/"},{"@type":"ListItem","position":3,"name":"Kaast\u00f6\u00f6 vormistusjuhend"}]},{"@type":"WebSite","@id":"https:\/\/wi.ee\/et\/#website","url":"https:\/\/wi.ee\/et\/","name":"V\u00f5ru Instituut","description":"","publisher":{"@id":"https:\/\/wi.ee\/et\/#organization"},"potentialAction":[{"@type":"SearchAction","target":{"@type":"EntryPoint","urlTemplate":"https:\/\/wi.ee\/et\/?s={search_term_string}"},"query-input":{"@type":"PropertyValueSpecification","valueRequired":true,"valueName":"search_term_string"}}],"inLanguage":"et"},{"@type":"Organization","@id":"https:\/\/wi.ee\/et\/#organization","name":"V\u00f5ru Instituut","url":"https:\/\/wi.ee\/et\/","logo":{"@type":"ImageObject","inLanguage":"et","@id":"https:\/\/wi.ee\/et\/#\/schema\/logo\/image\/","url":"https:\/\/wi.ee\/wp-content\/uploads\/2015\/05\/logo-150507.png","contentUrl":"https:\/\/wi.ee\/wp-content\/uploads\/2015\/05\/logo-150507.png","width":183,"height":123,"caption":"V\u00f5ru Instituut"},"image":{"@id":"https:\/\/wi.ee\/et\/#\/schema\/logo\/image\/"},"sameAs":["https:\/\/www.facebook.com\/VoroInstituut"]}]}},"_links":{"self":[{"href":"https:\/\/wi.ee\/et\/wp-json\/wp\/v2\/pages\/1162","targetHints":{"allow":["GET"]}}],"collection":[{"href":"https:\/\/wi.ee\/et\/wp-json\/wp\/v2\/pages"}],"about":[{"href":"https:\/\/wi.ee\/et\/wp-json\/wp\/v2\/types\/page"}],"author":[{"embeddable":true,"href":"https:\/\/wi.ee\/et\/wp-json\/wp\/v2\/users\/2"}],"replies":[{"embeddable":true,"href":"https:\/\/wi.ee\/et\/wp-json\/wp\/v2\/comments?post=1162"}],"version-history":[{"count":3,"href":"https:\/\/wi.ee\/et\/wp-json\/wp\/v2\/pages\/1162\/revisions"}],"predecessor-version":[{"id":1297,"href":"https:\/\/wi.ee\/et\/wp-json\/wp\/v2\/pages\/1162\/revisions\/1297"}],"up":[{"embeddable":true,"href":"https:\/\/wi.ee\/et\/wp-json\/wp\/v2\/pages\/830"}],"wp:attachment":[{"href":"https:\/\/wi.ee\/et\/wp-json\/wp\/v2\/media?parent=1162"}],"curies":[{"name":"wp","href":"https:\/\/api.w.org\/{rel}","templated":true}]}}