{"id":1160,"date":"2016-02-03T11:42:15","date_gmt":"2016-02-03T09:42:15","guid":{"rendered":"https:\/\/wi.ee\/?page_id=1160"},"modified":"2016-03-08T16:30:27","modified_gmt":"2016-03-08T14:30:27","slug":"julkaisusarjan-esittely","status":"publish","type":"page","link":"https:\/\/wi.ee\/et\/toimetised\/julkaisusarjan-esittely\/","title":{"rendered":"Julkaisusarjan esittely"},"content":{"rendered":"<p>V\u00f5run instituutin toimituksia -julkaisusarja on ilmestynyt vuodesta 1997. Vuodesta 2008 julkaisulla on ollut vakituinen p\u00e4\u00e4toimittaja ja toimitusty\u00f6ss\u00e4 on ollut mukana kansainv\u00e4linen ty\u00f6ryhm\u00e4. Sarjaa on alettu esitarkastaa. Julkaisut rekister\u00f6id\u00e4\u00e4n kansainv\u00e4lisiin bibliografisiin tietokantoihin.<\/p>\n<p><strong>V\u00f5run instituutin toimituksia on aikakausijulkaisu.<\/strong> Sarjan p\u00e4\u00e4numero ilmestyy joka vuosi lokakuussa. Lis\u00e4ksi julkaistaan erikoisnumeroita kulloinkin saatavilla olevasta materiaalista.<\/p>\n<p><strong>Julkaisemme artikkeleita<\/strong>, jotka ovat teoreettisesti ja empiirisesti hyvin perusteltuja. Otamme vastaan artikkeleita kielen ja kulttuurin tutkimukseen liittyvilt\u00e4 aloilta, eik\u00e4 kirjoittajan tarvitse olla osallistunut V\u00f5run instituutin konferensseihin. Toivomme artikkeleilta tieteidenv\u00e4list\u00e4 ja vertailevaa n\u00e4k\u00f6kulmaa.<\/p>\n<p><strong>P\u00e4\u00e4numeroiden perussis\u00e4lt\u00f6<\/strong> muodostuu it\u00e4merensuomalaisten ja muiden Euroopan pienten kielten ja kulttuurien tutkijoiden \u2013 kieli- ja kirjallisuustieteilij\u00f6iden, folkloristien, arkeologien, kansatieteilij\u00f6iden, historioitsijoiden ja yhteiskuntatieteilij\u00f6iden \u2013 artikkeleista.<\/p>\n<p><strong>Esseistiikan osiossa<\/strong> julkaistaan populaaritieteellisi\u00e4 artikkeleita, arvosteluja ja katsauksia. Erikoisnumeroina ilmestyv\u00e4t teemakokoelmat, monografiat, tutkimukset yms.<\/p>\n<p><strong>Julkaisujen kieli.<\/strong> V\u00f5run instituutin toimituksia on alusta asti ollut monikielinen sarja. V\u00f5run- ja vironkielisten artikkelien lis\u00e4ksi otamme vastaan artikkeleita kaikilla it\u00e4merensuomalaisilla kielill\u00e4, poikkeustapauksissa my\u00f6s muilla kielill\u00e4. Jokainen p\u00e4\u00e4numero on v\u00e4hint\u00e4\u00e4n kolmikielinen \u2013 alkuper\u00e4iskielisen artikkelin lopussa on aina v\u00f5run- ja englanninkielinen tiivistelm\u00e4.<\/p>\n<p><strong>Artikkelit tarkastetaan.<\/strong> Jokaisen artikkelin arvioi anonyymisti kaksi, erimielisyyksien sattuessa kolme tarkastajaa. Sen j\u00e4lkeen arvostelu l\u00e4hetet\u00e4\u00e4n artikkelin kirjoittajalle.<\/p>\n<p><strong>M\u00e4\u00e4r\u00e4aika.<\/strong> Artikkeleita otetaan vastaan joka vuosi 15. tammikuuta saakka. M\u00e4\u00e4r\u00e4aikaan saapuneet artikkelit julkaistaan esitarkastuksen ja toimittamisen j\u00e4lkeen saman vuoden julkaisussa, joka ilmestyy lokakuussa.<\/p>\n<p>Toimitusryhm\u00e4: Ren\u0101te Blumberga (Latvian historian instituutti, Latvian yliopisto), Martin Ehala (Tarton yliopisto), Riho Gr\u00fcnthal (Helsingin yliopisto), Hasso Krull (Viron humanitaarinen instituutti, Tallinnan yliopisto), Karl Pajusalu (Tarton yliopisto), P\u00e9ter Pomozi (Budapestin E\u00f6tv\u00f6s Lor\u00e1nd -yliopisto), Tiit Rosenberg (Tarton yliopisto), Janne Saarikivi (Helsingin yliopisto), Anneli Saro (Tarton yliopisto), Helena Sulkala (Oulun yliopisto), Taive S\u00e4rg (Viron kirjallisuusmuseo), Heiki Valk (Tarton yliopisto), Eberhard Winkler (G\u00f6ttingenin yliopisto).<\/p>\n<p>Toimittaja: Sulev Iva<br \/>\nToimituksen osoite: V\u00f5ro Instituut, Tarto huulits 48, 65609 V\u00f5ro liin, Viro<br \/>\nPuh. +372 78 28750, kotisivu: <a href=\"https:\/\/wi.ee\/\">https:\/\/wi.ee<\/a><br \/>\nS\u00e4hk\u00f6posti:<script type=\"text\/javascript\">\/\/ <![CDATA[\nvar prefix = 'm&#97;&#105;lt&#111;:';\n var suffix = '';\n var attribs = '';\n var path = 'hr' + 'ef' + '=';\n var addy94566 = 'j&#117;v&#97;s&#117;l' + '&#64;';\n addy94566 = addy94566 + '&#117;t' + '&#46;' + '&#101;&#101;';\n document.write( '<a ' + path + '\\'' + prefix + addy94566 + suffix + '\\'' + attribs + '>' );\n document.write( addy94566 );\n document.write( '<\\\/a>' );\n\/\/ ]]><\/script><a href=\"m&#97;&#105;&#x6c;&#x74;&#x6f;&#x3a;j&#117;&#118;&#97;&#x73;&#x75;&#x6c;&#64;u&#116;&#46;&#x65;&#x65;\">juva&#115;&#117;&#108;&#64;&#117;&#116;&#46;&#x65;&#x65;<\/a><script type=\"text\/javascript\">\/\/ <![CDATA[\ndocument.write( '<\/' ); document.write( 'span>' );\n\/\/ ]]><\/script><\/p>\n","protected":false},"excerpt":{"rendered":"<p>V\u00f5run instituutin toimituksia -julkaisusarja on ilmestynyt vuodesta 1997. Vuodesta 2008 julkaisulla on ollut vakituinen p\u00e4\u00e4toimittaja ja toimitusty\u00f6ss\u00e4 on ollut mukana kansainv\u00e4linen ty\u00f6ryhm\u00e4. Sarjaa on alettu esitarkastaa. Julkaisut rekister\u00f6id\u00e4\u00e4n kansainv\u00e4lisiin bibliografisiin tietokantoihin. V\u00f5run instituutin toimituksia on aikakausijulkaisu. Sarjan p\u00e4\u00e4numero ilmestyy joka vuosi lokakuussa. Lis\u00e4ksi julkaistaan erikoisnumeroita kulloinkin saatavilla olevasta materiaalista. Julkaisemme artikkeleita, jotka ovat teoreettisesti ja [&hellip;]<\/p>\n","protected":false},"author":2,"featured_media":0,"parent":830,"menu_order":0,"comment_status":"closed","ping_status":"closed","template":"","meta":{"_acf_changed":false,"footnotes":""},"class_list":["post-1160","page","type-page","status-publish","hentry"],"acf":[],"yoast_head":"<!-- This site is optimized with the Yoast SEO plugin v27.3 - https:\/\/yoast.com\/product\/yoast-seo-wordpress\/ -->\n<title>Julkaisusarjan esittely - V\u00f5ru Instituut<\/title>\n<meta name=\"robots\" content=\"index, follow, max-snippet:-1, max-image-preview:large, max-video-preview:-1\" \/>\n<link rel=\"canonical\" href=\"https:\/\/wi.ee\/et\/toimetised\/julkaisusarjan-esittely\/\" \/>\n<meta property=\"og:locale\" content=\"et_EE\" \/>\n<meta property=\"og:type\" content=\"article\" \/>\n<meta property=\"og:title\" content=\"Julkaisusarjan esittely - V\u00f5ru Instituut\" \/>\n<meta property=\"og:description\" content=\"V\u00f5run instituutin toimituksia -julkaisusarja on ilmestynyt vuodesta 1997. Vuodesta 2008 julkaisulla on ollut vakituinen p\u00e4\u00e4toimittaja ja toimitusty\u00f6ss\u00e4 on ollut mukana kansainv\u00e4linen ty\u00f6ryhm\u00e4. Sarjaa on alettu esitarkastaa. Julkaisut rekister\u00f6id\u00e4\u00e4n kansainv\u00e4lisiin bibliografisiin tietokantoihin. V\u00f5run instituutin toimituksia on aikakausijulkaisu. Sarjan p\u00e4\u00e4numero ilmestyy joka vuosi lokakuussa. Lis\u00e4ksi julkaistaan erikoisnumeroita kulloinkin saatavilla olevasta materiaalista. Julkaisemme artikkeleita, jotka ovat teoreettisesti ja [&hellip;]\" \/>\n<meta property=\"og:url\" content=\"https:\/\/wi.ee\/et\/toimetised\/julkaisusarjan-esittely\/\" \/>\n<meta property=\"og:site_name\" content=\"V\u00f5ru Instituut\" \/>\n<meta property=\"article:publisher\" content=\"https:\/\/www.facebook.com\/VoroInstituut\" \/>\n<meta property=\"article:modified_time\" content=\"2016-03-08T14:30:27+00:00\" \/>\n<meta property=\"og:image\" content=\"https:\/\/wi.ee\/wp-content\/uploads\/2015\/05\/logo-150507.png\" \/>\n\t<meta property=\"og:image:width\" content=\"183\" \/>\n\t<meta property=\"og:image:height\" content=\"123\" \/>\n\t<meta property=\"og:image:type\" content=\"image\/png\" \/>\n<meta name=\"twitter:label1\" content=\"Est. reading time\" \/>\n\t<meta name=\"twitter:data1\" content=\"2 minutit\" \/>\n<script type=\"application\/ld+json\" class=\"yoast-schema-graph\">{\"@context\":\"https:\\\/\\\/schema.org\",\"@graph\":[{\"@type\":\"WebPage\",\"@id\":\"https:\\\/\\\/wi.ee\\\/et\\\/toimetised\\\/julkaisusarjan-esittely\\\/\",\"url\":\"https:\\\/\\\/wi.ee\\\/et\\\/toimetised\\\/julkaisusarjan-esittely\\\/\",\"name\":\"Julkaisusarjan esittely - V\u00f5ru Instituut\",\"isPartOf\":{\"@id\":\"https:\\\/\\\/wi.ee\\\/et\\\/#website\"},\"datePublished\":\"2016-02-03T09:42:15+00:00\",\"dateModified\":\"2016-03-08T14:30:27+00:00\",\"breadcrumb\":{\"@id\":\"https:\\\/\\\/wi.ee\\\/et\\\/toimetised\\\/julkaisusarjan-esittely\\\/#breadcrumb\"},\"inLanguage\":\"et\",\"potentialAction\":[{\"@type\":\"ReadAction\",\"target\":[\"https:\\\/\\\/wi.ee\\\/et\\\/toimetised\\\/julkaisusarjan-esittely\\\/\"]}]},{\"@type\":\"BreadcrumbList\",\"@id\":\"https:\\\/\\\/wi.ee\\\/et\\\/toimetised\\\/julkaisusarjan-esittely\\\/#breadcrumb\",\"itemListElement\":[{\"@type\":\"ListItem\",\"position\":1,\"name\":\"Avaleht\",\"item\":\"https:\\\/\\\/wi.ee\\\/et\\\/\"},{\"@type\":\"ListItem\",\"position\":2,\"name\":\"Toimetiste arhiiv\",\"item\":\"https:\\\/\\\/wi.ee\\\/et\\\/toimetised\\\/\"},{\"@type\":\"ListItem\",\"position\":3,\"name\":\"Julkaisusarjan esittely\"}]},{\"@type\":\"WebSite\",\"@id\":\"https:\\\/\\\/wi.ee\\\/et\\\/#website\",\"url\":\"https:\\\/\\\/wi.ee\\\/et\\\/\",\"name\":\"V\u00f5ru Instituut\",\"description\":\"\",\"publisher\":{\"@id\":\"https:\\\/\\\/wi.ee\\\/et\\\/#organization\"},\"potentialAction\":[{\"@type\":\"SearchAction\",\"target\":{\"@type\":\"EntryPoint\",\"urlTemplate\":\"https:\\\/\\\/wi.ee\\\/et\\\/?s={search_term_string}\"},\"query-input\":{\"@type\":\"PropertyValueSpecification\",\"valueRequired\":true,\"valueName\":\"search_term_string\"}}],\"inLanguage\":\"et\"},{\"@type\":\"Organization\",\"@id\":\"https:\\\/\\\/wi.ee\\\/et\\\/#organization\",\"name\":\"V\u00f5ru Instituut\",\"url\":\"https:\\\/\\\/wi.ee\\\/et\\\/\",\"logo\":{\"@type\":\"ImageObject\",\"inLanguage\":\"et\",\"@id\":\"https:\\\/\\\/wi.ee\\\/et\\\/#\\\/schema\\\/logo\\\/image\\\/\",\"url\":\"https:\\\/\\\/wi.ee\\\/wp-content\\\/uploads\\\/2015\\\/05\\\/logo-150507.png\",\"contentUrl\":\"https:\\\/\\\/wi.ee\\\/wp-content\\\/uploads\\\/2015\\\/05\\\/logo-150507.png\",\"width\":183,\"height\":123,\"caption\":\"V\u00f5ru Instituut\"},\"image\":{\"@id\":\"https:\\\/\\\/wi.ee\\\/et\\\/#\\\/schema\\\/logo\\\/image\\\/\"},\"sameAs\":[\"https:\\\/\\\/www.facebook.com\\\/VoroInstituut\"]}]}<\/script>\n<!-- \/ Yoast SEO plugin. -->","yoast_head_json":{"title":"Julkaisusarjan esittely - V\u00f5ru Instituut","robots":{"index":"index","follow":"follow","max-snippet":"max-snippet:-1","max-image-preview":"max-image-preview:large","max-video-preview":"max-video-preview:-1"},"canonical":"https:\/\/wi.ee\/et\/toimetised\/julkaisusarjan-esittely\/","og_locale":"et_EE","og_type":"article","og_title":"Julkaisusarjan esittely - V\u00f5ru Instituut","og_description":"V\u00f5run instituutin toimituksia -julkaisusarja on ilmestynyt vuodesta 1997. Vuodesta 2008 julkaisulla on ollut vakituinen p\u00e4\u00e4toimittaja ja toimitusty\u00f6ss\u00e4 on ollut mukana kansainv\u00e4linen ty\u00f6ryhm\u00e4. Sarjaa on alettu esitarkastaa. Julkaisut rekister\u00f6id\u00e4\u00e4n kansainv\u00e4lisiin bibliografisiin tietokantoihin. V\u00f5run instituutin toimituksia on aikakausijulkaisu. Sarjan p\u00e4\u00e4numero ilmestyy joka vuosi lokakuussa. Lis\u00e4ksi julkaistaan erikoisnumeroita kulloinkin saatavilla olevasta materiaalista. Julkaisemme artikkeleita, jotka ovat teoreettisesti ja [&hellip;]","og_url":"https:\/\/wi.ee\/et\/toimetised\/julkaisusarjan-esittely\/","og_site_name":"V\u00f5ru Instituut","article_publisher":"https:\/\/www.facebook.com\/VoroInstituut","article_modified_time":"2016-03-08T14:30:27+00:00","og_image":[{"width":183,"height":123,"url":"https:\/\/wi.ee\/wp-content\/uploads\/2015\/05\/logo-150507.png","type":"image\/png"}],"twitter_misc":{"Est. reading time":"2 minutit"},"schema":{"@context":"https:\/\/schema.org","@graph":[{"@type":"WebPage","@id":"https:\/\/wi.ee\/et\/toimetised\/julkaisusarjan-esittely\/","url":"https:\/\/wi.ee\/et\/toimetised\/julkaisusarjan-esittely\/","name":"Julkaisusarjan esittely - V\u00f5ru Instituut","isPartOf":{"@id":"https:\/\/wi.ee\/et\/#website"},"datePublished":"2016-02-03T09:42:15+00:00","dateModified":"2016-03-08T14:30:27+00:00","breadcrumb":{"@id":"https:\/\/wi.ee\/et\/toimetised\/julkaisusarjan-esittely\/#breadcrumb"},"inLanguage":"et","potentialAction":[{"@type":"ReadAction","target":["https:\/\/wi.ee\/et\/toimetised\/julkaisusarjan-esittely\/"]}]},{"@type":"BreadcrumbList","@id":"https:\/\/wi.ee\/et\/toimetised\/julkaisusarjan-esittely\/#breadcrumb","itemListElement":[{"@type":"ListItem","position":1,"name":"Avaleht","item":"https:\/\/wi.ee\/et\/"},{"@type":"ListItem","position":2,"name":"Toimetiste arhiiv","item":"https:\/\/wi.ee\/et\/toimetised\/"},{"@type":"ListItem","position":3,"name":"Julkaisusarjan esittely"}]},{"@type":"WebSite","@id":"https:\/\/wi.ee\/et\/#website","url":"https:\/\/wi.ee\/et\/","name":"V\u00f5ru Instituut","description":"","publisher":{"@id":"https:\/\/wi.ee\/et\/#organization"},"potentialAction":[{"@type":"SearchAction","target":{"@type":"EntryPoint","urlTemplate":"https:\/\/wi.ee\/et\/?s={search_term_string}"},"query-input":{"@type":"PropertyValueSpecification","valueRequired":true,"valueName":"search_term_string"}}],"inLanguage":"et"},{"@type":"Organization","@id":"https:\/\/wi.ee\/et\/#organization","name":"V\u00f5ru Instituut","url":"https:\/\/wi.ee\/et\/","logo":{"@type":"ImageObject","inLanguage":"et","@id":"https:\/\/wi.ee\/et\/#\/schema\/logo\/image\/","url":"https:\/\/wi.ee\/wp-content\/uploads\/2015\/05\/logo-150507.png","contentUrl":"https:\/\/wi.ee\/wp-content\/uploads\/2015\/05\/logo-150507.png","width":183,"height":123,"caption":"V\u00f5ru Instituut"},"image":{"@id":"https:\/\/wi.ee\/et\/#\/schema\/logo\/image\/"},"sameAs":["https:\/\/www.facebook.com\/VoroInstituut"]}]}},"_links":{"self":[{"href":"https:\/\/wi.ee\/et\/wp-json\/wp\/v2\/pages\/1160","targetHints":{"allow":["GET"]}}],"collection":[{"href":"https:\/\/wi.ee\/et\/wp-json\/wp\/v2\/pages"}],"about":[{"href":"https:\/\/wi.ee\/et\/wp-json\/wp\/v2\/types\/page"}],"author":[{"embeddable":true,"href":"https:\/\/wi.ee\/et\/wp-json\/wp\/v2\/users\/2"}],"replies":[{"embeddable":true,"href":"https:\/\/wi.ee\/et\/wp-json\/wp\/v2\/comments?post=1160"}],"version-history":[{"count":2,"href":"https:\/\/wi.ee\/et\/wp-json\/wp\/v2\/pages\/1160\/revisions"}],"predecessor-version":[{"id":1175,"href":"https:\/\/wi.ee\/et\/wp-json\/wp\/v2\/pages\/1160\/revisions\/1175"}],"up":[{"embeddable":true,"href":"https:\/\/wi.ee\/et\/wp-json\/wp\/v2\/pages\/830"}],"wp:attachment":[{"href":"https:\/\/wi.ee\/et\/wp-json\/wp\/v2\/media?parent=1160"}],"curies":[{"name":"wp","href":"https:\/\/api.w.org\/{rel}","templated":true}]}}