{"id":1158,"date":"2016-02-03T11:41:29","date_gmt":"2016-02-03T09:41:29","guid":{"rendered":"https:\/\/wi.ee\/?page_id=1158"},"modified":"2016-03-08T16:31:48","modified_gmt":"2016-03-08T14:31:48","slug":"valjaande-tutvustus","status":"publish","type":"page","link":"https:\/\/wi.ee\/et\/toimetised\/valjaande-tutvustus\/","title":{"rendered":"V\u00e4ljaande tutvustus"},"content":{"rendered":"<p><a href=\"https:\/\/wi.ee\/julkaisusarjan-esittely\/\">Suomeksi<\/a><br \/>\n<a href=\"https:\/\/wi.ee\/publications-of-voro-institute\/\">In English<\/a><\/p>\n<p>&nbsp;<\/p>\n<p>V\u00f5ru Instituudi toimetiste sari ilmub alates 1997. aastast. 2007. aastast on toimetiste v\u00e4ljaandmist muudetud. V\u00e4ljaanne on saanud alalise vastutava toimetaja, toimetamisse on kaasatud rahvusvaheline kolleegium ja sari on muudetud eelretsenseeritavaks. V\u00e4ljaanne registreeritakse rahvusvahelistes bibliograafilistes andmebaasides:<\/p>\n<p>Eesti Rahvusraamatukogu digitaalne arhiiv (DIGAR)<\/p>\n<p><strong>Perioodilisus.<\/strong> Edaspidigi on kavas avaldada \u00fcks toimetiste p\u00f5hinumber aastas, ilmumisega oktoobris, ning vastavalt kogunevale materjalile erinumbreid.<\/p>\n<p><strong>Ootame avaldamiseks artikleid<\/strong>, mis on teoreetiliselt ja empiiriliselt h\u00e4sti p\u00f5hjendatud. Toimetised on avatud k\u00f5igile kaast\u00f6\u00f6dele keele ja kultuuri uurimisega seotud aladelt ega ole piiratud V\u00f5ru Instituudi konverentsidel esinejatega. Teretulnud on interdistsiplinaarne ja v\u00f5rdlev vaatenurk.<\/p>\n<p><strong>P\u00f5hinumbrite p\u00f5hirubriigis<\/strong> avaldatakse l\u00e4\u00e4nemeresoome ning teiste Euroopa v\u00e4ikeste keelte ja kultuuride uurijate \u2013 keele- ja kirjandusteadlaste, folkloristide, arheoloogide, etnoloogide ja ajaloolaste ning sotsiaalteadlaste artikleid.<\/p>\n<p><strong>Esseistika rubriigis<\/strong> avaldame populaarteaduslikke artikleid, arvustusi ja \u00fclevaateid.<\/p>\n<p>Erinumbritena ilmuvad teemakogumikud, monograafiad, konkreetsed uurimused jms.<\/p>\n<p><strong>Toimetiste keel.<\/strong> V\u00f5ru Instituudi toimetised on algusest peale olnud mitmekeelne v\u00e4ljaanne. Lisaks v\u00f5ru ja eesti keelele ootame artikleid k\u00f5ikides l\u00e4\u00e4nemeresoome keeltes, erandjuhtudel ka muudes keeltes. Iga toimetiste p\u00f5hinumber on v\u00e4hemalt kolmkeelne \u2013 artikli originaalkeelele lisatakse alati v\u00f5ru- ja ingliskeelne kokkuv\u00f5te.<\/p>\n<p><strong>Artiklid retsenseeritakse.<\/strong> Iga artiklit hindab anon\u00fc\u00fcmselt kaks, eriarvamuste korral kolm retsensenti. Toimetaja saadab retsensioonid edasi artikli autorile.<\/p>\n<p><strong>Artiklite saatmise t\u00e4htaeg<\/strong> on iga aasta 15. veebruar. \u00d5igeaegselt saabunud artiklid avaldatakse p\u00e4rast eelretsenseerimist ja toimetamist v\u00e4ljaande sama aasta numbris, mis ilmub oktoobris.<\/p>\n<p>Toimetuskolleegium: Ren\u0101te Blumberga (L\u00e4ti Ajaloo Instituut, L\u00e4ti \u00dclikool), Martin Ehala (Tartu \u00dclikool), Riho Gr\u00fcnthal (Helsingi \u00dclikool), Hasso Krull (Eesti Humanitaarinstituut, Tallinna \u00dclikool), Karl Pajusalu (Tartu \u00dclikool), P\u00e9ter Pomozi (E\u00f6tv\u00f6s Lor\u00e1ndi \u00dclikool), Tiit Rosenberg (Tartu \u00dclikool), Janne Saarikivi (Helsingi \u00dclikool), Anneli Saro (Tartu \u00dclikool), Helena Sulkala (Oulu \u00dclikool), Taive S\u00e4rg (Eesti Kirjandusmuuseum), Heiki Valk (Tartu \u00dclikool), Eberhard Winkler (G\u00f6ttingeni \u00dclikool)<\/p>\n<p>Toimetaja: J\u00fcv\u00e4 Sull\u00f5v<br \/>\nToimetuse aadress: V\u00f5ro Instituut, Tarto huulits 48, 65609 V\u00f5ro liin, Estonia<br \/>\ntel +372 78 28750,\u00a0koduleht: <a href=\"https:\/\/wi.ee\/\">https:\/\/wi.ee<\/a><br \/>\ne-post:<script type=\"text\/javascript\">\/\/ <![CDATA[\nvar prefix = 'm&#97;&#105;lt&#111;:';\n var suffix = '';\n var attribs = '';\n var path = 'hr' + 'ef' + '=';\n var addy85920 = 'j&#117;v&#97;s&#117;l' + '&#64;';\n addy85920 = addy85920 + '&#117;t' + '&#46;' + '&#101;&#101;';\n document.write( '<a ' + path + '\\'' + prefix + addy85920 + suffix + '\\'' + attribs + '>' );\n document.write( addy85920 );\n document.write( '<\\\/a>' );\n\/\/ ]]><\/script><a href=\"&#x6d;&#97;&#105;l&#x74;&#x6f;&#58;j&#x75;&#x76;&#97;su&#x6c;&#64;&#117;t&#x2e;&#x65;&#101;\">j&#117;&#x76;&#x61;s&#117;&#108;&#x40;&#x75;t&#46;&#x65;&#x65;<\/a><\/p>\n","protected":false},"excerpt":{"rendered":"<p>Suomeksi In English &nbsp; V\u00f5ru Instituudi toimetiste sari ilmub alates 1997. aastast. 2007. aastast on toimetiste v\u00e4ljaandmist muudetud. V\u00e4ljaanne on saanud alalise vastutava toimetaja, toimetamisse on kaasatud rahvusvaheline kolleegium ja sari on muudetud eelretsenseeritavaks. V\u00e4ljaanne registreeritakse rahvusvahelistes bibliograafilistes andmebaasides: Eesti Rahvusraamatukogu digitaalne arhiiv (DIGAR) Perioodilisus. Edaspidigi on kavas avaldada \u00fcks toimetiste p\u00f5hinumber aastas, ilmumisega oktoobris, [&hellip;]<\/p>\n","protected":false},"author":2,"featured_media":0,"parent":830,"menu_order":0,"comment_status":"closed","ping_status":"closed","template":"","meta":{"_acf_changed":false,"footnotes":""},"class_list":["post-1158","page","type-page","status-publish","hentry"],"acf":[],"yoast_head":"<!-- This site is optimized with the Yoast SEO plugin v27.3 - https:\/\/yoast.com\/product\/yoast-seo-wordpress\/ -->\n<title>V\u00e4ljaande tutvustus - V\u00f5ru Instituut<\/title>\n<meta name=\"robots\" content=\"index, follow, max-snippet:-1, max-image-preview:large, max-video-preview:-1\" \/>\n<link rel=\"canonical\" href=\"https:\/\/wi.ee\/et\/toimetised\/valjaande-tutvustus\/\" \/>\n<meta property=\"og:locale\" content=\"et_EE\" \/>\n<meta property=\"og:type\" content=\"article\" \/>\n<meta property=\"og:title\" content=\"V\u00e4ljaande tutvustus - V\u00f5ru Instituut\" \/>\n<meta property=\"og:description\" content=\"Suomeksi In English &nbsp; V\u00f5ru Instituudi toimetiste sari ilmub alates 1997. aastast. 2007. aastast on toimetiste v\u00e4ljaandmist muudetud. V\u00e4ljaanne on saanud alalise vastutava toimetaja, toimetamisse on kaasatud rahvusvaheline kolleegium ja sari on muudetud eelretsenseeritavaks. V\u00e4ljaanne registreeritakse rahvusvahelistes bibliograafilistes andmebaasides: Eesti Rahvusraamatukogu digitaalne arhiiv (DIGAR) Perioodilisus. Edaspidigi on kavas avaldada \u00fcks toimetiste p\u00f5hinumber aastas, ilmumisega oktoobris, [&hellip;]\" \/>\n<meta property=\"og:url\" content=\"https:\/\/wi.ee\/et\/toimetised\/valjaande-tutvustus\/\" \/>\n<meta property=\"og:site_name\" content=\"V\u00f5ru Instituut\" \/>\n<meta property=\"article:publisher\" content=\"https:\/\/www.facebook.com\/VoroInstituut\" \/>\n<meta property=\"article:modified_time\" content=\"2016-03-08T14:31:48+00:00\" \/>\n<meta property=\"og:image\" content=\"https:\/\/wi.ee\/wp-content\/uploads\/2015\/05\/logo-150507.png\" \/>\n\t<meta property=\"og:image:width\" content=\"183\" \/>\n\t<meta property=\"og:image:height\" content=\"123\" \/>\n\t<meta property=\"og:image:type\" content=\"image\/png\" \/>\n<meta name=\"twitter:label1\" content=\"Est. reading time\" \/>\n\t<meta name=\"twitter:data1\" content=\"2 minutit\" \/>\n<script type=\"application\/ld+json\" class=\"yoast-schema-graph\">{\"@context\":\"https:\\\/\\\/schema.org\",\"@graph\":[{\"@type\":\"WebPage\",\"@id\":\"https:\\\/\\\/wi.ee\\\/et\\\/toimetised\\\/valjaande-tutvustus\\\/\",\"url\":\"https:\\\/\\\/wi.ee\\\/et\\\/toimetised\\\/valjaande-tutvustus\\\/\",\"name\":\"V\u00e4ljaande tutvustus - V\u00f5ru Instituut\",\"isPartOf\":{\"@id\":\"https:\\\/\\\/wi.ee\\\/et\\\/#website\"},\"datePublished\":\"2016-02-03T09:41:29+00:00\",\"dateModified\":\"2016-03-08T14:31:48+00:00\",\"breadcrumb\":{\"@id\":\"https:\\\/\\\/wi.ee\\\/et\\\/toimetised\\\/valjaande-tutvustus\\\/#breadcrumb\"},\"inLanguage\":\"et\",\"potentialAction\":[{\"@type\":\"ReadAction\",\"target\":[\"https:\\\/\\\/wi.ee\\\/et\\\/toimetised\\\/valjaande-tutvustus\\\/\"]}]},{\"@type\":\"BreadcrumbList\",\"@id\":\"https:\\\/\\\/wi.ee\\\/et\\\/toimetised\\\/valjaande-tutvustus\\\/#breadcrumb\",\"itemListElement\":[{\"@type\":\"ListItem\",\"position\":1,\"name\":\"Avaleht\",\"item\":\"https:\\\/\\\/wi.ee\\\/et\\\/\"},{\"@type\":\"ListItem\",\"position\":2,\"name\":\"Toimetiste arhiiv\",\"item\":\"https:\\\/\\\/wi.ee\\\/et\\\/toimetised\\\/\"},{\"@type\":\"ListItem\",\"position\":3,\"name\":\"V\u00e4ljaande tutvustus\"}]},{\"@type\":\"WebSite\",\"@id\":\"https:\\\/\\\/wi.ee\\\/et\\\/#website\",\"url\":\"https:\\\/\\\/wi.ee\\\/et\\\/\",\"name\":\"V\u00f5ru Instituut\",\"description\":\"\",\"publisher\":{\"@id\":\"https:\\\/\\\/wi.ee\\\/et\\\/#organization\"},\"potentialAction\":[{\"@type\":\"SearchAction\",\"target\":{\"@type\":\"EntryPoint\",\"urlTemplate\":\"https:\\\/\\\/wi.ee\\\/et\\\/?s={search_term_string}\"},\"query-input\":{\"@type\":\"PropertyValueSpecification\",\"valueRequired\":true,\"valueName\":\"search_term_string\"}}],\"inLanguage\":\"et\"},{\"@type\":\"Organization\",\"@id\":\"https:\\\/\\\/wi.ee\\\/et\\\/#organization\",\"name\":\"V\u00f5ru Instituut\",\"url\":\"https:\\\/\\\/wi.ee\\\/et\\\/\",\"logo\":{\"@type\":\"ImageObject\",\"inLanguage\":\"et\",\"@id\":\"https:\\\/\\\/wi.ee\\\/et\\\/#\\\/schema\\\/logo\\\/image\\\/\",\"url\":\"https:\\\/\\\/wi.ee\\\/wp-content\\\/uploads\\\/2015\\\/05\\\/logo-150507.png\",\"contentUrl\":\"https:\\\/\\\/wi.ee\\\/wp-content\\\/uploads\\\/2015\\\/05\\\/logo-150507.png\",\"width\":183,\"height\":123,\"caption\":\"V\u00f5ru Instituut\"},\"image\":{\"@id\":\"https:\\\/\\\/wi.ee\\\/et\\\/#\\\/schema\\\/logo\\\/image\\\/\"},\"sameAs\":[\"https:\\\/\\\/www.facebook.com\\\/VoroInstituut\"]}]}<\/script>\n<!-- \/ Yoast SEO plugin. -->","yoast_head_json":{"title":"V\u00e4ljaande tutvustus - V\u00f5ru Instituut","robots":{"index":"index","follow":"follow","max-snippet":"max-snippet:-1","max-image-preview":"max-image-preview:large","max-video-preview":"max-video-preview:-1"},"canonical":"https:\/\/wi.ee\/et\/toimetised\/valjaande-tutvustus\/","og_locale":"et_EE","og_type":"article","og_title":"V\u00e4ljaande tutvustus - V\u00f5ru Instituut","og_description":"Suomeksi In English &nbsp; V\u00f5ru Instituudi toimetiste sari ilmub alates 1997. aastast. 2007. aastast on toimetiste v\u00e4ljaandmist muudetud. V\u00e4ljaanne on saanud alalise vastutava toimetaja, toimetamisse on kaasatud rahvusvaheline kolleegium ja sari on muudetud eelretsenseeritavaks. V\u00e4ljaanne registreeritakse rahvusvahelistes bibliograafilistes andmebaasides: Eesti Rahvusraamatukogu digitaalne arhiiv (DIGAR) Perioodilisus. Edaspidigi on kavas avaldada \u00fcks toimetiste p\u00f5hinumber aastas, ilmumisega oktoobris, [&hellip;]","og_url":"https:\/\/wi.ee\/et\/toimetised\/valjaande-tutvustus\/","og_site_name":"V\u00f5ru Instituut","article_publisher":"https:\/\/www.facebook.com\/VoroInstituut","article_modified_time":"2016-03-08T14:31:48+00:00","og_image":[{"width":183,"height":123,"url":"https:\/\/wi.ee\/wp-content\/uploads\/2015\/05\/logo-150507.png","type":"image\/png"}],"twitter_misc":{"Est. reading time":"2 minutit"},"schema":{"@context":"https:\/\/schema.org","@graph":[{"@type":"WebPage","@id":"https:\/\/wi.ee\/et\/toimetised\/valjaande-tutvustus\/","url":"https:\/\/wi.ee\/et\/toimetised\/valjaande-tutvustus\/","name":"V\u00e4ljaande tutvustus - V\u00f5ru Instituut","isPartOf":{"@id":"https:\/\/wi.ee\/et\/#website"},"datePublished":"2016-02-03T09:41:29+00:00","dateModified":"2016-03-08T14:31:48+00:00","breadcrumb":{"@id":"https:\/\/wi.ee\/et\/toimetised\/valjaande-tutvustus\/#breadcrumb"},"inLanguage":"et","potentialAction":[{"@type":"ReadAction","target":["https:\/\/wi.ee\/et\/toimetised\/valjaande-tutvustus\/"]}]},{"@type":"BreadcrumbList","@id":"https:\/\/wi.ee\/et\/toimetised\/valjaande-tutvustus\/#breadcrumb","itemListElement":[{"@type":"ListItem","position":1,"name":"Avaleht","item":"https:\/\/wi.ee\/et\/"},{"@type":"ListItem","position":2,"name":"Toimetiste arhiiv","item":"https:\/\/wi.ee\/et\/toimetised\/"},{"@type":"ListItem","position":3,"name":"V\u00e4ljaande tutvustus"}]},{"@type":"WebSite","@id":"https:\/\/wi.ee\/et\/#website","url":"https:\/\/wi.ee\/et\/","name":"V\u00f5ru Instituut","description":"","publisher":{"@id":"https:\/\/wi.ee\/et\/#organization"},"potentialAction":[{"@type":"SearchAction","target":{"@type":"EntryPoint","urlTemplate":"https:\/\/wi.ee\/et\/?s={search_term_string}"},"query-input":{"@type":"PropertyValueSpecification","valueRequired":true,"valueName":"search_term_string"}}],"inLanguage":"et"},{"@type":"Organization","@id":"https:\/\/wi.ee\/et\/#organization","name":"V\u00f5ru Instituut","url":"https:\/\/wi.ee\/et\/","logo":{"@type":"ImageObject","inLanguage":"et","@id":"https:\/\/wi.ee\/et\/#\/schema\/logo\/image\/","url":"https:\/\/wi.ee\/wp-content\/uploads\/2015\/05\/logo-150507.png","contentUrl":"https:\/\/wi.ee\/wp-content\/uploads\/2015\/05\/logo-150507.png","width":183,"height":123,"caption":"V\u00f5ru Instituut"},"image":{"@id":"https:\/\/wi.ee\/et\/#\/schema\/logo\/image\/"},"sameAs":["https:\/\/www.facebook.com\/VoroInstituut"]}]}},"_links":{"self":[{"href":"https:\/\/wi.ee\/et\/wp-json\/wp\/v2\/pages\/1158","targetHints":{"allow":["GET"]}}],"collection":[{"href":"https:\/\/wi.ee\/et\/wp-json\/wp\/v2\/pages"}],"about":[{"href":"https:\/\/wi.ee\/et\/wp-json\/wp\/v2\/types\/page"}],"author":[{"embeddable":true,"href":"https:\/\/wi.ee\/et\/wp-json\/wp\/v2\/users\/2"}],"replies":[{"embeddable":true,"href":"https:\/\/wi.ee\/et\/wp-json\/wp\/v2\/comments?post=1158"}],"version-history":[{"count":4,"href":"https:\/\/wi.ee\/et\/wp-json\/wp\/v2\/pages\/1158\/revisions"}],"predecessor-version":[{"id":1295,"href":"https:\/\/wi.ee\/et\/wp-json\/wp\/v2\/pages\/1158\/revisions\/1295"}],"up":[{"embeddable":true,"href":"https:\/\/wi.ee\/et\/wp-json\/wp\/v2\/pages\/830"}],"wp:attachment":[{"href":"https:\/\/wi.ee\/et\/wp-json\/wp\/v2\/media?parent=1158"}],"curies":[{"name":"wp","href":"https:\/\/api.w.org\/{rel}","templated":true}]}}