{"id":11489,"date":"2022-10-19T14:37:25","date_gmt":"2022-10-19T11:37:25","guid":{"rendered":"https:\/\/wi.ee\/?page_id=11489"},"modified":"2022-10-19T14:37:25","modified_gmt":"2022-10-19T11:37:25","slug":"mino-voromaa-35","status":"publish","type":"page","link":"https:\/\/wi.ee\/et\/mino-voromaa-35\/","title":{"rendered":"Mino V\u00f5romaa 35"},"content":{"rendered":"<p><strong>1.\u20133. klass<\/strong><\/p>\n<p>&nbsp;<\/p>\n<p>I koht<\/p>\n<p><strong>Vaimu mu koolih<\/strong><\/p>\n<p><strong>\u00a0<\/strong><\/p>\n<p>Elli-oll \u00fctsk\u00f5rd \u00fcts koolipoiss Timm. T\u00e4 oll laisk nigu saabas.<\/p>\n<p>\u00dctsk\u00f5rd juhtu nii, et kuul l\u00e4ts distantsoppus\u00f5 p\u00e4\u00e4le. Timmi elo muutu viil lais\u00f5mbas.<\/p>\n<p>A \u00e4kki ilmu Timmi kodo oppaja saad\u00f5t opmis\u00f5vaim Opikoll. T\u00e4 ilmu v\u00e4ll\u00e4 eg\u00e4 ekraani p\u00e4\u00e4l. Timm v\u00f5ts\u00f5 puutri valla, et veid\u00fckese m\u00e4ngi. \u00d5kva ilmu ekraanil\u00f5 Opikoll ja k\u00e4skse kip\u00f5st\u00f5 opma nakada.<\/p>\n<p>Timm tekse sis teleka vallal\u00f5 \u2013 j\u00e4lki oll Opikoll platsih ja k\u00e4skse kip\u00f5st\u00f5 opma nakada. Sis v\u00f5ts\u00f5 Timm telefoni v\u00e4ll\u00e4. S\u00e4\u00e4ltki kai t\u00e4lle Opikoll vasta ja k\u00e4skse kip\u00f5st\u00f5 opma nakada.<\/p>\n<p>Timmil \u00f5s j\u00e4\u00e4ki muud \u00fcle ku opma nakada. Opmin\u00f5 nakas t\u00e4lle eski miild\u00fcm\u00e4 ja t\u00e4 sai n\u00fc\u00fcd k\u00f5ik aig oppaja k\u00e4est kitt\u00e4.<\/p>\n<p>Oppaja kuts\u00f5 Opikolli kuuli tagasi. A \u00fcte kuunol\u00f5gi aigu j\u00e4i oppajal kapiuss vallal\u00f5. Opikoll linnas kapist v\u00e4lla ni nakas k\u00f5iki opilaisi kallistama. T\u00e4 \u00fctel n\u00e4ile, et oppi om v\u00e4ega vaia.<\/p>\n<p>Ku Opikoll viil v\u00e4s\u00fcn\u00fc ei ol\u00f5, sis kallistas ta koolilatsi t\u00e4\u00e4mb\u00e4dse p\u00e4\u00e4v\u00e4ni.<\/p>\n<p>&nbsp;<\/p>\n<p>Kustas K\u00fcbar<\/p>\n<p>N\u00f5o p\u00f5hikool, 3. klass<\/p>\n<p>\u00d5petaja Helju Sarapuu<\/p>\n<p>&nbsp;<\/p>\n<p>&nbsp;<\/p>\n<p>II koht<\/p>\n<p><strong>Armsa Miisu<\/strong><\/p>\n<p><strong>\u00a0<\/strong><\/p>\n<p>Mul om armas kassik\u00f5n\u00f5,<\/p>\n<p>nimes tim\u00e4l Miisuk\u00f5n\u00f5.<\/p>\n<p>Miisu nigu karvapall,<\/p>\n<p>kaalan tim\u00e4l valg\u00f5 sall.<\/p>\n<p>&nbsp;<\/p>\n<p>Miisu om mu silm\u00e4ter\u00e4,<\/p>\n<p>miild\u00fcs tim\u00e4le langaker\u00e4.<\/p>\n<p>\u00dctenkuun mi m\u00fcll\u00e4mi,<\/p>\n<p>muru p\u00e4\u00e4l s\u00e4\u00e4l hullami.<\/p>\n<p>&nbsp;<\/p>\n<p>Karl Hainsoo<\/p>\n<p>M\u00f5niste kool, 3. klass<\/p>\n<p>\u00d5petaja Asta Pazuhanit\u0161<\/p>\n<p>&nbsp;<\/p>\n<p>&nbsp;<\/p>\n<p>III koht<\/p>\n<p><strong>Vaimu ja haldja mu koolih<\/strong><\/p>\n<p><strong>\u00a0<\/strong><\/p>\n<p>Elli-olli kunagi kolm vaimu ja kolm haldjat. N\u00e4 olli mi kooli umas kodos valinu. S\u00e4\u00e4l koolih oll pallo latsi. Latsil\u00f5 v\u00e4ega miild\u00fc uma kuul ja miild\u00fc ka koolih k\u00e4vv\u00fc.<\/p>\n<p>\u00dctsk\u00f5rd naksi koolih juhtuma imeliku asa. Lats\u00f5 tulliva kuuli ja oppaja tahts\u00f5 kotoh tett\u00fcid t\u00f6id \u00fcle kaia, a koton tett\u00fc t\u00fc\u00fc olli \u00e4r kaonu. Lats\u00f5 oli seg\u00e4h\u00fcseh: n\u00e4 olli jo t\u00fc\u00fc ilost\u00f5 \u00e4r tenn\u00fc.<\/p>\n<p>T\u00f5\u00f5s\u00f5l p\u00e4\u00e4v\u00e4l olli r\u00f5ivahoiust jalavaro \u00e4r kaonu. Ki\u00e4ki es saa arvu, mis vallal\u00f5 om, ki\u00e4 k\u00fcl s\u00e4\u00e4nest vigurit tege. Vigurit teiv\u00e4 vaimu, ked\u00e4 lats\u00f5 \u00f5s n\u00e4e, selle et n\u00e4 olli n\u00e4gem\u00e4ld\u00e4.<\/p>\n<p>Koolimajja olli el\u00e4m\u00e4 tulnu ka kolm haldjat. Nim\u00e4 tahts\u00f5 k\u00f5ik k\u00f5rda s\u00e4\u00e4di, a n\u00e4ide v\u00f5im es ol\u00f5 vaim\u00f5 v\u00f5imust \u00fcle. N\u00e4 m\u00f5tli ja m\u00f5tli, mid\u00e4 k\u00fcl p\u00e4\u00e4le nakata, et latsi avita. L\u00f5pus tull m\u00f5t\u00f5 v\u00f5luraamatust api otsi. Haldja le\u00fcdse s\u00e4idse loitsu, mid\u00e4 pidi lausuma: \u201eSipsi-ripsi-abakadabra ja vaimu minku vaimud\u00f5maal\u00f5 tagasi!\u201c<\/p>\n<p>Ku lats\u00f5 koolih k\u00e4\u00e4v\u00e4, siis saatva ja valvas\u00f5 haldja n\u00e4id k\u00f5ik aig.<\/p>\n<p>&nbsp;<\/p>\n<p>Brigitta Pertmann<\/p>\n<p>N\u00f5o p\u00f5hikool, 3. klass<\/p>\n","protected":false},"excerpt":{"rendered":"<p>1.\u20133. klass &nbsp; I koht Vaimu mu koolih \u00a0 Elli-oll \u00fctsk\u00f5rd \u00fcts koolipoiss Timm. T\u00e4 oll laisk nigu saabas. \u00dctsk\u00f5rd juhtu nii, et kuul l\u00e4ts distantsoppus\u00f5 p\u00e4\u00e4le. Timmi elo muutu viil lais\u00f5mbas. A \u00e4kki ilmu Timmi kodo oppaja saad\u00f5t opmis\u00f5vaim Opikoll. T\u00e4 ilmu v\u00e4ll\u00e4 eg\u00e4 ekraani p\u00e4\u00e4l. Timm v\u00f5ts\u00f5 puutri valla, et veid\u00fckese m\u00e4ngi. \u00d5kva [&hellip;]<\/p>\n","protected":false},"author":2,"featured_media":0,"parent":0,"menu_order":0,"comment_status":"closed","ping_status":"closed","template":"","meta":{"_acf_changed":false,"footnotes":""},"class_list":["post-11489","page","type-page","status-publish","hentry"],"acf":[],"yoast_head":"<!-- This site is optimized with the Yoast SEO plugin v27.3 - https:\/\/yoast.com\/product\/yoast-seo-wordpress\/ -->\n<title>Mino V\u00f5romaa 35 - V\u00f5ru Instituut<\/title>\n<meta name=\"robots\" content=\"index, follow, max-snippet:-1, max-image-preview:large, max-video-preview:-1\" \/>\n<link rel=\"canonical\" href=\"https:\/\/wi.ee\/et\/mino-voromaa-35\/\" \/>\n<meta property=\"og:locale\" content=\"et_EE\" \/>\n<meta property=\"og:type\" content=\"article\" \/>\n<meta property=\"og:title\" content=\"Mino V\u00f5romaa 35 - V\u00f5ru Instituut\" \/>\n<meta property=\"og:description\" content=\"1.\u20133. klass &nbsp; I koht Vaimu mu koolih \u00a0 Elli-oll \u00fctsk\u00f5rd \u00fcts koolipoiss Timm. T\u00e4 oll laisk nigu saabas. \u00dctsk\u00f5rd juhtu nii, et kuul l\u00e4ts distantsoppus\u00f5 p\u00e4\u00e4le. Timmi elo muutu viil lais\u00f5mbas. A \u00e4kki ilmu Timmi kodo oppaja saad\u00f5t opmis\u00f5vaim Opikoll. T\u00e4 ilmu v\u00e4ll\u00e4 eg\u00e4 ekraani p\u00e4\u00e4l. Timm v\u00f5ts\u00f5 puutri valla, et veid\u00fckese m\u00e4ngi. \u00d5kva [&hellip;]\" \/>\n<meta property=\"og:url\" content=\"https:\/\/wi.ee\/et\/mino-voromaa-35\/\" \/>\n<meta property=\"og:site_name\" content=\"V\u00f5ru Instituut\" \/>\n<meta property=\"article:publisher\" content=\"https:\/\/www.facebook.com\/VoroInstituut\" \/>\n<meta property=\"og:image\" content=\"https:\/\/wi.ee\/wp-content\/uploads\/2015\/05\/logo-150507.png\" \/>\n\t<meta property=\"og:image:width\" content=\"183\" \/>\n\t<meta property=\"og:image:height\" content=\"123\" \/>\n\t<meta property=\"og:image:type\" content=\"image\/png\" \/>\n<meta name=\"twitter:label1\" content=\"Est. reading time\" \/>\n\t<meta name=\"twitter:data1\" content=\"3 minutit\" \/>\n<script type=\"application\/ld+json\" class=\"yoast-schema-graph\">{\"@context\":\"https:\\\/\\\/schema.org\",\"@graph\":[{\"@type\":\"WebPage\",\"@id\":\"https:\\\/\\\/wi.ee\\\/et\\\/mino-voromaa-35\\\/\",\"url\":\"https:\\\/\\\/wi.ee\\\/et\\\/mino-voromaa-35\\\/\",\"name\":\"Mino V\u00f5romaa 35 - V\u00f5ru Instituut\",\"isPartOf\":{\"@id\":\"https:\\\/\\\/wi.ee\\\/et\\\/#website\"},\"datePublished\":\"2022-10-19T11:37:25+00:00\",\"breadcrumb\":{\"@id\":\"https:\\\/\\\/wi.ee\\\/et\\\/mino-voromaa-35\\\/#breadcrumb\"},\"inLanguage\":\"et\",\"potentialAction\":[{\"@type\":\"ReadAction\",\"target\":[\"https:\\\/\\\/wi.ee\\\/et\\\/mino-voromaa-35\\\/\"]}]},{\"@type\":\"BreadcrumbList\",\"@id\":\"https:\\\/\\\/wi.ee\\\/et\\\/mino-voromaa-35\\\/#breadcrumb\",\"itemListElement\":[{\"@type\":\"ListItem\",\"position\":1,\"name\":\"Avaleht\",\"item\":\"https:\\\/\\\/wi.ee\\\/et\\\/\"},{\"@type\":\"ListItem\",\"position\":2,\"name\":\"Mino V\u00f5romaa 35\"}]},{\"@type\":\"WebSite\",\"@id\":\"https:\\\/\\\/wi.ee\\\/et\\\/#website\",\"url\":\"https:\\\/\\\/wi.ee\\\/et\\\/\",\"name\":\"V\u00f5ru Instituut\",\"description\":\"\",\"publisher\":{\"@id\":\"https:\\\/\\\/wi.ee\\\/et\\\/#organization\"},\"potentialAction\":[{\"@type\":\"SearchAction\",\"target\":{\"@type\":\"EntryPoint\",\"urlTemplate\":\"https:\\\/\\\/wi.ee\\\/et\\\/?s={search_term_string}\"},\"query-input\":{\"@type\":\"PropertyValueSpecification\",\"valueRequired\":true,\"valueName\":\"search_term_string\"}}],\"inLanguage\":\"et\"},{\"@type\":\"Organization\",\"@id\":\"https:\\\/\\\/wi.ee\\\/et\\\/#organization\",\"name\":\"V\u00f5ru Instituut\",\"url\":\"https:\\\/\\\/wi.ee\\\/et\\\/\",\"logo\":{\"@type\":\"ImageObject\",\"inLanguage\":\"et\",\"@id\":\"https:\\\/\\\/wi.ee\\\/et\\\/#\\\/schema\\\/logo\\\/image\\\/\",\"url\":\"https:\\\/\\\/wi.ee\\\/wp-content\\\/uploads\\\/2015\\\/05\\\/logo-150507.png\",\"contentUrl\":\"https:\\\/\\\/wi.ee\\\/wp-content\\\/uploads\\\/2015\\\/05\\\/logo-150507.png\",\"width\":183,\"height\":123,\"caption\":\"V\u00f5ru Instituut\"},\"image\":{\"@id\":\"https:\\\/\\\/wi.ee\\\/et\\\/#\\\/schema\\\/logo\\\/image\\\/\"},\"sameAs\":[\"https:\\\/\\\/www.facebook.com\\\/VoroInstituut\"]}]}<\/script>\n<!-- \/ Yoast SEO plugin. -->","yoast_head_json":{"title":"Mino V\u00f5romaa 35 - V\u00f5ru Instituut","robots":{"index":"index","follow":"follow","max-snippet":"max-snippet:-1","max-image-preview":"max-image-preview:large","max-video-preview":"max-video-preview:-1"},"canonical":"https:\/\/wi.ee\/et\/mino-voromaa-35\/","og_locale":"et_EE","og_type":"article","og_title":"Mino V\u00f5romaa 35 - V\u00f5ru Instituut","og_description":"1.\u20133. klass &nbsp; I koht Vaimu mu koolih \u00a0 Elli-oll \u00fctsk\u00f5rd \u00fcts koolipoiss Timm. T\u00e4 oll laisk nigu saabas. \u00dctsk\u00f5rd juhtu nii, et kuul l\u00e4ts distantsoppus\u00f5 p\u00e4\u00e4le. Timmi elo muutu viil lais\u00f5mbas. A \u00e4kki ilmu Timmi kodo oppaja saad\u00f5t opmis\u00f5vaim Opikoll. T\u00e4 ilmu v\u00e4ll\u00e4 eg\u00e4 ekraani p\u00e4\u00e4l. Timm v\u00f5ts\u00f5 puutri valla, et veid\u00fckese m\u00e4ngi. \u00d5kva [&hellip;]","og_url":"https:\/\/wi.ee\/et\/mino-voromaa-35\/","og_site_name":"V\u00f5ru Instituut","article_publisher":"https:\/\/www.facebook.com\/VoroInstituut","og_image":[{"width":183,"height":123,"url":"https:\/\/wi.ee\/wp-content\/uploads\/2015\/05\/logo-150507.png","type":"image\/png"}],"twitter_misc":{"Est. reading time":"3 minutit"},"schema":{"@context":"https:\/\/schema.org","@graph":[{"@type":"WebPage","@id":"https:\/\/wi.ee\/et\/mino-voromaa-35\/","url":"https:\/\/wi.ee\/et\/mino-voromaa-35\/","name":"Mino V\u00f5romaa 35 - V\u00f5ru Instituut","isPartOf":{"@id":"https:\/\/wi.ee\/et\/#website"},"datePublished":"2022-10-19T11:37:25+00:00","breadcrumb":{"@id":"https:\/\/wi.ee\/et\/mino-voromaa-35\/#breadcrumb"},"inLanguage":"et","potentialAction":[{"@type":"ReadAction","target":["https:\/\/wi.ee\/et\/mino-voromaa-35\/"]}]},{"@type":"BreadcrumbList","@id":"https:\/\/wi.ee\/et\/mino-voromaa-35\/#breadcrumb","itemListElement":[{"@type":"ListItem","position":1,"name":"Avaleht","item":"https:\/\/wi.ee\/et\/"},{"@type":"ListItem","position":2,"name":"Mino V\u00f5romaa 35"}]},{"@type":"WebSite","@id":"https:\/\/wi.ee\/et\/#website","url":"https:\/\/wi.ee\/et\/","name":"V\u00f5ru Instituut","description":"","publisher":{"@id":"https:\/\/wi.ee\/et\/#organization"},"potentialAction":[{"@type":"SearchAction","target":{"@type":"EntryPoint","urlTemplate":"https:\/\/wi.ee\/et\/?s={search_term_string}"},"query-input":{"@type":"PropertyValueSpecification","valueRequired":true,"valueName":"search_term_string"}}],"inLanguage":"et"},{"@type":"Organization","@id":"https:\/\/wi.ee\/et\/#organization","name":"V\u00f5ru Instituut","url":"https:\/\/wi.ee\/et\/","logo":{"@type":"ImageObject","inLanguage":"et","@id":"https:\/\/wi.ee\/et\/#\/schema\/logo\/image\/","url":"https:\/\/wi.ee\/wp-content\/uploads\/2015\/05\/logo-150507.png","contentUrl":"https:\/\/wi.ee\/wp-content\/uploads\/2015\/05\/logo-150507.png","width":183,"height":123,"caption":"V\u00f5ru Instituut"},"image":{"@id":"https:\/\/wi.ee\/et\/#\/schema\/logo\/image\/"},"sameAs":["https:\/\/www.facebook.com\/VoroInstituut"]}]}},"_links":{"self":[{"href":"https:\/\/wi.ee\/et\/wp-json\/wp\/v2\/pages\/11489","targetHints":{"allow":["GET"]}}],"collection":[{"href":"https:\/\/wi.ee\/et\/wp-json\/wp\/v2\/pages"}],"about":[{"href":"https:\/\/wi.ee\/et\/wp-json\/wp\/v2\/types\/page"}],"author":[{"embeddable":true,"href":"https:\/\/wi.ee\/et\/wp-json\/wp\/v2\/users\/2"}],"replies":[{"embeddable":true,"href":"https:\/\/wi.ee\/et\/wp-json\/wp\/v2\/comments?post=11489"}],"version-history":[{"count":1,"href":"https:\/\/wi.ee\/et\/wp-json\/wp\/v2\/pages\/11489\/revisions"}],"predecessor-version":[{"id":11490,"href":"https:\/\/wi.ee\/et\/wp-json\/wp\/v2\/pages\/11489\/revisions\/11490"}],"wp:attachment":[{"href":"https:\/\/wi.ee\/et\/wp-json\/wp\/v2\/media?parent=11489"}],"curies":[{"name":"wp","href":"https:\/\/api.w.org\/{rel}","templated":true}]}}