{"id":1128,"date":"2016-01-28T14:51:54","date_gmt":"2016-01-28T12:51:54","guid":{"rendered":"https:\/\/wi.ee\/?page_id=1128"},"modified":"2016-01-29T09:37:12","modified_gmt":"2016-01-29T07:37:12","slug":"hindatiidmise-auhinna-statuut","status":"publish","type":"page","link":"https:\/\/wi.ee\/et\/hindatiidmise-auhinna-statuut\/","title":{"rendered":"Hind\u00e4tiidmise auhinna statuut"},"content":{"rendered":"<p><strong>Hind\u00e4tiidmise Avvuhinna statuut<\/strong><\/p>\n<p>Alates 2012. aastast antakse Vana-V\u00f5rumaa lasteaedadele, koolidele ja kultuuriasutustele, -\u00fchingutele ja -seltsidele <strong>Hind\u00e4tiidmise Avvuhinda. <\/strong>Seda teeb V\u00f5ru Instituut koost\u00f6\u00f6s Vana-V\u00f5rumaa maavalitsustega, <strong>eesm\u00e4rgiks hoida v\u00f5rokeseks olemist au sees<\/strong>.<\/p>\n<p>\u00dchel aastal antakse v\u00e4lja kuni kolm auhinda, millega tunnustatakse kas pikaaegset t\u00f6\u00f6d v\u00f5ru keele ja meele edasikestmise heaks v\u00f5i uut head algatust oma keele ja meele ergutamisel.<\/p>\n<p>Auhinna v\u00e4ljaandmisel arvestatakse:<\/p>\n<ul>\n<li>kuidas v\u00f5rokese identiteeti ja enesest lugupidamist v\u00e4lja n\u00e4idatakse;<\/li>\n<li>kuidas v\u00f5rokese identiteet ja enesest lugupidamine v\u00e4ljaspool kodu silma hakkavad;<\/li>\n<li>kuidas v\u00f5rokese identiteeti ja enesest lugupidamist noortele edasi antakse.<\/li>\n<\/ul>\n<p>Auhinnakandidaate v\u00f5ivad esitada nii erisikud kui ka asutused ja organisatsioonid. Auhinna saajaks v\u00f5ib ennast ka ise v\u00e4lja pakkuda. Vormikohane <a href=\"https:\/\/wi.ee\/hindatiidmise-vorm\/\">kirjalik ettepanek <\/a>tuleb saata V\u00f5ru Instituudile aadressil Tartu 48, V\u00f5ru v\u00f5i e-postiga aadressil <a href=\"&#x6d;&#x61;&#105;l&#x74;&#x6f;&#x3a;&#119;i&#x40;&#x77;&#x69;&#46;e&#x65;\">&#119;&#x69;&#64;&#x77;&#105;&#x2e;&#101;&#x65;<\/a> 22. veebruariks.<\/p>\n<p>V\u00f5ru Instituudi direktor kutsub kokku hindamiskomisjoni, kuhu kuuluvad inimesed V\u00f5ru Instituudist, P\u00f5lva ja V\u00f5ru maavalitsusest ja v\u00e4hemalt \u00fcks inimene m\u00f5nest teisest Eesti kultuuriruumist (Setomaalt, Mulgimaalt, Kihnust vm). P\u00e4rast esimese auhinna v\u00e4ljaandmist on j\u00e4rgmises hindamiskomisjonis ka \u00fcks eelmise auhinna saaja esindaja. Taotluste p\u00f5hjal teeb hindamiskomisjon esimese valiku ja otsustab, milliseid kandidaate kohapeale vaatama minna. K\u00fclastuste p\u00f5hjal teeb hindamiskomisjon auhinnasaajate kohta otsuse. Hindamiskomisjoni otsus peab olema koosk\u00f5las selle statuudi ja komisjoni liikmete s\u00fcdametunnistusega. Vajaduse korral antakse v\u00e4lja mitu auhinda v\u00f5i j\u00e4etakse auhind v\u00e4lja andmata.<\/p>\n<p>Auhinnaks on t\u00e4nukiri ja meene, mis iseloomustavad Vana-V\u00f5rumaa ilu v\u00f5i omap\u00e4ra. V\u00f5imaluse korral kuulub auhinna juurde ka sihtotstarbeline rahaline preemia.<\/p>\n<p>Auhinna saaja kuulutatakse v\u00e4lja emakeelep\u00e4eval (14. m\u00e4rts).<\/p>\n<p>Auhinna statuuti, hindamiskomisjoni koosseisu ja auhindamise p\u00f5him\u00f5tteid saab muuta V\u00f5ru Instituudi direktori k\u00e4skkirjaga.<\/p>\n","protected":false},"excerpt":{"rendered":"<p>Hind\u00e4tiidmise Avvuhinna statuut Alates 2012. aastast antakse Vana-V\u00f5rumaa lasteaedadele, koolidele ja kultuuriasutustele, -\u00fchingutele ja -seltsidele Hind\u00e4tiidmise Avvuhinda. Seda teeb V\u00f5ru Instituut koost\u00f6\u00f6s Vana-V\u00f5rumaa maavalitsustega, eesm\u00e4rgiks hoida v\u00f5rokeseks olemist au sees. \u00dchel aastal antakse v\u00e4lja kuni kolm auhinda, millega tunnustatakse kas pikaaegset t\u00f6\u00f6d v\u00f5ru keele ja meele edasikestmise heaks v\u00f5i uut head algatust oma keele ja [&hellip;]<\/p>\n","protected":false},"author":2,"featured_media":0,"parent":0,"menu_order":0,"comment_status":"closed","ping_status":"closed","template":"","meta":{"_acf_changed":false,"footnotes":""},"class_list":["post-1128","page","type-page","status-publish","hentry"],"acf":[],"yoast_head":"<!-- This site is optimized with the Yoast SEO plugin v27.3 - https:\/\/yoast.com\/product\/yoast-seo-wordpress\/ -->\n<title>Hind\u00e4tiidmise auhinna statuut - V\u00f5ru Instituut<\/title>\n<meta name=\"robots\" content=\"index, follow, max-snippet:-1, max-image-preview:large, max-video-preview:-1\" \/>\n<link rel=\"canonical\" href=\"https:\/\/wi.ee\/et\/hindatiidmise-auhinna-statuut\/\" \/>\n<meta property=\"og:locale\" content=\"et_EE\" \/>\n<meta property=\"og:type\" content=\"article\" \/>\n<meta property=\"og:title\" content=\"Hind\u00e4tiidmise auhinna statuut - V\u00f5ru Instituut\" \/>\n<meta property=\"og:description\" content=\"Hind\u00e4tiidmise Avvuhinna statuut Alates 2012. aastast antakse Vana-V\u00f5rumaa lasteaedadele, koolidele ja kultuuriasutustele, -\u00fchingutele ja -seltsidele Hind\u00e4tiidmise Avvuhinda. Seda teeb V\u00f5ru Instituut koost\u00f6\u00f6s Vana-V\u00f5rumaa maavalitsustega, eesm\u00e4rgiks hoida v\u00f5rokeseks olemist au sees. \u00dchel aastal antakse v\u00e4lja kuni kolm auhinda, millega tunnustatakse kas pikaaegset t\u00f6\u00f6d v\u00f5ru keele ja meele edasikestmise heaks v\u00f5i uut head algatust oma keele ja [&hellip;]\" \/>\n<meta property=\"og:url\" content=\"https:\/\/wi.ee\/et\/hindatiidmise-auhinna-statuut\/\" \/>\n<meta property=\"og:site_name\" content=\"V\u00f5ru Instituut\" \/>\n<meta property=\"article:publisher\" content=\"https:\/\/www.facebook.com\/VoroInstituut\" \/>\n<meta property=\"article:modified_time\" content=\"2016-01-29T07:37:12+00:00\" \/>\n<meta property=\"og:image\" content=\"https:\/\/wi.ee\/wp-content\/uploads\/2015\/05\/logo-150507.png\" \/>\n\t<meta property=\"og:image:width\" content=\"183\" \/>\n\t<meta property=\"og:image:height\" content=\"123\" \/>\n\t<meta property=\"og:image:type\" content=\"image\/png\" \/>\n<meta name=\"twitter:label1\" content=\"Est. reading time\" \/>\n\t<meta name=\"twitter:data1\" content=\"1 minut\" \/>\n<script type=\"application\/ld+json\" class=\"yoast-schema-graph\">{\"@context\":\"https:\\\/\\\/schema.org\",\"@graph\":[{\"@type\":\"WebPage\",\"@id\":\"https:\\\/\\\/wi.ee\\\/et\\\/hindatiidmise-auhinna-statuut\\\/\",\"url\":\"https:\\\/\\\/wi.ee\\\/et\\\/hindatiidmise-auhinna-statuut\\\/\",\"name\":\"Hind\u00e4tiidmise auhinna statuut - V\u00f5ru Instituut\",\"isPartOf\":{\"@id\":\"https:\\\/\\\/wi.ee\\\/et\\\/#website\"},\"datePublished\":\"2016-01-28T12:51:54+00:00\",\"dateModified\":\"2016-01-29T07:37:12+00:00\",\"breadcrumb\":{\"@id\":\"https:\\\/\\\/wi.ee\\\/et\\\/hindatiidmise-auhinna-statuut\\\/#breadcrumb\"},\"inLanguage\":\"et\",\"potentialAction\":[{\"@type\":\"ReadAction\",\"target\":[\"https:\\\/\\\/wi.ee\\\/et\\\/hindatiidmise-auhinna-statuut\\\/\"]}]},{\"@type\":\"BreadcrumbList\",\"@id\":\"https:\\\/\\\/wi.ee\\\/et\\\/hindatiidmise-auhinna-statuut\\\/#breadcrumb\",\"itemListElement\":[{\"@type\":\"ListItem\",\"position\":1,\"name\":\"Avaleht\",\"item\":\"https:\\\/\\\/wi.ee\\\/et\\\/\"},{\"@type\":\"ListItem\",\"position\":2,\"name\":\"Hind\u00e4tiidmise auhinna statuut\"}]},{\"@type\":\"WebSite\",\"@id\":\"https:\\\/\\\/wi.ee\\\/et\\\/#website\",\"url\":\"https:\\\/\\\/wi.ee\\\/et\\\/\",\"name\":\"V\u00f5ru Instituut\",\"description\":\"\",\"publisher\":{\"@id\":\"https:\\\/\\\/wi.ee\\\/et\\\/#organization\"},\"potentialAction\":[{\"@type\":\"SearchAction\",\"target\":{\"@type\":\"EntryPoint\",\"urlTemplate\":\"https:\\\/\\\/wi.ee\\\/et\\\/?s={search_term_string}\"},\"query-input\":{\"@type\":\"PropertyValueSpecification\",\"valueRequired\":true,\"valueName\":\"search_term_string\"}}],\"inLanguage\":\"et\"},{\"@type\":\"Organization\",\"@id\":\"https:\\\/\\\/wi.ee\\\/et\\\/#organization\",\"name\":\"V\u00f5ru Instituut\",\"url\":\"https:\\\/\\\/wi.ee\\\/et\\\/\",\"logo\":{\"@type\":\"ImageObject\",\"inLanguage\":\"et\",\"@id\":\"https:\\\/\\\/wi.ee\\\/et\\\/#\\\/schema\\\/logo\\\/image\\\/\",\"url\":\"https:\\\/\\\/wi.ee\\\/wp-content\\\/uploads\\\/2015\\\/05\\\/logo-150507.png\",\"contentUrl\":\"https:\\\/\\\/wi.ee\\\/wp-content\\\/uploads\\\/2015\\\/05\\\/logo-150507.png\",\"width\":183,\"height\":123,\"caption\":\"V\u00f5ru Instituut\"},\"image\":{\"@id\":\"https:\\\/\\\/wi.ee\\\/et\\\/#\\\/schema\\\/logo\\\/image\\\/\"},\"sameAs\":[\"https:\\\/\\\/www.facebook.com\\\/VoroInstituut\"]}]}<\/script>\n<!-- \/ Yoast SEO plugin. -->","yoast_head_json":{"title":"Hind\u00e4tiidmise auhinna statuut - V\u00f5ru Instituut","robots":{"index":"index","follow":"follow","max-snippet":"max-snippet:-1","max-image-preview":"max-image-preview:large","max-video-preview":"max-video-preview:-1"},"canonical":"https:\/\/wi.ee\/et\/hindatiidmise-auhinna-statuut\/","og_locale":"et_EE","og_type":"article","og_title":"Hind\u00e4tiidmise auhinna statuut - V\u00f5ru Instituut","og_description":"Hind\u00e4tiidmise Avvuhinna statuut Alates 2012. aastast antakse Vana-V\u00f5rumaa lasteaedadele, koolidele ja kultuuriasutustele, -\u00fchingutele ja -seltsidele Hind\u00e4tiidmise Avvuhinda. Seda teeb V\u00f5ru Instituut koost\u00f6\u00f6s Vana-V\u00f5rumaa maavalitsustega, eesm\u00e4rgiks hoida v\u00f5rokeseks olemist au sees. \u00dchel aastal antakse v\u00e4lja kuni kolm auhinda, millega tunnustatakse kas pikaaegset t\u00f6\u00f6d v\u00f5ru keele ja meele edasikestmise heaks v\u00f5i uut head algatust oma keele ja [&hellip;]","og_url":"https:\/\/wi.ee\/et\/hindatiidmise-auhinna-statuut\/","og_site_name":"V\u00f5ru Instituut","article_publisher":"https:\/\/www.facebook.com\/VoroInstituut","article_modified_time":"2016-01-29T07:37:12+00:00","og_image":[{"width":183,"height":123,"url":"https:\/\/wi.ee\/wp-content\/uploads\/2015\/05\/logo-150507.png","type":"image\/png"}],"twitter_misc":{"Est. reading time":"1 minut"},"schema":{"@context":"https:\/\/schema.org","@graph":[{"@type":"WebPage","@id":"https:\/\/wi.ee\/et\/hindatiidmise-auhinna-statuut\/","url":"https:\/\/wi.ee\/et\/hindatiidmise-auhinna-statuut\/","name":"Hind\u00e4tiidmise auhinna statuut - V\u00f5ru Instituut","isPartOf":{"@id":"https:\/\/wi.ee\/et\/#website"},"datePublished":"2016-01-28T12:51:54+00:00","dateModified":"2016-01-29T07:37:12+00:00","breadcrumb":{"@id":"https:\/\/wi.ee\/et\/hindatiidmise-auhinna-statuut\/#breadcrumb"},"inLanguage":"et","potentialAction":[{"@type":"ReadAction","target":["https:\/\/wi.ee\/et\/hindatiidmise-auhinna-statuut\/"]}]},{"@type":"BreadcrumbList","@id":"https:\/\/wi.ee\/et\/hindatiidmise-auhinna-statuut\/#breadcrumb","itemListElement":[{"@type":"ListItem","position":1,"name":"Avaleht","item":"https:\/\/wi.ee\/et\/"},{"@type":"ListItem","position":2,"name":"Hind\u00e4tiidmise auhinna statuut"}]},{"@type":"WebSite","@id":"https:\/\/wi.ee\/et\/#website","url":"https:\/\/wi.ee\/et\/","name":"V\u00f5ru Instituut","description":"","publisher":{"@id":"https:\/\/wi.ee\/et\/#organization"},"potentialAction":[{"@type":"SearchAction","target":{"@type":"EntryPoint","urlTemplate":"https:\/\/wi.ee\/et\/?s={search_term_string}"},"query-input":{"@type":"PropertyValueSpecification","valueRequired":true,"valueName":"search_term_string"}}],"inLanguage":"et"},{"@type":"Organization","@id":"https:\/\/wi.ee\/et\/#organization","name":"V\u00f5ru Instituut","url":"https:\/\/wi.ee\/et\/","logo":{"@type":"ImageObject","inLanguage":"et","@id":"https:\/\/wi.ee\/et\/#\/schema\/logo\/image\/","url":"https:\/\/wi.ee\/wp-content\/uploads\/2015\/05\/logo-150507.png","contentUrl":"https:\/\/wi.ee\/wp-content\/uploads\/2015\/05\/logo-150507.png","width":183,"height":123,"caption":"V\u00f5ru Instituut"},"image":{"@id":"https:\/\/wi.ee\/et\/#\/schema\/logo\/image\/"},"sameAs":["https:\/\/www.facebook.com\/VoroInstituut"]}]}},"_links":{"self":[{"href":"https:\/\/wi.ee\/et\/wp-json\/wp\/v2\/pages\/1128","targetHints":{"allow":["GET"]}}],"collection":[{"href":"https:\/\/wi.ee\/et\/wp-json\/wp\/v2\/pages"}],"about":[{"href":"https:\/\/wi.ee\/et\/wp-json\/wp\/v2\/types\/page"}],"author":[{"embeddable":true,"href":"https:\/\/wi.ee\/et\/wp-json\/wp\/v2\/users\/2"}],"replies":[{"embeddable":true,"href":"https:\/\/wi.ee\/et\/wp-json\/wp\/v2\/comments?post=1128"}],"version-history":[{"count":2,"href":"https:\/\/wi.ee\/et\/wp-json\/wp\/v2\/pages\/1128\/revisions"}],"predecessor-version":[{"id":1150,"href":"https:\/\/wi.ee\/et\/wp-json\/wp\/v2\/pages\/1128\/revisions\/1150"}],"wp:attachment":[{"href":"https:\/\/wi.ee\/et\/wp-json\/wp\/v2\/media?parent=1128"}],"curies":[{"name":"wp","href":"https:\/\/api.w.org\/{rel}","templated":true}]}}