{"id":1061,"date":"2016-01-11T12:18:46","date_gmt":"2016-01-11T10:18:46","guid":{"rendered":"https:\/\/wi.ee\/?page_id=1061"},"modified":"2017-03-15T16:06:19","modified_gmt":"2017-03-15T14:06:19","slug":"konverentsid","status":"publish","type":"page","link":"https:\/\/wi.ee\/et\/konverentsid\/","title":{"rendered":"Konverentsid"},"content":{"rendered":"<h3>L\u00e4\u00e4nemeresoome konverentsid<\/h3>\n<p>Rahvusvahelise <strong>l\u00e4\u00e4nemeresoome konverentside<\/strong> sarja moodustavad iga-aastased interdistsiplinaarsed konverentsid, mida V\u00f5ru Instituut on koos Tartu \u00dclikooli ja teiste partneritega korraldanud juba 1996. aastast. Konverentsid k\u00e4sitlevad l\u00e4\u00e4nemeresoome keeli, ajalugu, kultuuri, \u00fchiskondlikke muutusi jm.<\/p>\n<p>Konverentsi tuntakse kui \u00fcht l\u00e4\u00e4nemeresoome ala foorumi aasta olulisemat s\u00fcndmust, mis toob kokku eri riikide ja eri alade teadlased. Konverentsidelt alguse saanud v\u00e4ikeste keelte ja murrete revitaliseerimise koost\u00f6\u00f6 aitab sellel alal tegutsejaid, andes uusi ideid, eeskujusid, n\u00e4iteid probleemide lahendustest.<\/p>\n<p>2016. aasta oktoobris toimus V\u00f5rus kultuurikeskuses &#8220;Kannel&#8221; \u00a0kahek\u00fcmnes konverents.<\/p>\n<h3><strong><a href=\"https:\/\/wi.ee\/wp-content\/uploads\/2016\/03\/Kylli-poster-Vaike.pdf\" target=\"_blank\">\u00dclevaade 20 aastat l\u00e4\u00e4nemeresoome konverentse<\/a>.\u00a0<\/strong><\/h3>\n","protected":false},"excerpt":{"rendered":"<p>L\u00e4\u00e4nemeresoome konverentsid Rahvusvahelise l\u00e4\u00e4nemeresoome konverentside sarja moodustavad iga-aastased interdistsiplinaarsed konverentsid, mida V\u00f5ru Instituut on koos Tartu \u00dclikooli ja teiste partneritega korraldanud juba 1996. aastast. Konverentsid k\u00e4sitlevad l\u00e4\u00e4nemeresoome keeli, ajalugu, kultuuri, \u00fchiskondlikke muutusi jm. Konverentsi tuntakse kui \u00fcht l\u00e4\u00e4nemeresoome ala foorumi aasta olulisemat s\u00fcndmust, mis toob kokku eri riikide ja eri alade teadlased. Konverentsidelt alguse saanud [&hellip;]<\/p>\n","protected":false},"author":1,"featured_media":0,"parent":0,"menu_order":0,"comment_status":"closed","ping_status":"closed","template":"","meta":{"_acf_changed":false,"footnotes":""},"class_list":["post-1061","page","type-page","status-publish","hentry"],"acf":[],"yoast_head":"<!-- This site is optimized with the Yoast SEO plugin v27.3 - https:\/\/yoast.com\/product\/yoast-seo-wordpress\/ -->\n<title>Konverentsid - V\u00f5ru Instituut<\/title>\n<meta name=\"description\" content=\"Rahvusvaheline l\u00e4\u00e4nemeresoome konverentside sari, mida korraldab V\u00f5ru Instituut koos Tartu \u00dclikooli ja teiste partneritega. Konverentsid k\u00e4sitlevad l\u00e4\u00e4nemeresoome keeli, ajalugu, kultuuri, \u00fchiskondlikke muutusi.\" \/>\n<meta name=\"robots\" content=\"index, follow, max-snippet:-1, max-image-preview:large, max-video-preview:-1\" \/>\n<link rel=\"canonical\" href=\"https:\/\/wi.ee\/et\/konverentsid\/\" \/>\n<meta property=\"og:locale\" content=\"et_EE\" \/>\n<meta property=\"og:type\" content=\"article\" \/>\n<meta property=\"og:title\" content=\"Konverentsid - V\u00f5ru Instituut\" \/>\n<meta property=\"og:description\" content=\"Rahvusvaheline l\u00e4\u00e4nemeresoome konverentside sari, mida korraldab V\u00f5ru Instituut koos Tartu \u00dclikooli ja teiste partneritega. Konverentsid k\u00e4sitlevad l\u00e4\u00e4nemeresoome keeli, ajalugu, kultuuri, \u00fchiskondlikke muutusi.\" \/>\n<meta property=\"og:url\" content=\"https:\/\/wi.ee\/et\/konverentsid\/\" \/>\n<meta property=\"og:site_name\" content=\"V\u00f5ru Instituut\" \/>\n<meta property=\"article:publisher\" content=\"https:\/\/www.facebook.com\/VoroInstituut\" \/>\n<meta property=\"article:modified_time\" content=\"2017-03-15T14:06:19+00:00\" \/>\n<meta property=\"og:image\" content=\"https:\/\/wi.ee\/wp-content\/uploads\/2015\/05\/logo-150507.png\" \/>\n\t<meta property=\"og:image:width\" content=\"183\" \/>\n\t<meta property=\"og:image:height\" content=\"123\" \/>\n\t<meta property=\"og:image:type\" content=\"image\/png\" \/>\n<script type=\"application\/ld+json\" class=\"yoast-schema-graph\">{\"@context\":\"https:\\\/\\\/schema.org\",\"@graph\":[{\"@type\":\"WebPage\",\"@id\":\"https:\\\/\\\/wi.ee\\\/et\\\/konverentsid\\\/\",\"url\":\"https:\\\/\\\/wi.ee\\\/et\\\/konverentsid\\\/\",\"name\":\"Konverentsid - V\u00f5ru Instituut\",\"isPartOf\":{\"@id\":\"https:\\\/\\\/wi.ee\\\/et\\\/#website\"},\"datePublished\":\"2016-01-11T10:18:46+00:00\",\"dateModified\":\"2017-03-15T14:06:19+00:00\",\"description\":\"Rahvusvaheline l\u00e4\u00e4nemeresoome konverentside sari, mida korraldab V\u00f5ru Instituut koos Tartu \u00dclikooli ja teiste partneritega. Konverentsid k\u00e4sitlevad l\u00e4\u00e4nemeresoome keeli, ajalugu, kultuuri, \u00fchiskondlikke muutusi.\",\"breadcrumb\":{\"@id\":\"https:\\\/\\\/wi.ee\\\/et\\\/konverentsid\\\/#breadcrumb\"},\"inLanguage\":\"et\",\"potentialAction\":[{\"@type\":\"ReadAction\",\"target\":[\"https:\\\/\\\/wi.ee\\\/et\\\/konverentsid\\\/\"]}]},{\"@type\":\"BreadcrumbList\",\"@id\":\"https:\\\/\\\/wi.ee\\\/et\\\/konverentsid\\\/#breadcrumb\",\"itemListElement\":[{\"@type\":\"ListItem\",\"position\":1,\"name\":\"Avaleht\",\"item\":\"https:\\\/\\\/wi.ee\\\/et\\\/\"},{\"@type\":\"ListItem\",\"position\":2,\"name\":\"Konverentsid\"}]},{\"@type\":\"WebSite\",\"@id\":\"https:\\\/\\\/wi.ee\\\/et\\\/#website\",\"url\":\"https:\\\/\\\/wi.ee\\\/et\\\/\",\"name\":\"V\u00f5ru Instituut\",\"description\":\"\",\"publisher\":{\"@id\":\"https:\\\/\\\/wi.ee\\\/et\\\/#organization\"},\"potentialAction\":[{\"@type\":\"SearchAction\",\"target\":{\"@type\":\"EntryPoint\",\"urlTemplate\":\"https:\\\/\\\/wi.ee\\\/et\\\/?s={search_term_string}\"},\"query-input\":{\"@type\":\"PropertyValueSpecification\",\"valueRequired\":true,\"valueName\":\"search_term_string\"}}],\"inLanguage\":\"et\"},{\"@type\":\"Organization\",\"@id\":\"https:\\\/\\\/wi.ee\\\/et\\\/#organization\",\"name\":\"V\u00f5ru Instituut\",\"url\":\"https:\\\/\\\/wi.ee\\\/et\\\/\",\"logo\":{\"@type\":\"ImageObject\",\"inLanguage\":\"et\",\"@id\":\"https:\\\/\\\/wi.ee\\\/et\\\/#\\\/schema\\\/logo\\\/image\\\/\",\"url\":\"https:\\\/\\\/wi.ee\\\/wp-content\\\/uploads\\\/2015\\\/05\\\/logo-150507.png\",\"contentUrl\":\"https:\\\/\\\/wi.ee\\\/wp-content\\\/uploads\\\/2015\\\/05\\\/logo-150507.png\",\"width\":183,\"height\":123,\"caption\":\"V\u00f5ru Instituut\"},\"image\":{\"@id\":\"https:\\\/\\\/wi.ee\\\/et\\\/#\\\/schema\\\/logo\\\/image\\\/\"},\"sameAs\":[\"https:\\\/\\\/www.facebook.com\\\/VoroInstituut\"]}]}<\/script>\n<!-- \/ Yoast SEO plugin. -->","yoast_head_json":{"title":"Konverentsid - V\u00f5ru Instituut","description":"Rahvusvaheline l\u00e4\u00e4nemeresoome konverentside sari, mida korraldab V\u00f5ru Instituut koos Tartu \u00dclikooli ja teiste partneritega. Konverentsid k\u00e4sitlevad l\u00e4\u00e4nemeresoome keeli, ajalugu, kultuuri, \u00fchiskondlikke muutusi.","robots":{"index":"index","follow":"follow","max-snippet":"max-snippet:-1","max-image-preview":"max-image-preview:large","max-video-preview":"max-video-preview:-1"},"canonical":"https:\/\/wi.ee\/et\/konverentsid\/","og_locale":"et_EE","og_type":"article","og_title":"Konverentsid - V\u00f5ru Instituut","og_description":"Rahvusvaheline l\u00e4\u00e4nemeresoome konverentside sari, mida korraldab V\u00f5ru Instituut koos Tartu \u00dclikooli ja teiste partneritega. Konverentsid k\u00e4sitlevad l\u00e4\u00e4nemeresoome keeli, ajalugu, kultuuri, \u00fchiskondlikke muutusi.","og_url":"https:\/\/wi.ee\/et\/konverentsid\/","og_site_name":"V\u00f5ru Instituut","article_publisher":"https:\/\/www.facebook.com\/VoroInstituut","article_modified_time":"2017-03-15T14:06:19+00:00","og_image":[{"width":183,"height":123,"url":"https:\/\/wi.ee\/wp-content\/uploads\/2015\/05\/logo-150507.png","type":"image\/png"}],"schema":{"@context":"https:\/\/schema.org","@graph":[{"@type":"WebPage","@id":"https:\/\/wi.ee\/et\/konverentsid\/","url":"https:\/\/wi.ee\/et\/konverentsid\/","name":"Konverentsid - V\u00f5ru Instituut","isPartOf":{"@id":"https:\/\/wi.ee\/et\/#website"},"datePublished":"2016-01-11T10:18:46+00:00","dateModified":"2017-03-15T14:06:19+00:00","description":"Rahvusvaheline l\u00e4\u00e4nemeresoome konverentside sari, mida korraldab V\u00f5ru Instituut koos Tartu \u00dclikooli ja teiste partneritega. Konverentsid k\u00e4sitlevad l\u00e4\u00e4nemeresoome keeli, ajalugu, kultuuri, \u00fchiskondlikke muutusi.","breadcrumb":{"@id":"https:\/\/wi.ee\/et\/konverentsid\/#breadcrumb"},"inLanguage":"et","potentialAction":[{"@type":"ReadAction","target":["https:\/\/wi.ee\/et\/konverentsid\/"]}]},{"@type":"BreadcrumbList","@id":"https:\/\/wi.ee\/et\/konverentsid\/#breadcrumb","itemListElement":[{"@type":"ListItem","position":1,"name":"Avaleht","item":"https:\/\/wi.ee\/et\/"},{"@type":"ListItem","position":2,"name":"Konverentsid"}]},{"@type":"WebSite","@id":"https:\/\/wi.ee\/et\/#website","url":"https:\/\/wi.ee\/et\/","name":"V\u00f5ru Instituut","description":"","publisher":{"@id":"https:\/\/wi.ee\/et\/#organization"},"potentialAction":[{"@type":"SearchAction","target":{"@type":"EntryPoint","urlTemplate":"https:\/\/wi.ee\/et\/?s={search_term_string}"},"query-input":{"@type":"PropertyValueSpecification","valueRequired":true,"valueName":"search_term_string"}}],"inLanguage":"et"},{"@type":"Organization","@id":"https:\/\/wi.ee\/et\/#organization","name":"V\u00f5ru Instituut","url":"https:\/\/wi.ee\/et\/","logo":{"@type":"ImageObject","inLanguage":"et","@id":"https:\/\/wi.ee\/et\/#\/schema\/logo\/image\/","url":"https:\/\/wi.ee\/wp-content\/uploads\/2015\/05\/logo-150507.png","contentUrl":"https:\/\/wi.ee\/wp-content\/uploads\/2015\/05\/logo-150507.png","width":183,"height":123,"caption":"V\u00f5ru Instituut"},"image":{"@id":"https:\/\/wi.ee\/et\/#\/schema\/logo\/image\/"},"sameAs":["https:\/\/www.facebook.com\/VoroInstituut"]}]}},"_links":{"self":[{"href":"https:\/\/wi.ee\/et\/wp-json\/wp\/v2\/pages\/1061","targetHints":{"allow":["GET"]}}],"collection":[{"href":"https:\/\/wi.ee\/et\/wp-json\/wp\/v2\/pages"}],"about":[{"href":"https:\/\/wi.ee\/et\/wp-json\/wp\/v2\/types\/page"}],"author":[{"embeddable":true,"href":"https:\/\/wi.ee\/et\/wp-json\/wp\/v2\/users\/1"}],"replies":[{"embeddable":true,"href":"https:\/\/wi.ee\/et\/wp-json\/wp\/v2\/comments?post=1061"}],"version-history":[{"count":7,"href":"https:\/\/wi.ee\/et\/wp-json\/wp\/v2\/pages\/1061\/revisions"}],"predecessor-version":[{"id":2427,"href":"https:\/\/wi.ee\/et\/wp-json\/wp\/v2\/pages\/1061\/revisions\/2427"}],"wp:attachment":[{"href":"https:\/\/wi.ee\/et\/wp-json\/wp\/v2\/media?parent=1061"}],"curies":[{"name":"wp","href":"https:\/\/api.w.org\/{rel}","templated":true}]}}