{"id":10590,"date":"2022-01-11T15:49:25","date_gmt":"2022-01-11T13:49:25","guid":{"rendered":"https:\/\/wi.ee\/?page_id=10590"},"modified":"2025-02-13T15:12:03","modified_gmt":"2025-02-13T13:12:03","slug":"rahvaroivaste-noukoda","status":"publish","type":"page","link":"https:\/\/wi.ee\/et\/muuseumid\/rahvaroivaste-noukoda\/","title":{"rendered":"Rahvar\u00f5ivaste n\u00f5ukoda"},"content":{"rendered":"<h3><span style=\"color: #800000;\"><strong>Vana-V\u00f5romaa rahvar\u00f5ivaste n\u00f5ukoda<img loading=\"lazy\" decoding=\"async\" class=\"size-medium wp-image-16382 alignright\" src=\"https:\/\/wi.ee\/wp-content\/uploads\/2025\/02\/noukoda_vanad_2023_ai-300x225.jpg\" alt=\"\" width=\"300\" height=\"225\" srcset=\"https:\/\/wi.ee\/wp-content\/uploads\/2025\/02\/noukoda_vanad_2023_ai-300x225.jpg 300w, https:\/\/wi.ee\/wp-content\/uploads\/2025\/02\/noukoda_vanad_2023_ai-1024x768.jpg 1024w, https:\/\/wi.ee\/wp-content\/uploads\/2025\/02\/noukoda_vanad_2023_ai-768x576.jpg 768w, https:\/\/wi.ee\/wp-content\/uploads\/2025\/02\/noukoda_vanad_2023_ai-1536x1152.jpg 1536w, https:\/\/wi.ee\/wp-content\/uploads\/2025\/02\/noukoda_vanad_2023_ai.jpg 1920w\" sizes=\"auto, (max-width: 300px) 100vw, 300px\" \/> <\/strong><\/span><\/h3>\n<p>Vana-V\u00f5romaa rahvar\u00f5ivaid tutvustav v\u00e4ljapanek ning n\u00f5uandekoda ehk <em>v\u00f5rok\u00f5isi rahvar\u00f5ivatar\u00f5<\/em> asub V\u00f5ru linnas Vana-V\u00f5romaa Kultuurikojas (Katariina allee 11).<\/p>\n<p>Rahvar\u00f5ivatare on avatud kolmap\u00e4evast p\u00fchap\u00e4evani kell 10 \u2013 18 (riiklikel p\u00fchadel suletud).<\/p>\n<p>N\u00f5ustamiseks palume aja eelnevalt kokku leppida:<\/p>\n<p>Vilve Oja, n\u00f5ustaja, \u00a0tel 554 1999, e-post: <a href=\"&#x6d;&#97;i&#x6c;&#x74;&#111;:&#x76;&#x69;&#108;v&#x65;&#46;o&#x6a;&#x61;&#64;g&#x6d;&#x61;&#105;l&#x2e;&#99;&#111;&#x6d;\">vi&#108;&#118;&#101;&#x2e;&#x6f;&#x6a;&#x61;&#x40;gm&#97;&#105;&#108;&#x2e;&#x63;&#x6f;&#x6d;<\/a><\/p>\n<p>&nbsp;<\/p>\n<h3><span style=\"color: #800000;\"><img loading=\"lazy\" decoding=\"async\" class=\"size-medium wp-image-16385 alignleft\" src=\"https:\/\/wi.ee\/wp-content\/uploads\/2025\/02\/vaade_noukoda_2023_v_ai-300x225.jpg\" alt=\"\" width=\"300\" height=\"225\" srcset=\"https:\/\/wi.ee\/wp-content\/uploads\/2025\/02\/vaade_noukoda_2023_v_ai-300x225.jpg 300w, https:\/\/wi.ee\/wp-content\/uploads\/2025\/02\/vaade_noukoda_2023_v_ai-1024x768.jpg 1024w, https:\/\/wi.ee\/wp-content\/uploads\/2025\/02\/vaade_noukoda_2023_v_ai-768x576.jpg 768w, https:\/\/wi.ee\/wp-content\/uploads\/2025\/02\/vaade_noukoda_2023_v_ai-1536x1152.jpg 1536w, https:\/\/wi.ee\/wp-content\/uploads\/2025\/02\/vaade_noukoda_2023_v_ai.jpg 1920w\" sizes=\"auto, (max-width: 300px) 100vw, 300px\" \/><\/span><\/h3>\n<p>Rahvar\u00f5ivatares kohtate tegelasi 19. sajandi teisest poolest \u2013 teid tervitavad Katri ja Jakap R\u00f5uge kihelkonna pidulikes rahvar\u00f5ivastes.<\/p>\n<p>\u00dclevaate piirkonna rahvar\u00f5ivastest saate infostendilt ning Vana-V\u00f5romaa kihelkondade kaardilt. Vitriinides on n\u00e4ha valikut ehetest, v\u00f6\u00f6dest ja kirikinnastest.<\/p>\n<p>Kuidas Katri ja Jakap r\u00f5ivaid selga panevad ja mida on seejuures oluline teada, saab n\u00e4ha 20 min pikkuselt videofilmilt.<\/p>\n<p>Film <em>v\u00f5ro keelen<\/em>: <strong><a href=\"https:\/\/youtu.be\/i5tKKPevSB0\" target=\"_blank\" rel=\"noopener\">https:\/\/youtu.be\/i5tKKPevSB0<\/a><\/strong><\/p>\n<p>Film eesti keeles: <strong><a href=\"https:\/\/youtu.be\/Z9egxgPnn_k\" target=\"_blank\" rel=\"noopener\">https:\/\/youtu.be\/Z9egxgPnn_k<\/a><\/strong><\/p>\n<p>Film inglise keeles: <a href=\"https:\/\/youtu.be\/m7RBfSuZTt4\" target=\"_blank\" rel=\"noopener\"><strong>https:\/\/youtu.be\/m7RBfSuZTt4<\/strong><\/a><\/p>\n<p>&nbsp;<\/p>\n<p>&nbsp;<\/p>\n<h3><strong><span style=\"color: #800000;\">Rahvar\u00f5ivam\u00e4ng \u201eOtsi ja l\u00f6vv\u00e4!\u201c <img loading=\"lazy\" decoding=\"async\" class=\"size-medium wp-image-10876 alignright\" src=\"https:\/\/wi.ee\/wp-content\/uploads\/2022\/03\/kysimuse_kaardid_mang_v-225x300.jpg\" alt=\"\" width=\"225\" height=\"300\" srcset=\"https:\/\/wi.ee\/wp-content\/uploads\/2022\/03\/kysimuse_kaardid_mang_v-225x300.jpg 225w, https:\/\/wi.ee\/wp-content\/uploads\/2022\/03\/kysimuse_kaardid_mang_v-768x1024.jpg 768w, https:\/\/wi.ee\/wp-content\/uploads\/2022\/03\/kysimuse_kaardid_mang_v-1152x1536.jpg 1152w, https:\/\/wi.ee\/wp-content\/uploads\/2022\/03\/kysimuse_kaardid_mang_v.jpg 1488w\" sizes=\"auto, (max-width: 225px) 100vw, 225px\" \/> <img loading=\"lazy\" decoding=\"async\" class=\"size-medium wp-image-10879 alignright\" src=\"https:\/\/wi.ee\/wp-content\/uploads\/2022\/03\/vastuse_kaardid_mang_v-225x300.jpg\" alt=\"\" width=\"225\" height=\"300\" srcset=\"https:\/\/wi.ee\/wp-content\/uploads\/2022\/03\/vastuse_kaardid_mang_v-225x300.jpg 225w, https:\/\/wi.ee\/wp-content\/uploads\/2022\/03\/vastuse_kaardid_mang_v-768x1024.jpg 768w, https:\/\/wi.ee\/wp-content\/uploads\/2022\/03\/vastuse_kaardid_mang_v-1152x1536.jpg 1152w, https:\/\/wi.ee\/wp-content\/uploads\/2022\/03\/vastuse_kaardid_mang_v.jpg 1488w\" sizes=\"auto, (max-width: 225px) 100vw, 225px\" \/><\/span><\/strong><\/h3>\n<p>Rahvar\u00f5ivaste v\u00e4ljapanekul p\u00f5hineva m\u00e4ngu piltk\u00fcsimused ja vastused tutvustavad r\u00f5ivaid ning nende tegemise ja kandmisega seotud kombeid.<\/p>\n<p>M\u00e4ng \u201eOtsi ja l\u00f6vv\u00e4!\u201c koosneb viiek\u00fcmne kahest k\u00fcsimuse- ja vastusekaardist. K\u00fcsimusekaardil on ese v\u00f5i osake esemest, mis tuleb pildi v\u00f5i v\u00f5rukeelse nimetuse j\u00e4rgi rahvar\u00f5ivatoast \u00fcles otsida. \u00dclesleitud eseme lugu on kirjas vastusekaardil, \u00f5ige vastuse leiab kaardilt pisipildi v\u00f5i r\u00f5ivaeseme eestikeelse nimetuse j\u00e4rgi.<\/p>\n<p>M\u00e4ngida v\u00f5ivad k\u00f5ik, kellele rahvar\u00f5ivad huvi pakuvad. M\u00e4ng on hea sissejuhatus poolteise sajandi tagusesse maarahva r\u00f5ivamoe maailma.<\/p>\n<p>Vaata ka l\u00fchikest filmi m\u00e4ngust: <strong><a href=\"https:\/\/www.youtube.com\/watch?v=I-e87_JuKs0\" target=\"_blank\" rel=\"noopener\">https:\/\/www.youtube.com\/watch?v=I-e87_JuKs0<\/a><\/strong><\/p>\n<p>Film v\u00f5ru keeles: <strong><a href=\"https:\/\/www.youtube.com\/watch?v=GoCOVUTbl9Y\" target=\"_blank\" rel=\"noopener\">https:\/\/www.youtube.com\/watch?v=GoCOVUTbl9Y<\/a><\/strong><\/p>\n<h3><a href=\"https:\/\/wi.ee\/viktoriin\/vana-voromaa-rahvaroiva\/\" target=\"_blank\" rel=\"noopener\"><span style=\"color: #008000;\"><strong>RAHVARIIETE\u00a0 TEEMALINE\u00a0 VIKTORIIN<\/strong><\/span><\/a><\/h3>\n<h3><span style=\"color: #800000;\"><strong>N\u00f5ustamine<img loading=\"lazy\" decoding=\"async\" class=\" wp-image-10584 alignright\" src=\"https:\/\/wi.ee\/wp-content\/uploads\/2022\/01\/3_novvukoja-sain_yldavaade_2021-nov-300x225.jpg\" alt=\"\" width=\"367\" height=\"275\" srcset=\"https:\/\/wi.ee\/wp-content\/uploads\/2022\/01\/3_novvukoja-sain_yldavaade_2021-nov-300x225.jpg 300w, https:\/\/wi.ee\/wp-content\/uploads\/2022\/01\/3_novvukoja-sain_yldavaade_2021-nov-1024x768.jpg 1024w, https:\/\/wi.ee\/wp-content\/uploads\/2022\/01\/3_novvukoja-sain_yldavaade_2021-nov-768x576.jpg 768w, https:\/\/wi.ee\/wp-content\/uploads\/2022\/01\/3_novvukoja-sain_yldavaade_2021-nov-1536x1152.jpg 1536w, https:\/\/wi.ee\/wp-content\/uploads\/2022\/01\/3_novvukoja-sain_yldavaade_2021-nov-2048x1536.jpg 2048w\" sizes=\"auto, (max-width: 367px) 100vw, 367px\" \/><\/strong><\/span><\/h3>\n<p>Esmast infot piirkonna rahvar\u00f5ivaste kohta leiad veebiportaalist \u201eEesti rahvar\u00f5ivad\u201c <strong><a href=\"https:\/\/rahvaroivad.ee\/\">https:\/\/rahvaroivad.ee\/<\/a><\/strong><\/p>\n<p>N\u00f5ukojas jagatakse soovijatele infot rahvar\u00f5ivaste komplekteerimise, valmistamise ja kandmise kohta k\u00f5igi kaheksa Vana-V\u00f5romaa kihelkonna Hargla, Kanepi, Karula, P\u00f5lva, R\u00f5uge, R\u00e4pina, Urvaste ja Vastseliina osas.<\/p>\n<p>N\u00f5ustamine tuleb eelnevalt kokku leppida:<\/p>\n<p>Vilve Oja, n\u00f5uandekoja koordinaator, tel 554 1999 ja e-mail: <a href=\"&#109;&#x61;i&#108;&#x74;&#111;&#x3a;v&#105;&#x6c;v&#x65;&#x2e;&#111;&#x6a;a&#64;&#x67;m&#x61;&#x69;&#108;&#x2e;c&#111;&#x6d;\">&#118;&#x69;l&#x76;e&#46;&#x6f;&#106;&#x61;&#64;&#103;&#x6d;&#97;&#x69;l&#x2e;&#x63;&#111;&#x6d;<\/a><\/p>\n<p>&nbsp;<\/p>\n<h4><strong><a href=\"https:\/\/wi.ee\/wp-content\/uploads\/2022\/01\/Rahvaroivastest_Voromaal_Reet_Piiri_2004.pdf\" target=\"_blank\" rel=\"noopener\"><u>Loe ka Reet Piiri koostatud \u00fclevaadet Vana-V\u00f5romaa rahvar\u00f5ivastest.<\/u><\/a><\/strong><\/h4>\n<p><u>\u00a0<\/u><\/p>\n<p>&nbsp;<\/p>\n","protected":false},"excerpt":{"rendered":"<p>Vana-V\u00f5romaa rahvar\u00f5ivaste n\u00f5ukoda Vana-V\u00f5romaa rahvar\u00f5ivaid tutvustav v\u00e4ljapanek ning n\u00f5uandekoda ehk v\u00f5rok\u00f5isi rahvar\u00f5ivatar\u00f5 asub V\u00f5ru linnas Vana-V\u00f5romaa Kultuurikojas (Katariina allee 11). Rahvar\u00f5ivatare on avatud kolmap\u00e4evast p\u00fchap\u00e4evani kell 10 \u2013 18 (riiklikel p\u00fchadel suletud). N\u00f5ustamiseks palume aja eelnevalt kokku leppida: Vilve Oja, n\u00f5ustaja, \u00a0tel 554 1999, e-post: &#x76;&#x69;&#x6c;&#x76;&#x65;&#x2e;&#x6f;&#x6a;&#x61;&#x40;&#x67;&#109;&#97;&#105;&#108;&#46;&#99;&#111;m &nbsp; Rahvar\u00f5ivatares kohtate tegelasi 19. sajandi teisest poolest \u2013 [&hellip;]<\/p>\n","protected":false},"author":2,"featured_media":0,"parent":149,"menu_order":8,"comment_status":"closed","ping_status":"open","template":"","meta":{"_acf_changed":false,"footnotes":""},"class_list":["post-10590","page","type-page","status-publish","hentry"],"acf":[],"yoast_head":"<!-- This site is optimized with the Yoast SEO plugin v27.3 - https:\/\/yoast.com\/product\/yoast-seo-wordpress\/ -->\n<title>Rahvar\u00f5ivaste n\u00f5ukoda - V\u00f5ru Instituut<\/title>\n<meta name=\"robots\" content=\"index, follow, max-snippet:-1, max-image-preview:large, max-video-preview:-1\" \/>\n<link rel=\"canonical\" href=\"https:\/\/wi.ee\/et\/muuseumid\/rahvaroivaste-noukoda\/\" \/>\n<meta property=\"og:locale\" content=\"et_EE\" \/>\n<meta property=\"og:type\" content=\"article\" \/>\n<meta property=\"og:title\" content=\"Rahvar\u00f5ivaste n\u00f5ukoda - V\u00f5ru Instituut\" \/>\n<meta property=\"og:description\" content=\"Vana-V\u00f5romaa rahvar\u00f5ivaste n\u00f5ukoda Vana-V\u00f5romaa rahvar\u00f5ivaid tutvustav v\u00e4ljapanek ning n\u00f5uandekoda ehk v\u00f5rok\u00f5isi rahvar\u00f5ivatar\u00f5 asub V\u00f5ru linnas Vana-V\u00f5romaa Kultuurikojas (Katariina allee 11). Rahvar\u00f5ivatare on avatud kolmap\u00e4evast p\u00fchap\u00e4evani kell 10 \u2013 18 (riiklikel p\u00fchadel suletud). N\u00f5ustamiseks palume aja eelnevalt kokku leppida: Vilve Oja, n\u00f5ustaja, \u00a0tel 554 1999, e-post: &#118;&#x69;&#108;&#x76;&#101;&#x2e;&#111;&#x6a;&#097;&#x40;&#103;&#x6d;&#097;&#x69;&#108;&#x2e;&#099;&#x6f;&#109; &nbsp; Rahvar\u00f5ivatares kohtate tegelasi 19. sajandi teisest poolest \u2013 [&hellip;]\" \/>\n<meta property=\"og:url\" content=\"https:\/\/wi.ee\/et\/muuseumid\/rahvaroivaste-noukoda\/\" \/>\n<meta property=\"og:site_name\" content=\"V\u00f5ru Instituut\" \/>\n<meta property=\"article:publisher\" content=\"https:\/\/www.facebook.com\/VoroInstituut\" \/>\n<meta property=\"article:modified_time\" content=\"2025-02-13T13:12:03+00:00\" \/>\n<meta property=\"og:image\" content=\"https:\/\/wi.ee\/wp-content\/uploads\/2025\/02\/noukoda_vanad_2023_ai.jpg\" \/>\n\t<meta property=\"og:image:width\" content=\"1920\" \/>\n\t<meta property=\"og:image:height\" content=\"1440\" \/>\n\t<meta property=\"og:image:type\" content=\"image\/jpeg\" \/>\n<meta name=\"twitter:label1\" content=\"Est. reading time\" \/>\n\t<meta name=\"twitter:data1\" content=\"3 minutit\" \/>\n<script type=\"application\/ld+json\" class=\"yoast-schema-graph\">{\"@context\":\"https:\\\/\\\/schema.org\",\"@graph\":[{\"@type\":\"WebPage\",\"@id\":\"https:\\\/\\\/wi.ee\\\/et\\\/muuseumid\\\/rahvaroivaste-noukoda\\\/\",\"url\":\"https:\\\/\\\/wi.ee\\\/et\\\/muuseumid\\\/rahvaroivaste-noukoda\\\/\",\"name\":\"Rahvar\u00f5ivaste n\u00f5ukoda - V\u00f5ru Instituut\",\"isPartOf\":{\"@id\":\"https:\\\/\\\/wi.ee\\\/et\\\/#website\"},\"primaryImageOfPage\":{\"@id\":\"https:\\\/\\\/wi.ee\\\/et\\\/muuseumid\\\/rahvaroivaste-noukoda\\\/#primaryimage\"},\"image\":{\"@id\":\"https:\\\/\\\/wi.ee\\\/et\\\/muuseumid\\\/rahvaroivaste-noukoda\\\/#primaryimage\"},\"thumbnailUrl\":\"https:\\\/\\\/wi.ee\\\/wp-content\\\/uploads\\\/2025\\\/02\\\/noukoda_vanad_2023_ai-300x225.jpg\",\"datePublished\":\"2022-01-11T13:49:25+00:00\",\"dateModified\":\"2025-02-13T13:12:03+00:00\",\"breadcrumb\":{\"@id\":\"https:\\\/\\\/wi.ee\\\/et\\\/muuseumid\\\/rahvaroivaste-noukoda\\\/#breadcrumb\"},\"inLanguage\":\"et\",\"potentialAction\":[{\"@type\":\"ReadAction\",\"target\":[\"https:\\\/\\\/wi.ee\\\/et\\\/muuseumid\\\/rahvaroivaste-noukoda\\\/\"]}]},{\"@type\":\"ImageObject\",\"inLanguage\":\"et\",\"@id\":\"https:\\\/\\\/wi.ee\\\/et\\\/muuseumid\\\/rahvaroivaste-noukoda\\\/#primaryimage\",\"url\":\"https:\\\/\\\/wi.ee\\\/wp-content\\\/uploads\\\/2025\\\/02\\\/noukoda_vanad_2023_ai-300x225.jpg\",\"contentUrl\":\"https:\\\/\\\/wi.ee\\\/wp-content\\\/uploads\\\/2025\\\/02\\\/noukoda_vanad_2023_ai-300x225.jpg\"},{\"@type\":\"BreadcrumbList\",\"@id\":\"https:\\\/\\\/wi.ee\\\/et\\\/muuseumid\\\/rahvaroivaste-noukoda\\\/#breadcrumb\",\"itemListElement\":[{\"@type\":\"ListItem\",\"position\":1,\"name\":\"Avaleht\",\"item\":\"https:\\\/\\\/wi.ee\\\/et\\\/\"},{\"@type\":\"ListItem\",\"position\":2,\"name\":\"Muuseumid\",\"item\":\"https:\\\/\\\/wi.ee\\\/et\\\/muuseumid\\\/\"},{\"@type\":\"ListItem\",\"position\":3,\"name\":\"Rahvar\u00f5ivaste n\u00f5ukoda\"}]},{\"@type\":\"WebSite\",\"@id\":\"https:\\\/\\\/wi.ee\\\/et\\\/#website\",\"url\":\"https:\\\/\\\/wi.ee\\\/et\\\/\",\"name\":\"V\u00f5ru Instituut\",\"description\":\"\",\"publisher\":{\"@id\":\"https:\\\/\\\/wi.ee\\\/et\\\/#organization\"},\"potentialAction\":[{\"@type\":\"SearchAction\",\"target\":{\"@type\":\"EntryPoint\",\"urlTemplate\":\"https:\\\/\\\/wi.ee\\\/et\\\/?s={search_term_string}\"},\"query-input\":{\"@type\":\"PropertyValueSpecification\",\"valueRequired\":true,\"valueName\":\"search_term_string\"}}],\"inLanguage\":\"et\"},{\"@type\":\"Organization\",\"@id\":\"https:\\\/\\\/wi.ee\\\/et\\\/#organization\",\"name\":\"V\u00f5ru Instituut\",\"url\":\"https:\\\/\\\/wi.ee\\\/et\\\/\",\"logo\":{\"@type\":\"ImageObject\",\"inLanguage\":\"et\",\"@id\":\"https:\\\/\\\/wi.ee\\\/et\\\/#\\\/schema\\\/logo\\\/image\\\/\",\"url\":\"https:\\\/\\\/wi.ee\\\/wp-content\\\/uploads\\\/2015\\\/05\\\/logo-150507.png\",\"contentUrl\":\"https:\\\/\\\/wi.ee\\\/wp-content\\\/uploads\\\/2015\\\/05\\\/logo-150507.png\",\"width\":183,\"height\":123,\"caption\":\"V\u00f5ru Instituut\"},\"image\":{\"@id\":\"https:\\\/\\\/wi.ee\\\/et\\\/#\\\/schema\\\/logo\\\/image\\\/\"},\"sameAs\":[\"https:\\\/\\\/www.facebook.com\\\/VoroInstituut\"]}]}<\/script>\n<!-- \/ Yoast SEO plugin. -->","yoast_head_json":{"title":"Rahvar\u00f5ivaste n\u00f5ukoda - V\u00f5ru Instituut","robots":{"index":"index","follow":"follow","max-snippet":"max-snippet:-1","max-image-preview":"max-image-preview:large","max-video-preview":"max-video-preview:-1"},"canonical":"https:\/\/wi.ee\/et\/muuseumid\/rahvaroivaste-noukoda\/","og_locale":"et_EE","og_type":"article","og_title":"Rahvar\u00f5ivaste n\u00f5ukoda - V\u00f5ru Instituut","og_description":"Vana-V\u00f5romaa rahvar\u00f5ivaste n\u00f5ukoda Vana-V\u00f5romaa rahvar\u00f5ivaid tutvustav v\u00e4ljapanek ning n\u00f5uandekoda ehk v\u00f5rok\u00f5isi rahvar\u00f5ivatar\u00f5 asub V\u00f5ru linnas Vana-V\u00f5romaa Kultuurikojas (Katariina allee 11). Rahvar\u00f5ivatare on avatud kolmap\u00e4evast p\u00fchap\u00e4evani kell 10 \u2013 18 (riiklikel p\u00fchadel suletud). N\u00f5ustamiseks palume aja eelnevalt kokku leppida: Vilve Oja, n\u00f5ustaja, \u00a0tel 554 1999, e-post: v&#105;&#108;&#118;&#x65;&#x2e;&#x6f;ja&#64;&#103;&#x6d;&#x61;&#x69;&#x6c;&#46;c&#111;&#109; &nbsp; Rahvar\u00f5ivatares kohtate tegelasi 19. sajandi teisest poolest \u2013 [&hellip;]","og_url":"https:\/\/wi.ee\/et\/muuseumid\/rahvaroivaste-noukoda\/","og_site_name":"V\u00f5ru Instituut","article_publisher":"https:\/\/www.facebook.com\/VoroInstituut","article_modified_time":"2025-02-13T13:12:03+00:00","og_image":[{"width":1920,"height":1440,"url":"https:\/\/wi.ee\/wp-content\/uploads\/2025\/02\/noukoda_vanad_2023_ai.jpg","type":"image\/jpeg"}],"twitter_misc":{"Est. reading time":"3 minutit"},"schema":{"@context":"https:\/\/schema.org","@graph":[{"@type":"WebPage","@id":"https:\/\/wi.ee\/et\/muuseumid\/rahvaroivaste-noukoda\/","url":"https:\/\/wi.ee\/et\/muuseumid\/rahvaroivaste-noukoda\/","name":"Rahvar\u00f5ivaste n\u00f5ukoda - V\u00f5ru Instituut","isPartOf":{"@id":"https:\/\/wi.ee\/et\/#website"},"primaryImageOfPage":{"@id":"https:\/\/wi.ee\/et\/muuseumid\/rahvaroivaste-noukoda\/#primaryimage"},"image":{"@id":"https:\/\/wi.ee\/et\/muuseumid\/rahvaroivaste-noukoda\/#primaryimage"},"thumbnailUrl":"https:\/\/wi.ee\/wp-content\/uploads\/2025\/02\/noukoda_vanad_2023_ai-300x225.jpg","datePublished":"2022-01-11T13:49:25+00:00","dateModified":"2025-02-13T13:12:03+00:00","breadcrumb":{"@id":"https:\/\/wi.ee\/et\/muuseumid\/rahvaroivaste-noukoda\/#breadcrumb"},"inLanguage":"et","potentialAction":[{"@type":"ReadAction","target":["https:\/\/wi.ee\/et\/muuseumid\/rahvaroivaste-noukoda\/"]}]},{"@type":"ImageObject","inLanguage":"et","@id":"https:\/\/wi.ee\/et\/muuseumid\/rahvaroivaste-noukoda\/#primaryimage","url":"https:\/\/wi.ee\/wp-content\/uploads\/2025\/02\/noukoda_vanad_2023_ai-300x225.jpg","contentUrl":"https:\/\/wi.ee\/wp-content\/uploads\/2025\/02\/noukoda_vanad_2023_ai-300x225.jpg"},{"@type":"BreadcrumbList","@id":"https:\/\/wi.ee\/et\/muuseumid\/rahvaroivaste-noukoda\/#breadcrumb","itemListElement":[{"@type":"ListItem","position":1,"name":"Avaleht","item":"https:\/\/wi.ee\/et\/"},{"@type":"ListItem","position":2,"name":"Muuseumid","item":"https:\/\/wi.ee\/et\/muuseumid\/"},{"@type":"ListItem","position":3,"name":"Rahvar\u00f5ivaste n\u00f5ukoda"}]},{"@type":"WebSite","@id":"https:\/\/wi.ee\/et\/#website","url":"https:\/\/wi.ee\/et\/","name":"V\u00f5ru Instituut","description":"","publisher":{"@id":"https:\/\/wi.ee\/et\/#organization"},"potentialAction":[{"@type":"SearchAction","target":{"@type":"EntryPoint","urlTemplate":"https:\/\/wi.ee\/et\/?s={search_term_string}"},"query-input":{"@type":"PropertyValueSpecification","valueRequired":true,"valueName":"search_term_string"}}],"inLanguage":"et"},{"@type":"Organization","@id":"https:\/\/wi.ee\/et\/#organization","name":"V\u00f5ru Instituut","url":"https:\/\/wi.ee\/et\/","logo":{"@type":"ImageObject","inLanguage":"et","@id":"https:\/\/wi.ee\/et\/#\/schema\/logo\/image\/","url":"https:\/\/wi.ee\/wp-content\/uploads\/2015\/05\/logo-150507.png","contentUrl":"https:\/\/wi.ee\/wp-content\/uploads\/2015\/05\/logo-150507.png","width":183,"height":123,"caption":"V\u00f5ru Instituut"},"image":{"@id":"https:\/\/wi.ee\/et\/#\/schema\/logo\/image\/"},"sameAs":["https:\/\/www.facebook.com\/VoroInstituut"]}]}},"_links":{"self":[{"href":"https:\/\/wi.ee\/et\/wp-json\/wp\/v2\/pages\/10590","targetHints":{"allow":["GET"]}}],"collection":[{"href":"https:\/\/wi.ee\/et\/wp-json\/wp\/v2\/pages"}],"about":[{"href":"https:\/\/wi.ee\/et\/wp-json\/wp\/v2\/types\/page"}],"author":[{"embeddable":true,"href":"https:\/\/wi.ee\/et\/wp-json\/wp\/v2\/users\/2"}],"replies":[{"embeddable":true,"href":"https:\/\/wi.ee\/et\/wp-json\/wp\/v2\/comments?post=10590"}],"version-history":[{"count":17,"href":"https:\/\/wi.ee\/et\/wp-json\/wp\/v2\/pages\/10590\/revisions"}],"predecessor-version":[{"id":16388,"href":"https:\/\/wi.ee\/et\/wp-json\/wp\/v2\/pages\/10590\/revisions\/16388"}],"up":[{"embeddable":true,"href":"https:\/\/wi.ee\/et\/wp-json\/wp\/v2\/pages\/149"}],"wp:attachment":[{"href":"https:\/\/wi.ee\/et\/wp-json\/wp\/v2\/media?parent=10590"}],"curies":[{"name":"wp","href":"https:\/\/api.w.org\/{rel}","templated":true}]}}