{"id":7208,"date":"2016-02-03T11:55:03","date_gmt":"2016-02-03T09:55:03","guid":{"rendered":"https:\/\/wi.ee\/toimonduso\/"},"modified":"2026-01-26T13:25:08","modified_gmt":"2026-01-26T11:25:08","slug":"toimonduso","status":"publish","type":"page","link":"https:\/\/wi.ee\/en\/toimetised\/toimonduso\/","title":{"rendered":"Toim\u00f5nduisi arhiiv"},"content":{"rendered":"<p><a href=\"https:\/\/wi.ee\/voru-instituudi-toimetised-1\/\">Toim\u00f5ndus\u00f5 1 \u00d5dagumeresoom\u00f5 l\u00f5unapiir<\/a><\/p>\n<p><a href=\"https:\/\/wi.ee\/voru-instituudi-toimetis-2\/\">Toim\u00f5ndus\u00f5 2 Ku kavvas Setomaal\u00f5 seto rahvast jakkus?<\/a><\/p>\n<p><a href=\"https:\/\/wi.ee\/voru-instituudi-toimetised-1\/\">Toim\u00f5ndus\u00f5<\/a><a href=\"https:\/\/wi.ee\/voru-instituudi-toimetised-3\/\">\u00a03 L\u00f5unaeesti keelest ja kir\u00e4keelest<\/a><\/p>\n<p><a href=\"https:\/\/wi.ee\/voru-instituudi-toimetised-4\/\">Toim\u00f5ndus\u00f5 4 \u00d5dagumeresoom\u00f5 v\u00e4ikuq keeleq<\/a><\/p>\n<p><a href=\"https:\/\/wi.ee\/voru-instituudi-toimetised-5\/\">Toim\u00f5ndus\u00f5 5 Tiid\u00fcs ja t\u00f5d\u00f5. M\u00e4rg\u00fct\u00fcisi<\/a><\/p>\n<p><a href=\"https:\/\/wi.ee\/voru-instituudi-toimetised-6\/\">Toim\u00f5ndus\u00f5 6 \u00d5dagumeresoom\u00f5 veeremaaq<\/a><\/p>\n<p><a href=\"https:\/\/wi.ee\/voru-instituudi-toimetised-7\/\">Toim\u00f5ndus\u00f5 7 V\u00f5ro kir\u00e4nd\u00fcse luumine<\/a><\/p>\n<p><a href=\"https:\/\/wi.ee\/voru-instituudi-toimetised-8\/\">Toim\u00f5ndus\u00f5 8 A kiilt rahvas kyn\u00f5l\u00f5s\u2026<\/a><\/p>\n<p><a href=\"https:\/\/wi.ee\/voru-instituudi-toimetised-9\/\">Toim\u00f5ndus\u00f5 9 Tiijuht ABC kir\u00e4oppus\u00f5 manoq<\/a><\/p>\n<p><a href=\"https:\/\/wi.ee\/voru-instituudi-toimetised-10\/\">Toim\u00f5ndus\u00f5 10 \u00d5dagumeresoom\u00f5 piiris\u00fc\u00e4meq<\/a><\/p>\n<p><a href=\"https:\/\/wi.ee\/voru-instituudi-toimetised-11\/\">Toimendus\u00f5 11 \u00d5dagumeresoom\u00f5 \u00fctist\u00fcseq<\/a><\/p>\n<p><a href=\"https:\/\/wi.ee\/voru-instituudi-toimetised-12\/\">Toim\u00f5ndus\u00f5 12 V\u00f5ro-Eesti synaraamat<\/a><\/p>\n<p><a href=\"https:\/\/wi.ee\/voru-instituudi-toimetised-13\/\">Toim\u00f5ndus\u00f5 13 V\u00f5romaa kotuss\u00f5nimmist<\/a><\/p>\n<p><a href=\"https:\/\/wi.ee\/voru-instituudi-toimetised-14\/\">Toim\u00f5ndus\u00f5 14 V\u00e4ikeisi kiili kokkoputmis\u00f5q<\/a><\/p>\n<p><a href=\"https:\/\/wi.ee\/voru-instituudi-toimetised-15\/\">Toim\u00f5ndus\u00f5 15 \u00d5dagumeresoom\u00f5 hummogupiir<\/a><\/p>\n<p><a href=\"https:\/\/wi.ee\/voru-instituudi-toimetised-16\/\">Toim\u00f5ndus\u00f5 16 Kiil ja hind\u00e4tiidmine<\/a><\/p>\n<p><a href=\"https:\/\/wi.ee\/voru-instituudi-toimetised-17\/\">Toim\u00f5ndus\u00f5 17 Piirikultuuriq ja -keeleq<\/a><\/p>\n<p><a href=\"https:\/\/wi.ee\/voru-instituudi-toimetised-18\/\">Toim\u00f5ndus\u00f5 18 Mitm\u00f5keelis\u00fcs ja keelevaihtus \u00d5dagumeresoom\u00f5 mai\u00f5 p\u00e4\u00e4l<\/a><\/p>\n<p><a href=\"https:\/\/wi.ee\/voru-instituudi-toimetised-19\/\">Toim\u00f5ndus\u00f5 19 Seto s\u00f5nastik<\/a><\/p>\n<p><a href=\"https:\/\/wi.ee\/voru-instituudi-toimetised-20\/\">Toim\u00f5ndus\u00f5 20 \u00d5dagumeresoom\u00f5 kodo<\/a><\/p>\n<p><a href=\"https:\/\/wi.ee\/voru-instituudi-toimetised-21\/\">Toim\u00f5ndus\u00f5 21 Kuis el\u00e4s mulgi, saar\u00f5 ja v\u00f5ro kiil?<\/a><\/p>\n<p><a href=\"https:\/\/wi.ee\/voru-instituudi-toimetised-22\/\">Toim\u00f5ndus\u00f5 22 Koolitus ku keele ja kultuuri umamoodu hoitja<\/a><\/p>\n<p><a href=\"https:\/\/wi.ee\/voru-instituudi-toimetised-23\/\">Toim\u00f5ndus\u00f5 23 Kir\u00e4nd\u00fcs\/kiil veidemb\u00fcsen<\/a><\/p>\n<p><a href=\"https:\/\/wi.ee\/voru-instituudi-toimetised-24\/\">Toim\u00f5ndus\u00f5 24 V\u00e4ikuq keeleq mitm\u00f5keelitsen \u00fctiskunnan<\/a><\/p>\n<p><a href=\"https:\/\/wi.ee\/voru-instituudi-toimetised-25\/\">Toim\u00f5ndus\u00f5 25 Ruum, kotus ja kotuss\u00f5nimeq<\/a><\/p>\n<p><a href=\"https:\/\/wi.ee\/voru-instituudi-toimetised-26\/\">Toim\u00f5ndus\u00f5 26 \u00d5dagumeresoom\u00f5 piiriq<\/a><\/p>\n<p><a href=\"https:\/\/wi.ee\/voru-instituudi-toimetised-27\/\">Toim\u00f5ndus\u00f5 27 Kiili rikkus ja elojoud<\/a><\/p>\n<p><a href=\"https:\/\/wi.ee\/voru-instituudi-toimetised-28-2\/\">Toim\u00f5ndus\u00f5 28 \u00d5dagumeresoom\u00f5 keeleq kaart\u00f5 p\u00e4\u00e4l<\/a><\/p>\n<p><a href=\"https:\/\/wi.ee\/voru-instituudi-toimetised-28\/\">Toim\u00f5ndus\u00f5 29 Aig \u00f5dagumeresoom\u00f5 keelin<\/a><\/p>\n<p><a href=\"https:\/\/wi.ee\/wp-content\/uploads\/2017\/06\/VItoim16sisu.pdf\">Toim\u00f5ndus\u00f5 30 \u00d5dagumeresuumlaisi nimeq<\/a><\/p>\n<p><a href=\"https:\/\/wi.ee\/wp-content\/uploads\/2018\/12\/Toim\u00f5ndus\u00f5-31.pdf\">Toim\u00f5ndus\u00f5 31 20 \u00d5dagumeresoom\u00f5 s\u00fck\u00fcskonv\u00f5rentsi V\u00f5rol<\/a><\/p>\n<p><a href=\"https:\/\/wi.ee\/wp-content\/uploads\/2018\/12\/Toim\u00f5ndus\u00f5-32.pdf\">Toim\u00f5ndus\u00f5 32 Vabahus\u00f5 m\u00f5ist\u00f5q Hummogu-Euruupa kir\u00e4nd\u00fcisin<\/a><\/p>\n<p><a href=\"https:\/\/wi.ee\/wp-content\/uploads\/2018\/12\/Toim\u00f5ndus\u00f5-33.pdf\">Toim\u00f5ndus\u00f5 33 Valits\u00f5misjaotus\u00f5st keeleaoluuni<\/a><\/p>\n<p><a href=\"https:\/\/wi.ee\/wp-content\/uploads\/2020\/04\/VItoim19sisu.pdf\">Toim\u00f5ndus\u00f5 34 S\u00f5navara-ja kir\u00e4nd\u00fcsk\u00fcs\u00fcm\u00fcisi V\u00f5ro ja Karala keelemailt<\/a><\/p>\n<p><a href=\"https:\/\/wi.ee\/wp-content\/uploads\/2023\/01\/Toimetis-35-sisu.pdf\">Toim\u00f5ndus\u00f5 35 M\u00f5tsavellist vadalaisini<\/a><\/p>\n<p><a href=\"https:\/\/wi.ee\/wp-content\/uploads\/2023\/01\/Toimetis-36-sisu.pdf\">Toim\u00f5ndus\u00f5 36 Priinimmi siin- ja s\u00e4\u00e4lpuul Soom\u00f5 laht\u00f5<\/a><\/p>\n<p><a href=\"https:\/\/wi.ee\/wp-content\/uploads\/2023\/01\/Toimetis-37-sisu.pdf\">Toim\u00f5ndus\u00f5 37 T\u00e4\u00e4mb\u00e4dse ao Kreutzwaldikaemisi<\/a><\/p>\n<p><a href=\"https:\/\/wi.ee\/wp-content\/uploads\/2024\/03\/Toimetis-38.pdf\">Toim\u00f5ndus\u00f5 38 Kauksi \u00dclle 60<\/a><\/p>\n<p><a href=\"https:\/\/wi.ee\/wp-content\/uploads\/2025\/01\/Toimondusoq-39.pdf\">Toim\u00f5ndus\u00f5q 39 P\u00f5lids\u00f5q ja r\u00e4nd\u00e4j\u00e4q<\/a><\/p>\n","protected":false},"excerpt":{"rendered":"<p>Toim\u00f5ndus\u00f5 1 \u00d5dagumeresoom\u00f5 l\u00f5unapiir Toim\u00f5ndus\u00f5 2 Ku kavvas Setomaal\u00f5 seto rahvast jakkus? Toim\u00f5ndus\u00f5\u00a03 L\u00f5unaeesti keelest ja kir\u00e4keelest Toim\u00f5ndus\u00f5 4 \u00d5dagumeresoom\u00f5 v\u00e4ikuq keeleq Toim\u00f5ndus\u00f5 5 Tiid\u00fcs ja t\u00f5d\u00f5. M\u00e4rg\u00fct\u00fcisi Toim\u00f5ndus\u00f5 6 \u00d5dagumeresoom\u00f5 veeremaaq Toim\u00f5ndus\u00f5 7 V\u00f5ro kir\u00e4nd\u00fcse luumine Toim\u00f5ndus\u00f5 8 A kiilt rahvas kyn\u00f5l\u00f5s\u2026 Toim\u00f5ndus\u00f5 9 Tiijuht ABC kir\u00e4oppus\u00f5 manoq Toim\u00f5ndus\u00f5 10 \u00d5dagumeresoom\u00f5 piiris\u00fc\u00e4meq Toimendus\u00f5 11 [&hellip;]<\/p>\n","protected":false},"author":2,"featured_media":0,"parent":1198,"menu_order":0,"comment_status":"closed","ping_status":"closed","template":"","meta":{"_acf_changed":false,"footnotes":""},"class_list":["post-7208","page","type-page","status-publish","hentry"],"acf":[],"yoast_head":"<!-- This site is optimized with the Yoast SEO plugin v27.3 - https:\/\/yoast.com\/product\/yoast-seo-wordpress\/ -->\n<title>Toim\u00f5nduisi arhiiv - V\u00f5ru Instituut<\/title>\n<meta name=\"description\" content=\"Toim\u00f5ndus\u00f5\" \/>\n<meta name=\"robots\" content=\"index, follow, max-snippet:-1, max-image-preview:large, max-video-preview:-1\" \/>\n<link rel=\"canonical\" href=\"https:\/\/wi.ee\/en\/toimetised\/toimonduso\/\" \/>\n<meta property=\"og:locale\" content=\"en_US\" \/>\n<meta property=\"og:type\" content=\"article\" \/>\n<meta property=\"og:title\" content=\"Toim\u00f5nduisi arhiiv - V\u00f5ru Instituut\" \/>\n<meta property=\"og:description\" content=\"Toim\u00f5ndus\u00f5\" \/>\n<meta property=\"og:url\" content=\"https:\/\/wi.ee\/en\/toimetised\/toimonduso\/\" \/>\n<meta property=\"og:site_name\" content=\"V\u00f5ru Instituut\" \/>\n<meta property=\"article:publisher\" content=\"https:\/\/www.facebook.com\/VoroInstituut\" \/>\n<meta property=\"article:modified_time\" content=\"2026-01-26T11:25:08+00:00\" \/>\n<meta property=\"og:image\" content=\"https:\/\/wi.ee\/wp-content\/uploads\/2015\/05\/logo-150507.png\" \/>\n\t<meta property=\"og:image:width\" content=\"183\" \/>\n\t<meta property=\"og:image:height\" content=\"123\" \/>\n\t<meta property=\"og:image:type\" content=\"image\/png\" \/>\n<meta name=\"twitter:label1\" content=\"Est. reading time\" \/>\n\t<meta name=\"twitter:data1\" content=\"2 minutes\" \/>\n<script type=\"application\/ld+json\" class=\"yoast-schema-graph\">{\"@context\":\"https:\\\/\\\/schema.org\",\"@graph\":[{\"@type\":\"WebPage\",\"@id\":\"https:\\\/\\\/wi.ee\\\/en\\\/toimetised\\\/toimonduso\\\/\",\"url\":\"https:\\\/\\\/wi.ee\\\/en\\\/toimetised\\\/toimonduso\\\/\",\"name\":\"Toim\u00f5nduisi arhiiv - V\u00f5ru Instituut\",\"isPartOf\":{\"@id\":\"https:\\\/\\\/wi.ee\\\/en\\\/#website\"},\"datePublished\":\"2016-02-03T09:55:03+00:00\",\"dateModified\":\"2026-01-26T11:25:08+00:00\",\"description\":\"Toim\u00f5ndus\u00f5\",\"breadcrumb\":{\"@id\":\"https:\\\/\\\/wi.ee\\\/en\\\/toimetised\\\/toimonduso\\\/#breadcrumb\"},\"inLanguage\":\"en-US\",\"potentialAction\":[{\"@type\":\"ReadAction\",\"target\":[\"https:\\\/\\\/wi.ee\\\/en\\\/toimetised\\\/toimonduso\\\/\"]}]},{\"@type\":\"BreadcrumbList\",\"@id\":\"https:\\\/\\\/wi.ee\\\/en\\\/toimetised\\\/toimonduso\\\/#breadcrumb\",\"itemListElement\":[{\"@type\":\"ListItem\",\"position\":1,\"name\":\"Avaleht\",\"item\":\"https:\\\/\\\/wi.ee\\\/en\\\/\"},{\"@type\":\"ListItem\",\"position\":2,\"name\":\"Toimetiste arhiiv\",\"item\":\"https:\\\/\\\/wi.ee\\\/en\\\/toimetised\\\/\"},{\"@type\":\"ListItem\",\"position\":3,\"name\":\"Toim\u00f5nduisi arhiiv\"}]},{\"@type\":\"WebSite\",\"@id\":\"https:\\\/\\\/wi.ee\\\/en\\\/#website\",\"url\":\"https:\\\/\\\/wi.ee\\\/en\\\/\",\"name\":\"V\u00f5ru Instituut\",\"description\":\"\",\"publisher\":{\"@id\":\"https:\\\/\\\/wi.ee\\\/en\\\/#organization\"},\"potentialAction\":[{\"@type\":\"SearchAction\",\"target\":{\"@type\":\"EntryPoint\",\"urlTemplate\":\"https:\\\/\\\/wi.ee\\\/en\\\/?s={search_term_string}\"},\"query-input\":{\"@type\":\"PropertyValueSpecification\",\"valueRequired\":true,\"valueName\":\"search_term_string\"}}],\"inLanguage\":\"en-US\"},{\"@type\":\"Organization\",\"@id\":\"https:\\\/\\\/wi.ee\\\/en\\\/#organization\",\"name\":\"V\u00f5ru Instituut\",\"url\":\"https:\\\/\\\/wi.ee\\\/en\\\/\",\"logo\":{\"@type\":\"ImageObject\",\"inLanguage\":\"en-US\",\"@id\":\"https:\\\/\\\/wi.ee\\\/en\\\/#\\\/schema\\\/logo\\\/image\\\/\",\"url\":\"https:\\\/\\\/wi.ee\\\/wp-content\\\/uploads\\\/2015\\\/05\\\/logo-150507.png\",\"contentUrl\":\"https:\\\/\\\/wi.ee\\\/wp-content\\\/uploads\\\/2015\\\/05\\\/logo-150507.png\",\"width\":183,\"height\":123,\"caption\":\"V\u00f5ru Instituut\"},\"image\":{\"@id\":\"https:\\\/\\\/wi.ee\\\/en\\\/#\\\/schema\\\/logo\\\/image\\\/\"},\"sameAs\":[\"https:\\\/\\\/www.facebook.com\\\/VoroInstituut\"]}]}<\/script>\n<!-- \/ Yoast SEO plugin. -->","yoast_head_json":{"title":"Toim\u00f5nduisi arhiiv - V\u00f5ru Instituut","description":"Toim\u00f5ndus\u00f5","robots":{"index":"index","follow":"follow","max-snippet":"max-snippet:-1","max-image-preview":"max-image-preview:large","max-video-preview":"max-video-preview:-1"},"canonical":"https:\/\/wi.ee\/en\/toimetised\/toimonduso\/","og_locale":"en_US","og_type":"article","og_title":"Toim\u00f5nduisi arhiiv - V\u00f5ru Instituut","og_description":"Toim\u00f5ndus\u00f5","og_url":"https:\/\/wi.ee\/en\/toimetised\/toimonduso\/","og_site_name":"V\u00f5ru Instituut","article_publisher":"https:\/\/www.facebook.com\/VoroInstituut","article_modified_time":"2026-01-26T11:25:08+00:00","og_image":[{"width":183,"height":123,"url":"https:\/\/wi.ee\/wp-content\/uploads\/2015\/05\/logo-150507.png","type":"image\/png"}],"twitter_misc":{"Est. reading time":"2 minutes"},"schema":{"@context":"https:\/\/schema.org","@graph":[{"@type":"WebPage","@id":"https:\/\/wi.ee\/en\/toimetised\/toimonduso\/","url":"https:\/\/wi.ee\/en\/toimetised\/toimonduso\/","name":"Toim\u00f5nduisi arhiiv - V\u00f5ru Instituut","isPartOf":{"@id":"https:\/\/wi.ee\/en\/#website"},"datePublished":"2016-02-03T09:55:03+00:00","dateModified":"2026-01-26T11:25:08+00:00","description":"Toim\u00f5ndus\u00f5","breadcrumb":{"@id":"https:\/\/wi.ee\/en\/toimetised\/toimonduso\/#breadcrumb"},"inLanguage":"en-US","potentialAction":[{"@type":"ReadAction","target":["https:\/\/wi.ee\/en\/toimetised\/toimonduso\/"]}]},{"@type":"BreadcrumbList","@id":"https:\/\/wi.ee\/en\/toimetised\/toimonduso\/#breadcrumb","itemListElement":[{"@type":"ListItem","position":1,"name":"Avaleht","item":"https:\/\/wi.ee\/en\/"},{"@type":"ListItem","position":2,"name":"Toimetiste arhiiv","item":"https:\/\/wi.ee\/en\/toimetised\/"},{"@type":"ListItem","position":3,"name":"Toim\u00f5nduisi arhiiv"}]},{"@type":"WebSite","@id":"https:\/\/wi.ee\/en\/#website","url":"https:\/\/wi.ee\/en\/","name":"V\u00f5ru Instituut","description":"","publisher":{"@id":"https:\/\/wi.ee\/en\/#organization"},"potentialAction":[{"@type":"SearchAction","target":{"@type":"EntryPoint","urlTemplate":"https:\/\/wi.ee\/en\/?s={search_term_string}"},"query-input":{"@type":"PropertyValueSpecification","valueRequired":true,"valueName":"search_term_string"}}],"inLanguage":"en-US"},{"@type":"Organization","@id":"https:\/\/wi.ee\/en\/#organization","name":"V\u00f5ru Instituut","url":"https:\/\/wi.ee\/en\/","logo":{"@type":"ImageObject","inLanguage":"en-US","@id":"https:\/\/wi.ee\/en\/#\/schema\/logo\/image\/","url":"https:\/\/wi.ee\/wp-content\/uploads\/2015\/05\/logo-150507.png","contentUrl":"https:\/\/wi.ee\/wp-content\/uploads\/2015\/05\/logo-150507.png","width":183,"height":123,"caption":"V\u00f5ru Instituut"},"image":{"@id":"https:\/\/wi.ee\/en\/#\/schema\/logo\/image\/"},"sameAs":["https:\/\/www.facebook.com\/VoroInstituut"]}]}},"_links":{"self":[{"href":"https:\/\/wi.ee\/en\/wp-json\/wp\/v2\/pages\/7208","targetHints":{"allow":["GET"]}}],"collection":[{"href":"https:\/\/wi.ee\/en\/wp-json\/wp\/v2\/pages"}],"about":[{"href":"https:\/\/wi.ee\/en\/wp-json\/wp\/v2\/types\/page"}],"author":[{"embeddable":true,"href":"https:\/\/wi.ee\/en\/wp-json\/wp\/v2\/users\/2"}],"replies":[{"embeddable":true,"href":"https:\/\/wi.ee\/en\/wp-json\/wp\/v2\/comments?post=7208"}],"version-history":[{"count":10,"href":"https:\/\/wi.ee\/en\/wp-json\/wp\/v2\/pages\/7208\/revisions"}],"predecessor-version":[{"id":17231,"href":"https:\/\/wi.ee\/en\/wp-json\/wp\/v2\/pages\/7208\/revisions\/17231"}],"up":[{"embeddable":true,"href":"https:\/\/wi.ee\/en\/wp-json\/wp\/v2\/pages\/1198"}],"wp:attachment":[{"href":"https:\/\/wi.ee\/en\/wp-json\/wp\/v2\/media?parent=7208"}],"curies":[{"name":"wp","href":"https:\/\/api.w.org\/{rel}","templated":true}]}}