{"id":4874,"date":"2018-10-04T09:25:47","date_gmt":"2018-10-04T07:25:47","guid":{"rendered":"https:\/\/wi.ee\/?page_id=4874"},"modified":"2018-10-12T14:30:53","modified_gmt":"2018-10-12T12:30:53","slug":"program-see-abstracts-linked-to-presenters","status":"publish","type":"page","link":"https:\/\/wi.ee\/en\/program-see-abstracts-linked-to-presenters\/","title":{"rendered":"PROGRAM (See abstracts linked to presenters!)"},"content":{"rendered":"<div class=\"col-sm-9\">\n<p><strong><span data-mce-mark=\"1\">Riidi\/Reede\/Friday, 19.10.2018<\/span><\/strong><\/p>\n<p>12.00-12.30 L\u00f5unas\u00fc\u00fck\/l\u00f5unas\u00f6\u00f6k\/lunch <a href=\"https:\/\/wi.ee\/wp-content\/uploads\/2018\/10\/Konv\u00f5rendsi-paigaq.pdf\">kohvik Taevas<\/a> (Katariina allee 6, V\u00f5ru)<\/p>\n<p>Vallal\u00f5tegemine\/Avas\u00f5nad\/Welcome by <strong>Rainer Kuuba <\/strong>(V\u00f5ro instituut)<\/p>\n<p>13.00\u201313.45 <a href=\"https:\/\/wi.ee\/wp-content\/uploads\/2018\/10\/Ragne-K\u00f5uts-Klemm.pdf\"><strong>Ragne K\u00f5uts-Klemm<\/strong><\/a> (Tartu \u00fclikool): Meedia roll keelerikkuse hoidjana<\/p>\n<p>13.45\u201314.15 <a href=\"https:\/\/wi.ee\/wp-content\/uploads\/2018\/10\/Outi-Tanczos.pdf\"><strong>Outi T\u00e1nczos<\/strong><\/a> (Helsingin yliopisto): V\u00e4hemmist\u00f6kielen kuva omakielisess\u00e4 mediassa<\/p>\n<p>14.15\u201314.45 <a href=\"https:\/\/wi.ee\/wp-content\/uploads\/2018\/10\/Sanita-Lazdina-Heiko-F.-Marten.pdf\"><strong>Sanita Lazdina <\/strong><\/a>(Rezekne Academy of Technologies),<a href=\"https:\/\/wi.ee\/wp-content\/uploads\/2018\/10\/Sanita-Lazdina-Heiko-F.-Marten.pdf\"><strong> Heiko F. Marten<\/strong><\/a> (DAAD Information Centre Riga): Facebook practices as a reflection of Language Management in the Workspace<\/p>\n<p>14.45\u201315.00 Sainapapr\u00f5\u2019 ja kohvivaih\/ Vaatmikud ja kohvipaus\/ Poster presentations and coffee break:<\/p>\n<p><a href=\"https:\/\/wi.ee\/wp-content\/uploads\/2018\/10\/Kadri-Tartlan-1.pdf\"><strong>Kadri Tartlan<\/strong><\/a> (ERR): Murdekeelsete saadete vaadatavus-kuulatavus Eesti Rahvusringh\u00e4\u00e4lingus<\/p>\n<p>15.00\u201315.30 <a href=\"https:\/\/wi.ee\/wp-content\/uploads\/2018\/10\/Christian-Pischl\u00f6ger.pdf\"><strong>Christian Pischl\u00f6ger<\/strong><\/a> (Abteilung Finno-Ugristik, Universit\u00e4t Wien): Udmurt language (activism) on social media [skaibiettekanne\/Skype presentation]<\/p>\n<p>15.30\u201316.00 <a href=\"https:\/\/wi.ee\/wp-content\/uploads\/2018\/10\/Ilona-Kivir\u00e4hk.pdf\"><strong>Ilona Kivir\u00e4hk<\/strong><\/a> (SA Kultuurileht): T\u00e4heke v\u00f5ro keelen \u2013 14 numbrit valmis, 15. tulekul!<\/p>\n<p>16.00\u201316.45 <a href=\"https:\/\/wi.ee\/wp-content\/uploads\/2018\/10\/Claudia-Soria.pdf\"><strong>Claudia Soria <\/strong><\/a>(<a href=\"http:\/\/www.dldp.eu\/\">The Digital Language Diversity Project<\/a>, Institute for Computational Linguistics \u2013 National Research Council, Pisa): The Digital Language Survival Kit: helping language communities in the digital world [skaibiettekanne\/Skype presentation]<\/p>\n<p>16.45\u201317.00 vaih\/paus\/break<\/p>\n<p>17.00\u201318.00 <strong>Arotus<\/strong>\/<strong>Diskussioon\/Discussion<\/strong><\/p>\n<p>18.30\u201320.30 \u00f5dagus\u00fc\u00fck\/\u00f5htus\u00f6\u00f6k\/dinner <a href=\"https:\/\/wi.ee\/wp-content\/uploads\/2018\/10\/Konv\u00f5rendsi-paigaq.pdf\">Vana-V\u00f5romaa Kultuurikoda<\/a> (Katariina allee 11, V\u00f5ru)<\/p>\n<p>&nbsp;<\/p>\n<p><strong><span data-mce-mark=\"1\">Puulp\u00e4iv\/Laup\u00e4ev\/Saturday, 20.10.2018<\/span><\/strong><\/p>\n<p>9.00\u20139.30 <a href=\"https:\/\/wi.ee\/wp-content\/uploads\/2018\/10\/Sulev-Iva.pdf\"><strong>Sulev Iva<\/strong><\/a> (V\u00f5ro instituut, Tartu \u00fclikool): V\u00f5ro Vikipeedi\u00e4, keeleopmin\u00f5 ja (sotsiaal)meedi\u00e4<\/p>\n<p>9.30\u201310.00 <a href=\"https:\/\/wi.ee\/wp-content\/uploads\/2018\/10\/Helka-Riionheimo-P\u00e4ivi-Kuusi.pdf\"><strong>Helka Riionheimo<\/strong><\/a> (It\u00e4-Suomen yliopisto), <a href=\"https:\/\/wi.ee\/wp-content\/uploads\/2018\/10\/Helka-Riionheimo-P\u00e4ivi-Kuusi.pdf\"><strong>P\u00e4ivi Kuusi<\/strong><\/a> (Helsingin yliopisto): Kun kielest\u00e4 puuttuu sanoja: ratkaisuja karjalankielisiss\u00e4 Wikipedia- k\u00e4\u00e4nn\u00f6ksiss\u00e4<\/p>\n<p>10.00\u201310.30 <a href=\"https:\/\/wi.ee\/wp-content\/uploads\/2018\/10\/Maria-Kok.pdf\"><strong>Maria Kok<\/strong><\/a> (It\u00e4-Suomen yliopisto),<span data-mce-mark=\"1\"><a href=\"https:\/\/wi.ee\/wp-content\/uploads\/2018\/10\/Maria-Kok.pdf\"> <strong>Natalia Giloeva<\/strong><\/a> (<\/span>It\u00e4-Suomen yliopisto): I\u010densienet, koiransienet da kivilinduzet \u2013 eli\u00f6lajien nimitysten k\u00e4\u00e4nt\u00e4minen suomesta karjalaksi<\/p>\n<p>10.30\u201311.00 <a href=\"https:\/\/wi.ee\/wp-content\/uploads\/2018\/10\/Ilga-\u0160uplinska.pdf\"><strong>Ilga \u0160uplinska<\/strong><\/a> (Rezekne Academy of Technologies): Latgalian in virtual language landscape<\/p>\n<p>11.00-11.15 kohvivaih\/kohvipaus\/coffee break<\/p>\n<p>11.15\u201311.45 <a href=\"https:\/\/wi.ee\/wp-content\/uploads\/2018\/10\/Helen-Plado-Eleri-Konts.pdf\"><strong>Helen Plado <\/strong><\/a>(Helsingin yliopisto, Tartu \u00fclkool)<strong>, <a href=\"https:\/\/wi.ee\/wp-content\/uploads\/2018\/10\/Helen-Plado-Eleri-Konts.pdf\">Eleri Konts<\/a>: <\/strong>Mida n\u00e4itab v\u00e4hemuskeelse ajalehe keeletoimetamine? Juhtumiuuring Uma Lehe p\u00f5hjal<\/p>\n<p>11.45\u201312.15 <a href=\"https:\/\/wi.ee\/wp-content\/uploads\/2018\/10\/Jan-Rahmann.pdf\"><strong>Jan Rahman <\/strong><\/a>(<a href=\"http:\/\/umaleht.ee\/\">Uma Leht<\/a>, SA Kultuurileht): Uma Lehe lugemisharin\u00f5mis\u00f5 uuringu 2005 ja 2018<\/p>\n<p>12.15\u201312.45 <a href=\"https:\/\/wi.ee\/wp-content\/uploads\/2018\/10\/\u00dclle-Kauksi.pdf\"><strong>\u00dclle Kauksi <\/strong><\/a>(Seto Ateljee Galerii): Setomaa ja meedia viim\u00e4dsel paaril aastak\u00fcmnel ja t\u00e4\u00e4mb\u00e4<\/p>\n<p>12.45\u201313.15<a href=\"https:\/\/wi.ee\/wp-content\/uploads\/2018\/10\/Kadri-Ugur.pdf\"><strong> Kadri Ugur <\/strong><\/a>(Tartu \u00fclikool): Kodokiil ol\u00f5-\u00f5i nall\u00b4atego: kuis aokir\u00e4ndusest ja opmisest k\u00f5n\u00f5lda?<\/p>\n<p>13.30-14.15\u00a0 L\u00f5unas\u00fc\u00fck\/l\u00f5unas\u00f6\u00f6k\/lunch <a href=\"https:\/\/wi.ee\/wp-content\/uploads\/2018\/10\/Konv\u00f5rendsi-paigaq.pdf\">kohvik Taevas<\/a> (Katariina allee 6, V\u00f5ru)<\/p>\n<p>14.15 \u00c4rs\u00f5itmin\u00f5\/\u00c4ras\u00f5it\/Departure<\/p>\n<p>Kavva v\u00f5i tulla\u2019 muudatuisi\/Korraldajad j\u00e4tavad endale \u00f5iguse kava muuta\/Please, note that the program is subject to change.<\/p>\n<\/div>\n","protected":false},"excerpt":{"rendered":"<p>Riidi\/Reede\/Friday, 19.10.2018 12.00-12.30 L\u00f5unas\u00fc\u00fck\/l\u00f5unas\u00f6\u00f6k\/lunch kohvik Taevas (Katariina allee 6, V\u00f5ru) Vallal\u00f5tegemine\/Avas\u00f5nad\/Welcome by Rainer Kuuba (V\u00f5ro instituut) 13.00\u201313.45 Ragne K\u00f5uts-Klemm (Tartu \u00fclikool): Meedia roll keelerikkuse hoidjana 13.45\u201314.15 Outi T\u00e1nczos (Helsingin yliopisto): V\u00e4hemmist\u00f6kielen kuva omakielisess\u00e4 mediassa 14.15\u201314.45 Sanita Lazdina (Rezekne Academy of Technologies), Heiko F. Marten (DAAD Information Centre Riga): Facebook practices as a reflection of Language [&hellip;]<\/p>\n","protected":false},"author":2,"featured_media":0,"parent":0,"menu_order":0,"comment_status":"closed","ping_status":"closed","template":"","meta":{"_acf_changed":false,"footnotes":""},"class_list":["post-4874","page","type-page","status-publish","hentry"],"acf":[],"yoast_head":"<!-- This site is optimized with the Yoast SEO plugin v27.3 - https:\/\/yoast.com\/product\/yoast-seo-wordpress\/ -->\n<title>PROGRAM (See abstracts linked to presenters!) - V\u00f5ru Instituut<\/title>\n<meta name=\"robots\" content=\"index, follow, max-snippet:-1, max-image-preview:large, max-video-preview:-1\" \/>\n<link rel=\"canonical\" href=\"https:\/\/wi.ee\/en\/program-see-abstracts-linked-to-presenters\/\" \/>\n<meta property=\"og:locale\" content=\"en_US\" \/>\n<meta property=\"og:type\" content=\"article\" \/>\n<meta property=\"og:title\" content=\"PROGRAM (See abstracts linked to presenters!) - V\u00f5ru Instituut\" \/>\n<meta property=\"og:description\" content=\"Riidi\/Reede\/Friday, 19.10.2018 12.00-12.30 L\u00f5unas\u00fc\u00fck\/l\u00f5unas\u00f6\u00f6k\/lunch kohvik Taevas (Katariina allee 6, V\u00f5ru) Vallal\u00f5tegemine\/Avas\u00f5nad\/Welcome by Rainer Kuuba (V\u00f5ro instituut) 13.00\u201313.45 Ragne K\u00f5uts-Klemm (Tartu \u00fclikool): Meedia roll keelerikkuse hoidjana 13.45\u201314.15 Outi T\u00e1nczos (Helsingin yliopisto): V\u00e4hemmist\u00f6kielen kuva omakielisess\u00e4 mediassa 14.15\u201314.45 Sanita Lazdina (Rezekne Academy of Technologies), Heiko F. Marten (DAAD Information Centre Riga): Facebook practices as a reflection of Language [&hellip;]\" \/>\n<meta property=\"og:url\" content=\"https:\/\/wi.ee\/en\/program-see-abstracts-linked-to-presenters\/\" \/>\n<meta property=\"og:site_name\" content=\"V\u00f5ru Instituut\" \/>\n<meta property=\"article:publisher\" content=\"https:\/\/www.facebook.com\/VoroInstituut\" \/>\n<meta property=\"article:modified_time\" content=\"2018-10-12T12:30:53+00:00\" \/>\n<meta property=\"og:image\" content=\"https:\/\/wi.ee\/wp-content\/uploads\/2015\/05\/logo-150507.png\" \/>\n\t<meta property=\"og:image:width\" content=\"183\" \/>\n\t<meta property=\"og:image:height\" content=\"123\" \/>\n\t<meta property=\"og:image:type\" content=\"image\/png\" \/>\n<meta name=\"twitter:label1\" content=\"Est. reading time\" \/>\n\t<meta name=\"twitter:data1\" content=\"2 minutes\" \/>\n<script type=\"application\/ld+json\" class=\"yoast-schema-graph\">{\"@context\":\"https:\\\/\\\/schema.org\",\"@graph\":[{\"@type\":\"WebPage\",\"@id\":\"https:\\\/\\\/wi.ee\\\/en\\\/program-see-abstracts-linked-to-presenters\\\/\",\"url\":\"https:\\\/\\\/wi.ee\\\/en\\\/program-see-abstracts-linked-to-presenters\\\/\",\"name\":\"PROGRAM (See abstracts linked to presenters!) - V\u00f5ru Instituut\",\"isPartOf\":{\"@id\":\"https:\\\/\\\/wi.ee\\\/en\\\/#website\"},\"datePublished\":\"2018-10-04T07:25:47+00:00\",\"dateModified\":\"2018-10-12T12:30:53+00:00\",\"breadcrumb\":{\"@id\":\"https:\\\/\\\/wi.ee\\\/en\\\/program-see-abstracts-linked-to-presenters\\\/#breadcrumb\"},\"inLanguage\":\"en-US\",\"potentialAction\":[{\"@type\":\"ReadAction\",\"target\":[\"https:\\\/\\\/wi.ee\\\/en\\\/program-see-abstracts-linked-to-presenters\\\/\"]}]},{\"@type\":\"BreadcrumbList\",\"@id\":\"https:\\\/\\\/wi.ee\\\/en\\\/program-see-abstracts-linked-to-presenters\\\/#breadcrumb\",\"itemListElement\":[{\"@type\":\"ListItem\",\"position\":1,\"name\":\"Avaleht\",\"item\":\"https:\\\/\\\/wi.ee\\\/en\\\/\"},{\"@type\":\"ListItem\",\"position\":2,\"name\":\"PROGRAM (See abstracts linked to presenters!)\"}]},{\"@type\":\"WebSite\",\"@id\":\"https:\\\/\\\/wi.ee\\\/en\\\/#website\",\"url\":\"https:\\\/\\\/wi.ee\\\/en\\\/\",\"name\":\"V\u00f5ru Instituut\",\"description\":\"\",\"publisher\":{\"@id\":\"https:\\\/\\\/wi.ee\\\/en\\\/#organization\"},\"potentialAction\":[{\"@type\":\"SearchAction\",\"target\":{\"@type\":\"EntryPoint\",\"urlTemplate\":\"https:\\\/\\\/wi.ee\\\/en\\\/?s={search_term_string}\"},\"query-input\":{\"@type\":\"PropertyValueSpecification\",\"valueRequired\":true,\"valueName\":\"search_term_string\"}}],\"inLanguage\":\"en-US\"},{\"@type\":\"Organization\",\"@id\":\"https:\\\/\\\/wi.ee\\\/en\\\/#organization\",\"name\":\"V\u00f5ru Instituut\",\"url\":\"https:\\\/\\\/wi.ee\\\/en\\\/\",\"logo\":{\"@type\":\"ImageObject\",\"inLanguage\":\"en-US\",\"@id\":\"https:\\\/\\\/wi.ee\\\/en\\\/#\\\/schema\\\/logo\\\/image\\\/\",\"url\":\"https:\\\/\\\/wi.ee\\\/wp-content\\\/uploads\\\/2015\\\/05\\\/logo-150507.png\",\"contentUrl\":\"https:\\\/\\\/wi.ee\\\/wp-content\\\/uploads\\\/2015\\\/05\\\/logo-150507.png\",\"width\":183,\"height\":123,\"caption\":\"V\u00f5ru Instituut\"},\"image\":{\"@id\":\"https:\\\/\\\/wi.ee\\\/en\\\/#\\\/schema\\\/logo\\\/image\\\/\"},\"sameAs\":[\"https:\\\/\\\/www.facebook.com\\\/VoroInstituut\"]}]}<\/script>\n<!-- \/ Yoast SEO plugin. -->","yoast_head_json":{"title":"PROGRAM (See abstracts linked to presenters!) - V\u00f5ru Instituut","robots":{"index":"index","follow":"follow","max-snippet":"max-snippet:-1","max-image-preview":"max-image-preview:large","max-video-preview":"max-video-preview:-1"},"canonical":"https:\/\/wi.ee\/en\/program-see-abstracts-linked-to-presenters\/","og_locale":"en_US","og_type":"article","og_title":"PROGRAM (See abstracts linked to presenters!) - V\u00f5ru Instituut","og_description":"Riidi\/Reede\/Friday, 19.10.2018 12.00-12.30 L\u00f5unas\u00fc\u00fck\/l\u00f5unas\u00f6\u00f6k\/lunch kohvik Taevas (Katariina allee 6, V\u00f5ru) Vallal\u00f5tegemine\/Avas\u00f5nad\/Welcome by Rainer Kuuba (V\u00f5ro instituut) 13.00\u201313.45 Ragne K\u00f5uts-Klemm (Tartu \u00fclikool): Meedia roll keelerikkuse hoidjana 13.45\u201314.15 Outi T\u00e1nczos (Helsingin yliopisto): V\u00e4hemmist\u00f6kielen kuva omakielisess\u00e4 mediassa 14.15\u201314.45 Sanita Lazdina (Rezekne Academy of Technologies), Heiko F. Marten (DAAD Information Centre Riga): Facebook practices as a reflection of Language [&hellip;]","og_url":"https:\/\/wi.ee\/en\/program-see-abstracts-linked-to-presenters\/","og_site_name":"V\u00f5ru Instituut","article_publisher":"https:\/\/www.facebook.com\/VoroInstituut","article_modified_time":"2018-10-12T12:30:53+00:00","og_image":[{"width":183,"height":123,"url":"https:\/\/wi.ee\/wp-content\/uploads\/2015\/05\/logo-150507.png","type":"image\/png"}],"twitter_misc":{"Est. reading time":"2 minutes"},"schema":{"@context":"https:\/\/schema.org","@graph":[{"@type":"WebPage","@id":"https:\/\/wi.ee\/en\/program-see-abstracts-linked-to-presenters\/","url":"https:\/\/wi.ee\/en\/program-see-abstracts-linked-to-presenters\/","name":"PROGRAM (See abstracts linked to presenters!) - V\u00f5ru Instituut","isPartOf":{"@id":"https:\/\/wi.ee\/en\/#website"},"datePublished":"2018-10-04T07:25:47+00:00","dateModified":"2018-10-12T12:30:53+00:00","breadcrumb":{"@id":"https:\/\/wi.ee\/en\/program-see-abstracts-linked-to-presenters\/#breadcrumb"},"inLanguage":"en-US","potentialAction":[{"@type":"ReadAction","target":["https:\/\/wi.ee\/en\/program-see-abstracts-linked-to-presenters\/"]}]},{"@type":"BreadcrumbList","@id":"https:\/\/wi.ee\/en\/program-see-abstracts-linked-to-presenters\/#breadcrumb","itemListElement":[{"@type":"ListItem","position":1,"name":"Avaleht","item":"https:\/\/wi.ee\/en\/"},{"@type":"ListItem","position":2,"name":"PROGRAM (See abstracts linked to presenters!)"}]},{"@type":"WebSite","@id":"https:\/\/wi.ee\/en\/#website","url":"https:\/\/wi.ee\/en\/","name":"V\u00f5ru Instituut","description":"","publisher":{"@id":"https:\/\/wi.ee\/en\/#organization"},"potentialAction":[{"@type":"SearchAction","target":{"@type":"EntryPoint","urlTemplate":"https:\/\/wi.ee\/en\/?s={search_term_string}"},"query-input":{"@type":"PropertyValueSpecification","valueRequired":true,"valueName":"search_term_string"}}],"inLanguage":"en-US"},{"@type":"Organization","@id":"https:\/\/wi.ee\/en\/#organization","name":"V\u00f5ru Instituut","url":"https:\/\/wi.ee\/en\/","logo":{"@type":"ImageObject","inLanguage":"en-US","@id":"https:\/\/wi.ee\/en\/#\/schema\/logo\/image\/","url":"https:\/\/wi.ee\/wp-content\/uploads\/2015\/05\/logo-150507.png","contentUrl":"https:\/\/wi.ee\/wp-content\/uploads\/2015\/05\/logo-150507.png","width":183,"height":123,"caption":"V\u00f5ru Instituut"},"image":{"@id":"https:\/\/wi.ee\/en\/#\/schema\/logo\/image\/"},"sameAs":["https:\/\/www.facebook.com\/VoroInstituut"]}]}},"_links":{"self":[{"href":"https:\/\/wi.ee\/en\/wp-json\/wp\/v2\/pages\/4874","targetHints":{"allow":["GET"]}}],"collection":[{"href":"https:\/\/wi.ee\/en\/wp-json\/wp\/v2\/pages"}],"about":[{"href":"https:\/\/wi.ee\/en\/wp-json\/wp\/v2\/types\/page"}],"author":[{"embeddable":true,"href":"https:\/\/wi.ee\/en\/wp-json\/wp\/v2\/users\/2"}],"replies":[{"embeddable":true,"href":"https:\/\/wi.ee\/en\/wp-json\/wp\/v2\/comments?post=4874"}],"version-history":[{"count":11,"href":"https:\/\/wi.ee\/en\/wp-json\/wp\/v2\/pages\/4874\/revisions"}],"predecessor-version":[{"id":4982,"href":"https:\/\/wi.ee\/en\/wp-json\/wp\/v2\/pages\/4874\/revisions\/4982"}],"wp:attachment":[{"href":"https:\/\/wi.ee\/en\/wp-json\/wp\/v2\/media?parent=4874"}],"curies":[{"name":"wp","href":"https:\/\/api.w.org\/{rel}","templated":true}]}}