{"id":3710,"date":"2018-07-31T11:44:18","date_gmt":"2018-07-31T09:44:18","guid":{"rendered":"https:\/\/wi.ee\/?page_id=3710"},"modified":"2018-07-31T12:21:44","modified_gmt":"2018-07-31T10:21:44","slug":"travellers-guide","status":"publish","type":"page","link":"https:\/\/wi.ee\/en\/museums\/travellers-guide\/","title":{"rendered":"Traveller&#8217;s Guide"},"content":{"rendered":"<p><a href=\"https:\/\/wi.ee\/wp-content\/uploads\/2018\/07\/vana_vorumaa_ENG_FIN_vaade.pdf\" target=\"_blank\" rel=\"noopener\">Vana-V\u00f5romaa Traveller&#8217;s Guide in English and Finnish.<\/a><\/p>\n<p><a href=\"https:\/\/wi.ee\/wp-content\/uploads\/2018\/07\/vana_vorumaa_LAT_RUS_vaade.pdf\" target=\"_blank\" rel=\"noopener\">Vana-V\u00f5romaa Traveller&#8217;s Guide in Latvian and Russian.<\/a><\/p>\n","protected":false},"excerpt":{"rendered":"<p>Vana-V\u00f5romaa Traveller&#8217;s Guide in English and Finnish. Vana-V\u00f5romaa Traveller&#8217;s Guide in Latvian and Russian.<\/p>\n","protected":false},"author":2,"featured_media":0,"parent":2348,"menu_order":6,"comment_status":"closed","ping_status":"closed","template":"","meta":{"_acf_changed":false,"footnotes":""},"class_list":["post-3710","page","type-page","status-publish","hentry"],"acf":[],"yoast_head":"<!-- This site is optimized with the Yoast SEO plugin v27.3 - https:\/\/yoast.com\/product\/yoast-seo-wordpress\/ -->\n<title>Traveller&#039;s Guide - V\u00f5ru Instituut<\/title>\n<meta name=\"robots\" content=\"index, follow, max-snippet:-1, max-image-preview:large, max-video-preview:-1\" \/>\n<link rel=\"canonical\" href=\"https:\/\/wi.ee\/en\/museums\/travellers-guide\/\" \/>\n<meta property=\"og:locale\" content=\"en_US\" \/>\n<meta property=\"og:type\" content=\"article\" \/>\n<meta property=\"og:title\" content=\"Traveller&#039;s Guide - V\u00f5ru Instituut\" \/>\n<meta property=\"og:description\" content=\"Vana-V\u00f5romaa Traveller&#8217;s Guide in English and Finnish. Vana-V\u00f5romaa Traveller&#8217;s Guide in Latvian and Russian.\" \/>\n<meta property=\"og:url\" content=\"https:\/\/wi.ee\/en\/museums\/travellers-guide\/\" \/>\n<meta property=\"og:site_name\" content=\"V\u00f5ru Instituut\" \/>\n<meta property=\"article:publisher\" content=\"https:\/\/www.facebook.com\/VoroInstituut\" \/>\n<meta property=\"article:modified_time\" content=\"2018-07-31T10:21:44+00:00\" \/>\n<meta property=\"og:image\" content=\"https:\/\/wi.ee\/wp-content\/uploads\/2015\/05\/logo-150507.png\" \/>\n\t<meta property=\"og:image:width\" content=\"183\" \/>\n\t<meta property=\"og:image:height\" content=\"123\" \/>\n\t<meta property=\"og:image:type\" content=\"image\/png\" \/>\n<script type=\"application\/ld+json\" class=\"yoast-schema-graph\">{\"@context\":\"https:\\\/\\\/schema.org\",\"@graph\":[{\"@type\":\"WebPage\",\"@id\":\"https:\\\/\\\/wi.ee\\\/en\\\/museums\\\/travellers-guide\\\/\",\"url\":\"https:\\\/\\\/wi.ee\\\/en\\\/museums\\\/travellers-guide\\\/\",\"name\":\"Traveller's Guide - V\u00f5ru Instituut\",\"isPartOf\":{\"@id\":\"https:\\\/\\\/wi.ee\\\/en\\\/#website\"},\"datePublished\":\"2018-07-31T09:44:18+00:00\",\"dateModified\":\"2018-07-31T10:21:44+00:00\",\"breadcrumb\":{\"@id\":\"https:\\\/\\\/wi.ee\\\/en\\\/museums\\\/travellers-guide\\\/#breadcrumb\"},\"inLanguage\":\"en-US\",\"potentialAction\":[{\"@type\":\"ReadAction\",\"target\":[\"https:\\\/\\\/wi.ee\\\/en\\\/museums\\\/travellers-guide\\\/\"]}]},{\"@type\":\"BreadcrumbList\",\"@id\":\"https:\\\/\\\/wi.ee\\\/en\\\/museums\\\/travellers-guide\\\/#breadcrumb\",\"itemListElement\":[{\"@type\":\"ListItem\",\"position\":1,\"name\":\"Avaleht\",\"item\":\"https:\\\/\\\/wi.ee\\\/en\\\/\"},{\"@type\":\"ListItem\",\"position\":2,\"name\":\"Museums\",\"item\":\"https:\\\/\\\/wi.ee\\\/en\\\/museums\\\/\"},{\"@type\":\"ListItem\",\"position\":3,\"name\":\"Traveller&#8217;s Guide\"}]},{\"@type\":\"WebSite\",\"@id\":\"https:\\\/\\\/wi.ee\\\/en\\\/#website\",\"url\":\"https:\\\/\\\/wi.ee\\\/en\\\/\",\"name\":\"V\u00f5ru Instituut\",\"description\":\"\",\"publisher\":{\"@id\":\"https:\\\/\\\/wi.ee\\\/en\\\/#organization\"},\"potentialAction\":[{\"@type\":\"SearchAction\",\"target\":{\"@type\":\"EntryPoint\",\"urlTemplate\":\"https:\\\/\\\/wi.ee\\\/en\\\/?s={search_term_string}\"},\"query-input\":{\"@type\":\"PropertyValueSpecification\",\"valueRequired\":true,\"valueName\":\"search_term_string\"}}],\"inLanguage\":\"en-US\"},{\"@type\":\"Organization\",\"@id\":\"https:\\\/\\\/wi.ee\\\/en\\\/#organization\",\"name\":\"V\u00f5ru Instituut\",\"url\":\"https:\\\/\\\/wi.ee\\\/en\\\/\",\"logo\":{\"@type\":\"ImageObject\",\"inLanguage\":\"en-US\",\"@id\":\"https:\\\/\\\/wi.ee\\\/en\\\/#\\\/schema\\\/logo\\\/image\\\/\",\"url\":\"https:\\\/\\\/wi.ee\\\/wp-content\\\/uploads\\\/2015\\\/05\\\/logo-150507.png\",\"contentUrl\":\"https:\\\/\\\/wi.ee\\\/wp-content\\\/uploads\\\/2015\\\/05\\\/logo-150507.png\",\"width\":183,\"height\":123,\"caption\":\"V\u00f5ru Instituut\"},\"image\":{\"@id\":\"https:\\\/\\\/wi.ee\\\/en\\\/#\\\/schema\\\/logo\\\/image\\\/\"},\"sameAs\":[\"https:\\\/\\\/www.facebook.com\\\/VoroInstituut\"]}]}<\/script>\n<!-- \/ Yoast SEO plugin. -->","yoast_head_json":{"title":"Traveller's Guide - V\u00f5ru Instituut","robots":{"index":"index","follow":"follow","max-snippet":"max-snippet:-1","max-image-preview":"max-image-preview:large","max-video-preview":"max-video-preview:-1"},"canonical":"https:\/\/wi.ee\/en\/museums\/travellers-guide\/","og_locale":"en_US","og_type":"article","og_title":"Traveller's Guide - V\u00f5ru Instituut","og_description":"Vana-V\u00f5romaa Traveller&#8217;s Guide in English and Finnish. Vana-V\u00f5romaa Traveller&#8217;s Guide in Latvian and Russian.","og_url":"https:\/\/wi.ee\/en\/museums\/travellers-guide\/","og_site_name":"V\u00f5ru Instituut","article_publisher":"https:\/\/www.facebook.com\/VoroInstituut","article_modified_time":"2018-07-31T10:21:44+00:00","og_image":[{"width":183,"height":123,"url":"https:\/\/wi.ee\/wp-content\/uploads\/2015\/05\/logo-150507.png","type":"image\/png"}],"schema":{"@context":"https:\/\/schema.org","@graph":[{"@type":"WebPage","@id":"https:\/\/wi.ee\/en\/museums\/travellers-guide\/","url":"https:\/\/wi.ee\/en\/museums\/travellers-guide\/","name":"Traveller's Guide - V\u00f5ru Instituut","isPartOf":{"@id":"https:\/\/wi.ee\/en\/#website"},"datePublished":"2018-07-31T09:44:18+00:00","dateModified":"2018-07-31T10:21:44+00:00","breadcrumb":{"@id":"https:\/\/wi.ee\/en\/museums\/travellers-guide\/#breadcrumb"},"inLanguage":"en-US","potentialAction":[{"@type":"ReadAction","target":["https:\/\/wi.ee\/en\/museums\/travellers-guide\/"]}]},{"@type":"BreadcrumbList","@id":"https:\/\/wi.ee\/en\/museums\/travellers-guide\/#breadcrumb","itemListElement":[{"@type":"ListItem","position":1,"name":"Avaleht","item":"https:\/\/wi.ee\/en\/"},{"@type":"ListItem","position":2,"name":"Museums","item":"https:\/\/wi.ee\/en\/museums\/"},{"@type":"ListItem","position":3,"name":"Traveller&#8217;s Guide"}]},{"@type":"WebSite","@id":"https:\/\/wi.ee\/en\/#website","url":"https:\/\/wi.ee\/en\/","name":"V\u00f5ru Instituut","description":"","publisher":{"@id":"https:\/\/wi.ee\/en\/#organization"},"potentialAction":[{"@type":"SearchAction","target":{"@type":"EntryPoint","urlTemplate":"https:\/\/wi.ee\/en\/?s={search_term_string}"},"query-input":{"@type":"PropertyValueSpecification","valueRequired":true,"valueName":"search_term_string"}}],"inLanguage":"en-US"},{"@type":"Organization","@id":"https:\/\/wi.ee\/en\/#organization","name":"V\u00f5ru Instituut","url":"https:\/\/wi.ee\/en\/","logo":{"@type":"ImageObject","inLanguage":"en-US","@id":"https:\/\/wi.ee\/en\/#\/schema\/logo\/image\/","url":"https:\/\/wi.ee\/wp-content\/uploads\/2015\/05\/logo-150507.png","contentUrl":"https:\/\/wi.ee\/wp-content\/uploads\/2015\/05\/logo-150507.png","width":183,"height":123,"caption":"V\u00f5ru Instituut"},"image":{"@id":"https:\/\/wi.ee\/en\/#\/schema\/logo\/image\/"},"sameAs":["https:\/\/www.facebook.com\/VoroInstituut"]}]}},"_links":{"self":[{"href":"https:\/\/wi.ee\/en\/wp-json\/wp\/v2\/pages\/3710","targetHints":{"allow":["GET"]}}],"collection":[{"href":"https:\/\/wi.ee\/en\/wp-json\/wp\/v2\/pages"}],"about":[{"href":"https:\/\/wi.ee\/en\/wp-json\/wp\/v2\/types\/page"}],"author":[{"embeddable":true,"href":"https:\/\/wi.ee\/en\/wp-json\/wp\/v2\/users\/2"}],"replies":[{"embeddable":true,"href":"https:\/\/wi.ee\/en\/wp-json\/wp\/v2\/comments?post=3710"}],"version-history":[{"count":2,"href":"https:\/\/wi.ee\/en\/wp-json\/wp\/v2\/pages\/3710\/revisions"}],"predecessor-version":[{"id":3712,"href":"https:\/\/wi.ee\/en\/wp-json\/wp\/v2\/pages\/3710\/revisions\/3712"}],"up":[{"embeddable":true,"href":"https:\/\/wi.ee\/en\/wp-json\/wp\/v2\/pages\/2348"}],"wp:attachment":[{"href":"https:\/\/wi.ee\/en\/wp-json\/wp\/v2\/media?parent=3710"}],"curies":[{"name":"wp","href":"https:\/\/api.w.org\/{rel}","templated":true}]}}