{"id":2348,"date":"2017-02-27T14:35:21","date_gmt":"2017-02-27T12:35:21","guid":{"rendered":"https:\/\/wi.ee\/?page_id=2348\/"},"modified":"2019-11-07T16:42:05","modified_gmt":"2019-11-07T14:42:05","slug":"museums","status":"publish","type":"page","link":"https:\/\/wi.ee\/en\/museums\/","title":{"rendered":"Museums"},"content":{"rendered":"<p><a href=\"\/et\/muuseumid\/kaart\/\" target=\"_blank\" rel=\"noopener noreferrer\"><img loading=\"lazy\" decoding=\"async\" class=\"aligncenter wp-image-3478 size-medium\" src=\"https:\/\/wi.ee\/wp-content\/uploads\/2018\/06\/vana-v\u00f5romaa-MUSEUMS-v\u00e4rv-horisontaalne-300x43.png\" alt=\"\" width=\"300\" height=\"43\" srcset=\"https:\/\/wi.ee\/wp-content\/uploads\/2018\/06\/vana-v\u00f5romaa-MUSEUMS-v\u00e4rv-horisontaalne-300x43.png 300w, https:\/\/wi.ee\/wp-content\/uploads\/2018\/06\/vana-v\u00f5romaa-MUSEUMS-v\u00e4rv-horisontaalne-768x111.png 768w, https:\/\/wi.ee\/wp-content\/uploads\/2018\/06\/vana-v\u00f5romaa-MUSEUMS-v\u00e4rv-horisontaalne-1024x148.png 1024w\" sizes=\"auto, (max-width: 300px) 100vw, 300px\" \/><\/a><\/p>\n<h4><strong>Southern Estonia and Vana-V\u00f5romaa<\/strong><\/h4>\n<p><a href=\"\/et\/muuseumid\/kaart\/\" target=\"_blank\" rel=\"noopener noreferrer\"><img loading=\"lazy\" decoding=\"async\" class=\"alignnone\" src=\"https:\/\/wi.ee\/wp-content\/uploads\/2019\/04\/LE-ja-Vana-Voru-muuseumi-asukohtade-kaart_vaiku.jpg\" alt=\"\" width=\"536\" height=\"296\" \/><\/a><\/p>\n<h4><a href=\"\/et\/muuseumid\/kaart\/\" target=\"_blank\" rel=\"noopener noreferrer\"><span style=\"color: #800000;\"><strong>Locations of museums.<\/strong><\/span><\/a><\/h4>\n<p>&nbsp;<\/p>\n<p><a href=\"https:\/\/monistemuuseum.ee\/moniste-peasant-museum\/\" target=\"_blank\" rel=\"noopener noreferrer\"><span style=\"color: #800000;\"><strong>M\u00f5niste Rural Life Museum<\/strong><\/span><\/a><a href=\"https:\/\/monistemuuseum.ee\/moniste-peasant-museum\/\" target=\"_blank\" rel=\"noopener noreferrer\"><img loading=\"lazy\" decoding=\"async\" class=\"alignleft wp-image-2278\" src=\"https:\/\/wi.ee\/wp-content\/uploads\/2015\/05\/Moniste_muuseumi_pood-300x168.jpg\" width=\"120\" height=\"67\" srcset=\"https:\/\/wi.ee\/wp-content\/uploads\/2015\/05\/Moniste_muuseumi_pood-300x168.jpg 300w, https:\/\/wi.ee\/wp-content\/uploads\/2015\/05\/Moniste_muuseumi_pood-768x431.jpg 768w, https:\/\/wi.ee\/wp-content\/uploads\/2015\/05\/Moniste_muuseumi_pood.jpg 960w\" sizes=\"auto, (max-width: 120px) 100vw, 120px\" \/><\/a><\/p>\n<p>&nbsp;<\/p>\n<p>&nbsp;<\/p>\n<p><a href=\"https:\/\/vorumuuseum.ee\/vana-voromaa-museum\/\" target=\"_blank\" rel=\"noopener noreferrer\"><strong><span style=\"color: #800000;\">Vana-V\u00f5romaa Museum and Art Gallery<\/span><\/strong><\/a><a href=\"https:\/\/vorumuuseum.ee\/vana-voromaa-museum\/\" target=\"_blank\" rel=\"noopener noreferrer\"><img loading=\"lazy\" decoding=\"async\" class=\"alignleft wp-image-2282\" src=\"https:\/\/wi.ee\/wp-content\/uploads\/2015\/05\/vana_voro_kultuurikoda-300x225.jpg\" width=\"120\" height=\"90\" srcset=\"https:\/\/wi.ee\/wp-content\/uploads\/2015\/05\/vana_voro_kultuurikoda-300x225.jpg 300w, https:\/\/wi.ee\/wp-content\/uploads\/2015\/05\/vana_voro_kultuurikoda-768x576.jpg 768w, https:\/\/wi.ee\/wp-content\/uploads\/2015\/05\/vana_voro_kultuurikoda-1024x768.jpg 1024w\" sizes=\"auto, (max-width: 120px) 100vw, 120px\" \/><\/a><\/p>\n<p>&nbsp;<\/p>\n<p>&nbsp;<\/p>\n<p>&nbsp;<\/p>\n<p><a href=\"https:\/\/lauluisa.ee\/dr-fr-r-kreutzwald-memorialmuseum\/\" target=\"_blank\" rel=\"noopener noreferrer\"><strong><span style=\"color: #800000;\">Dr. Fr. R. Kreutzwald Memorial Museum<\/span><\/strong><\/a><a href=\"https:\/\/lauluisa.ee\/dr-fr-r-kreutzwald-memorialmuseum\/\" target=\"_blank\" rel=\"noopener noreferrer\"><img loading=\"lazy\" decoding=\"async\" class=\"alignleft wp-image-2293\" src=\"https:\/\/wi.ee\/wp-content\/uploads\/2015\/05\/Kreutzwaldi_muuseum-300x203.jpg\" width=\"120\" height=\"81\" srcset=\"https:\/\/wi.ee\/wp-content\/uploads\/2015\/05\/Kreutzwaldi_muuseum-300x203.jpg 300w, https:\/\/wi.ee\/wp-content\/uploads\/2015\/05\/Kreutzwaldi_muuseum-600x400.jpg 600w, https:\/\/wi.ee\/wp-content\/uploads\/2015\/05\/Kreutzwaldi_muuseum-768x521.jpg 768w, https:\/\/wi.ee\/wp-content\/uploads\/2015\/05\/Kreutzwaldi_muuseum-1024x695.jpg 1024w, https:\/\/wi.ee\/wp-content\/uploads\/2015\/05\/Kreutzwaldi_muuseum.jpg 1846w\" sizes=\"auto, (max-width: 120px) 100vw, 120px\" \/><\/a><\/p>\n<p>&nbsp;<\/p>\n<p>&nbsp;<\/p>\n<p>&nbsp;<\/p>\n<p><strong><a href=\"https:\/\/karilatsimuuseum.ee\/polva-peasant-museum\/\" target=\"_blank\" rel=\"noopener noreferrer\"><img loading=\"lazy\" decoding=\"async\" class=\"alignleft wp-image-2303\" src=\"https:\/\/wi.ee\/wp-content\/uploads\/2015\/05\/Polva_talurahvamuuseum-300x199.jpg\" width=\"120\" height=\"80\" srcset=\"https:\/\/wi.ee\/wp-content\/uploads\/2015\/05\/Polva_talurahvamuuseum-300x199.jpg 300w, https:\/\/wi.ee\/wp-content\/uploads\/2015\/05\/Polva_talurahvamuuseum-600x400.jpg 600w, https:\/\/wi.ee\/wp-content\/uploads\/2015\/05\/Polva_talurahvamuuseum-768x510.jpg 768w, https:\/\/wi.ee\/wp-content\/uploads\/2015\/05\/Polva_talurahvamuuseum-1024x680.jpg 1024w, https:\/\/wi.ee\/wp-content\/uploads\/2015\/05\/Polva_talurahvamuuseum.jpg 1072w\" sizes=\"auto, (max-width: 120px) 100vw, 120px\" \/><\/a><a href=\"https:\/\/karilatsimuuseum.ee\/polva-peasant-museum\/\" target=\"_blank\" rel=\"noopener noreferrer\"><span style=\"color: #800000;\">Karilatsi Open Air Museum<\/span><\/a><\/strong><\/p>\n<p>&nbsp;<\/p>\n<p>&nbsp;<\/p>\n<p>&nbsp;<\/p>\n<p><a href=\"https:\/\/wi.ee\/wp-content\/uploads\/2018\/07\/vana-voromaa-uma-orig.png\"><img loading=\"lazy\" decoding=\"async\" class=\"size-medium wp-image-3652 aligncenter\" src=\"https:\/\/wi.ee\/wp-content\/uploads\/2018\/07\/vana-voromaa-uma-orig-300x54.png\" alt=\"\" width=\"300\" height=\"54\" srcset=\"https:\/\/wi.ee\/wp-content\/uploads\/2018\/07\/vana-voromaa-uma-orig-300x54.png 300w, https:\/\/wi.ee\/wp-content\/uploads\/2018\/07\/vana-voromaa-uma-orig-768x137.png 768w, https:\/\/wi.ee\/wp-content\/uploads\/2018\/07\/vana-voromaa-uma-orig-1024x183.png 1024w, https:\/\/wi.ee\/wp-content\/uploads\/2018\/07\/vana-voromaa-uma-orig.png 1673w\" sizes=\"auto, (max-width: 300px) 100vw, 300px\" \/><\/a><\/p>\n<h3><strong><span style=\"color: #008000;\">See also:\u00a0<\/span><\/strong><\/h3>\n<p>&nbsp;<\/p>\n<p><a href=\"https:\/\/wi.ee\/wp-content\/uploads\/2018\/07\/vana_voromaa_-tuuritajakaardi_pilt_v.jpg\" target=\"_blank\" rel=\"noopener noreferrer\"><img loading=\"lazy\" decoding=\"async\" class=\"alignleft wp-image-3595\" src=\"https:\/\/wi.ee\/wp-content\/uploads\/2018\/07\/vana_voromaa_-tuuritajakaardi_pilt_v-300x231.jpg\" alt=\"\" width=\"127\" height=\"98\" srcset=\"https:\/\/wi.ee\/wp-content\/uploads\/2018\/07\/vana_voromaa_-tuuritajakaardi_pilt_v-300x231.jpg 300w, https:\/\/wi.ee\/wp-content\/uploads\/2018\/07\/vana_voromaa_-tuuritajakaardi_pilt_v-768x590.jpg 768w, https:\/\/wi.ee\/wp-content\/uploads\/2018\/07\/vana_voromaa_-tuuritajakaardi_pilt_v-1024x787.jpg 1024w, https:\/\/wi.ee\/wp-content\/uploads\/2018\/07\/vana_voromaa_-tuuritajakaardi_pilt_v.jpg 1399w\" sizes=\"auto, (max-width: 127px) 100vw, 127px\" \/><\/a><strong><span style=\"color: #800000;\">Traveller&#8217;s Guide on the Vana-V\u00f5romaa region<\/span><\/strong><\/p>\n<p><a href=\"https:\/\/wi.ee\/wp-content\/uploads\/2018\/07\/vana_vorumaa_ENG_FIN_vaade.pdf\" target=\"_blank\" rel=\"noopener noreferrer\">In English and Finnish<\/a><\/p>\n<p><a href=\"https:\/\/wi.ee\/wp-content\/uploads\/2018\/07\/vana_vorumaa_LAT_RUS_vaade.pdf\" target=\"_blank\" rel=\"noopener noreferrer\">In Latvian and Russian<\/a><\/p>\n<p>&nbsp;<\/p>\n<p>&nbsp;<\/p>\n<p style=\"text-align: left;\"><span style=\"color: #800000;\"><strong><img loading=\"lazy\" decoding=\"async\" class=\"alignleft wp-image-2314\" src=\"https:\/\/wi.ee\/wp-content\/uploads\/2015\/05\/uhtjarve_org-300x199.jpg\" width=\"120\" height=\"80\" srcset=\"https:\/\/wi.ee\/wp-content\/uploads\/2015\/05\/uhtjarve_org-300x199.jpg 300w, https:\/\/wi.ee\/wp-content\/uploads\/2015\/05\/uhtjarve_org-600x400.jpg 600w, https:\/\/wi.ee\/wp-content\/uploads\/2015\/05\/uhtjarve_org.jpg 752w\" sizes=\"auto, (max-width: 120px) 100vw, 120px\" \/>Tourist information on the Vana-V\u00f5romaa region<\/strong><\/span><\/p>\n<p><strong><a href=\"http:\/\/www.visitpolva.ee\/\">visitpolva.ee<\/a><\/strong><\/p>\n<p><strong><a href=\"http:\/\/www.visitvoru.ee\/\">visitvoru.ee<\/a><\/strong><\/p>\n<p>&nbsp;<\/p>\n<p><strong>\u00a0<a href=\"https:\/\/kotus.ee\/kulalisele\/vana-voro-turismikaart\/\" target=\"_blank\" rel=\"noopener noreferrer\"><img loading=\"lazy\" decoding=\"async\" class=\"alignnone wp-image-2529\" src=\"https:\/\/wi.ee\/wp-content\/uploads\/2017\/02\/kotus_logo_Kris-Lyys_v-300x300.jpg\" alt=\"\" width=\"114\" height=\"114\" srcset=\"https:\/\/wi.ee\/wp-content\/uploads\/2017\/02\/kotus_logo_Kris-Lyys_v-300x300.jpg 300w, https:\/\/wi.ee\/wp-content\/uploads\/2017\/02\/kotus_logo_Kris-Lyys_v.jpg 540w\" sizes=\"auto, (max-width: 114px) 100vw, 114px\" \/><\/a>\u00a0\u00a0<a href=\"https:\/\/kotus.ee\/kulalisele\/vana-voro-turismikaart\/\" target=\"_blank\" rel=\"noopener noreferrer\">kotus.ee<\/a><\/strong><\/p>\n<p>&nbsp;<\/p>\n<p>&nbsp;<\/p>\n","protected":false},"excerpt":{"rendered":"<p>Southern Estonia and Vana-V\u00f5romaa Locations of museums. &nbsp; M\u00f5niste Rural Life Museum &nbsp; &nbsp; Vana-V\u00f5romaa Museum and Art Gallery &nbsp; &nbsp; &nbsp; Dr. Fr. R. Kreutzwald Memorial Museum &nbsp; &nbsp; &nbsp; Karilatsi Open Air Museum &nbsp; &nbsp; &nbsp; See also:\u00a0 &nbsp; Traveller&#8217;s Guide on the Vana-V\u00f5romaa region In English and Finnish In Latvian and Russian [&hellip;]<\/p>\n","protected":false},"author":2,"featured_media":0,"parent":0,"menu_order":0,"comment_status":"closed","ping_status":"open","template":"","meta":{"_acf_changed":false,"footnotes":""},"class_list":["post-2348","page","type-page","status-publish","hentry"],"acf":[],"yoast_head":"<!-- This site is optimized with the Yoast SEO plugin v27.4 - https:\/\/yoast.com\/product\/yoast-seo-wordpress\/ -->\n<title>Museums - V\u00f5ru Instituut<\/title>\n<meta name=\"robots\" content=\"index, follow, max-snippet:-1, max-image-preview:large, max-video-preview:-1\" \/>\n<link rel=\"canonical\" href=\"https:\/\/wi.ee\/en\/museums\/\" \/>\n<meta property=\"og:locale\" content=\"en_US\" \/>\n<meta property=\"og:type\" content=\"article\" \/>\n<meta property=\"og:title\" content=\"Museums - V\u00f5ru Instituut\" \/>\n<meta property=\"og:description\" content=\"Southern Estonia and Vana-V\u00f5romaa Locations of museums. &nbsp; M\u00f5niste Rural Life Museum &nbsp; &nbsp; Vana-V\u00f5romaa Museum and Art Gallery &nbsp; &nbsp; &nbsp; Dr. Fr. R. Kreutzwald Memorial Museum &nbsp; &nbsp; &nbsp; Karilatsi Open Air Museum &nbsp; &nbsp; &nbsp; See also:\u00a0 &nbsp; Traveller&#8217;s Guide on the Vana-V\u00f5romaa region In English and Finnish In Latvian and Russian [&hellip;]\" \/>\n<meta property=\"og:url\" content=\"https:\/\/wi.ee\/en\/museums\/\" \/>\n<meta property=\"og:site_name\" content=\"V\u00f5ru Instituut\" \/>\n<meta property=\"article:publisher\" content=\"https:\/\/www.facebook.com\/VoroInstituut\" \/>\n<meta property=\"article:modified_time\" content=\"2019-11-07T14:42:05+00:00\" \/>\n<meta property=\"og:image\" content=\"https:\/\/wi.ee\/wp-content\/uploads\/2018\/06\/vana-v\u00f5romaa-MUSEUMS-v\u00e4rv-horisontaalne-300x43.png\" \/>\n<script type=\"application\/ld+json\" class=\"yoast-schema-graph\">{\"@context\":\"https:\\\/\\\/schema.org\",\"@graph\":[{\"@type\":\"WebPage\",\"@id\":\"https:\\\/\\\/wi.ee\\\/en\\\/museums\\\/\",\"url\":\"https:\\\/\\\/wi.ee\\\/en\\\/museums\\\/\",\"name\":\"Museums - V\u00f5ru Instituut\",\"isPartOf\":{\"@id\":\"https:\\\/\\\/wi.ee\\\/en\\\/#website\"},\"primaryImageOfPage\":{\"@id\":\"https:\\\/\\\/wi.ee\\\/en\\\/museums\\\/#primaryimage\"},\"image\":{\"@id\":\"https:\\\/\\\/wi.ee\\\/en\\\/museums\\\/#primaryimage\"},\"thumbnailUrl\":\"https:\\\/\\\/wi.ee\\\/wp-content\\\/uploads\\\/2019\\\/04\\\/LE-ja-Vana-Voru-muuseumi-asukohtade-kaart_vaiku.jpg\",\"datePublished\":\"2017-02-27T12:35:21+00:00\",\"dateModified\":\"2019-11-07T14:42:05+00:00\",\"breadcrumb\":{\"@id\":\"https:\\\/\\\/wi.ee\\\/en\\\/museums\\\/#breadcrumb\"},\"inLanguage\":\"en-US\",\"potentialAction\":[{\"@type\":\"ReadAction\",\"target\":[\"https:\\\/\\\/wi.ee\\\/en\\\/museums\\\/\"]}]},{\"@type\":\"ImageObject\",\"inLanguage\":\"en-US\",\"@id\":\"https:\\\/\\\/wi.ee\\\/en\\\/museums\\\/#primaryimage\",\"url\":\"https:\\\/\\\/wi.ee\\\/wp-content\\\/uploads\\\/2019\\\/04\\\/LE-ja-Vana-Voru-muuseumi-asukohtade-kaart_vaiku.jpg\",\"contentUrl\":\"https:\\\/\\\/wi.ee\\\/wp-content\\\/uploads\\\/2019\\\/04\\\/LE-ja-Vana-Voru-muuseumi-asukohtade-kaart_vaiku.jpg\"},{\"@type\":\"BreadcrumbList\",\"@id\":\"https:\\\/\\\/wi.ee\\\/en\\\/museums\\\/#breadcrumb\",\"itemListElement\":[{\"@type\":\"ListItem\",\"position\":1,\"name\":\"Avaleht\",\"item\":\"https:\\\/\\\/wi.ee\\\/en\\\/\"},{\"@type\":\"ListItem\",\"position\":2,\"name\":\"Museums\"}]},{\"@type\":\"WebSite\",\"@id\":\"https:\\\/\\\/wi.ee\\\/en\\\/#website\",\"url\":\"https:\\\/\\\/wi.ee\\\/en\\\/\",\"name\":\"V\u00f5ru Instituut\",\"description\":\"\",\"publisher\":{\"@id\":\"https:\\\/\\\/wi.ee\\\/en\\\/#organization\"},\"potentialAction\":[{\"@type\":\"SearchAction\",\"target\":{\"@type\":\"EntryPoint\",\"urlTemplate\":\"https:\\\/\\\/wi.ee\\\/en\\\/?s={search_term_string}\"},\"query-input\":{\"@type\":\"PropertyValueSpecification\",\"valueRequired\":true,\"valueName\":\"search_term_string\"}}],\"inLanguage\":\"en-US\"},{\"@type\":\"Organization\",\"@id\":\"https:\\\/\\\/wi.ee\\\/en\\\/#organization\",\"name\":\"V\u00f5ru Instituut\",\"url\":\"https:\\\/\\\/wi.ee\\\/en\\\/\",\"logo\":{\"@type\":\"ImageObject\",\"inLanguage\":\"en-US\",\"@id\":\"https:\\\/\\\/wi.ee\\\/en\\\/#\\\/schema\\\/logo\\\/image\\\/\",\"url\":\"https:\\\/\\\/wi.ee\\\/wp-content\\\/uploads\\\/2015\\\/05\\\/logo-150507.png\",\"contentUrl\":\"https:\\\/\\\/wi.ee\\\/wp-content\\\/uploads\\\/2015\\\/05\\\/logo-150507.png\",\"width\":183,\"height\":123,\"caption\":\"V\u00f5ru Instituut\"},\"image\":{\"@id\":\"https:\\\/\\\/wi.ee\\\/en\\\/#\\\/schema\\\/logo\\\/image\\\/\"},\"sameAs\":[\"https:\\\/\\\/www.facebook.com\\\/VoroInstituut\"]}]}<\/script>\n<!-- \/ Yoast SEO plugin. -->","yoast_head_json":{"title":"Museums - V\u00f5ru Instituut","robots":{"index":"index","follow":"follow","max-snippet":"max-snippet:-1","max-image-preview":"max-image-preview:large","max-video-preview":"max-video-preview:-1"},"canonical":"https:\/\/wi.ee\/en\/museums\/","og_locale":"en_US","og_type":"article","og_title":"Museums - V\u00f5ru Instituut","og_description":"Southern Estonia and Vana-V\u00f5romaa Locations of museums. &nbsp; M\u00f5niste Rural Life Museum &nbsp; &nbsp; Vana-V\u00f5romaa Museum and Art Gallery &nbsp; &nbsp; &nbsp; Dr. Fr. R. Kreutzwald Memorial Museum &nbsp; &nbsp; &nbsp; Karilatsi Open Air Museum &nbsp; &nbsp; &nbsp; See also:\u00a0 &nbsp; Traveller&#8217;s Guide on the Vana-V\u00f5romaa region In English and Finnish In Latvian and Russian [&hellip;]","og_url":"https:\/\/wi.ee\/en\/museums\/","og_site_name":"V\u00f5ru Instituut","article_publisher":"https:\/\/www.facebook.com\/VoroInstituut","article_modified_time":"2019-11-07T14:42:05+00:00","og_image":[{"url":"https:\/\/wi.ee\/wp-content\/uploads\/2018\/06\/vana-v\u00f5romaa-MUSEUMS-v\u00e4rv-horisontaalne-300x43.png","type":"","width":"","height":""}],"schema":{"@context":"https:\/\/schema.org","@graph":[{"@type":"WebPage","@id":"https:\/\/wi.ee\/en\/museums\/","url":"https:\/\/wi.ee\/en\/museums\/","name":"Museums - V\u00f5ru Instituut","isPartOf":{"@id":"https:\/\/wi.ee\/en\/#website"},"primaryImageOfPage":{"@id":"https:\/\/wi.ee\/en\/museums\/#primaryimage"},"image":{"@id":"https:\/\/wi.ee\/en\/museums\/#primaryimage"},"thumbnailUrl":"https:\/\/wi.ee\/wp-content\/uploads\/2019\/04\/LE-ja-Vana-Voru-muuseumi-asukohtade-kaart_vaiku.jpg","datePublished":"2017-02-27T12:35:21+00:00","dateModified":"2019-11-07T14:42:05+00:00","breadcrumb":{"@id":"https:\/\/wi.ee\/en\/museums\/#breadcrumb"},"inLanguage":"en-US","potentialAction":[{"@type":"ReadAction","target":["https:\/\/wi.ee\/en\/museums\/"]}]},{"@type":"ImageObject","inLanguage":"en-US","@id":"https:\/\/wi.ee\/en\/museums\/#primaryimage","url":"https:\/\/wi.ee\/wp-content\/uploads\/2019\/04\/LE-ja-Vana-Voru-muuseumi-asukohtade-kaart_vaiku.jpg","contentUrl":"https:\/\/wi.ee\/wp-content\/uploads\/2019\/04\/LE-ja-Vana-Voru-muuseumi-asukohtade-kaart_vaiku.jpg"},{"@type":"BreadcrumbList","@id":"https:\/\/wi.ee\/en\/museums\/#breadcrumb","itemListElement":[{"@type":"ListItem","position":1,"name":"Avaleht","item":"https:\/\/wi.ee\/en\/"},{"@type":"ListItem","position":2,"name":"Museums"}]},{"@type":"WebSite","@id":"https:\/\/wi.ee\/en\/#website","url":"https:\/\/wi.ee\/en\/","name":"V\u00f5ru Instituut","description":"","publisher":{"@id":"https:\/\/wi.ee\/en\/#organization"},"potentialAction":[{"@type":"SearchAction","target":{"@type":"EntryPoint","urlTemplate":"https:\/\/wi.ee\/en\/?s={search_term_string}"},"query-input":{"@type":"PropertyValueSpecification","valueRequired":true,"valueName":"search_term_string"}}],"inLanguage":"en-US"},{"@type":"Organization","@id":"https:\/\/wi.ee\/en\/#organization","name":"V\u00f5ru Instituut","url":"https:\/\/wi.ee\/en\/","logo":{"@type":"ImageObject","inLanguage":"en-US","@id":"https:\/\/wi.ee\/en\/#\/schema\/logo\/image\/","url":"https:\/\/wi.ee\/wp-content\/uploads\/2015\/05\/logo-150507.png","contentUrl":"https:\/\/wi.ee\/wp-content\/uploads\/2015\/05\/logo-150507.png","width":183,"height":123,"caption":"V\u00f5ru Instituut"},"image":{"@id":"https:\/\/wi.ee\/en\/#\/schema\/logo\/image\/"},"sameAs":["https:\/\/www.facebook.com\/VoroInstituut"]}]}},"_links":{"self":[{"href":"https:\/\/wi.ee\/en\/wp-json\/wp\/v2\/pages\/2348","targetHints":{"allow":["GET"]}}],"collection":[{"href":"https:\/\/wi.ee\/en\/wp-json\/wp\/v2\/pages"}],"about":[{"href":"https:\/\/wi.ee\/en\/wp-json\/wp\/v2\/types\/page"}],"author":[{"embeddable":true,"href":"https:\/\/wi.ee\/en\/wp-json\/wp\/v2\/users\/2"}],"replies":[{"embeddable":true,"href":"https:\/\/wi.ee\/en\/wp-json\/wp\/v2\/comments?post=2348"}],"version-history":[{"count":23,"href":"https:\/\/wi.ee\/en\/wp-json\/wp\/v2\/pages\/2348\/revisions"}],"predecessor-version":[{"id":6475,"href":"https:\/\/wi.ee\/en\/wp-json\/wp\/v2\/pages\/2348\/revisions\/6475"}],"wp:attachment":[{"href":"https:\/\/wi.ee\/en\/wp-json\/wp\/v2\/media?parent=2348"}],"curies":[{"name":"wp","href":"https:\/\/api.w.org\/{rel}","templated":true}]}}