{"id":1646,"date":"2016-04-07T14:24:49","date_gmt":"2016-04-07T12:24:49","guid":{"rendered":"https:\/\/wi.ee\/en\/voro-keele-sunteeshelu\/"},"modified":"2016-04-19T14:20:05","modified_gmt":"2016-04-19T12:20:05","slug":"voro-keele-sunteeshelu","status":"publish","type":"page","link":"https:\/\/wi.ee\/en\/voro-keele-sunteeshelu\/","title":{"rendered":"V\u00f5ro synthetic voice"},"content":{"rendered":"<p><strong>The first V\u00f5ro synthetic voices are available at:<\/strong><\/p>\n<p><a href=\"http:\/\/www.eki.ee\/~indrek\/voru\/index.php\" target=\"_blank\">http:\/\/www.eki.ee\/~indrek\/voru\/index.php<\/a><\/p>\n<p>V\u00f5ro speech synthesizer\u00a0is made by the Institute of Estonian Language and V\u00f5ro Institute. See:\u00a0<a href=\"https:\/\/github.com\/ikiissel\/synthts_vr\">https:\/\/github.com\/ikiissel\/synthts_vr<\/a><\/p>\n<p>Comments: &#x73;&#117;&#108;&#x65;&#x76;&#46;&#105;&#x76;&#x61;&#64;&#119;&#x69;&#x2e;&#101;&#101;<\/p>\n","protected":false},"excerpt":{"rendered":"<p>The first V\u00f5ro synthetic voices are available at: http:\/\/www.eki.ee\/~indrek\/voru\/index.php V\u00f5ro speech synthesizer\u00a0is made by the Institute of Estonian Language and V\u00f5ro Institute. See:\u00a0https:\/\/github.com\/ikiissel\/synthts_vr Comments: &#x73;&#117;&#x6c;&#101;v&#x2e;&#105;v&#x61;&#64;&#x77;&#x69;&#46;&#x65;&#101;<\/p>\n","protected":false},"author":2,"featured_media":0,"parent":0,"menu_order":0,"comment_status":"closed","ping_status":"closed","template":"","meta":{"_acf_changed":false,"footnotes":""},"class_list":["post-1646","page","type-page","status-publish","hentry"],"acf":[],"yoast_head":"<!-- This site is optimized with the Yoast SEO plugin v27.4 - https:\/\/yoast.com\/product\/yoast-seo-wordpress\/ -->\n<title>V\u00f5ro synthetic voice - V\u00f5ru Instituut<\/title>\n<meta name=\"description\" content=\"Kuis pruuki: kirotat v\u00f5ro keelen mid\u00e4gi puutrihe vai kopit m\u00f5n\u00f5 teksti (nt Uma Lehe vai Vikipeedi\u00e4 artikli) ja puutri lug\u00f5 tuu k\u00f5va hel\u00fcga ette. Saa valli kas mehe- vai t\u00fct\u00e4rlats\u00f5hel\u00fc. Pruuvi saa tan: http:\/\/www.eki.ee\/~indrek\/voru\/index.php V\u00f5ro keele k\u00f5n\u00f5l\u00f5miss\u00fcntesaatri om EKI ja V\u00f5ro Instituudi \u00fctist\u00fc\u00fc. Saa uuri ka siist: https:\/\/github.com\/ikiissel\/synthts_vr Kuna taa om peris edim\u00e4ne k\u00f5rd, ku v\u00f5ro keelele mid\u00e4gi s\u00e4\u00e4nest om tet\u00e4 proovit, sis ki\u00e4 m\u00f5n\u00f5 via l\u00f6\u00fcd, pall\u00f5si tuu \u00fcles t\u00e4hend\u00e4 ja m\u00e4rko anda aadr\u00f5si p\u00e4\u00e4le sulev.iva@wi.ee.\" \/>\n<meta name=\"robots\" content=\"index, follow, max-snippet:-1, max-image-preview:large, max-video-preview:-1\" \/>\n<link rel=\"canonical\" href=\"https:\/\/wi.ee\/en\/voro-keele-sunteeshelu\/\" \/>\n<meta property=\"og:locale\" content=\"en_US\" \/>\n<meta property=\"og:type\" content=\"article\" \/>\n<meta property=\"og:title\" content=\"V\u00f5ro synthetic voice - V\u00f5ru Instituut\" \/>\n<meta property=\"og:description\" content=\"Kuis pruuki: kirotat v\u00f5ro keelen mid\u00e4gi puutrihe vai kopit m\u00f5n\u00f5 teksti (nt Uma Lehe vai Vikipeedi\u00e4 artikli) ja puutri lug\u00f5 tuu k\u00f5va hel\u00fcga ette. Saa valli kas mehe- vai t\u00fct\u00e4rlats\u00f5hel\u00fc. Pruuvi saa tan: http:\/\/www.eki.ee\/~indrek\/voru\/index.php V\u00f5ro keele k\u00f5n\u00f5l\u00f5miss\u00fcntesaatri om EKI ja V\u00f5ro Instituudi \u00fctist\u00fc\u00fc. Saa uuri ka siist: https:\/\/github.com\/ikiissel\/synthts_vr Kuna taa om peris edim\u00e4ne k\u00f5rd, ku v\u00f5ro keelele mid\u00e4gi s\u00e4\u00e4nest om tet\u00e4 proovit, sis ki\u00e4 m\u00f5n\u00f5 via l\u00f6\u00fcd, pall\u00f5si tuu \u00fcles t\u00e4hend\u00e4 ja m\u00e4rko anda aadr\u00f5si p\u00e4\u00e4le sulev.iva@wi.ee.\" \/>\n<meta property=\"og:url\" content=\"https:\/\/wi.ee\/en\/voro-keele-sunteeshelu\/\" \/>\n<meta property=\"og:site_name\" content=\"V\u00f5ru Instituut\" \/>\n<meta property=\"article:publisher\" content=\"https:\/\/www.facebook.com\/VoroInstituut\" \/>\n<meta property=\"article:modified_time\" content=\"2016-04-19T12:20:05+00:00\" \/>\n<meta property=\"og:image\" content=\"https:\/\/wi.ee\/wp-content\/uploads\/2015\/05\/logo-150507.png\" \/>\n\t<meta property=\"og:image:width\" content=\"183\" \/>\n\t<meta property=\"og:image:height\" content=\"123\" \/>\n\t<meta property=\"og:image:type\" content=\"image\/png\" \/>\n<script type=\"application\/ld+json\" class=\"yoast-schema-graph\">{\"@context\":\"https:\\\/\\\/schema.org\",\"@graph\":[{\"@type\":\"WebPage\",\"@id\":\"https:\\\/\\\/wi.ee\\\/en\\\/voro-keele-sunteeshelu\\\/\",\"url\":\"https:\\\/\\\/wi.ee\\\/en\\\/voro-keele-sunteeshelu\\\/\",\"name\":\"V\u00f5ro synthetic voice - V\u00f5ru Instituut\",\"isPartOf\":{\"@id\":\"https:\\\/\\\/wi.ee\\\/en\\\/#website\"},\"datePublished\":\"2016-04-07T12:24:49+00:00\",\"dateModified\":\"2016-04-19T12:20:05+00:00\",\"description\":\"Kuis pruuki: kirotat v\u00f5ro keelen mid\u00e4gi puutrihe vai kopit m\u00f5n\u00f5 teksti (nt Uma Lehe vai Vikipeedi\u00e4 artikli) ja puutri lug\u00f5 tuu k\u00f5va hel\u00fcga ette. Saa valli kas mehe- vai t\u00fct\u00e4rlats\u00f5hel\u00fc. Pruuvi saa tan: http:\\\/\\\/www.eki.ee\\\/~indrek\\\/voru\\\/index.php V\u00f5ro keele k\u00f5n\u00f5l\u00f5miss\u00fcntesaatri om EKI ja V\u00f5ro Instituudi \u00fctist\u00fc\u00fc. Saa uuri ka siist: https:\\\/\\\/github.com\\\/ikiissel\\\/synthts_vr Kuna taa om peris edim\u00e4ne k\u00f5rd, ku v\u00f5ro keelele mid\u00e4gi s\u00e4\u00e4nest om tet\u00e4 proovit, sis ki\u00e4 m\u00f5n\u00f5 via l\u00f6\u00fcd, pall\u00f5si tuu \u00fcles t\u00e4hend\u00e4 ja m\u00e4rko anda aadr\u00f5si p\u00e4\u00e4le sulev.iva@wi.ee.\",\"breadcrumb\":{\"@id\":\"https:\\\/\\\/wi.ee\\\/en\\\/voro-keele-sunteeshelu\\\/#breadcrumb\"},\"inLanguage\":\"en-US\",\"potentialAction\":[{\"@type\":\"ReadAction\",\"target\":[\"https:\\\/\\\/wi.ee\\\/en\\\/voro-keele-sunteeshelu\\\/\"]}]},{\"@type\":\"BreadcrumbList\",\"@id\":\"https:\\\/\\\/wi.ee\\\/en\\\/voro-keele-sunteeshelu\\\/#breadcrumb\",\"itemListElement\":[{\"@type\":\"ListItem\",\"position\":1,\"name\":\"Avaleht\",\"item\":\"https:\\\/\\\/wi.ee\\\/en\\\/\"},{\"@type\":\"ListItem\",\"position\":2,\"name\":\"V\u00f5ro synthetic voice\"}]},{\"@type\":\"WebSite\",\"@id\":\"https:\\\/\\\/wi.ee\\\/en\\\/#website\",\"url\":\"https:\\\/\\\/wi.ee\\\/en\\\/\",\"name\":\"V\u00f5ru Instituut\",\"description\":\"\",\"publisher\":{\"@id\":\"https:\\\/\\\/wi.ee\\\/en\\\/#organization\"},\"potentialAction\":[{\"@type\":\"SearchAction\",\"target\":{\"@type\":\"EntryPoint\",\"urlTemplate\":\"https:\\\/\\\/wi.ee\\\/en\\\/?s={search_term_string}\"},\"query-input\":{\"@type\":\"PropertyValueSpecification\",\"valueRequired\":true,\"valueName\":\"search_term_string\"}}],\"inLanguage\":\"en-US\"},{\"@type\":\"Organization\",\"@id\":\"https:\\\/\\\/wi.ee\\\/en\\\/#organization\",\"name\":\"V\u00f5ru Instituut\",\"url\":\"https:\\\/\\\/wi.ee\\\/en\\\/\",\"logo\":{\"@type\":\"ImageObject\",\"inLanguage\":\"en-US\",\"@id\":\"https:\\\/\\\/wi.ee\\\/en\\\/#\\\/schema\\\/logo\\\/image\\\/\",\"url\":\"https:\\\/\\\/wi.ee\\\/wp-content\\\/uploads\\\/2015\\\/05\\\/logo-150507.png\",\"contentUrl\":\"https:\\\/\\\/wi.ee\\\/wp-content\\\/uploads\\\/2015\\\/05\\\/logo-150507.png\",\"width\":183,\"height\":123,\"caption\":\"V\u00f5ru Instituut\"},\"image\":{\"@id\":\"https:\\\/\\\/wi.ee\\\/en\\\/#\\\/schema\\\/logo\\\/image\\\/\"},\"sameAs\":[\"https:\\\/\\\/www.facebook.com\\\/VoroInstituut\"]}]}<\/script>\n<!-- \/ Yoast SEO plugin. -->","yoast_head_json":{"title":"V\u00f5ro synthetic voice - V\u00f5ru Instituut","description":"Kuis pruuki: kirotat v\u00f5ro keelen mid\u00e4gi puutrihe vai kopit m\u00f5n\u00f5 teksti (nt Uma Lehe vai Vikipeedi\u00e4 artikli) ja puutri lug\u00f5 tuu k\u00f5va hel\u00fcga ette. Saa valli kas mehe- vai t\u00fct\u00e4rlats\u00f5hel\u00fc. Pruuvi saa tan: http:\/\/www.eki.ee\/~indrek\/voru\/index.php V\u00f5ro keele k\u00f5n\u00f5l\u00f5miss\u00fcntesaatri om EKI ja V\u00f5ro Instituudi \u00fctist\u00fc\u00fc. Saa uuri ka siist: https:\/\/github.com\/ikiissel\/synthts_vr Kuna taa om peris edim\u00e4ne k\u00f5rd, ku v\u00f5ro keelele mid\u00e4gi s\u00e4\u00e4nest om tet\u00e4 proovit, sis ki\u00e4 m\u00f5n\u00f5 via l\u00f6\u00fcd, pall\u00f5si tuu \u00fcles t\u00e4hend\u00e4 ja m\u00e4rko anda aadr\u00f5si p\u00e4\u00e4le sulev.iva@wi.ee.","robots":{"index":"index","follow":"follow","max-snippet":"max-snippet:-1","max-image-preview":"max-image-preview:large","max-video-preview":"max-video-preview:-1"},"canonical":"https:\/\/wi.ee\/en\/voro-keele-sunteeshelu\/","og_locale":"en_US","og_type":"article","og_title":"V\u00f5ro synthetic voice - V\u00f5ru Instituut","og_description":"Kuis pruuki: kirotat v\u00f5ro keelen mid\u00e4gi puutrihe vai kopit m\u00f5n\u00f5 teksti (nt Uma Lehe vai Vikipeedi\u00e4 artikli) ja puutri lug\u00f5 tuu k\u00f5va hel\u00fcga ette. Saa valli kas mehe- vai t\u00fct\u00e4rlats\u00f5hel\u00fc. Pruuvi saa tan: http:\/\/www.eki.ee\/~indrek\/voru\/index.php V\u00f5ro keele k\u00f5n\u00f5l\u00f5miss\u00fcntesaatri om EKI ja V\u00f5ro Instituudi \u00fctist\u00fc\u00fc. Saa uuri ka siist: https:\/\/github.com\/ikiissel\/synthts_vr Kuna taa om peris edim\u00e4ne k\u00f5rd, ku v\u00f5ro keelele mid\u00e4gi s\u00e4\u00e4nest om tet\u00e4 proovit, sis ki\u00e4 m\u00f5n\u00f5 via l\u00f6\u00fcd, pall\u00f5si tuu \u00fcles t\u00e4hend\u00e4 ja m\u00e4rko anda aadr\u00f5si p\u00e4\u00e4le sulev.iva@wi.ee.","og_url":"https:\/\/wi.ee\/en\/voro-keele-sunteeshelu\/","og_site_name":"V\u00f5ru Instituut","article_publisher":"https:\/\/www.facebook.com\/VoroInstituut","article_modified_time":"2016-04-19T12:20:05+00:00","og_image":[{"width":183,"height":123,"url":"https:\/\/wi.ee\/wp-content\/uploads\/2015\/05\/logo-150507.png","type":"image\/png"}],"schema":{"@context":"https:\/\/schema.org","@graph":[{"@type":"WebPage","@id":"https:\/\/wi.ee\/en\/voro-keele-sunteeshelu\/","url":"https:\/\/wi.ee\/en\/voro-keele-sunteeshelu\/","name":"V\u00f5ro synthetic voice - V\u00f5ru Instituut","isPartOf":{"@id":"https:\/\/wi.ee\/en\/#website"},"datePublished":"2016-04-07T12:24:49+00:00","dateModified":"2016-04-19T12:20:05+00:00","description":"Kuis pruuki: kirotat v\u00f5ro keelen mid\u00e4gi puutrihe vai kopit m\u00f5n\u00f5 teksti (nt Uma Lehe vai Vikipeedi\u00e4 artikli) ja puutri lug\u00f5 tuu k\u00f5va hel\u00fcga ette. Saa valli kas mehe- vai t\u00fct\u00e4rlats\u00f5hel\u00fc. Pruuvi saa tan: http:\/\/www.eki.ee\/~indrek\/voru\/index.php V\u00f5ro keele k\u00f5n\u00f5l\u00f5miss\u00fcntesaatri om EKI ja V\u00f5ro Instituudi \u00fctist\u00fc\u00fc. Saa uuri ka siist: https:\/\/github.com\/ikiissel\/synthts_vr Kuna taa om peris edim\u00e4ne k\u00f5rd, ku v\u00f5ro keelele mid\u00e4gi s\u00e4\u00e4nest om tet\u00e4 proovit, sis ki\u00e4 m\u00f5n\u00f5 via l\u00f6\u00fcd, pall\u00f5si tuu \u00fcles t\u00e4hend\u00e4 ja m\u00e4rko anda aadr\u00f5si p\u00e4\u00e4le sulev.iva@wi.ee.","breadcrumb":{"@id":"https:\/\/wi.ee\/en\/voro-keele-sunteeshelu\/#breadcrumb"},"inLanguage":"en-US","potentialAction":[{"@type":"ReadAction","target":["https:\/\/wi.ee\/en\/voro-keele-sunteeshelu\/"]}]},{"@type":"BreadcrumbList","@id":"https:\/\/wi.ee\/en\/voro-keele-sunteeshelu\/#breadcrumb","itemListElement":[{"@type":"ListItem","position":1,"name":"Avaleht","item":"https:\/\/wi.ee\/en\/"},{"@type":"ListItem","position":2,"name":"V\u00f5ro synthetic voice"}]},{"@type":"WebSite","@id":"https:\/\/wi.ee\/en\/#website","url":"https:\/\/wi.ee\/en\/","name":"V\u00f5ru Instituut","description":"","publisher":{"@id":"https:\/\/wi.ee\/en\/#organization"},"potentialAction":[{"@type":"SearchAction","target":{"@type":"EntryPoint","urlTemplate":"https:\/\/wi.ee\/en\/?s={search_term_string}"},"query-input":{"@type":"PropertyValueSpecification","valueRequired":true,"valueName":"search_term_string"}}],"inLanguage":"en-US"},{"@type":"Organization","@id":"https:\/\/wi.ee\/en\/#organization","name":"V\u00f5ru Instituut","url":"https:\/\/wi.ee\/en\/","logo":{"@type":"ImageObject","inLanguage":"en-US","@id":"https:\/\/wi.ee\/en\/#\/schema\/logo\/image\/","url":"https:\/\/wi.ee\/wp-content\/uploads\/2015\/05\/logo-150507.png","contentUrl":"https:\/\/wi.ee\/wp-content\/uploads\/2015\/05\/logo-150507.png","width":183,"height":123,"caption":"V\u00f5ru Instituut"},"image":{"@id":"https:\/\/wi.ee\/en\/#\/schema\/logo\/image\/"},"sameAs":["https:\/\/www.facebook.com\/VoroInstituut"]}]}},"_links":{"self":[{"href":"https:\/\/wi.ee\/en\/wp-json\/wp\/v2\/pages\/1646","targetHints":{"allow":["GET"]}}],"collection":[{"href":"https:\/\/wi.ee\/en\/wp-json\/wp\/v2\/pages"}],"about":[{"href":"https:\/\/wi.ee\/en\/wp-json\/wp\/v2\/types\/page"}],"author":[{"embeddable":true,"href":"https:\/\/wi.ee\/en\/wp-json\/wp\/v2\/users\/2"}],"replies":[{"embeddable":true,"href":"https:\/\/wi.ee\/en\/wp-json\/wp\/v2\/comments?post=1646"}],"version-history":[{"count":6,"href":"https:\/\/wi.ee\/en\/wp-json\/wp\/v2\/pages\/1646\/revisions"}],"predecessor-version":[{"id":1681,"href":"https:\/\/wi.ee\/en\/wp-json\/wp\/v2\/pages\/1646\/revisions\/1681"}],"wp:attachment":[{"href":"https:\/\/wi.ee\/en\/wp-json\/wp\/v2\/media?parent=1646"}],"curies":[{"name":"wp","href":"https:\/\/api.w.org\/{rel}","templated":true}]}}