{"id":1432,"date":"2016-02-15T23:54:17","date_gmt":"2016-02-15T21:54:17","guid":{"rendered":"https:\/\/wi.ee\/en\/?page_id=1432"},"modified":"2024-04-19T09:32:47","modified_gmt":"2024-04-19T06:32:47","slug":"about-us","status":"publish","type":"page","link":"https:\/\/wi.ee\/en\/about-us\/","title":{"rendered":"About Us"},"content":{"rendered":"<p>The establishment of the V\u00f5ro Institute was first suggested by the active advocates of the V\u00f5ro movement, which emerged in the late 1980s. By the mid-1990s it was clear that the movement required state support to be viable and could not be sustained exclusively on a voluntary basis. The V\u00f5ro Institute was established by the Estonian Government in 1995 as a state research and development agency. Today the V\u00f5ro Institute is administered by <a href=\"https:\/\/www.kul.ee\/\">the Estonian Ministry of Culture<\/a>. Its activities are regulated by The Law on the Regulation of Scientific and Development Activities and its statute. The academic board and its chairperson supervise the projects undertaken by the Institute.<\/p>\n<p>The V\u00f5ro Institute is run by the Director, who is appointed to a five-year term by the Minister of Culture. In addition to the permanent staff, eight researchers and specialists agree to short-term contracts for more extensive projects.<\/p>\n<p>The V\u00f5ro Institute is funded from the state budget; additional support comes from different foundations and programs. The institute has been the beneficiary of <a href=\"http:\/\/kulka.ee\/\">the Cultural Endowment of Estonia<\/a>, the Gambling Tax Board and &#8220;The Southern Estonian Language and Culture&#8221; government program.<\/p>\n<div>\n<p class=\"gmail-western\"><span style=\"font-family: Arial, sans-serif;\"><span style=\"color: #000000;\">The main aim of V\u00f5ro Institute is scientific development as well as dealing with matters unique to\u00a0the<\/span><span style=\"color: #000000;\">\u00a0Vana-V\u00f5romaa (<\/span><span style=\"color: #000000;\">the\u00a0historical V\u00f5ro County area)<\/span><span style=\"color: #000000;\"><i>,<\/i><\/span><span style=\"color: #000000;\">\u00a0concentrating on research of its linguistic and cultural character, maintaining its vitality and introducing its\u00a0cultural heritage.<\/span><span style=\"color: #202020;\"><br \/>\n<\/span><\/span><\/p>\n<p class=\"gmail-western\"><span style=\"font-family: Arial, sans-serif;\"><span style=\"color: #202020;\">The responsibilities of V<\/span><span style=\"color: #202020;\"><span lang=\"et-EE\">\u00f5ro Institute are:<\/span><\/span><\/span><\/p>\n<p class=\"gmail-western\"><span style=\"font-family: Arial, sans-serif;\"><span style=\"color: #202020;\"><span lang=\"et-EE\">1)\u00a0<\/span><\/span><span style=\"color: #202020;\"><span lang=\"et-EE\">Improving the local intellectual and material environment by valuing traditional way of living. Researching how to increase the possibilities of growth potential and introducing them to the wider public<\/span><\/span><span style=\"color: #202020;\"><span lang=\"et-EE\">;<\/span><\/span><\/span><\/p>\n<p class=\"gmail-western\"><span style=\"font-family: Arial, sans-serif;\"><span style=\"color: #202020;\"><span lang=\"nb-NO\">2)\u00a0<\/span><\/span><span style=\"color: #202020;\"><span lang=\"nb-NO\">Researching and regulating toponyms of the area, with assistance from <\/span><\/span><span style=\"color: #000000;\"><span lang=\"nb-NO\">n<\/span><\/span><span style=\"color: #000000;\"><span lang=\"nb-NO\">ational municipal conventions<\/span><\/span><span style=\"color: #202020;\"><span lang=\"nb-NO\">;<\/span><\/span><\/span><\/p>\n<p class=\"gmail-western\"><span style=\"font-family: Arial, sans-serif;\"><span style=\"color: #202020;\"><span lang=\"nb-NO\">3)\u00a0<\/span><\/span><span style=\"color: #202020;\"><span lang=\"nb-NO\">Researching the character of the v\u00f5ro language and regulating its public use as well as publishing material in this area;<\/span><\/span><\/span><\/p>\n<p class=\"gmail-western\"><span style=\"font-family: Arial, sans-serif;\"><span style=\"color: #202020;\">4)\u00a0<\/span><span style=\"color: #202020;\">Enriching the curriculum of the area\u2019s schools and extra-curricular training programs with v\u00f5ro culture and language studies and methodical materials, also preparing and publishing didactic literature as well as regular fiction<\/span><span style=\"color: #202020;\">;<\/span><\/span><\/p>\n<p class=\"gmail-western\"><span style=\"font-family: Arial, sans-serif;\"><span style=\"color: #202020;\"><span lang=\"nb-NO\">5)\u00a0<\/span><\/span><span style=\"color: #202020;\"><span lang=\"nb-NO\">Researching local intellectual and material folk culture and helping to preserve it. This includes gathering material goods and organising the preservation process;<\/span><\/span><\/span><\/p>\n<p class=\"gmail-western\"><span style=\"font-family: Arial, sans-serif;\"><span style=\"color: #202020;\">6)<\/span><span style=\"color: #202020;\"> Developing the principles for the balanced development of the use of nature, living environment and production<\/span><span style=\"color: #202020;\">;<\/span><\/span><\/p>\n<p class=\"gmail-western\"><span style=\"font-family: Arial, sans-serif;\"><span style=\"color: #202020;\">7)\u00a0<\/span><span style=\"color: #202020;\">Taking part in work on the area\u2019s development concept and planning principles taking sustainable development principles into account<\/span><span style=\"color: #202020;\">;<\/span><\/span><\/p>\n<p class=\"gmail-western\"><span style=\"font-family: Arial, sans-serif;\"><span style=\"color: #202020;\">8)\u00a0<\/span><span style=\"color: #202020;\">Taking part in regional-political research;<\/span><\/span><\/p>\n<p class=\"gmail-western\"><span style=\"font-family: Arial, sans-serif;\"><span style=\"color: #202020;\">9)\u00a0<\/span><span style=\"color: #202020;\">Taking part in solving other questions regarding regional development as necessary and possible<\/span><span style=\"color: #202020;\">.<\/span><\/span><\/p>\n<\/div>\n<p>&nbsp;<\/p>\n<p><a href=\"https:\/\/wi.ee\/wp-content\/uploads\/2024\/04\/WI_development-plan-2024-2028.pdf\"><strong>V\u00f5ro Institute development plan 2024-2028<\/strong><\/a><\/p>\n","protected":false},"excerpt":{"rendered":"<p>The establishment of the V\u00f5ro Institute was first suggested by the active advocates of the V\u00f5ro movement, which emerged in the late 1980s. By the mid-1990s it was clear that the movement required state support to be viable and could not be sustained exclusively on a voluntary basis. The V\u00f5ro Institute was established by the [&hellip;]<\/p>\n","protected":false},"author":1,"featured_media":0,"parent":0,"menu_order":0,"comment_status":"closed","ping_status":"open","template":"","meta":{"_acf_changed":false,"footnotes":""},"class_list":["post-1432","page","type-page","status-publish","hentry"],"acf":[],"yoast_head":"<!-- This site is optimized with the Yoast SEO plugin v27.3 - https:\/\/yoast.com\/product\/yoast-seo-wordpress\/ -->\n<title>About Us - V\u00f5ru Instituut<\/title>\n<meta name=\"robots\" content=\"index, follow, max-snippet:-1, max-image-preview:large, max-video-preview:-1\" \/>\n<link rel=\"canonical\" href=\"https:\/\/wi.ee\/en\/about-us\/\" \/>\n<meta property=\"og:locale\" content=\"en_US\" \/>\n<meta property=\"og:type\" content=\"article\" \/>\n<meta property=\"og:title\" content=\"About Us - V\u00f5ru Instituut\" \/>\n<meta property=\"og:description\" content=\"The establishment of the V\u00f5ro Institute was first suggested by the active advocates of the V\u00f5ro movement, which emerged in the late 1980s. By the mid-1990s it was clear that the movement required state support to be viable and could not be sustained exclusively on a voluntary basis. The V\u00f5ro Institute was established by the [&hellip;]\" \/>\n<meta property=\"og:url\" content=\"https:\/\/wi.ee\/en\/about-us\/\" \/>\n<meta property=\"og:site_name\" content=\"V\u00f5ru Instituut\" \/>\n<meta property=\"article:publisher\" content=\"https:\/\/www.facebook.com\/VoroInstituut\" \/>\n<meta property=\"article:modified_time\" content=\"2024-04-19T06:32:47+00:00\" \/>\n<meta property=\"og:image\" content=\"https:\/\/wi.ee\/wp-content\/uploads\/2015\/05\/logo-150507.png\" \/>\n\t<meta property=\"og:image:width\" content=\"183\" \/>\n\t<meta property=\"og:image:height\" content=\"123\" \/>\n\t<meta property=\"og:image:type\" content=\"image\/png\" \/>\n<meta name=\"twitter:label1\" content=\"Est. reading time\" \/>\n\t<meta name=\"twitter:data1\" content=\"3 minutes\" \/>\n<script type=\"application\/ld+json\" class=\"yoast-schema-graph\">{\"@context\":\"https:\\\/\\\/schema.org\",\"@graph\":[{\"@type\":\"WebPage\",\"@id\":\"https:\\\/\\\/wi.ee\\\/en\\\/about-us\\\/\",\"url\":\"https:\\\/\\\/wi.ee\\\/en\\\/about-us\\\/\",\"name\":\"About Us - V\u00f5ru Instituut\",\"isPartOf\":{\"@id\":\"https:\\\/\\\/wi.ee\\\/en\\\/#website\"},\"datePublished\":\"2016-02-15T21:54:17+00:00\",\"dateModified\":\"2024-04-19T06:32:47+00:00\",\"breadcrumb\":{\"@id\":\"https:\\\/\\\/wi.ee\\\/en\\\/about-us\\\/#breadcrumb\"},\"inLanguage\":\"en-US\",\"potentialAction\":[{\"@type\":\"ReadAction\",\"target\":[\"https:\\\/\\\/wi.ee\\\/en\\\/about-us\\\/\"]}]},{\"@type\":\"BreadcrumbList\",\"@id\":\"https:\\\/\\\/wi.ee\\\/en\\\/about-us\\\/#breadcrumb\",\"itemListElement\":[{\"@type\":\"ListItem\",\"position\":1,\"name\":\"Avaleht\",\"item\":\"https:\\\/\\\/wi.ee\\\/en\\\/\"},{\"@type\":\"ListItem\",\"position\":2,\"name\":\"About Us\"}]},{\"@type\":\"WebSite\",\"@id\":\"https:\\\/\\\/wi.ee\\\/en\\\/#website\",\"url\":\"https:\\\/\\\/wi.ee\\\/en\\\/\",\"name\":\"V\u00f5ru Instituut\",\"description\":\"\",\"publisher\":{\"@id\":\"https:\\\/\\\/wi.ee\\\/en\\\/#organization\"},\"potentialAction\":[{\"@type\":\"SearchAction\",\"target\":{\"@type\":\"EntryPoint\",\"urlTemplate\":\"https:\\\/\\\/wi.ee\\\/en\\\/?s={search_term_string}\"},\"query-input\":{\"@type\":\"PropertyValueSpecification\",\"valueRequired\":true,\"valueName\":\"search_term_string\"}}],\"inLanguage\":\"en-US\"},{\"@type\":\"Organization\",\"@id\":\"https:\\\/\\\/wi.ee\\\/en\\\/#organization\",\"name\":\"V\u00f5ru Instituut\",\"url\":\"https:\\\/\\\/wi.ee\\\/en\\\/\",\"logo\":{\"@type\":\"ImageObject\",\"inLanguage\":\"en-US\",\"@id\":\"https:\\\/\\\/wi.ee\\\/en\\\/#\\\/schema\\\/logo\\\/image\\\/\",\"url\":\"https:\\\/\\\/wi.ee\\\/wp-content\\\/uploads\\\/2015\\\/05\\\/logo-150507.png\",\"contentUrl\":\"https:\\\/\\\/wi.ee\\\/wp-content\\\/uploads\\\/2015\\\/05\\\/logo-150507.png\",\"width\":183,\"height\":123,\"caption\":\"V\u00f5ru Instituut\"},\"image\":{\"@id\":\"https:\\\/\\\/wi.ee\\\/en\\\/#\\\/schema\\\/logo\\\/image\\\/\"},\"sameAs\":[\"https:\\\/\\\/www.facebook.com\\\/VoroInstituut\"]}]}<\/script>\n<!-- \/ Yoast SEO plugin. -->","yoast_head_json":{"title":"About Us - V\u00f5ru Instituut","robots":{"index":"index","follow":"follow","max-snippet":"max-snippet:-1","max-image-preview":"max-image-preview:large","max-video-preview":"max-video-preview:-1"},"canonical":"https:\/\/wi.ee\/en\/about-us\/","og_locale":"en_US","og_type":"article","og_title":"About Us - V\u00f5ru Instituut","og_description":"The establishment of the V\u00f5ro Institute was first suggested by the active advocates of the V\u00f5ro movement, which emerged in the late 1980s. By the mid-1990s it was clear that the movement required state support to be viable and could not be sustained exclusively on a voluntary basis. The V\u00f5ro Institute was established by the [&hellip;]","og_url":"https:\/\/wi.ee\/en\/about-us\/","og_site_name":"V\u00f5ru Instituut","article_publisher":"https:\/\/www.facebook.com\/VoroInstituut","article_modified_time":"2024-04-19T06:32:47+00:00","og_image":[{"width":183,"height":123,"url":"https:\/\/wi.ee\/wp-content\/uploads\/2015\/05\/logo-150507.png","type":"image\/png"}],"twitter_misc":{"Est. reading time":"3 minutes"},"schema":{"@context":"https:\/\/schema.org","@graph":[{"@type":"WebPage","@id":"https:\/\/wi.ee\/en\/about-us\/","url":"https:\/\/wi.ee\/en\/about-us\/","name":"About Us - V\u00f5ru Instituut","isPartOf":{"@id":"https:\/\/wi.ee\/en\/#website"},"datePublished":"2016-02-15T21:54:17+00:00","dateModified":"2024-04-19T06:32:47+00:00","breadcrumb":{"@id":"https:\/\/wi.ee\/en\/about-us\/#breadcrumb"},"inLanguage":"en-US","potentialAction":[{"@type":"ReadAction","target":["https:\/\/wi.ee\/en\/about-us\/"]}]},{"@type":"BreadcrumbList","@id":"https:\/\/wi.ee\/en\/about-us\/#breadcrumb","itemListElement":[{"@type":"ListItem","position":1,"name":"Avaleht","item":"https:\/\/wi.ee\/en\/"},{"@type":"ListItem","position":2,"name":"About Us"}]},{"@type":"WebSite","@id":"https:\/\/wi.ee\/en\/#website","url":"https:\/\/wi.ee\/en\/","name":"V\u00f5ru Instituut","description":"","publisher":{"@id":"https:\/\/wi.ee\/en\/#organization"},"potentialAction":[{"@type":"SearchAction","target":{"@type":"EntryPoint","urlTemplate":"https:\/\/wi.ee\/en\/?s={search_term_string}"},"query-input":{"@type":"PropertyValueSpecification","valueRequired":true,"valueName":"search_term_string"}}],"inLanguage":"en-US"},{"@type":"Organization","@id":"https:\/\/wi.ee\/en\/#organization","name":"V\u00f5ru Instituut","url":"https:\/\/wi.ee\/en\/","logo":{"@type":"ImageObject","inLanguage":"en-US","@id":"https:\/\/wi.ee\/en\/#\/schema\/logo\/image\/","url":"https:\/\/wi.ee\/wp-content\/uploads\/2015\/05\/logo-150507.png","contentUrl":"https:\/\/wi.ee\/wp-content\/uploads\/2015\/05\/logo-150507.png","width":183,"height":123,"caption":"V\u00f5ru Instituut"},"image":{"@id":"https:\/\/wi.ee\/en\/#\/schema\/logo\/image\/"},"sameAs":["https:\/\/www.facebook.com\/VoroInstituut"]}]}},"_links":{"self":[{"href":"https:\/\/wi.ee\/en\/wp-json\/wp\/v2\/pages\/1432","targetHints":{"allow":["GET"]}}],"collection":[{"href":"https:\/\/wi.ee\/en\/wp-json\/wp\/v2\/pages"}],"about":[{"href":"https:\/\/wi.ee\/en\/wp-json\/wp\/v2\/types\/page"}],"author":[{"embeddable":true,"href":"https:\/\/wi.ee\/en\/wp-json\/wp\/v2\/users\/1"}],"replies":[{"embeddable":true,"href":"https:\/\/wi.ee\/en\/wp-json\/wp\/v2\/comments?post=1432"}],"version-history":[{"count":6,"href":"https:\/\/wi.ee\/en\/wp-json\/wp\/v2\/pages\/1432\/revisions"}],"predecessor-version":[{"id":13266,"href":"https:\/\/wi.ee\/en\/wp-json\/wp\/v2\/pages\/1432\/revisions\/13266"}],"wp:attachment":[{"href":"https:\/\/wi.ee\/en\/wp-json\/wp\/v2\/media?parent=1432"}],"curies":[{"name":"wp","href":"https:\/\/api.w.org\/{rel}","templated":true}]}}