{"id":12754,"date":"2023-10-11T11:02:30","date_gmt":"2023-10-11T08:02:30","guid":{"rendered":"https:\/\/wi.ee\/?page_id=12754"},"modified":"2023-10-11T11:02:30","modified_gmt":"2023-10-11T08:02:30","slug":"konvorentsi-kava","status":"publish","type":"page","link":"https:\/\/wi.ee\/en\/konvorentsi-kava\/","title":{"rendered":"Konv\u00f5rentsi kava"},"content":{"rendered":"<p>&nbsp;<\/p>\n<p><img loading=\"lazy\" decoding=\"async\" class=\"alignnone  wp-image-12333\" src=\"https:\/\/wi.ee\/wp-content\/uploads\/2023\/06\/logo_konv_randaja_jaljed_0011024_1-212x300.jpg\" alt=\"\" width=\"139\" height=\"197\" srcset=\"https:\/\/wi.ee\/wp-content\/uploads\/2023\/06\/logo_konv_randaja_jaljed_0011024_1-212x300.jpg 212w, https:\/\/wi.ee\/wp-content\/uploads\/2023\/06\/logo_konv_randaja_jaljed_0011024_1.jpg 724w\" sizes=\"auto, (max-width: 139px) 100vw, 139px\" \/><\/p>\n<p>&nbsp;<\/p>\n<p>Konv\u00f5rents<\/p>\n<p><strong>P\u00f5lids\u00f5q ja r\u00e4nd\u00e4j\u00e4q, ol\u00f5jaq ja tul\u00f5jaq, l\u00e4bik\u00e4\u00fcmine ja m\u00f5otus\u00f5q<\/strong><\/p>\n<p>V\u00f5ro, V\u00f5ro Instituut 27.\u201328. rehekuu 2023<\/p>\n<p>&nbsp;<\/p>\n<p>V\u00f5ro instituudi k\u00f5rralin\u00f5 \u00f5dagumeresoom\u00f5 s\u00fck\u00fcskonv\u00f5rents s\u00e4\u00e4d kaemis\u00f5 keskpunkti r\u00e4nd\u00e4mise. T\u00e4helepandmis\u00f5 all ommaq nii \u00f5dagumeresoom\u00f5 v\u00e4ikuq rahvaq ku ka t\u00f5s\u00f5q p\u00f5lids\u00f5q rahvaq ja p\u00f5liskiili kogokonnaq \u00fcmbre \u00d5dagumere ja kavv\u00f5mbal.<\/p>\n<p>&nbsp;<\/p>\n<p><strong>Riidi, 27. okt<\/strong><\/p>\n<p>9.00\u20139.30 osav\u00f5tjid\u00f5 kirjapandmin\u00f5, alostamin\u00f5<\/p>\n<p>9.30\u201310.00 <strong>Janne Saarikivi<\/strong>. Keelte levimine l\u00e4\u00e4nemeresoome aladel \u2013 kas migratsioon v\u00f5i keelevahetus? M\u00f5nda meie esiajaloo r\u00e4ndelainetest<\/p>\n<p>10.00\u201311.00<strong> Kristiina Tambets. <\/strong>R\u00e4nded Eesti alade asustusloos arheogeneetika vaates ja r\u00f5huga L\u00f5una-Eestil<\/p>\n<p>11.00\u201311.30 kohvi- ja ampsupaus<\/p>\n<p>11.30\u201312.00 <strong>Karl Pajusalu.<\/strong> L\u00f5unaeesti ja liivi keele kontaktalad<\/p>\n<p>12.00\u201312.30<strong> Heiki Valk. <\/strong>K\u00e4\u00e4parahva kadumine: asustuse j\u00e4rjepidevuse(tuse) k\u00fcsimus Ida-V\u00f5rumaal 9.\u201313. sajandil<\/p>\n<p>12.30\u201313.00 <strong>Evar Saar<\/strong>. 16.\u201317. sajandi V\u00f5rumaale tulijad ja nende j\u00e4ljed nimedes<\/p>\n<p>13.00\u201314.00 l\u00f5una (<em>umal k\u00e4el V\u00f5ro s\u00f6\u00f6gikotussin<\/em>)<\/p>\n<p>14.00\u201315.00 <strong>Mari Sarv, Kati Kallio<\/strong>. Sisuelementide r\u00e4ndemustrid l\u00e4\u00e4nemeresoome regilaulude korpuses<\/p>\n<p>15.00\u201315.30 <strong>Denis Kuzmin<\/strong>. Ven\u00e4l\u00e4isper\u00e4inen maastoterminologia Tverin Karjalan murteissa<\/p>\n<p>15.30\u201316.00 kohvi- ja sirutamispaus<\/p>\n<p>16.00\u201316.30 <strong>Rainer Kuuba<\/strong>. Mid\u00e4 n\u00e4\u00fct\u00e4se 2011. ja 2021. a rahva \u00fclelug\u00f5mis\u00f5 v\u00f5rok\u00f5isi r\u00e4nd\u00e4mise kotsil\u00f5<\/p>\n<p>16.30\u201317.00 <strong>Liina Lindstr\u00f6m, Helen Plado, Maarja-Liisa Pilvik, Triin Todesk, Annika K\u00e4ngsep<\/strong>. V\u00f5ro ja seto keele kasutamine 20. ja 21. sajandil<\/p>\n<p>17.00\u201317.30 <strong>J\u00fcv\u00e4 Sull\u00f5v<\/strong>. V\u00f5rok\u00f5isi r\u00e4nd\u00e4mine ja v\u00f5ro v\u00f5rgos\u00f5naraamadu pruukmisstatistiga<\/p>\n<p>17.30\u201318.00 <strong>Kadri Ugur.<\/strong> \u201e<em>Millega s\u00e4 nakkama sait, et pidit \u00e4rh V\u00f5rol\u00f5 kolima?<\/em>&#8221; Autoetnograafiline kaehus \u00fcte tagasituleki p\u00e4\u00e4le<\/p>\n<p>18.15 \u00f5dagus\u00fc\u00fck ja ilo\u00f5dak (<em>konv\u00f5rendsil esinejile ilma, t\u00f5isil\u00f5 raha iist<\/em>)<\/p>\n<p>&nbsp;<\/p>\n<p><strong>Puulp\u00e4iv, 28. okt<\/strong><\/p>\n<p>Lindora laadu p\u00e4\u00e4l k\u00e4\u00fcmine ja bussiekskursioon, buss l\u00e4tt v\u00e4ll\u00e4 9.00 V\u00f5ro instituudi mant<\/p>\n<p>V\u00f5ro-Lindora<\/p>\n<p>Lindora-Vastseliina linnus-K\u00fcl\u00e4oro-Kaagu-Tissi-Puutli-Loosi-Toborna pet\u00e4i-K\u00fctiorg-Holopi-Verij\u00e4rv-V\u00f5ro, tagasi kell 14.<\/p>\n<p>&nbsp;<\/p>\n<p><strong>Kirjapandmin\u00f5 ja muu k\u00f5rraldus\u00f5 info<\/strong><\/p>\n<p>&nbsp;<\/p>\n<p>Konv\u00f5rendsil\u00f5 saa hinn\u00e4st kirja pandaq <a href=\"https:\/\/eu.jotform.com\/build\/71443158031347\">siin<\/a>.<\/p>\n<p>&nbsp;<\/p>\n<p>Osav\u00f5tumassu ol\u00f5 eiq. S\u00fc\u00fcmine ja ku vajja, s\u00f5s \u00fc\u00fcmaja V\u00f5rol tul\u00f5 osav\u00f5tjal hind\u00e4l k\u00f5rraldaq. Konv\u00f5rendsi k\u00f5rraldajaq pakva \u00f5nn\u00f5 kohvi- ja ts\u00e4ipaus\u00f5. 27. rehekuu \u00f5dagu om plaanin \u00f5dagus\u00fc\u00fck ja kontsert, mi\u00e4 om ettekand\u00f5ga osav\u00f5tjil\u00f5 massulda, t\u00f5isil\u00f5 ossav\u00f5tjil\u00f5 mass 15 eurot.<\/p>\n<p>&nbsp;<\/p>\n<p>Ekskursioonil\u00f5 28. rehekuu p\u00e4\u00e4v\u00e4l vii inemiseq tellit massulda buss. Rehkend\u00e4mi rings\u00f5idu man tuuga, et mi j\u00f5vva tagasi V\u00f5rol\u00f5 kell 14.00.<\/p>\n<p>&nbsp;<\/p>\n<p>In\u00e4mb teed\u00fcst saa:<\/p>\n<p>&nbsp;<\/p>\n<p>V\u00f5ro Instituut, Tartu tn 48, 65609 V\u00f5ru<\/p>\n<p>e-post:\u00a0<a href=\"mail&#116;&#111;&#58;&#119;&#105;&#64;&#119;&#x69;&#x2e;&#x65;&#x65;\">&#x77;&#105;&#64;&#x77;&#105;&#46;&#x65;&#x65;<\/a><\/p>\n<p>tel (+372)782 8750 (Tuuli Abel, sekret\u00e4r)<\/p>\n<p>tel (+372)5621 3174 (Evar Saar, onomastika tiidr\u00fc)<\/p>\n","protected":false},"excerpt":{"rendered":"<p>&nbsp; &nbsp; Konv\u00f5rents P\u00f5lids\u00f5q ja r\u00e4nd\u00e4j\u00e4q, ol\u00f5jaq ja tul\u00f5jaq, l\u00e4bik\u00e4\u00fcmine ja m\u00f5otus\u00f5q V\u00f5ro, V\u00f5ro Instituut 27.\u201328. rehekuu 2023 &nbsp; V\u00f5ro instituudi k\u00f5rralin\u00f5 \u00f5dagumeresoom\u00f5 s\u00fck\u00fcskonv\u00f5rents s\u00e4\u00e4d kaemis\u00f5 keskpunkti r\u00e4nd\u00e4mise. T\u00e4helepandmis\u00f5 all ommaq nii \u00f5dagumeresoom\u00f5 v\u00e4ikuq rahvaq ku ka t\u00f5s\u00f5q p\u00f5lids\u00f5q rahvaq ja p\u00f5liskiili kogokonnaq \u00fcmbre \u00d5dagumere ja kavv\u00f5mbal. &nbsp; Riidi, 27. okt 9.00\u20139.30 osav\u00f5tjid\u00f5 kirjapandmin\u00f5, alostamin\u00f5 [&hellip;]<\/p>\n","protected":false},"author":2,"featured_media":0,"parent":0,"menu_order":0,"comment_status":"closed","ping_status":"closed","template":"","meta":{"_acf_changed":false,"footnotes":""},"class_list":["post-12754","page","type-page","status-publish","hentry"],"acf":[],"yoast_head":"<!-- This site is optimized with the Yoast SEO plugin v27.3 - https:\/\/yoast.com\/product\/yoast-seo-wordpress\/ -->\n<title>Konv\u00f5rentsi kava - V\u00f5ru Instituut<\/title>\n<meta name=\"robots\" content=\"index, follow, max-snippet:-1, max-image-preview:large, max-video-preview:-1\" \/>\n<link rel=\"canonical\" href=\"https:\/\/wi.ee\/en\/konvorentsi-kava\/\" \/>\n<meta property=\"og:locale\" content=\"en_US\" \/>\n<meta property=\"og:type\" content=\"article\" \/>\n<meta property=\"og:title\" content=\"Konv\u00f5rentsi kava - V\u00f5ru Instituut\" \/>\n<meta property=\"og:description\" content=\"&nbsp; &nbsp; Konv\u00f5rents P\u00f5lids\u00f5q ja r\u00e4nd\u00e4j\u00e4q, ol\u00f5jaq ja tul\u00f5jaq, l\u00e4bik\u00e4\u00fcmine ja m\u00f5otus\u00f5q V\u00f5ro, V\u00f5ro Instituut 27.\u201328. rehekuu 2023 &nbsp; V\u00f5ro instituudi k\u00f5rralin\u00f5 \u00f5dagumeresoom\u00f5 s\u00fck\u00fcskonv\u00f5rents s\u00e4\u00e4d kaemis\u00f5 keskpunkti r\u00e4nd\u00e4mise. T\u00e4helepandmis\u00f5 all ommaq nii \u00f5dagumeresoom\u00f5 v\u00e4ikuq rahvaq ku ka t\u00f5s\u00f5q p\u00f5lids\u00f5q rahvaq ja p\u00f5liskiili kogokonnaq \u00fcmbre \u00d5dagumere ja kavv\u00f5mbal. &nbsp; Riidi, 27. okt 9.00\u20139.30 osav\u00f5tjid\u00f5 kirjapandmin\u00f5, alostamin\u00f5 [&hellip;]\" \/>\n<meta property=\"og:url\" content=\"https:\/\/wi.ee\/en\/konvorentsi-kava\/\" \/>\n<meta property=\"og:site_name\" content=\"V\u00f5ru Instituut\" \/>\n<meta property=\"article:publisher\" content=\"https:\/\/www.facebook.com\/VoroInstituut\" \/>\n<meta property=\"og:image\" content=\"https:\/\/wi.ee\/wp-content\/uploads\/2023\/06\/logo_konv_randaja_jaljed_0011024_1-212x300.jpg\" \/>\n<meta name=\"twitter:label1\" content=\"Est. reading time\" \/>\n\t<meta name=\"twitter:data1\" content=\"2 minutes\" \/>\n<script type=\"application\/ld+json\" class=\"yoast-schema-graph\">{\"@context\":\"https:\\\/\\\/schema.org\",\"@graph\":[{\"@type\":\"WebPage\",\"@id\":\"https:\\\/\\\/wi.ee\\\/en\\\/konvorentsi-kava\\\/\",\"url\":\"https:\\\/\\\/wi.ee\\\/en\\\/konvorentsi-kava\\\/\",\"name\":\"Konv\u00f5rentsi kava - V\u00f5ru Instituut\",\"isPartOf\":{\"@id\":\"https:\\\/\\\/wi.ee\\\/en\\\/#website\"},\"primaryImageOfPage\":{\"@id\":\"https:\\\/\\\/wi.ee\\\/en\\\/konvorentsi-kava\\\/#primaryimage\"},\"image\":{\"@id\":\"https:\\\/\\\/wi.ee\\\/en\\\/konvorentsi-kava\\\/#primaryimage\"},\"thumbnailUrl\":\"https:\\\/\\\/wi.ee\\\/wp-content\\\/uploads\\\/2023\\\/06\\\/logo_konv_randaja_jaljed_0011024_1-212x300.jpg\",\"datePublished\":\"2023-10-11T08:02:30+00:00\",\"breadcrumb\":{\"@id\":\"https:\\\/\\\/wi.ee\\\/en\\\/konvorentsi-kava\\\/#breadcrumb\"},\"inLanguage\":\"en-US\",\"potentialAction\":[{\"@type\":\"ReadAction\",\"target\":[\"https:\\\/\\\/wi.ee\\\/en\\\/konvorentsi-kava\\\/\"]}]},{\"@type\":\"ImageObject\",\"inLanguage\":\"en-US\",\"@id\":\"https:\\\/\\\/wi.ee\\\/en\\\/konvorentsi-kava\\\/#primaryimage\",\"url\":\"https:\\\/\\\/wi.ee\\\/wp-content\\\/uploads\\\/2023\\\/06\\\/logo_konv_randaja_jaljed_0011024_1-212x300.jpg\",\"contentUrl\":\"https:\\\/\\\/wi.ee\\\/wp-content\\\/uploads\\\/2023\\\/06\\\/logo_konv_randaja_jaljed_0011024_1-212x300.jpg\"},{\"@type\":\"BreadcrumbList\",\"@id\":\"https:\\\/\\\/wi.ee\\\/en\\\/konvorentsi-kava\\\/#breadcrumb\",\"itemListElement\":[{\"@type\":\"ListItem\",\"position\":1,\"name\":\"Avaleht\",\"item\":\"https:\\\/\\\/wi.ee\\\/en\\\/\"},{\"@type\":\"ListItem\",\"position\":2,\"name\":\"Konv\u00f5rentsi kava\"}]},{\"@type\":\"WebSite\",\"@id\":\"https:\\\/\\\/wi.ee\\\/en\\\/#website\",\"url\":\"https:\\\/\\\/wi.ee\\\/en\\\/\",\"name\":\"V\u00f5ru Instituut\",\"description\":\"\",\"publisher\":{\"@id\":\"https:\\\/\\\/wi.ee\\\/en\\\/#organization\"},\"potentialAction\":[{\"@type\":\"SearchAction\",\"target\":{\"@type\":\"EntryPoint\",\"urlTemplate\":\"https:\\\/\\\/wi.ee\\\/en\\\/?s={search_term_string}\"},\"query-input\":{\"@type\":\"PropertyValueSpecification\",\"valueRequired\":true,\"valueName\":\"search_term_string\"}}],\"inLanguage\":\"en-US\"},{\"@type\":\"Organization\",\"@id\":\"https:\\\/\\\/wi.ee\\\/en\\\/#organization\",\"name\":\"V\u00f5ru Instituut\",\"url\":\"https:\\\/\\\/wi.ee\\\/en\\\/\",\"logo\":{\"@type\":\"ImageObject\",\"inLanguage\":\"en-US\",\"@id\":\"https:\\\/\\\/wi.ee\\\/en\\\/#\\\/schema\\\/logo\\\/image\\\/\",\"url\":\"https:\\\/\\\/wi.ee\\\/wp-content\\\/uploads\\\/2015\\\/05\\\/logo-150507.png\",\"contentUrl\":\"https:\\\/\\\/wi.ee\\\/wp-content\\\/uploads\\\/2015\\\/05\\\/logo-150507.png\",\"width\":183,\"height\":123,\"caption\":\"V\u00f5ru Instituut\"},\"image\":{\"@id\":\"https:\\\/\\\/wi.ee\\\/en\\\/#\\\/schema\\\/logo\\\/image\\\/\"},\"sameAs\":[\"https:\\\/\\\/www.facebook.com\\\/VoroInstituut\"]}]}<\/script>\n<!-- \/ Yoast SEO plugin. -->","yoast_head_json":{"title":"Konv\u00f5rentsi kava - V\u00f5ru Instituut","robots":{"index":"index","follow":"follow","max-snippet":"max-snippet:-1","max-image-preview":"max-image-preview:large","max-video-preview":"max-video-preview:-1"},"canonical":"https:\/\/wi.ee\/en\/konvorentsi-kava\/","og_locale":"en_US","og_type":"article","og_title":"Konv\u00f5rentsi kava - V\u00f5ru Instituut","og_description":"&nbsp; &nbsp; Konv\u00f5rents P\u00f5lids\u00f5q ja r\u00e4nd\u00e4j\u00e4q, ol\u00f5jaq ja tul\u00f5jaq, l\u00e4bik\u00e4\u00fcmine ja m\u00f5otus\u00f5q V\u00f5ro, V\u00f5ro Instituut 27.\u201328. rehekuu 2023 &nbsp; V\u00f5ro instituudi k\u00f5rralin\u00f5 \u00f5dagumeresoom\u00f5 s\u00fck\u00fcskonv\u00f5rents s\u00e4\u00e4d kaemis\u00f5 keskpunkti r\u00e4nd\u00e4mise. T\u00e4helepandmis\u00f5 all ommaq nii \u00f5dagumeresoom\u00f5 v\u00e4ikuq rahvaq ku ka t\u00f5s\u00f5q p\u00f5lids\u00f5q rahvaq ja p\u00f5liskiili kogokonnaq \u00fcmbre \u00d5dagumere ja kavv\u00f5mbal. &nbsp; Riidi, 27. okt 9.00\u20139.30 osav\u00f5tjid\u00f5 kirjapandmin\u00f5, alostamin\u00f5 [&hellip;]","og_url":"https:\/\/wi.ee\/en\/konvorentsi-kava\/","og_site_name":"V\u00f5ru Instituut","article_publisher":"https:\/\/www.facebook.com\/VoroInstituut","og_image":[{"url":"https:\/\/wi.ee\/wp-content\/uploads\/2023\/06\/logo_konv_randaja_jaljed_0011024_1-212x300.jpg","type":"","width":"","height":""}],"twitter_misc":{"Est. reading time":"2 minutes"},"schema":{"@context":"https:\/\/schema.org","@graph":[{"@type":"WebPage","@id":"https:\/\/wi.ee\/en\/konvorentsi-kava\/","url":"https:\/\/wi.ee\/en\/konvorentsi-kava\/","name":"Konv\u00f5rentsi kava - V\u00f5ru Instituut","isPartOf":{"@id":"https:\/\/wi.ee\/en\/#website"},"primaryImageOfPage":{"@id":"https:\/\/wi.ee\/en\/konvorentsi-kava\/#primaryimage"},"image":{"@id":"https:\/\/wi.ee\/en\/konvorentsi-kava\/#primaryimage"},"thumbnailUrl":"https:\/\/wi.ee\/wp-content\/uploads\/2023\/06\/logo_konv_randaja_jaljed_0011024_1-212x300.jpg","datePublished":"2023-10-11T08:02:30+00:00","breadcrumb":{"@id":"https:\/\/wi.ee\/en\/konvorentsi-kava\/#breadcrumb"},"inLanguage":"en-US","potentialAction":[{"@type":"ReadAction","target":["https:\/\/wi.ee\/en\/konvorentsi-kava\/"]}]},{"@type":"ImageObject","inLanguage":"en-US","@id":"https:\/\/wi.ee\/en\/konvorentsi-kava\/#primaryimage","url":"https:\/\/wi.ee\/wp-content\/uploads\/2023\/06\/logo_konv_randaja_jaljed_0011024_1-212x300.jpg","contentUrl":"https:\/\/wi.ee\/wp-content\/uploads\/2023\/06\/logo_konv_randaja_jaljed_0011024_1-212x300.jpg"},{"@type":"BreadcrumbList","@id":"https:\/\/wi.ee\/en\/konvorentsi-kava\/#breadcrumb","itemListElement":[{"@type":"ListItem","position":1,"name":"Avaleht","item":"https:\/\/wi.ee\/en\/"},{"@type":"ListItem","position":2,"name":"Konv\u00f5rentsi kava"}]},{"@type":"WebSite","@id":"https:\/\/wi.ee\/en\/#website","url":"https:\/\/wi.ee\/en\/","name":"V\u00f5ru Instituut","description":"","publisher":{"@id":"https:\/\/wi.ee\/en\/#organization"},"potentialAction":[{"@type":"SearchAction","target":{"@type":"EntryPoint","urlTemplate":"https:\/\/wi.ee\/en\/?s={search_term_string}"},"query-input":{"@type":"PropertyValueSpecification","valueRequired":true,"valueName":"search_term_string"}}],"inLanguage":"en-US"},{"@type":"Organization","@id":"https:\/\/wi.ee\/en\/#organization","name":"V\u00f5ru Instituut","url":"https:\/\/wi.ee\/en\/","logo":{"@type":"ImageObject","inLanguage":"en-US","@id":"https:\/\/wi.ee\/en\/#\/schema\/logo\/image\/","url":"https:\/\/wi.ee\/wp-content\/uploads\/2015\/05\/logo-150507.png","contentUrl":"https:\/\/wi.ee\/wp-content\/uploads\/2015\/05\/logo-150507.png","width":183,"height":123,"caption":"V\u00f5ru Instituut"},"image":{"@id":"https:\/\/wi.ee\/en\/#\/schema\/logo\/image\/"},"sameAs":["https:\/\/www.facebook.com\/VoroInstituut"]}]}},"_links":{"self":[{"href":"https:\/\/wi.ee\/en\/wp-json\/wp\/v2\/pages\/12754","targetHints":{"allow":["GET"]}}],"collection":[{"href":"https:\/\/wi.ee\/en\/wp-json\/wp\/v2\/pages"}],"about":[{"href":"https:\/\/wi.ee\/en\/wp-json\/wp\/v2\/types\/page"}],"author":[{"embeddable":true,"href":"https:\/\/wi.ee\/en\/wp-json\/wp\/v2\/users\/2"}],"replies":[{"embeddable":true,"href":"https:\/\/wi.ee\/en\/wp-json\/wp\/v2\/comments?post=12754"}],"version-history":[{"count":1,"href":"https:\/\/wi.ee\/en\/wp-json\/wp\/v2\/pages\/12754\/revisions"}],"predecessor-version":[{"id":12755,"href":"https:\/\/wi.ee\/en\/wp-json\/wp\/v2\/pages\/12754\/revisions\/12755"}],"wp:attachment":[{"href":"https:\/\/wi.ee\/en\/wp-json\/wp\/v2\/media?parent=12754"}],"curies":[{"name":"wp","href":"https:\/\/api.w.org\/{rel}","templated":true}]}}