{"id":1215,"date":"2016-02-03T14:50:10","date_gmt":"2016-02-03T12:50:10","guid":{"rendered":"https:\/\/wi.ee\/en\/?page_id=1215"},"modified":"2016-03-09T10:19:02","modified_gmt":"2016-03-09T08:19:02","slug":"publications-archive","status":"publish","type":"page","link":"https:\/\/wi.ee\/en\/publications-archive\/","title":{"rendered":"Publications archive"},"content":{"rendered":"<p><a href=\"https:\/\/wi.ee\/voru-instituudi-toimetised-1\/\">Toimetised 1 \u00d5dagumeresoom\u00f5 l\u00f5unapiir<\/a><\/p>\n<p><a href=\"https:\/\/wi.ee\/voru-instituudi-toimetis-2\/\">Toimetised 2 Ku kavvas Setomaal\u00f5 seto rahvast jakkus?<\/a><\/p>\n<p><a href=\"https:\/\/wi.ee\/voru-instituudi-toimetised-3\/\">Toimetised 3 L\u00f5unaeesti keelest ja kir\u00e4keelest<\/a><\/p>\n<p><a href=\"https:\/\/wi.ee\/voru-instituudi-toimetised-4\/\">Toimetised 4 \u00d5dagumeresoom\u00f5 v\u00e4ikuq keeleq<\/a><\/p>\n<p><a href=\"https:\/\/wi.ee\/voru-instituudi-toimetised-5\/\">Toimetised 5 Tiid\u00fcs ja t\u00f5d\u00f5. M\u00e4rg\u00fct\u00fcisi<\/a><\/p>\n<p><a href=\"https:\/\/wi.ee\/voru-instituudi-toimetised-6\/\">Toimetised 6 \u00d5dagumeresoom\u00f5 veeremaaq<\/a><\/p>\n<p><a href=\"https:\/\/wi.ee\/voru-instituudi-toimetised-7\/\">Toimetised 7 V\u00f5ro kir\u00e4nd\u00fcse luumine<\/a><\/p>\n<p><a href=\"https:\/\/wi.ee\/voru-instituudi-toimetised-8\/\">Toimetised 8 A kiilt rahvas kyn\u00f5l\u00f5s\u2026<\/a><\/p>\n<p><a href=\"https:\/\/wi.ee\/voru-instituudi-toimetised-9\/\">Toimetised 9 Tiijuht ABC kir\u00e4oppus\u00f5 manoq<\/a><\/p>\n<p><a href=\"https:\/\/wi.ee\/voru-instituudi-toimetised-10\/\">Toimetised 10 \u00d5dagumeresoom\u00f5 piiris\u00fc\u00e4meq<\/a><\/p>\n<p><a href=\"https:\/\/wi.ee\/voru-instituudi-toimetised-11\/\">Toimetised 11 \u00d5dagumeresoom\u00f5 \u00fctist\u00fcseq<\/a><\/p>\n<p><a href=\"https:\/\/wi.ee\/voru-instituudi-toimetised-12\/\">Toimetised 12 V\u00f5ro-Eesti synaraamat<\/a><\/p>\n<p><a href=\"https:\/\/wi.ee\/voru-instituudi-toimetised-13\/\">Toimetised 13 V\u00f5romaa kotuss\u00f5nimmist<\/a><\/p>\n<p><a href=\"https:\/\/wi.ee\/voru-instituudi-toimetised-14\/\">Toimetised 14 V\u00e4ikeisi kiili kokkoputmis\u00f5q<\/a><\/p>\n<p><a href=\"https:\/\/wi.ee\/voru-instituudi-toimetised-15\/\">Toimetised 15 \u00d5dagumeresoom\u00f5 hummogupiir<\/a><\/p>\n<p><a href=\"https:\/\/wi.ee\/voru-instituudi-toimetised-16\/\">Toimetised 16 Kiil ja hind\u00e4tiidmine<\/a><\/p>\n<p><a href=\"https:\/\/wi.ee\/voru-instituudi-toimetised-17\/\">Toimetised 17 Piirikultuuriq ja -keeleq<\/a><\/p>\n<p><a href=\"https:\/\/wi.ee\/voru-instituudi-toimetised-18\/\">Toimetised 18 Mitm\u00f5keelis\u00fcs ja keelevaihtus \u00d5dagumeresoom\u00f5 mai\u00f5 p\u00e4\u00e4l<\/a><\/p>\n<p><a href=\"https:\/\/wi.ee\/voru-instituudi-toimetised-19\/\">Toimetised 19 Seto s\u00f5nastik<\/a><\/p>\n<p><a href=\"https:\/\/wi.ee\/voru-instituudi-toimetised-20\/\">Toimetised 20 \u00d5dagumeresoom\u00f5 kodo<\/a><\/p>\n<p><a href=\"https:\/\/wi.ee\/voru-instituudi-toimetised-21\/\">Toimetised 21 Kuis el\u00e4s mulgi, saar\u00f5 ja v\u00f5ro kiil?<\/a><\/p>\n<p><a href=\"https:\/\/wi.ee\/voru-instituudi-toimetised-22\/\">Toimetised 22 Koolitus ku keele ja kultuuri umamoodu hoitja<\/a><\/p>\n<p><a href=\"https:\/\/wi.ee\/voru-instituudi-toimetised-23\/\">Toimetised 23 Kir\u00e4nd\u00fcs\/kiil veidemb\u00fcsen<\/a><\/p>\n<p><a href=\"https:\/\/wi.ee\/voru-instituudi-toimetised-24\/\">Toimetised 24 V\u00e4ikuq keeleq mitm\u00f5keelitsen \u00fctiskunnan<\/a><\/p>\n<p><a href=\"https:\/\/wi.ee\/voru-instituudi-toimetised-25\/\">Toimetised 25 Ruum, kotus ja kotuss\u00f5nimeq<\/a><\/p>\n<p><a href=\"https:\/\/wi.ee\/wp-content\/uploads\/2016\/02\/VItoim12nr26sisu.pdf\">Toimetised 26 \u00d5dagumeresoom\u00f5 piiriq<\/a><\/p>\n<p><a href=\"https:\/\/wi.ee\/wp-content\/uploads\/2016\/02\/VItoim13nr27sisu.pdf\">Toimetised 27 Kiili rikkus ja elojoud<\/a><\/p>\n<p><a href=\"https:\/\/wi.ee\/wp-content\/uploads\/2016\/02\/VItoim14nr28sisu.pdf\">Toimetised 28 \u00d5dagumeresoom\u00f5 keeleq kaart\u00f5 p\u00e4\u00e4l<\/a><\/p>\n<p><a href=\"https:\/\/wi.ee\/wp-content\/uploads\/2016\/02\/VItoim15nr29sisu.pdf\">Toimetised 29 Aig \u00f5dagumeresoom\u00f5 keelin<\/a><\/p>\n","protected":false},"excerpt":{"rendered":"<p>Toimetised 1 \u00d5dagumeresoom\u00f5 l\u00f5unapiir Toimetised 2 Ku kavvas Setomaal\u00f5 seto rahvast jakkus? Toimetised 3 L\u00f5unaeesti keelest ja kir\u00e4keelest Toimetised 4 \u00d5dagumeresoom\u00f5 v\u00e4ikuq keeleq Toimetised 5 Tiid\u00fcs ja t\u00f5d\u00f5. M\u00e4rg\u00fct\u00fcisi Toimetised 6 \u00d5dagumeresoom\u00f5 veeremaaq Toimetised 7 V\u00f5ro kir\u00e4nd\u00fcse luumine Toimetised 8 A kiilt rahvas kyn\u00f5l\u00f5s\u2026 Toimetised 9 Tiijuht ABC kir\u00e4oppus\u00f5 manoq Toimetised 10 \u00d5dagumeresoom\u00f5 piiris\u00fc\u00e4meq Toimetised [&hellip;]<\/p>\n","protected":false},"author":2,"featured_media":0,"parent":0,"menu_order":0,"comment_status":"closed","ping_status":"closed","template":"","meta":{"_acf_changed":false,"footnotes":""},"class_list":["post-1215","page","type-page","status-publish","hentry"],"acf":[],"yoast_head":"<!-- This site is optimized with the Yoast SEO plugin v27.3 - https:\/\/yoast.com\/product\/yoast-seo-wordpress\/ -->\n<title>Publications archive - V\u00f5ru Instituut<\/title>\n<meta name=\"robots\" content=\"index, follow, max-snippet:-1, max-image-preview:large, max-video-preview:-1\" \/>\n<link rel=\"canonical\" href=\"https:\/\/wi.ee\/en\/publications-archive\/\" \/>\n<meta property=\"og:locale\" content=\"en_US\" \/>\n<meta property=\"og:type\" content=\"article\" \/>\n<meta property=\"og:title\" content=\"Publications archive - V\u00f5ru Instituut\" \/>\n<meta property=\"og:description\" content=\"Toimetised 1 \u00d5dagumeresoom\u00f5 l\u00f5unapiir Toimetised 2 Ku kavvas Setomaal\u00f5 seto rahvast jakkus? Toimetised 3 L\u00f5unaeesti keelest ja kir\u00e4keelest Toimetised 4 \u00d5dagumeresoom\u00f5 v\u00e4ikuq keeleq Toimetised 5 Tiid\u00fcs ja t\u00f5d\u00f5. M\u00e4rg\u00fct\u00fcisi Toimetised 6 \u00d5dagumeresoom\u00f5 veeremaaq Toimetised 7 V\u00f5ro kir\u00e4nd\u00fcse luumine Toimetised 8 A kiilt rahvas kyn\u00f5l\u00f5s\u2026 Toimetised 9 Tiijuht ABC kir\u00e4oppus\u00f5 manoq Toimetised 10 \u00d5dagumeresoom\u00f5 piiris\u00fc\u00e4meq Toimetised [&hellip;]\" \/>\n<meta property=\"og:url\" content=\"https:\/\/wi.ee\/en\/publications-archive\/\" \/>\n<meta property=\"og:site_name\" content=\"V\u00f5ru Instituut\" \/>\n<meta property=\"article:publisher\" content=\"https:\/\/www.facebook.com\/VoroInstituut\" \/>\n<meta property=\"article:modified_time\" content=\"2016-03-09T08:19:02+00:00\" \/>\n<meta property=\"og:image\" content=\"https:\/\/wi.ee\/wp-content\/uploads\/2015\/05\/logo-150507.png\" \/>\n\t<meta property=\"og:image:width\" content=\"183\" \/>\n\t<meta property=\"og:image:height\" content=\"123\" \/>\n\t<meta property=\"og:image:type\" content=\"image\/png\" \/>\n<meta name=\"twitter:label1\" content=\"Est. reading time\" \/>\n\t<meta name=\"twitter:data1\" content=\"1 minute\" \/>\n<script type=\"application\/ld+json\" class=\"yoast-schema-graph\">{\"@context\":\"https:\\\/\\\/schema.org\",\"@graph\":[{\"@type\":\"WebPage\",\"@id\":\"https:\\\/\\\/wi.ee\\\/en\\\/publications-archive\\\/\",\"url\":\"https:\\\/\\\/wi.ee\\\/en\\\/publications-archive\\\/\",\"name\":\"Publications archive - V\u00f5ru Instituut\",\"isPartOf\":{\"@id\":\"https:\\\/\\\/wi.ee\\\/en\\\/#website\"},\"datePublished\":\"2016-02-03T12:50:10+00:00\",\"dateModified\":\"2016-03-09T08:19:02+00:00\",\"breadcrumb\":{\"@id\":\"https:\\\/\\\/wi.ee\\\/en\\\/publications-archive\\\/#breadcrumb\"},\"inLanguage\":\"en-US\",\"potentialAction\":[{\"@type\":\"ReadAction\",\"target\":[\"https:\\\/\\\/wi.ee\\\/en\\\/publications-archive\\\/\"]}]},{\"@type\":\"BreadcrumbList\",\"@id\":\"https:\\\/\\\/wi.ee\\\/en\\\/publications-archive\\\/#breadcrumb\",\"itemListElement\":[{\"@type\":\"ListItem\",\"position\":1,\"name\":\"Avaleht\",\"item\":\"https:\\\/\\\/wi.ee\\\/en\\\/\"},{\"@type\":\"ListItem\",\"position\":2,\"name\":\"Publications archive\"}]},{\"@type\":\"WebSite\",\"@id\":\"https:\\\/\\\/wi.ee\\\/en\\\/#website\",\"url\":\"https:\\\/\\\/wi.ee\\\/en\\\/\",\"name\":\"V\u00f5ru Instituut\",\"description\":\"\",\"publisher\":{\"@id\":\"https:\\\/\\\/wi.ee\\\/en\\\/#organization\"},\"potentialAction\":[{\"@type\":\"SearchAction\",\"target\":{\"@type\":\"EntryPoint\",\"urlTemplate\":\"https:\\\/\\\/wi.ee\\\/en\\\/?s={search_term_string}\"},\"query-input\":{\"@type\":\"PropertyValueSpecification\",\"valueRequired\":true,\"valueName\":\"search_term_string\"}}],\"inLanguage\":\"en-US\"},{\"@type\":\"Organization\",\"@id\":\"https:\\\/\\\/wi.ee\\\/en\\\/#organization\",\"name\":\"V\u00f5ru Instituut\",\"url\":\"https:\\\/\\\/wi.ee\\\/en\\\/\",\"logo\":{\"@type\":\"ImageObject\",\"inLanguage\":\"en-US\",\"@id\":\"https:\\\/\\\/wi.ee\\\/en\\\/#\\\/schema\\\/logo\\\/image\\\/\",\"url\":\"https:\\\/\\\/wi.ee\\\/wp-content\\\/uploads\\\/2015\\\/05\\\/logo-150507.png\",\"contentUrl\":\"https:\\\/\\\/wi.ee\\\/wp-content\\\/uploads\\\/2015\\\/05\\\/logo-150507.png\",\"width\":183,\"height\":123,\"caption\":\"V\u00f5ru Instituut\"},\"image\":{\"@id\":\"https:\\\/\\\/wi.ee\\\/en\\\/#\\\/schema\\\/logo\\\/image\\\/\"},\"sameAs\":[\"https:\\\/\\\/www.facebook.com\\\/VoroInstituut\"]}]}<\/script>\n<!-- \/ Yoast SEO plugin. -->","yoast_head_json":{"title":"Publications archive - V\u00f5ru Instituut","robots":{"index":"index","follow":"follow","max-snippet":"max-snippet:-1","max-image-preview":"max-image-preview:large","max-video-preview":"max-video-preview:-1"},"canonical":"https:\/\/wi.ee\/en\/publications-archive\/","og_locale":"en_US","og_type":"article","og_title":"Publications archive - V\u00f5ru Instituut","og_description":"Toimetised 1 \u00d5dagumeresoom\u00f5 l\u00f5unapiir Toimetised 2 Ku kavvas Setomaal\u00f5 seto rahvast jakkus? Toimetised 3 L\u00f5unaeesti keelest ja kir\u00e4keelest Toimetised 4 \u00d5dagumeresoom\u00f5 v\u00e4ikuq keeleq Toimetised 5 Tiid\u00fcs ja t\u00f5d\u00f5. M\u00e4rg\u00fct\u00fcisi Toimetised 6 \u00d5dagumeresoom\u00f5 veeremaaq Toimetised 7 V\u00f5ro kir\u00e4nd\u00fcse luumine Toimetised 8 A kiilt rahvas kyn\u00f5l\u00f5s\u2026 Toimetised 9 Tiijuht ABC kir\u00e4oppus\u00f5 manoq Toimetised 10 \u00d5dagumeresoom\u00f5 piiris\u00fc\u00e4meq Toimetised [&hellip;]","og_url":"https:\/\/wi.ee\/en\/publications-archive\/","og_site_name":"V\u00f5ru Instituut","article_publisher":"https:\/\/www.facebook.com\/VoroInstituut","article_modified_time":"2016-03-09T08:19:02+00:00","og_image":[{"width":183,"height":123,"url":"https:\/\/wi.ee\/wp-content\/uploads\/2015\/05\/logo-150507.png","type":"image\/png"}],"twitter_misc":{"Est. reading time":"1 minute"},"schema":{"@context":"https:\/\/schema.org","@graph":[{"@type":"WebPage","@id":"https:\/\/wi.ee\/en\/publications-archive\/","url":"https:\/\/wi.ee\/en\/publications-archive\/","name":"Publications archive - V\u00f5ru Instituut","isPartOf":{"@id":"https:\/\/wi.ee\/en\/#website"},"datePublished":"2016-02-03T12:50:10+00:00","dateModified":"2016-03-09T08:19:02+00:00","breadcrumb":{"@id":"https:\/\/wi.ee\/en\/publications-archive\/#breadcrumb"},"inLanguage":"en-US","potentialAction":[{"@type":"ReadAction","target":["https:\/\/wi.ee\/en\/publications-archive\/"]}]},{"@type":"BreadcrumbList","@id":"https:\/\/wi.ee\/en\/publications-archive\/#breadcrumb","itemListElement":[{"@type":"ListItem","position":1,"name":"Avaleht","item":"https:\/\/wi.ee\/en\/"},{"@type":"ListItem","position":2,"name":"Publications archive"}]},{"@type":"WebSite","@id":"https:\/\/wi.ee\/en\/#website","url":"https:\/\/wi.ee\/en\/","name":"V\u00f5ru Instituut","description":"","publisher":{"@id":"https:\/\/wi.ee\/en\/#organization"},"potentialAction":[{"@type":"SearchAction","target":{"@type":"EntryPoint","urlTemplate":"https:\/\/wi.ee\/en\/?s={search_term_string}"},"query-input":{"@type":"PropertyValueSpecification","valueRequired":true,"valueName":"search_term_string"}}],"inLanguage":"en-US"},{"@type":"Organization","@id":"https:\/\/wi.ee\/en\/#organization","name":"V\u00f5ru Instituut","url":"https:\/\/wi.ee\/en\/","logo":{"@type":"ImageObject","inLanguage":"en-US","@id":"https:\/\/wi.ee\/en\/#\/schema\/logo\/image\/","url":"https:\/\/wi.ee\/wp-content\/uploads\/2015\/05\/logo-150507.png","contentUrl":"https:\/\/wi.ee\/wp-content\/uploads\/2015\/05\/logo-150507.png","width":183,"height":123,"caption":"V\u00f5ru Instituut"},"image":{"@id":"https:\/\/wi.ee\/en\/#\/schema\/logo\/image\/"},"sameAs":["https:\/\/www.facebook.com\/VoroInstituut"]}]}},"_links":{"self":[{"href":"https:\/\/wi.ee\/en\/wp-json\/wp\/v2\/pages\/1215","targetHints":{"allow":["GET"]}}],"collection":[{"href":"https:\/\/wi.ee\/en\/wp-json\/wp\/v2\/pages"}],"about":[{"href":"https:\/\/wi.ee\/en\/wp-json\/wp\/v2\/types\/page"}],"author":[{"embeddable":true,"href":"https:\/\/wi.ee\/en\/wp-json\/wp\/v2\/users\/2"}],"replies":[{"embeddable":true,"href":"https:\/\/wi.ee\/en\/wp-json\/wp\/v2\/comments?post=1215"}],"version-history":[{"count":3,"href":"https:\/\/wi.ee\/en\/wp-json\/wp\/v2\/pages\/1215\/revisions"}],"predecessor-version":[{"id":1528,"href":"https:\/\/wi.ee\/en\/wp-json\/wp\/v2\/pages\/1215\/revisions\/1528"}],"wp:attachment":[{"href":"https:\/\/wi.ee\/en\/wp-json\/wp\/v2\/media?parent=1215"}],"curies":[{"name":"wp","href":"https:\/\/api.w.org\/{rel}","templated":true}]}}