{"id":8,"date":"2013-10-22T11:25:50","date_gmt":"2013-10-22T08:25:50","guid":{"rendered":"http:\/\/www.wi.ee\/annameedasi\/?page_id=8"},"modified":"2021-10-24T22:31:27","modified_gmt":"2021-10-24T19:31:27","slug":"korduma-kippuvad-kusimused","status":"publish","type":"page","link":"https:\/\/wi.ee\/annameedasi\/korduma-kippuvad-kusimused\/","title":{"rendered":"Korduma kippuvad k\u00fcsimused"},"content":{"rendered":"<p><strong>Miks tasub lapsega mitmes keeles suhelda?<\/strong><\/p>\n<p>\u2022 Enamik inimesi maailmas r\u00e4\u00e4gib rohkem kui \u00fcht keelt. Iga j\u00e4rgneva keele omandamine on eelnevast lihtsam. Nii omakandi kui eesti kirjakeele oskamine aitab lapsel edaspidi lihtsamalt ka teisi keeli omandada.<br \/>\n\u2022 Paljudes peredes Euroopas r\u00e4\u00e4gitakse rohkem kui \u00fcht keelt ja antakse sel viisil lastele edasi parim osa mitmest keelest ja kultuurist.<br \/>\n\u2022 Teadlased on v\u00e4lja selgitanud, et mitme keele \u00f5ppimine arendab lapse keelelist loovust ja andekust. Mitut keelt oskava lapse m\u00f5tlemine on paindlikum kui \u00fcht keelt k\u00f5neleval lapsel, seet\u00f5ttu annab mitme keele m\u00f5istmine lapsele edaspidisekseluks parema ettevalmistuse.<\/p>\n<p><strong>Millal peaks alustama lapsega omakandi keele r\u00e4\u00e4kimist?<\/strong><\/p>\n<p>\u2022 Omakandi keelt peaks hakkama lapsega r\u00e4\u00e4kima kohe p\u00e4rast tema s\u00fcndimist.<br \/>\n\u2022 Mida varem Su laps omakandi keelt kuulma hakkab, seda kiiremini saab ta selle selgeks, sest iga uue oskuse omandamine on noores eas kergem.<br \/>\n\u2022 Pea meeles, et mida rohkem laps omakandi keelt kuuleb, seda paremini ta selle omandab ja seda kasutab.<br \/>\n\u2022Omakandi keelt v\u00f5id lapsega r\u00e4\u00e4kida igap\u00e4evat\u00f6\u00f6de juures, see ei n\u00f5ua aega ega raha.<\/p>\n<p><strong>Kas on \u00f5ige, et omakandi keele r\u00e4\u00e4kimine takistab eesti keele omandamist?<\/strong><\/p>\n<p>\u2022 Vastupidi! Laps saab m\u00f5lemad keeled paremini selgeks, kui ta \u00f5pib eesti ja omakandi keele vahel vahet tegema ja saab aru, et tegemist on erinevate keeltega.<br \/>\n\u2022 Laps kuuleb eesti keelt nii raadiost, televiisorist kui m\u00e4ngukaaslastelt ja teistelt \u00fcmbritsevatelt inimestelt. Seega pole p\u00f5hjust karta, et laps eesti keelt selgeks ei saa ning seet\u00f5ttu elus halvemini toime tuleb.<br \/>\n\u2022 Lapse v\u00f5ime on keelte \u00f5ppimisel piiramatu \u2013 maailmas leidub kultuure, kus tihti osatakse v\u00e4ga noorelt juba kolme v\u00f5i enamat keelt.<\/p>\n<p><strong>Kas laps satub mitme keele t\u00f5ttu segadusse?<\/strong><\/p>\n<p>\u2022 Kahe keele omavahel segiajamine on algul t\u00e4iesti normaalne.<br \/>\n\u2022 Laps hakkab erinevate keelte vahel \u00fcsna ruttu vahet tegema. Juba kaheaastaselt hakkab Su laps aru saama, millist keelt keegi kodus r\u00e4\u00e4gib. Kolme-neljaaastaselt saab laps m\u00f5lemas keeles suhtlemisega v\u00e4ga h\u00e4sti hakkama. Mitut keelt kasutav laps \u00fcllatab Sind oma taiplikkuse ja v\u00f5imetega kasutada erinevat keelt vastavalt olukorrale ja vajadusele.<br \/>\n\u2022 Tulemus on seda parem, mida j\u00e4rjekindlamalt omakandi keelt kasutatakse. K\u00f5ige parem, kui m\u00f5lemad vanemad v\u00f5i v\u00e4hemalt \u00fcks neist r\u00e4\u00e4gib lapsega ainult omakandi keelt.<\/p>\n<p><strong>Mida teha, kui sa ei oska omakandi keelt?<\/strong><\/p>\n<p>\u2022 Kui keegi pereliikmetest r\u00e4\u00e4gib omakandi keelt, on Su lapsel juba lapsep\u00f5lves v\u00f5imalus seda kasutada. Kui Sa ise v\u00f5i Su abikaasa\/elukaaslane omakandi keelt ei r\u00e4\u00e4gi, v\u00f5tke appi keelt oskavad vanavanemad, naabrid, s\u00f5brad ja sugulased.<br \/>\n\u2022 Lapsega suheldes kasutavad t\u00e4iskasvanud v\u00e4ga lihtsat keelt, seep\u00e4rast on Sinulgi kerge koos lapsega omakandi keel \u00e4ra \u00f5ppida. Just n\u00fc\u00fcd on parim aeg suhelda vanavanematega omakandi keeles ning \u00f5ppida koos lapsega omakandi keel selgeks.<br \/>\n\u2022 \u00c4ra kohku, kui raamatust loetud omakandi keel erineb sellest, mida ise r\u00e4\u00e4gid v\u00f5i oma kodukohas kuuled. K\u00f5ige \u00f5igem omakandi keel Sinu jaoks on see, mida r\u00e4\u00e4kisid Su esivanemad, mida r\u00e4\u00e4gitakse Sinu kodukohas.<\/p>\n<p><strong>Millest alustada lapsele omakandi keele \u00f5petamist?<\/strong><\/p>\n<p>\u2022 Palu keelt oskavatel vanavanematel lastega ainult omakandi keelt r\u00e4\u00e4kida. Julgusta ka s\u00f5pru ja sugulasi nii kodus kui v\u00e4ljaspool kodu lastega omakandi keelt r\u00e4\u00e4kima.<br \/>\n\u2022 Kuula koos lapsega nii tihti kui v\u00f5imalik omakeelseid helikassette ja -plaate, lugege koos omakeelseid raamatuid. V\u00f5imalusel j\u00e4lgige omakandikeelseid raadio- ja TV-saateid.<br \/>\n\u2022 Loo lastele v\u00f5imalus omakandi keele kuulmiseks ja r\u00e4\u00e4kimiseks v\u00e4ljaspool kodu.<br \/>\n\u2022 Paljudes koolides on alates algklassidest v\u00f5imalik osaleda omakandi keele tundides. See annab Sinu lapsele lisaks keeleoskusele ka teadmisi meie kohalikust kultuurist, loob seoseid kodukohaga ning aitab v\u00e4\u00e4rtustada esivanemate p\u00e4randit.<\/p>\n<p>K\u00fcsimused ja vastused on koostatud V\u00f5ru instituudi voldiku p\u00f5hjal.<\/p>\n","protected":false},"excerpt":{"rendered":"<p>Miks tasub lapsega mitmes keeles suhelda?<\/p>\n<p>\u2022 Enamik inimesi maailmas r\u00e4\u00e4gib rohkem kui \u00fcht keelt. Iga j\u00e4rgneva keele omandamine on eelnevast lihtsam. Nii omakandi kui eesti kirjakeele oskamine aitab lapsel edaspidi lihtsamalt ka teisi keeli omandada. \u2022 Paljudes peredes Euroopas r\u00e4\u00e4gitakse rohkem kui \u00fcht keelt ja antakse sel viisil lastele edasi parim osa mitmest keelest <a href=\"https:\/\/wi.ee\/annameedasi\/korduma-kippuvad-kusimused\/\">Loe edasi &rsaquo;<\/a><\/p>\n","protected":false},"author":2,"featured_media":0,"parent":0,"menu_order":0,"comment_status":"closed","ping_status":"closed","template":"","meta":{"footnotes":""},"class_list":["post-8","page","type-page","status-publish","hentry","odd"],"yoast_head":"<!-- This site is optimized with the Yoast SEO plugin v27.3 - https:\/\/yoast.com\/product\/yoast-seo-wordpress\/ -->\n<title>Korduma kippuvad k\u00fcsimused - Anname edasi!<\/title>\n<meta name=\"robots\" content=\"index, follow, max-snippet:-1, max-image-preview:large, max-video-preview:-1\" \/>\n<link rel=\"canonical\" href=\"https:\/\/wi.ee\/annameedasi\/korduma-kippuvad-kusimused\/\" \/>\n<meta property=\"og:locale\" content=\"et_EE\" \/>\n<meta property=\"og:type\" content=\"article\" \/>\n<meta property=\"og:title\" content=\"Korduma kippuvad k\u00fcsimused - Anname edasi!\" \/>\n<meta property=\"og:description\" content=\"Miks tasub lapsega mitmes keeles suhelda? \u2022 Enamik inimesi maailmas r\u00e4\u00e4gib rohkem kui \u00fcht keelt. Iga j\u00e4rgneva keele omandamine on eelnevast lihtsam. Nii omakandi kui eesti kirjakeele oskamine aitab lapsel edaspidi lihtsamalt ka teisi keeli omandada. \u2022 Paljudes peredes Euroopas r\u00e4\u00e4gitakse rohkem kui \u00fcht keelt ja antakse sel viisil lastele edasi parim osa mitmest keelest Loe edasi &rsaquo;\" \/>\n<meta property=\"og:url\" content=\"https:\/\/wi.ee\/annameedasi\/korduma-kippuvad-kusimused\/\" \/>\n<meta property=\"og:site_name\" content=\"Anname edasi!\" \/>\n<meta property=\"article:modified_time\" content=\"2021-10-24T19:31:27+00:00\" \/>\n<meta name=\"twitter:card\" content=\"summary_large_image\" \/>\n<meta name=\"twitter:label1\" content=\"Est. reading time\" \/>\n\t<meta name=\"twitter:data1\" content=\"3 minutit\" \/>\n<script type=\"application\/ld+json\" class=\"yoast-schema-graph\">{\"@context\":\"https:\\\/\\\/schema.org\",\"@graph\":[{\"@type\":\"WebPage\",\"@id\":\"https:\\\/\\\/wi.ee\\\/annameedasi\\\/korduma-kippuvad-kusimused\\\/\",\"url\":\"https:\\\/\\\/wi.ee\\\/annameedasi\\\/korduma-kippuvad-kusimused\\\/\",\"name\":\"Korduma kippuvad k\u00fcsimused - Anname edasi!\",\"isPartOf\":{\"@id\":\"https:\\\/\\\/wi.ee\\\/annameedasi\\\/#website\"},\"datePublished\":\"2013-10-22T08:25:50+00:00\",\"dateModified\":\"2021-10-24T19:31:27+00:00\",\"breadcrumb\":{\"@id\":\"https:\\\/\\\/wi.ee\\\/annameedasi\\\/korduma-kippuvad-kusimused\\\/#breadcrumb\"},\"inLanguage\":\"et\",\"potentialAction\":[{\"@type\":\"ReadAction\",\"target\":[\"https:\\\/\\\/wi.ee\\\/annameedasi\\\/korduma-kippuvad-kusimused\\\/\"]}]},{\"@type\":\"BreadcrumbList\",\"@id\":\"https:\\\/\\\/wi.ee\\\/annameedasi\\\/korduma-kippuvad-kusimused\\\/#breadcrumb\",\"itemListElement\":[{\"@type\":\"ListItem\",\"position\":1,\"name\":\"Home\",\"item\":\"https:\\\/\\\/wi.ee\\\/annameedasi\\\/\"},{\"@type\":\"ListItem\",\"position\":2,\"name\":\"Korduma kippuvad k\u00fcsimused\"}]},{\"@type\":\"WebSite\",\"@id\":\"https:\\\/\\\/wi.ee\\\/annameedasi\\\/#website\",\"url\":\"https:\\\/\\\/wi.ee\\\/annameedasi\\\/\",\"name\":\"Anname edasi!\",\"description\":\"\",\"potentialAction\":[{\"@type\":\"SearchAction\",\"target\":{\"@type\":\"EntryPoint\",\"urlTemplate\":\"https:\\\/\\\/wi.ee\\\/annameedasi\\\/?s={search_term_string}\"},\"query-input\":{\"@type\":\"PropertyValueSpecification\",\"valueRequired\":true,\"valueName\":\"search_term_string\"}}],\"inLanguage\":\"et\"}]}<\/script>\n<!-- \/ Yoast SEO plugin. -->","yoast_head_json":{"title":"Korduma kippuvad k\u00fcsimused - Anname edasi!","robots":{"index":"index","follow":"follow","max-snippet":"max-snippet:-1","max-image-preview":"max-image-preview:large","max-video-preview":"max-video-preview:-1"},"canonical":"https:\/\/wi.ee\/annameedasi\/korduma-kippuvad-kusimused\/","og_locale":"et_EE","og_type":"article","og_title":"Korduma kippuvad k\u00fcsimused - Anname edasi!","og_description":"Miks tasub lapsega mitmes keeles suhelda? \u2022 Enamik inimesi maailmas r\u00e4\u00e4gib rohkem kui \u00fcht keelt. Iga j\u00e4rgneva keele omandamine on eelnevast lihtsam. Nii omakandi kui eesti kirjakeele oskamine aitab lapsel edaspidi lihtsamalt ka teisi keeli omandada. \u2022 Paljudes peredes Euroopas r\u00e4\u00e4gitakse rohkem kui \u00fcht keelt ja antakse sel viisil lastele edasi parim osa mitmest keelest Loe edasi &rsaquo;","og_url":"https:\/\/wi.ee\/annameedasi\/korduma-kippuvad-kusimused\/","og_site_name":"Anname edasi!","article_modified_time":"2021-10-24T19:31:27+00:00","twitter_card":"summary_large_image","twitter_misc":{"Est. reading time":"3 minutit"},"schema":{"@context":"https:\/\/schema.org","@graph":[{"@type":"WebPage","@id":"https:\/\/wi.ee\/annameedasi\/korduma-kippuvad-kusimused\/","url":"https:\/\/wi.ee\/annameedasi\/korduma-kippuvad-kusimused\/","name":"Korduma kippuvad k\u00fcsimused - Anname edasi!","isPartOf":{"@id":"https:\/\/wi.ee\/annameedasi\/#website"},"datePublished":"2013-10-22T08:25:50+00:00","dateModified":"2021-10-24T19:31:27+00:00","breadcrumb":{"@id":"https:\/\/wi.ee\/annameedasi\/korduma-kippuvad-kusimused\/#breadcrumb"},"inLanguage":"et","potentialAction":[{"@type":"ReadAction","target":["https:\/\/wi.ee\/annameedasi\/korduma-kippuvad-kusimused\/"]}]},{"@type":"BreadcrumbList","@id":"https:\/\/wi.ee\/annameedasi\/korduma-kippuvad-kusimused\/#breadcrumb","itemListElement":[{"@type":"ListItem","position":1,"name":"Home","item":"https:\/\/wi.ee\/annameedasi\/"},{"@type":"ListItem","position":2,"name":"Korduma kippuvad k\u00fcsimused"}]},{"@type":"WebSite","@id":"https:\/\/wi.ee\/annameedasi\/#website","url":"https:\/\/wi.ee\/annameedasi\/","name":"Anname edasi!","description":"","potentialAction":[{"@type":"SearchAction","target":{"@type":"EntryPoint","urlTemplate":"https:\/\/wi.ee\/annameedasi\/?s={search_term_string}"},"query-input":{"@type":"PropertyValueSpecification","valueRequired":true,"valueName":"search_term_string"}}],"inLanguage":"et"}]}},"_links":{"self":[{"href":"https:\/\/wi.ee\/annameedasi\/wp-json\/wp\/v2\/pages\/8","targetHints":{"allow":["GET"]}}],"collection":[{"href":"https:\/\/wi.ee\/annameedasi\/wp-json\/wp\/v2\/pages"}],"about":[{"href":"https:\/\/wi.ee\/annameedasi\/wp-json\/wp\/v2\/types\/page"}],"author":[{"embeddable":true,"href":"https:\/\/wi.ee\/annameedasi\/wp-json\/wp\/v2\/users\/2"}],"replies":[{"embeddable":true,"href":"https:\/\/wi.ee\/annameedasi\/wp-json\/wp\/v2\/comments?post=8"}],"version-history":[{"count":7,"href":"https:\/\/wi.ee\/annameedasi\/wp-json\/wp\/v2\/pages\/8\/revisions"}],"predecessor-version":[{"id":762,"href":"https:\/\/wi.ee\/annameedasi\/wp-json\/wp\/v2\/pages\/8\/revisions\/762"}],"wp:attachment":[{"href":"https:\/\/wi.ee\/annameedasi\/wp-json\/wp\/v2\/media?parent=8"}],"curies":[{"name":"wp","href":"https:\/\/api.w.org\/{rel}","templated":true}]}}