{"id":4,"date":"2013-10-22T10:57:24","date_gmt":"2013-10-22T07:57:24","guid":{"rendered":"http:\/\/www.wi.ee\/annameedasi\/?page_id=4"},"modified":"2013-10-22T10:57:24","modified_gmt":"2013-10-22T07:57:24","slug":"anname-edasi","status":"publish","type":"page","link":"https:\/\/wi.ee\/annameedasi\/","title":{"rendered":"Anname edasi!"},"content":{"rendered":"<p>Koduleht julgustab Eesti inimesi \u00f5petama lastele p\u00f5liseid paikkondlikke keeli. <\/p>\n<p>Keel kujundab m\u00f5ttemaailma. Teineteisest erinevates keeltes on ka m\u00f5ttemaailmad veidi erinevad. Eestlaste m\u00f5tteilma rikkuse aluseks on eri piirkondades r\u00e4\u00e4gitavad p\u00f5lised paikkondlikud keeled. <\/p>\n<p>T\u00e4na on Eesti tuntumad p\u00f5lised paikkondlikud keeled <em>v\u00f5ro kiil, seto kiil, mulgi kiil<\/em> ja <em>kihnu kiel<\/em>. Nende s\u00e4ilitamiseks ja tutvustamiseks on tehtud palju t\u00f6\u00f6d: v\u00e4lja antud raamatuid ja ajalehti, tehtud tele ja raadiosaateid, loodud laule ja n\u00e4idendeid. Kuid kas see k\u00f5ik on piisav, et aastasadade kogemustest tulvil keeled ja neis m\u00f5eldavad m\u00f5tted p\u00fcsima j\u00e4\u00e4ksid?<\/p>\n<p>Kui keelt ei anta edasi lastele, ei pruugi k\u00f5igest tehtust keele s\u00e4ilitamisel kasu olla. Pered, kes igap\u00e4evaselt paikkondlikku keelt kasutavad, otsustavad selle keele p\u00fcsimaj\u00e4\u00e4mise. Anname oma kodukandi keele lastele edasi, r\u00e4\u00e4gime seda lastega!<\/p>\n","protected":false},"excerpt":{"rendered":"<p>Koduleht julgustab Eesti inimesi \u00f5petama lastele p\u00f5liseid paikkondlikke keeli. <\/p>\n<p>Keel kujundab m\u00f5ttemaailma. Teineteisest erinevates keeltes on ka m\u00f5ttemaailmad veidi erinevad. Eestlaste m\u00f5tteilma rikkuse aluseks on eri piirkondades r\u00e4\u00e4gitavad p\u00f5lised paikkondlikud keeled. <\/p>\n<p>T\u00e4na on Eesti tuntumad p\u00f5lised paikkondlikud keeled v\u00f5ro kiil, seto kiil, mulgi kiil ja kihnu kiel. Nende s\u00e4ilitamiseks ja tutvustamiseks on tehtud <a href=\"https:\/\/wi.ee\/annameedasi\/\">Loe edasi &rsaquo;<\/a><\/p>\n","protected":false},"author":2,"featured_media":0,"parent":0,"menu_order":0,"comment_status":"closed","ping_status":"closed","template":"","meta":{"footnotes":""},"class_list":["post-4","page","type-page","status-publish","hentry","odd"],"yoast_head":"<!-- This site is optimized with the Yoast SEO plugin v27.3 - https:\/\/yoast.com\/product\/yoast-seo-wordpress\/ -->\n<title>Anname edasi! - Anname edasi!<\/title>\n<meta name=\"robots\" content=\"index, follow, max-snippet:-1, max-image-preview:large, max-video-preview:-1\" \/>\n<link rel=\"canonical\" href=\"https:\/\/wi.ee\/annameedasi\/\" \/>\n<meta property=\"og:locale\" content=\"et_EE\" \/>\n<meta property=\"og:type\" content=\"article\" \/>\n<meta property=\"og:title\" content=\"Anname edasi! - Anname edasi!\" \/>\n<meta property=\"og:description\" content=\"Koduleht julgustab Eesti inimesi \u00f5petama lastele p\u00f5liseid paikkondlikke keeli. Keel kujundab m\u00f5ttemaailma. Teineteisest erinevates keeltes on ka m\u00f5ttemaailmad veidi erinevad. Eestlaste m\u00f5tteilma rikkuse aluseks on eri piirkondades r\u00e4\u00e4gitavad p\u00f5lised paikkondlikud keeled. T\u00e4na on Eesti tuntumad p\u00f5lised paikkondlikud keeled v\u00f5ro kiil, seto kiil, mulgi kiil ja kihnu kiel. Nende s\u00e4ilitamiseks ja tutvustamiseks on tehtud Loe edasi &rsaquo;\" \/>\n<meta property=\"og:url\" content=\"https:\/\/wi.ee\/annameedasi\/\" \/>\n<meta property=\"og:site_name\" content=\"Anname edasi!\" \/>\n<meta name=\"twitter:card\" content=\"summary_large_image\" \/>\n<meta name=\"twitter:label1\" content=\"Est. reading time\" \/>\n\t<meta name=\"twitter:data1\" content=\"1 minut\" \/>\n<script type=\"application\/ld+json\" class=\"yoast-schema-graph\">{\"@context\":\"https:\\\/\\\/schema.org\",\"@graph\":[{\"@type\":\"WebPage\",\"@id\":\"https:\\\/\\\/wi.ee\\\/annameedasi\\\/\",\"url\":\"https:\\\/\\\/wi.ee\\\/annameedasi\\\/\",\"name\":\"Anname edasi! - Anname edasi!\",\"isPartOf\":{\"@id\":\"https:\\\/\\\/wi.ee\\\/annameedasi\\\/#website\"},\"datePublished\":\"2013-10-22T07:57:24+00:00\",\"breadcrumb\":{\"@id\":\"https:\\\/\\\/wi.ee\\\/annameedasi\\\/#breadcrumb\"},\"inLanguage\":\"et\",\"potentialAction\":[{\"@type\":\"ReadAction\",\"target\":[\"https:\\\/\\\/wi.ee\\\/annameedasi\\\/\"]}]},{\"@type\":\"BreadcrumbList\",\"@id\":\"https:\\\/\\\/wi.ee\\\/annameedasi\\\/#breadcrumb\",\"itemListElement\":[{\"@type\":\"ListItem\",\"position\":1,\"name\":\"Home\",\"item\":\"https:\\\/\\\/wi.ee\\\/annameedasi\\\/\"},{\"@type\":\"ListItem\",\"position\":2,\"name\":\"Anname edasi!\"}]},{\"@type\":\"WebSite\",\"@id\":\"https:\\\/\\\/wi.ee\\\/annameedasi\\\/#website\",\"url\":\"https:\\\/\\\/wi.ee\\\/annameedasi\\\/\",\"name\":\"Anname edasi!\",\"description\":\"\",\"potentialAction\":[{\"@type\":\"SearchAction\",\"target\":{\"@type\":\"EntryPoint\",\"urlTemplate\":\"https:\\\/\\\/wi.ee\\\/annameedasi\\\/?s={search_term_string}\"},\"query-input\":{\"@type\":\"PropertyValueSpecification\",\"valueRequired\":true,\"valueName\":\"search_term_string\"}}],\"inLanguage\":\"et\"}]}<\/script>\n<!-- \/ Yoast SEO plugin. -->","yoast_head_json":{"title":"Anname edasi! - Anname edasi!","robots":{"index":"index","follow":"follow","max-snippet":"max-snippet:-1","max-image-preview":"max-image-preview:large","max-video-preview":"max-video-preview:-1"},"canonical":"https:\/\/wi.ee\/annameedasi\/","og_locale":"et_EE","og_type":"article","og_title":"Anname edasi! - Anname edasi!","og_description":"Koduleht julgustab Eesti inimesi \u00f5petama lastele p\u00f5liseid paikkondlikke keeli. Keel kujundab m\u00f5ttemaailma. Teineteisest erinevates keeltes on ka m\u00f5ttemaailmad veidi erinevad. Eestlaste m\u00f5tteilma rikkuse aluseks on eri piirkondades r\u00e4\u00e4gitavad p\u00f5lised paikkondlikud keeled. T\u00e4na on Eesti tuntumad p\u00f5lised paikkondlikud keeled v\u00f5ro kiil, seto kiil, mulgi kiil ja kihnu kiel. Nende s\u00e4ilitamiseks ja tutvustamiseks on tehtud Loe edasi &rsaquo;","og_url":"https:\/\/wi.ee\/annameedasi\/","og_site_name":"Anname edasi!","twitter_card":"summary_large_image","twitter_misc":{"Est. reading time":"1 minut"},"schema":{"@context":"https:\/\/schema.org","@graph":[{"@type":"WebPage","@id":"https:\/\/wi.ee\/annameedasi\/","url":"https:\/\/wi.ee\/annameedasi\/","name":"Anname edasi! - Anname edasi!","isPartOf":{"@id":"https:\/\/wi.ee\/annameedasi\/#website"},"datePublished":"2013-10-22T07:57:24+00:00","breadcrumb":{"@id":"https:\/\/wi.ee\/annameedasi\/#breadcrumb"},"inLanguage":"et","potentialAction":[{"@type":"ReadAction","target":["https:\/\/wi.ee\/annameedasi\/"]}]},{"@type":"BreadcrumbList","@id":"https:\/\/wi.ee\/annameedasi\/#breadcrumb","itemListElement":[{"@type":"ListItem","position":1,"name":"Home","item":"https:\/\/wi.ee\/annameedasi\/"},{"@type":"ListItem","position":2,"name":"Anname edasi!"}]},{"@type":"WebSite","@id":"https:\/\/wi.ee\/annameedasi\/#website","url":"https:\/\/wi.ee\/annameedasi\/","name":"Anname edasi!","description":"","potentialAction":[{"@type":"SearchAction","target":{"@type":"EntryPoint","urlTemplate":"https:\/\/wi.ee\/annameedasi\/?s={search_term_string}"},"query-input":{"@type":"PropertyValueSpecification","valueRequired":true,"valueName":"search_term_string"}}],"inLanguage":"et"}]}},"_links":{"self":[{"href":"https:\/\/wi.ee\/annameedasi\/wp-json\/wp\/v2\/pages\/4","targetHints":{"allow":["GET"]}}],"collection":[{"href":"https:\/\/wi.ee\/annameedasi\/wp-json\/wp\/v2\/pages"}],"about":[{"href":"https:\/\/wi.ee\/annameedasi\/wp-json\/wp\/v2\/types\/page"}],"author":[{"embeddable":true,"href":"https:\/\/wi.ee\/annameedasi\/wp-json\/wp\/v2\/users\/2"}],"replies":[{"embeddable":true,"href":"https:\/\/wi.ee\/annameedasi\/wp-json\/wp\/v2\/comments?post=4"}],"version-history":[{"count":1,"href":"https:\/\/wi.ee\/annameedasi\/wp-json\/wp\/v2\/pages\/4\/revisions"}],"predecessor-version":[{"id":5,"href":"https:\/\/wi.ee\/annameedasi\/wp-json\/wp\/v2\/pages\/4\/revisions\/5"}],"wp:attachment":[{"href":"https:\/\/wi.ee\/annameedasi\/wp-json\/wp\/v2\/media?parent=4"}],"curies":[{"name":"wp","href":"https:\/\/api.w.org\/{rel}","templated":true}]}}