{"id":14,"date":"2013-10-22T11:45:32","date_gmt":"2013-10-22T08:45:32","guid":{"rendered":"http:\/\/www.wi.ee\/annameedasi\/?page_id=14"},"modified":"2021-10-24T22:29:01","modified_gmt":"2021-10-24T19:29:01","slug":"voro","status":"publish","type":"page","link":"https:\/\/wi.ee\/annameedasi\/voro\/","title":{"rendered":"Vana V\u00f5romaa"},"content":{"rendered":"<p>Vana V\u00f5romaa on piirkond, kus r\u00e4\u00e4gitakse <em>v\u00f5ro kiilt<\/em>. Vana V\u00f5romaa koosneb kaheksast ajaloolisest kihelkonnast: Hargl\u00f5, Karula, Urvast\u00f5, Kanepi, P\u00f5lva, R\u00e4pin\u00e4, Vahts\u00f5liina ja R\u00f5ug\u00f5.<\/p>\n<p><a href=\"https:\/\/wi.ee\/wp-content\/uploads\/2019\/01\/Vana_Voromaa_kaart_2019.jpg\"><img loading=\"lazy\" decoding=\"async\" class=\"alignnone size-full wp-image-73\" alt=\"Vana V\u00f5romaa kaart\" src=\"http:\/\/www.wi.ee\/annameedasi\/wp-content\/uploads\/kaart700x495.jpg\" width=\"700\" height=\"495\" srcset=\"https:\/\/wi.ee\/annameedasi\/wp-content\/uploads\/kaart700x495.jpg 700w, https:\/\/wi.ee\/annameedasi\/wp-content\/uploads\/kaart700x495-300x212.jpg 300w, https:\/\/wi.ee\/annameedasi\/wp-content\/uploads\/kaart700x495-150x106.jpg 150w, https:\/\/wi.ee\/annameedasi\/wp-content\/uploads\/kaart700x495-400x282.jpg 400w\" sizes=\"auto, (max-width: 700px) 100vw, 700px\" \/><\/a><\/p>\n<p><em>V\u00f5ro kiil<\/em> on Eesti suurim paikkondlik keel. 2013. aasta rahvaloenduse andmetel 74\u00a0499 k\u00f5nelejat.<\/p>\n<p>Kirjanik Aapo Ilves on kirjutanud sellised laulus\u00f5nad:<\/p>\n<p><em>Kaeg\u00f5 perr\u00e4,<br \/>\nku illos om tan ell\u00e4&#8217;:<br \/>\nV\u00f5romaa<br \/>\nmi m\u00f5tsu, m\u00e4kiga.<br \/>\nVeere p\u00e4\u00e4l,<br \/>\nolla&#8217; tan om h\u00e4\u00e4!<br \/>\nUma kiil<br \/>\nja mid\u00e4gi om viil&#8230;<\/em><\/p>\n","protected":false},"excerpt":{"rendered":"<p>Vana V\u00f5romaa on piirkond, kus r\u00e4\u00e4gitakse v\u00f5ro kiilt. Vana V\u00f5romaa koosneb kaheksast ajaloolisest kihelkonnast: Hargl\u00f5, Karula, Urvast\u00f5, Kanepi, P\u00f5lva, R\u00e4pin\u00e4, Vahts\u00f5liina ja R\u00f5ug\u00f5.<\/p>\n<\/p>\n<p>V\u00f5ro kiil on Eesti suurim paikkondlik keel. 2013. aasta rahvaloenduse andmetel 74 499 k\u00f5nelejat.<\/p>\n<p>Kirjanik Aapo Ilves on kirjutanud sellised laulus\u00f5nad:<\/p>\n<p>Kaeg\u00f5 perr\u00e4, ku illos om tan ell\u00e4&#8217;: V\u00f5romaa mi m\u00f5tsu, <a href=\"https:\/\/wi.ee\/annameedasi\/voro\/\">Loe edasi &rsaquo;<\/a><\/p>\n","protected":false},"author":2,"featured_media":0,"parent":0,"menu_order":0,"comment_status":"closed","ping_status":"closed","template":"","meta":{"footnotes":""},"class_list":["post-14","page","type-page","status-publish","hentry","odd"],"yoast_head":"<!-- This site is optimized with the Yoast SEO plugin v27.3 - https:\/\/yoast.com\/product\/yoast-seo-wordpress\/ -->\n<title>Vana V\u00f5romaa - Anname edasi!<\/title>\n<meta name=\"robots\" content=\"index, follow, max-snippet:-1, max-image-preview:large, max-video-preview:-1\" \/>\n<link rel=\"canonical\" href=\"https:\/\/wi.ee\/annameedasi\/voro\/\" \/>\n<meta property=\"og:locale\" content=\"et_EE\" \/>\n<meta property=\"og:type\" content=\"article\" \/>\n<meta property=\"og:title\" content=\"Vana V\u00f5romaa - Anname edasi!\" \/>\n<meta property=\"og:description\" content=\"Vana V\u00f5romaa on piirkond, kus r\u00e4\u00e4gitakse v\u00f5ro kiilt. Vana V\u00f5romaa koosneb kaheksast ajaloolisest kihelkonnast: Hargl\u00f5, Karula, Urvast\u00f5, Kanepi, P\u00f5lva, R\u00e4pin\u00e4, Vahts\u00f5liina ja R\u00f5ug\u00f5. V\u00f5ro kiil on Eesti suurim paikkondlik keel. 2013. aasta rahvaloenduse andmetel 74 499 k\u00f5nelejat. Kirjanik Aapo Ilves on kirjutanud sellised laulus\u00f5nad: Kaeg\u00f5 perr\u00e4, ku illos om tan ell\u00e4&#8217;: V\u00f5romaa mi m\u00f5tsu, Loe edasi &rsaquo;\" \/>\n<meta property=\"og:url\" content=\"https:\/\/wi.ee\/annameedasi\/voro\/\" \/>\n<meta property=\"og:site_name\" content=\"Anname edasi!\" \/>\n<meta property=\"article:modified_time\" content=\"2021-10-24T19:29:01+00:00\" \/>\n<meta property=\"og:image\" content=\"http:\/\/www.wi.ee\/annameedasi\/wp-content\/uploads\/kaart700x495.jpg\" \/>\n<meta name=\"twitter:card\" content=\"summary_large_image\" \/>\n<script type=\"application\/ld+json\" class=\"yoast-schema-graph\">{\"@context\":\"https:\\\/\\\/schema.org\",\"@graph\":[{\"@type\":\"WebPage\",\"@id\":\"https:\\\/\\\/wi.ee\\\/annameedasi\\\/voro\\\/\",\"url\":\"https:\\\/\\\/wi.ee\\\/annameedasi\\\/voro\\\/\",\"name\":\"Vana V\u00f5romaa - Anname edasi!\",\"isPartOf\":{\"@id\":\"https:\\\/\\\/wi.ee\\\/annameedasi\\\/#website\"},\"primaryImageOfPage\":{\"@id\":\"https:\\\/\\\/wi.ee\\\/annameedasi\\\/voro\\\/#primaryimage\"},\"image\":{\"@id\":\"https:\\\/\\\/wi.ee\\\/annameedasi\\\/voro\\\/#primaryimage\"},\"thumbnailUrl\":\"http:\\\/\\\/www.wi.ee\\\/annameedasi\\\/wp-content\\\/uploads\\\/kaart700x495.jpg\",\"datePublished\":\"2013-10-22T08:45:32+00:00\",\"dateModified\":\"2021-10-24T19:29:01+00:00\",\"breadcrumb\":{\"@id\":\"https:\\\/\\\/wi.ee\\\/annameedasi\\\/voro\\\/#breadcrumb\"},\"inLanguage\":\"et\",\"potentialAction\":[{\"@type\":\"ReadAction\",\"target\":[\"https:\\\/\\\/wi.ee\\\/annameedasi\\\/voro\\\/\"]}]},{\"@type\":\"ImageObject\",\"inLanguage\":\"et\",\"@id\":\"https:\\\/\\\/wi.ee\\\/annameedasi\\\/voro\\\/#primaryimage\",\"url\":\"http:\\\/\\\/www.wi.ee\\\/annameedasi\\\/wp-content\\\/uploads\\\/kaart700x495.jpg\",\"contentUrl\":\"http:\\\/\\\/www.wi.ee\\\/annameedasi\\\/wp-content\\\/uploads\\\/kaart700x495.jpg\"},{\"@type\":\"BreadcrumbList\",\"@id\":\"https:\\\/\\\/wi.ee\\\/annameedasi\\\/voro\\\/#breadcrumb\",\"itemListElement\":[{\"@type\":\"ListItem\",\"position\":1,\"name\":\"Home\",\"item\":\"https:\\\/\\\/wi.ee\\\/annameedasi\\\/\"},{\"@type\":\"ListItem\",\"position\":2,\"name\":\"Vana V\u00f5romaa\"}]},{\"@type\":\"WebSite\",\"@id\":\"https:\\\/\\\/wi.ee\\\/annameedasi\\\/#website\",\"url\":\"https:\\\/\\\/wi.ee\\\/annameedasi\\\/\",\"name\":\"Anname edasi!\",\"description\":\"\",\"potentialAction\":[{\"@type\":\"SearchAction\",\"target\":{\"@type\":\"EntryPoint\",\"urlTemplate\":\"https:\\\/\\\/wi.ee\\\/annameedasi\\\/?s={search_term_string}\"},\"query-input\":{\"@type\":\"PropertyValueSpecification\",\"valueRequired\":true,\"valueName\":\"search_term_string\"}}],\"inLanguage\":\"et\"}]}<\/script>\n<!-- \/ Yoast SEO plugin. -->","yoast_head_json":{"title":"Vana V\u00f5romaa - Anname edasi!","robots":{"index":"index","follow":"follow","max-snippet":"max-snippet:-1","max-image-preview":"max-image-preview:large","max-video-preview":"max-video-preview:-1"},"canonical":"https:\/\/wi.ee\/annameedasi\/voro\/","og_locale":"et_EE","og_type":"article","og_title":"Vana V\u00f5romaa - Anname edasi!","og_description":"Vana V\u00f5romaa on piirkond, kus r\u00e4\u00e4gitakse v\u00f5ro kiilt. Vana V\u00f5romaa koosneb kaheksast ajaloolisest kihelkonnast: Hargl\u00f5, Karula, Urvast\u00f5, Kanepi, P\u00f5lva, R\u00e4pin\u00e4, Vahts\u00f5liina ja R\u00f5ug\u00f5. V\u00f5ro kiil on Eesti suurim paikkondlik keel. 2013. aasta rahvaloenduse andmetel 74 499 k\u00f5nelejat. Kirjanik Aapo Ilves on kirjutanud sellised laulus\u00f5nad: Kaeg\u00f5 perr\u00e4, ku illos om tan ell\u00e4&#8217;: V\u00f5romaa mi m\u00f5tsu, Loe edasi &rsaquo;","og_url":"https:\/\/wi.ee\/annameedasi\/voro\/","og_site_name":"Anname edasi!","article_modified_time":"2021-10-24T19:29:01+00:00","og_image":[{"url":"http:\/\/www.wi.ee\/annameedasi\/wp-content\/uploads\/kaart700x495.jpg","type":"","width":"","height":""}],"twitter_card":"summary_large_image","schema":{"@context":"https:\/\/schema.org","@graph":[{"@type":"WebPage","@id":"https:\/\/wi.ee\/annameedasi\/voro\/","url":"https:\/\/wi.ee\/annameedasi\/voro\/","name":"Vana V\u00f5romaa - Anname edasi!","isPartOf":{"@id":"https:\/\/wi.ee\/annameedasi\/#website"},"primaryImageOfPage":{"@id":"https:\/\/wi.ee\/annameedasi\/voro\/#primaryimage"},"image":{"@id":"https:\/\/wi.ee\/annameedasi\/voro\/#primaryimage"},"thumbnailUrl":"http:\/\/www.wi.ee\/annameedasi\/wp-content\/uploads\/kaart700x495.jpg","datePublished":"2013-10-22T08:45:32+00:00","dateModified":"2021-10-24T19:29:01+00:00","breadcrumb":{"@id":"https:\/\/wi.ee\/annameedasi\/voro\/#breadcrumb"},"inLanguage":"et","potentialAction":[{"@type":"ReadAction","target":["https:\/\/wi.ee\/annameedasi\/voro\/"]}]},{"@type":"ImageObject","inLanguage":"et","@id":"https:\/\/wi.ee\/annameedasi\/voro\/#primaryimage","url":"http:\/\/www.wi.ee\/annameedasi\/wp-content\/uploads\/kaart700x495.jpg","contentUrl":"http:\/\/www.wi.ee\/annameedasi\/wp-content\/uploads\/kaart700x495.jpg"},{"@type":"BreadcrumbList","@id":"https:\/\/wi.ee\/annameedasi\/voro\/#breadcrumb","itemListElement":[{"@type":"ListItem","position":1,"name":"Home","item":"https:\/\/wi.ee\/annameedasi\/"},{"@type":"ListItem","position":2,"name":"Vana V\u00f5romaa"}]},{"@type":"WebSite","@id":"https:\/\/wi.ee\/annameedasi\/#website","url":"https:\/\/wi.ee\/annameedasi\/","name":"Anname edasi!","description":"","potentialAction":[{"@type":"SearchAction","target":{"@type":"EntryPoint","urlTemplate":"https:\/\/wi.ee\/annameedasi\/?s={search_term_string}"},"query-input":{"@type":"PropertyValueSpecification","valueRequired":true,"valueName":"search_term_string"}}],"inLanguage":"et"}]}},"_links":{"self":[{"href":"https:\/\/wi.ee\/annameedasi\/wp-json\/wp\/v2\/pages\/14","targetHints":{"allow":["GET"]}}],"collection":[{"href":"https:\/\/wi.ee\/annameedasi\/wp-json\/wp\/v2\/pages"}],"about":[{"href":"https:\/\/wi.ee\/annameedasi\/wp-json\/wp\/v2\/types\/page"}],"author":[{"embeddable":true,"href":"https:\/\/wi.ee\/annameedasi\/wp-json\/wp\/v2\/users\/2"}],"replies":[{"embeddable":true,"href":"https:\/\/wi.ee\/annameedasi\/wp-json\/wp\/v2\/comments?post=14"}],"version-history":[{"count":9,"href":"https:\/\/wi.ee\/annameedasi\/wp-json\/wp\/v2\/pages\/14\/revisions"}],"predecessor-version":[{"id":761,"href":"https:\/\/wi.ee\/annameedasi\/wp-json\/wp\/v2\/pages\/14\/revisions\/761"}],"wp:attachment":[{"href":"https:\/\/wi.ee\/annameedasi\/wp-json\/wp\/v2\/media?parent=14"}],"curies":[{"name":"wp","href":"https:\/\/api.w.org\/{rel}","templated":true}]}}