{"id":129,"date":"2014-12-19T11:57:08","date_gmt":"2014-12-19T09:57:08","guid":{"rendered":"http:\/\/www.wi.ee\/annameedasi\/?page_id=129"},"modified":"2014-12-22T09:16:11","modified_gmt":"2014-12-22T07:16:11","slug":"salmid","status":"publish","type":"page","link":"https:\/\/wi.ee\/annameedasi\/voro\/salmid\/","title":{"rendered":"Salmid"},"content":{"rendered":"<p><a href=\"#osa1\">1. H\u00e4ll\u00fcp\u00e4\u00e4v\u00e4salmi\u2019<\/a><br \/>\n<a href=\"#osa2\">2. Lein\u00e4salmi\u2019<\/a><br \/>\n<a href=\"#osa3\">3. Salmi\u2019 lats\u00f5 s\u00fcnn\u00fc puhul<\/a><br \/>\n<a href=\"#osa4\">4. Siist ja s\u00e4\u00e4lt nukast<\/a><\/p>\n<p><em>Kaldkriips\u00f5 vaih\u00f5l om keeletoim\u00f5ndaja pakut v\u00f5roper\u00e4tsemb s\u00f5nastus.<\/em><\/p>\n<p><a name=\"osa2\"><\/p>\n<h2>H\u00e4ll\u00fcp\u00e4\u00e4v\u00e4salmi\u2019<\/h2>\n<p><\/a><\/p>\n<p>\u00dcts ruus uma h\u00e4itsme valla lei<br \/>\nja sull\u00f5 aasta manu t\u00f5i.<br \/>\nEi tuust es juhtu mid\u00e4gi &#8211;<br \/>\nkuun h\u00e4itsege\u2019 elun edesi!<\/p>\n<p><strong>Annika Anton<\/strong><\/p>\n<p>***<\/p>\n<p>Kooni\u2019 paistus kin\u00e4 p\u00e4iv,<br \/>\npito pit\u00e4\u2019ol\u00f5-i vaiv,<br \/>\nmid\u00e4 hingest tahat Sa\u2019,<br \/>\ntulku Sull\u00f5 kuhaga.<\/p>\n<p><strong>Vaino Linnus<\/strong><\/p>\n<p>***<\/p>\n<p>Mi Sull\u00f5 \u00f5nn\u00f5 soovimi<br \/>\nja v\u00f5ro keelen laulami.<br \/>\nValgit ruus\u00f5 toomi Sull\u00f5 \u00fcs\u00e4t\u00e4vve,<br \/>\njakkugu\u2019 \u00f5ks l\u00e4mmind leib\u00e4 lavva p\u00e4\u00e4le!<br \/>\nH\u00e4id s\u00f5pru istku\u2019 \u00fcmber lavva \u2013<br \/>\nol\u00f5\u2019 terve\u2019, el\u00e4\u2019 kavva-kavva!<\/p>\n<p>***<\/p>\n<p>H\u00e4ll\u00fcp\u00e4\u00e4v\u00e4 lavva p\u00e4\u00e4l<br \/>\nei ol\u00f5ma pi\u00e4\u2019 eurov\u00e4rki \u2013<br \/>\nV\u00f5rumaal om kraami h\u00e4\u00e4d,<br \/>\nmis uma, ehts\u00e4, V\u00f5ru marki.<br \/>\nEt elun sa ei l\u00e4bi p\u00f5rus,<br \/>\nv\u00f5iss n\u00f5sta klaasi, millen \u201eV\u00f5ru m\u00f5ru\u201c!<\/p>\n<p><strong>K\u00fclli Kolodinskaja<\/strong><\/p>\n<p>***<\/p>\n<p>Elokevv\u00e4i kordumatu kaunis \/ainulin\u00f5 illos\/<br \/>\nlillirohk\u00f5 \/lillilidse\/ rohilids\u00f5 muro p\u00e4\u00e4l.<br \/>\nNuur hing, t\u00e4\u00fcs h\u00fcvvi m\u00f5ttid,<br \/>\n\u00f5ig\u00f5 tii l\u00f6vv\u00e4\u2019 \u00fcles<br \/>\nja m\u00f5tt\u00f5\u2019 t\u00e4\u00fcde vii\u2019.<\/p>\n<p>***<\/p>\n<p>Ku eloh astut lug\u00f5malda\u2019 samm\u00f5<br \/>\nja mitm\u00f5 verst\u00e4posti s\u00e4l\u00e4 taad\u00f5 j\u00e4\u00e4n\u00fc,<br \/>\nviil \u00e4r v\u00f5tku\u2019 huugu maaha,<br \/>\num h\u00e4\u00e4d ja huvitavat k\u00fcl\u00e4nd iih.<\/p>\n<p><strong>\u00d5ie Laanekivi<\/strong><\/p>\n<p>***<\/p>\n<p>Tahas, et su silm\u00e4 helk\u00e4s \u2013<br \/>\nm\u00fc\u00fcd\u00e4l\u00e4nn\u00fc aasti per\u00e4st,<br \/>\nka et Sinnu hoias taivas<br \/>\nja terv\u00fcski ei tiis sul vaiva!<\/p>\n<p><strong>Ene Alop<\/strong><\/p>\n<p>***<\/p>\n<p>T\u00e4\u00e4mb\u00e4 om \u00fcts illos p\u00e4iv,<br \/>\nlats saa &#8230;-aastads\u00f5s.<br \/>\nKorg\u00f5mbalt k\u00e4\u00fc taivan p\u00e4iv,<br \/>\nlats saa &#8230;-aastads\u00f5s<\/p>\n<p>***<\/p>\n<p>Tsill\u2032ok\u00f5n\u00f5 lats\u00f5k\u00f5n\u00f5,<br \/>\ntul\u00f5\u2019, ma tii pai.<br \/>\nTsill\u2032ok\u00f5n\u00f5 lats\u00f5k\u00f5n\u00f5,<br \/>\n&#8230;-aastads\u00f5s sa sait!<\/p>\n<p><strong>Maris M\u00e4gi<\/strong><\/p>\n<p>***<\/p>\n<p>Kas v\u00e4l\u00e4n om talv, suvi, kevv\u00e4i vai s\u00fck\u00fcs,<br \/>\nvannus\u00f5numm\u00f5r iks edesi t\u00fck\u00fcs.<br \/>\n\u00c4r pel\u00e4ku\u2019 numm\u00f5rd, ei saisma Sul j\u00e4\u00e4\u2019 tuu,<br \/>\nhoobis kogot tarkus\u00f5l saat lask\u00f5\u2019 paistu.<\/p>\n<p><strong>Maike-Liis Piirits<\/strong><\/p>\n<p>***<\/p>\n<p>Sul om t\u00e4\u00e4mb\u00e4 h\u00e4ll\u00fcp\u00e4iv,<br \/>\n\u2026k\u00fcmnes s\u00fcnn\u00fcp\u00e4iv.<br \/>\nPall\u2032u \u00f5nn\u00f5 soovimi,<br \/>\nk\u00f5vva terv\u00fcst lisami \/jakkami\/!<\/p>\n<p>***<\/p>\n<p>Paistku\u2019 Sull\u00f5 p\u00e4\u00e4v\u00e4kene,<br \/>\ntoogu\u2019 terv\u00fcst tuul\u00f5k\u00f5n\u00f5,<br \/>\npall\u2032u \u00f5nn\u00f5, s\u00f5brak\u00f5n\u00f5!<\/p>\n<p>***<\/p>\n<p>Eg\u00e4 p\u00e4iv om imeline,<br \/>\nt\u00e4\u00e4mb\u00e4 Sinu-nimeline.<br \/>\nOm jo Sinu s\u00fcnn\u00fcp\u00e4iv,<br \/>\n\u00f5ig\u00f5 \u00f5nn\u00f5soovi aig!<\/p>\n<p>***<\/p>\n<p>Terv\u00fcs Sull\u00f5 k\u00f5vva tulku,<br \/>\n\u00f5nn\u00f5soovi t\u00e4\u00fcde minku!<\/p>\n<p><strong>Maimu Kindma<\/strong><\/p>\n<p>***<\/p>\n<p>\u00d5nn\u00f5 sull\u00f5 ma ei soovi\u2019,<br \/>\n\u00f5nn om kip\u00f5 kadoma.<br \/>\nSoovi sull\u00f5 ravvast tahtmist<br \/>\nelotormin v\u00f5id\u00f5lda\u2019.<\/p>\n<p>***<\/p>\n<p>Nuurust \u00e4r sa takan ik\u00f5\u2019<br \/>\nnii, et silm\u00e4\u2019 omma\u2019 lik\u00f5\u2019.<br \/>\nEs t\u00e4 kao\u2019 jo kohegi \u2013<br \/>\nsull\u00f5 puuhu (p\u00f5ue) pag\u00f5si.<\/p>\n<p>***<\/p>\n<p>Tei ma p\u00f5rssal vahts\u00f5 sulu.<br \/>\nTsiga v\u00e4ega vihan\u00f5:<br \/>\n\u201eOl\u00f5t p\u00f5rss ja p\u00f5rssas j\u00e4\u00e4t,<br \/>\nku k\u00f5rd vanas tsias sa saat!\u201c<\/p>\n<p>***<\/p>\n<p>T\u00e4\u00e4mb\u00e4 su \u00fcmbre omma\u2019 l\u00f5hnava\u2019 \/h\u00f5ngava\u2019\/ roosi\u2019,<br \/>\nSu terv\u00fcses joomi \u2013<br \/>\nja h\u00f5ikami proosit.<\/p>\n<p>***<\/p>\n<p>Nii pall\u2032o \u00f5nn\u00f5 soovi sul,<br \/>\nku kikkal hannasulgi.<br \/>\nNii pall\u2032o puhast armastust,<br \/>\nku kassipojal kannatust.<\/p>\n<p>***<\/p>\n<p>Nuurus\u00f5st v\u00f5i kirota\u2019 raamadu<br \/>\nselle, et meile t\u00e4 k\u00e4ttesaamadu.<br \/>\nOlla\u2019 v\u00f5i vanadus ka vuurus \u2013<br \/>\nom t\u00e4 ku t\u00f5s\u00f5 tasandi nuurus.<\/p>\n<p>***<\/p>\n<p>Pall\u2032o \u00f5nn\u00f5 soovi sul,<br \/>\n\u00f5nn\u00f5st hall\u00f5 ol\u00f5-i mul.<br \/>\nR\u00f5\u00f5mu tunn\u00f5 s\u00f5brast h\u00e4\u00e4st \u2013<br \/>\nted\u00e4 kas vai kaksas p\u00e4\u00e4st.<\/p>\n<p>***<\/p>\n<p>H\u00e4ll\u00fcp\u00e4\u00e4v\u00e4s pall\u2032o \u00f5nn\u00f5 \u2013<br \/>\n\u00f5nn\u00f5lik om olla\u2019 p\u00f5nn\u00f5v.<br \/>\nTuugi \u00f5nn, ku hing viil seen,<br \/>\nm\u00f5istva\u2019 toda naan\u00f5, miis.<\/p>\n<p>***<\/p>\n<p>El\u00e4\u2019 ilman Manniga,<br \/>\nkeed\u00e4\u2019 putro panniga.<br \/>\nS\u00f5s v\u00f5it olla\u2019 \u00f5nn\u00f5lik \u2013<br \/>\nnigu kapsta kallal sikk.<\/p>\n<p>***<\/p>\n<p>H\u00e4ll\u00fcp\u00e4\u00e4v\u00e4s sull\u00f5 \u201epappi\u201c<br \/>\nmi ei kingi \u2013 tuu tiip tsappi\u2026<br \/>\nOstami sul a\u015ba kingis \u2013<br \/>\nj\u00e4\u00e4se m\u00e4leht\u00fcs s\u00f5s mingi.<\/p>\n<p><strong>Enno S\u00e4inast<\/strong><\/p>\n<p>***<\/p>\n<p>S\u00fcnn\u00fcp\u00e4\u00e4v\u00e4lats, sa kallis mull\u00f5,<br \/>\npall\u2032o \u00f5nn\u00f5 soovi sull\u00f5.<br \/>\nPikk\u00e4 ik\u00e4, hulga miildej\u00e4\u00e4vit p\u00e4ivi viil,<br \/>\nh\u00fcvv\u00e4 terv\u00fcst, j\u00f5udu elotiil.<\/p>\n<p><strong>Lea Seim<\/strong><\/p>\n<p><a href=\"#top\">\u00dcles<\/a><\/p>\n<p><a name=\"osa2\"><\/p>\n<h2>Leinasalmi&#8217;<\/h2>\n<p><\/a><\/p>\n<p>\u00dcts k\u00fcnnel kistu, vakka hel\u00fc j\u00e4i.<br \/>\nEi in\u00e4mb tim\u00e4 jalg siin tar\u00f5n k\u00e4\u00fc\u2019.<br \/>\nK\u00f5ik s\u00f5bra\u2019, tutva\u2019 \u2013 v\u00f5tk\u00f5\u2019 m\u00e4lest\u00fcses pits!<br \/>\nMi s\u00fc\u00e4men t\u00e4 edesi jo el\u00e4s iks.<\/p>\n<p><strong>Annika Anton<\/strong><\/p>\n<p>***<\/p>\n<p>Velekene, tsipa t\u00f5ruk\u00f5n\u00f5<br \/>\ntahts\u00f5 kassu\u2019 suur\u00f5s puus.<br \/>\nTormituul t\u00e4 \u00e4r\u00e4 murds\u00f5<br \/>\nkeset elokev\u00e4j\u00e4t.<\/p>\n<p>****<\/p>\n<p>Maamulda ku im\u00e4 \u00fcsk\u00e4<br \/>\nl\u00e4t\u015b lats\u00f5k\u00f5n\u00f5 magama.<br \/>\nIlmaelo r\u00f5\u00f5mu\u2019, murr\u00f5\u2019<br \/>\nn\u00e4gem\u00e4ld\u00e4\u2019 j\u00e4i\u2019.<\/p>\n<p>***<\/p>\n<p>P\u00fch\u00e4 kodomulla r\u00fcpp\u00fc<br \/>\nhiid\u00e4 un\u00f5l\u00f5.<br \/>\nS\u00e4\u00e4lt ilmaelo vaiv ja valo<br \/>\nei l\u00f6vv\u00e4\u2019 kunagi.<\/p>\n<p>***<\/p>\n<p>Eloh saadu\u2019 valuhaava\u2019<br \/>\nminej\u00e4l \u00fcts aohetk kaotas,<br \/>\nA j\u00e4\u00e4jide m\u00e4leht\u00fcse\u2019<br \/>\nkestv\u00e4\u2019 \u00fcle havvagi.<\/p>\n<p><strong>\u00d5ie Laanekivi<\/strong><\/p>\n<p>***<\/p>\n<p>T\u00e4\u00e4mb\u00e4 om sul v\u00e4ega vallus,<br \/>\nkuiki surm k\u00e4\u00fc elu manu,<br \/>\nlohutus\u00f5s j\u00e4\u00e4s sul lootus,<br \/>\nig\u00e4v\u00e4dse vahts\u00f5 oodus&#8230;<\/p>\n<p><strong>Ene Alop<\/strong><\/p>\n<p>***<\/p>\n<p>\u00dcts v\u00e4s\u00fcn\u00fc hing om l\u00f6\u00fcdn\u00fc rahu,<br \/>\nt\u00e4 t\u00fc\u00fcmehep\u00f5li om otsa saanu.<br \/>\nN\u00fc\u00fct aigu om puhada\u2019 k\u00f5g\u00f5st ja k\u00f5igist<br \/>\nni j\u00e4i\u00e4\u2019 viil kavvast mi s\u00fc\u00e4mehe.<\/p>\n<p>***<\/p>\n<p>Om inemise elo ku k\u00fcndletuli,<br \/>\nmis k\u00f5rd l\u00e4\u00fcdet \u2013 tuu l\u00f5puni palas.<\/p>\n<p><strong>Riina Koido<\/strong><\/p>\n<p>***<\/p>\n<p>\u00dcle murr\u00f5 ja silm\u00e4vii<br \/>\nl\u00e4tt kuldn\u00f5 m\u00e4leht\u00fcisi tii.<br \/>\nS\u00e4\u00e4lt p\u00fcvv\u00e4\u2019 le\u00fcd\u00e4\u2019 lohutust \/tr\u00fc\u00fcsti\/.<\/p>\n<p><strong>Maimu Kindma<\/strong><\/p>\n<p><a href=\"#top\">\u00dcles<\/a><\/p>\n<p><a name=\"osa3\"><\/p>\n<h2>Salmi\u2019 lats\u00f5 s\u00fcnn\u00fc puhul<\/h2>\n<p><\/a><\/p>\n<p>Om t\u00e4\u00e4mb\u00e4ne p\u00e4iv v\u00e4ega illus.<br \/>\nKuigi m\u00f5n\u00f5l\u00f5 t\u00e4\u00e4 veid\u00fc vallus.<br \/>\nS\u00fcnd\u00fc maailma \u00fcts v\u00e4iku tsirts.<br \/>\n\u00d5nn\u00f5 soovimi tuul puhul t\u00f6rts.<\/p>\n<p><strong>Annika Anton<\/strong><\/p>\n<p>***<\/p>\n<p>\u00d5nn\u00f5 lats\u00f5 s\u00fcnn\u00fc puhus,<br \/>\nhurraa, hurraa ja pall\u2032o \u00f5nn\u00f5<br \/>\nja tul\u00f5vikun viil mano p\u00f5nn\u00f5,<br \/>\nsis t\u00e4\u00fcs saa rahvast Eestimaa<br \/>\nja k\u00f5ik mi r\u00f5\u00f5msa\u2019 olla\u2019 saa.<\/p>\n<p><strong>Kaja-Riina Plumann<\/strong><\/p>\n<p>***<\/p>\n<p>(Passis edim\u00e4dse lats\u00f5 s\u00fcnd\u00fcmise puhul, suur\u00f5 perre \u00f5nn\u00f5lik\u00f5l\u00f5 van\u00f5mbil\u00f5, a k\u00f5g\u00f5 rohk\u00f5mb lats\u00f5last uutjil\u00f5 vanavan\u00f5mbil\u00f5.)<\/p>\n<p>\u00dcsk\u00e4-h\u00e4ll\u00fc ood\u00f5tul\u00f5<br \/>\n\u00fcten andas naarun\u00e4lg.<br \/>\npia t\u00e4 teid jo p\u00f5s\u00f5st pur\u00f5,<br \/>\nkat\u00f5st hambast j\u00e4ren j\u00e4lg.<\/p>\n<p><strong>Milvi Panga<\/strong><\/p>\n<p>***<\/p>\n<p>V\u00e4iko lats\u00f5k\u00f5 liigutas varbit,<br \/>\nsilmiga kaes veid\u00fcke \u00fcmbre.<br \/>\nIm\u00e4le-es\u00e4le r\u00f5\u00f5must ja rahust,<br \/>\nk\u00fcl t\u00e4 kunagi suur\u00f5s jo kasus.<\/p>\n<p><strong>Riina Koido<\/strong><\/p>\n<p>***<\/p>\n<p>Lats ku ilmal\u00f5 om tulnu,<br \/>\ntim\u00e4st pall\u2032o r\u00f5\u00f5mu olnu.<br \/>\nTed\u00e4 vaia meile sii\u00e4\u2019,<br \/>\nello edesi et vii\u00e4\u2019.<\/p>\n<p>***<\/p>\n<p>Ku ilma s\u00fcnn\u00fcs inime,<br \/>\ns\u00f5s om t\u00e4 ull\u2032 ja unin\u00f5.<br \/>\nA ildampa, ku suur\u00f5s saa,<br \/>\nk\u00f5ik ilma a\u015ba\u2019 k\u00f5rda aas.<\/p>\n<p>***<\/p>\n<p>Ol\u00f5t tibi-tsillok\u00f5,<br \/>\ntsirgu sul\u00f5 suurun\u00f5.<br \/>\n\u00c4iu-\u00e4iu-\u00e4iu-\u00e4\u00e4,<br \/>\ntudul\u00f5 sa varsti j\u00e4\u00e4\u2019!<\/p>\n<p>***<\/p>\n<p>Kiriv\u00e4l tsiidsul kell\u00e4 kaalan,<br \/>\nlats\u00f5k\u00f5s\u00f5l suka jalan.<br \/>\nIm\u00e4kene helde-lahk\u00f5<br \/>\nkudi lats\u00f5l suka\u2019 vahts\u00f5\u2019.<\/p>\n<p>***<\/p>\n<p>Laula\u2019, laula\u2019, lats\u00f5k\u00f5n\u00f5,<br \/>\nlats\u00f5l kerge keelekene\u2026<br \/>\nLaula\u2019, laula\u2019 eg\u00e4l juhul<br \/>\numa s\u00fcnn\u00fcp\u00e4\u00e4v\u00e4 puhul.<\/p>\n<p>***<\/p>\n<p>Illos aig om lats\u00f5p\u00f5lv \u2013<br \/>\nsinine om taivav\u00f5lv.<br \/>\nKu saa haig\u00f5t lats\u00f5 p\u00f5lv \u2013<br \/>\nmust om murr\u00f5st taivav\u00f5lv.<\/p>\n<p>***<\/p>\n<p>Ku tuli panti palama \u2013<br \/>\nlats ilmal\u00f5 sai tul\u00f5ma.<br \/>\nNii ilmavalgust n\u00e4ie lats,<br \/>\nt\u00e4l h\u00e4ll\u00fcp\u00f5hja tetti plats.<\/p>\n<p>***<\/p>\n<p>Tsiap\u00f5rss ja lambatall,<br \/>\nkaagutaja kana ka<br \/>\ntibud\u00f5ga akn\u00f5 all<br \/>\nlats\u00f5l \u00f5nn\u00f5 suuvva.<\/p>\n<p>***<\/p>\n<p>V\u00f5ro liinast l\u00f6\u00fcdse ma<br \/>\narmastus\u00f5 massina.<br \/>\nNaksi ted\u00e4 uurma \u2013<br \/>\nlats\u00f5 naksi s\u00fcnd\u00fcm\u00e4.<\/p>\n<p>***<\/p>\n<p>Lats\u00f5 s\u00fcnd om imeline,<br \/>\n\u00f5kvalt ku taiva minemine.<br \/>\nK\u00f5ik om p\u00fch\u00e4lik ja ehtne \u2013<br \/>\niin n\u00e4et valg\u00f5t puhast lehte.<\/p>\n<p><strong>Enno S\u00e4inast<\/strong><\/p>\n<p><a href=\"#top\">\u00dcles<\/a><\/p>\n<p><a name=\"osa4\"><\/p>\n<h2>Siist ja s\u00e4\u00e4lt nukast<\/h2>\n<p><\/a><\/p>\n<p>Mis tet\u00e4\u2019 viil, om vaia \u00e4r\u00e4 tet\u00e4\u2019,<br \/>\nei saa\u2019 sa terve elo hinn\u00e4st pett\u00e4\u2019.<br \/>\nK\u00f5ik aig \u00fcts t\u00fc\u00fc om takan aanu t\u00f5ist,<br \/>\nh\u00e4\u00e4, et ka uma p\u00e4\u00e4 n\u00fc\u00fct toda m\u00f5ist.<\/p>\n<p>***<\/p>\n<p>Tr\u00f6\u00f6stis s\u00f5bral\u00f5<\/p>\n<p>1. Mis l\u00e4nn\u00fc om, tuu l\u00e4nn\u00fc om,<br \/>\ntuud in\u00e4mb tagasi ei saa\u2019.<br \/>\nMis tett\u00fc om, tuu tett\u00fc om,<br \/>\ntuud k\u00fcl vast praavita\u2019 viil saa.<\/p>\n<p>2. Om terv\u00fcs k\u00f5g\u00f5 t\u00e4hts\u00e4mp elon,<br \/>\nsis sipl\u00f5ma ei pi\u00e4\u2019 sa v\u00f5lon.<br \/>\nKu raha \u201eroht\u00f5\u201d p\u00e4\u00e4le l\u00e4tt,<br \/>\nsis uma eit su maaha j\u00e4tt.<\/p>\n<p>***<\/p>\n<p>Ei l\u00e4\u00e4\u2019 valima<\/p>\n<p>1. V\u00f5ta\u2019 \u00fcts ja viska\u2019 t\u00f5ist,<br \/>\neg\u00e4\u00fcts meist toda m\u00f5ist,<br \/>\net ei par\u00f5mbas l\u00e4\u00e4\u2019 siin,<br \/>\numa hel\u00fc \u00e4r ma vii.<\/p>\n<p>2. Sisses\u00f5itnu\u2019 siimnit s\u00f6\u00f6v\u00e4,<br \/>\nnikani ku \u00fctst\u00f5ist l\u00f6\u00f6v\u00e4,<br \/>\nel\u00e4j\u00e4aian s\u00fcvv\u00e4s kaaru,<br \/>\npeet\u00e4s peenikeist s\u00e4\u00e4l naaru.<\/p>\n<p>***<\/p>\n<p>J\u00f5ulusalmi<\/p>\n<p>Teil soovi kallist j\u00f5ulurahu<br \/>\nja tuu, mis tarr\u00f5 \u00e4r ei mahu\u2019,<br \/>\npuistada\u2019 v\u00f5is \u00fcle maa,<br \/>\net maailm par\u00f5mbas meil saas.<\/p>\n<p>***<\/p>\n<p>(Umatett\u00fc kaardi p\u00e4\u00e4le.)<\/p>\n<p>Ma salmi tei ja j\u00f5ulukaardi<br \/>\nja vahts\u00f5t aastat teile soovi.<br \/>\nMa ooda n\u00fc\u00fct, et j\u00e4lki minn\u00e4\u2019,<br \/>\nmu s\u00fc\u00e4 om V\u00f5rro j\u00e4\u00e4n\u00fc sinn\u00e4\u2019,<br \/>\nkon lats\u00f5p\u00f5lv ja mino juur\u00f5\u2019<br \/>\nja aasta s\u00fcndm\u00fcse nii suur\u00f5\u2019.<\/p>\n<p>Lep\u00fct\u00fcses<\/p>\n<p>Minkper\u00e4st pi\u00e4t sa muka t\u00fcll\u00fc kiskma,<br \/>\nsul kausi\u2019 satas\u00f5\u2019, ma kruusi\u2019 katski viska<br \/>\nja s\u00f5nno ter\u00e4vit nii pall\u2032o \u00f5hun lindas,<br \/>\nt\u00fckk aigu m\u00fc\u00fcd\u00e4 l\u00e4tt, ku j\u00e4lki saami hind\u00e4s.<\/p>\n<p><strong>Kaja-Riina Plumann<\/strong><\/p>\n<p>***<\/p>\n<p>\u00dctlemise\u2019 \u00fcten latsiga<br \/>\nIm\u00e4 om illos,<br \/>\nim\u00e4 om h\u00e4\u00e4.<br \/>\nLats pand im\u00e4le<br \/>\n\u00fcsk\u00e4 uma p\u00e4\u00e4.<\/p>\n<p>***<\/p>\n<p>\u00dcts ja kats,<br \/>\nastus lats.<br \/>\nSamm l\u00e4tt<br \/>\nk\u00f5rrast kip\u00f5mbas.<\/p>\n<p>***<\/p>\n<p>Tul\u00f5\u2019, tul\u00f5\u2019 tarr\u00f5, kass,<br \/>\nma tii sull\u00f5 pai.<br \/>\nTul\u00f5\u2019, tul\u00f5\u2019 tarr\u00f5, kass,<br \/>\nesi\u2019 ol\u00f5\u2019 pai.<\/p>\n<p>***<\/p>\n<p>Kirota\u2019 k\u00f5rd tahts\u00f5 ma<br \/>\nkuis k\u00e4\u00fc E vai kuis k\u00e4\u00fc A?<br \/>\nTuud es m\u00f5ista\u2019 \u00fcteld\u00e4\u2019.<br \/>\nKuuli l\u00e4tsi opma ma.<\/p>\n<p>***<\/p>\n<p>Ki\u00e4 tuu om<br \/>\nossa p\u00e4\u00e4l?<br \/>\nTsirguk\u00f5n\u00f5 ossa p\u00e4\u00e4l.<br \/>\nKi\u00e4 tuu om<br \/>\nlumbiviin?<br \/>\nKunnak\u00f5n\u00f5 lumbiviin.<br \/>\nKi\u00e4 tuu om<br \/>\nmulla seen?<br \/>\nVaglak\u00f5n\u00f5 mulla seen &#8230;<\/p>\n<p>***<\/p>\n<p>Massinaga tahts\u00f5 ma<br \/>\nperis liina minn\u00e4\u2019.<br \/>\nA viil v\u00e4iku ol\u00f5 ma,<br \/>\nkuis ma j\u00f5vva sinn\u00e4\u2019?<\/p>\n<p>***<\/p>\n<p>Pimps-pimps piim\u00e4 juuma,<br \/>\nlimps-limps leemekeist s\u00fc\u00fcm\u00e4.<br \/>\nEg\u00e4 lats toda tiid,<br \/>\net suur\u00f5s kasut \u00f5nn\u00f5 nii.<\/p>\n<p>***<\/p>\n<p>Tar\u00f5 p\u00e4\u00e4le linna\u015b tsirk,<br \/>\nsull\u00f5 uma laulu kink.<br \/>\nLauls\u00f5 nii ja lauls\u00f5 naa,<br \/>\nlauls\u00f5 lats ja im\u00e4 ka.<\/p>\n<p><strong>Maris M\u00e4gi<\/strong><\/p>\n<p>***<\/p>\n<p>H\u00e4rg\u00fct\u00e4mises<\/p>\n<p>Teemi eg\u00e4t sorti sporti,<br \/>\nselle mi ei s\u00fc\u00fcki torti.<br \/>\nKapstalehti j\u00fcr\u00e4mi,<br \/>\nmaadl\u00f5mi ja m\u00fcrr\u00e4mi.<\/p>\n<p>***<\/p>\n<p>Ol\u00f5 k\u00f5va spordimiis \u2013<br \/>\nn\u00f5sta \u00fcle rinna.<br \/>\nKlaasik\u00f5isi k\u00f5linal<br \/>\nsaa uhk\u00f5 avvohinna.<\/p>\n<p>***<\/p>\n<p>Mille kip\u00f5st\u00f5 ma plaka \u2013<br \/>\nes\u00e4 piniga ai takan,<br \/>\ns\u00f5s ku lats\u00f5ohtu olli,<br \/>\nkoerust\u00fck\u00fc p\u00e4\u00e4le tulli\u2019.<\/p>\n<p><strong>Enno S\u00e4inast<\/strong><\/p>\n<p><a href=\"#top\">\u00dcles<\/a><\/p>\n","protected":false},"excerpt":{"rendered":"<p>1. H\u00e4ll\u00fcp\u00e4\u00e4v\u00e4salmi\u2019 2. Lein\u00e4salmi\u2019 3. Salmi\u2019 lats\u00f5 s\u00fcnn\u00fc puhul 4. Siist ja s\u00e4\u00e4lt nukast<\/p>\n<p>Kaldkriips\u00f5 vaih\u00f5l om keeletoim\u00f5ndaja pakut v\u00f5roper\u00e4tsemb s\u00f5nastus.<\/p>\n<\/p>\n<p> H\u00e4ll\u00fcp\u00e4\u00e4v\u00e4salmi\u2019 <\/p>\n<p>\u00dcts ruus uma h\u00e4itsme valla lei ja sull\u00f5 aasta manu t\u00f5i. Ei tuust es juhtu mid\u00e4gi &#8211; kuun h\u00e4itsege\u2019 elun edesi!<\/p>\n<p>Annika Anton<\/p>\n<p>***<\/p>\n<p>Kooni\u2019 paistus kin\u00e4 p\u00e4iv, pito pit\u00e4\u2019ol\u00f5-i vaiv, <a href=\"https:\/\/wi.ee\/annameedasi\/voro\/salmid\/\">Loe edasi &rsaquo;<\/a><\/p>\n","protected":false},"author":2,"featured_media":0,"parent":14,"menu_order":0,"comment_status":"closed","ping_status":"closed","template":"","meta":{"footnotes":""},"class_list":["post-129","page","type-page","status-publish","hentry","odd"],"yoast_head":"<!-- This site is optimized with the Yoast SEO plugin v27.3 - https:\/\/yoast.com\/product\/yoast-seo-wordpress\/ -->\n<title>Salmid - Anname edasi!<\/title>\n<meta name=\"robots\" content=\"index, follow, max-snippet:-1, max-image-preview:large, max-video-preview:-1\" \/>\n<link rel=\"canonical\" href=\"https:\/\/wi.ee\/annameedasi\/voro\/salmid\/\" \/>\n<meta property=\"og:locale\" content=\"et_EE\" \/>\n<meta property=\"og:type\" content=\"article\" \/>\n<meta property=\"og:title\" content=\"Salmid - Anname edasi!\" \/>\n<meta property=\"og:description\" content=\"1. H\u00e4ll\u00fcp\u00e4\u00e4v\u00e4salmi\u2019 2. Lein\u00e4salmi\u2019 3. Salmi\u2019 lats\u00f5 s\u00fcnn\u00fc puhul 4. Siist ja s\u00e4\u00e4lt nukast Kaldkriips\u00f5 vaih\u00f5l om keeletoim\u00f5ndaja pakut v\u00f5roper\u00e4tsemb s\u00f5nastus. H\u00e4ll\u00fcp\u00e4\u00e4v\u00e4salmi\u2019 \u00dcts ruus uma h\u00e4itsme valla lei ja sull\u00f5 aasta manu t\u00f5i. Ei tuust es juhtu mid\u00e4gi &#8211; kuun h\u00e4itsege\u2019 elun edesi! Annika Anton *** Kooni\u2019 paistus kin\u00e4 p\u00e4iv, pito pit\u00e4\u2019ol\u00f5-i vaiv, Loe edasi &rsaquo;\" \/>\n<meta property=\"og:url\" content=\"https:\/\/wi.ee\/annameedasi\/voro\/salmid\/\" \/>\n<meta property=\"og:site_name\" content=\"Anname edasi!\" \/>\n<meta property=\"article:modified_time\" content=\"2014-12-22T07:16:11+00:00\" \/>\n<meta name=\"twitter:card\" content=\"summary_large_image\" \/>\n<meta name=\"twitter:label1\" content=\"Est. reading time\" \/>\n\t<meta name=\"twitter:data1\" content=\"9 minutit\" \/>\n<script type=\"application\/ld+json\" class=\"yoast-schema-graph\">{\"@context\":\"https:\\\/\\\/schema.org\",\"@graph\":[{\"@type\":\"WebPage\",\"@id\":\"https:\\\/\\\/wi.ee\\\/annameedasi\\\/voro\\\/salmid\\\/\",\"url\":\"https:\\\/\\\/wi.ee\\\/annameedasi\\\/voro\\\/salmid\\\/\",\"name\":\"Salmid - Anname edasi!\",\"isPartOf\":{\"@id\":\"https:\\\/\\\/wi.ee\\\/annameedasi\\\/#website\"},\"datePublished\":\"2014-12-19T09:57:08+00:00\",\"dateModified\":\"2014-12-22T07:16:11+00:00\",\"breadcrumb\":{\"@id\":\"https:\\\/\\\/wi.ee\\\/annameedasi\\\/voro\\\/salmid\\\/#breadcrumb\"},\"inLanguage\":\"et\",\"potentialAction\":[{\"@type\":\"ReadAction\",\"target\":[\"https:\\\/\\\/wi.ee\\\/annameedasi\\\/voro\\\/salmid\\\/\"]}]},{\"@type\":\"BreadcrumbList\",\"@id\":\"https:\\\/\\\/wi.ee\\\/annameedasi\\\/voro\\\/salmid\\\/#breadcrumb\",\"itemListElement\":[{\"@type\":\"ListItem\",\"position\":1,\"name\":\"Home\",\"item\":\"https:\\\/\\\/wi.ee\\\/annameedasi\\\/\"},{\"@type\":\"ListItem\",\"position\":2,\"name\":\"Vana V\u00f5romaa\",\"item\":\"https:\\\/\\\/wi.ee\\\/annameedasi\\\/voro\\\/\"},{\"@type\":\"ListItem\",\"position\":3,\"name\":\"Salmid\"}]},{\"@type\":\"WebSite\",\"@id\":\"https:\\\/\\\/wi.ee\\\/annameedasi\\\/#website\",\"url\":\"https:\\\/\\\/wi.ee\\\/annameedasi\\\/\",\"name\":\"Anname edasi!\",\"description\":\"\",\"potentialAction\":[{\"@type\":\"SearchAction\",\"target\":{\"@type\":\"EntryPoint\",\"urlTemplate\":\"https:\\\/\\\/wi.ee\\\/annameedasi\\\/?s={search_term_string}\"},\"query-input\":{\"@type\":\"PropertyValueSpecification\",\"valueRequired\":true,\"valueName\":\"search_term_string\"}}],\"inLanguage\":\"et\"}]}<\/script>\n<!-- \/ Yoast SEO plugin. -->","yoast_head_json":{"title":"Salmid - Anname edasi!","robots":{"index":"index","follow":"follow","max-snippet":"max-snippet:-1","max-image-preview":"max-image-preview:large","max-video-preview":"max-video-preview:-1"},"canonical":"https:\/\/wi.ee\/annameedasi\/voro\/salmid\/","og_locale":"et_EE","og_type":"article","og_title":"Salmid - Anname edasi!","og_description":"1. H\u00e4ll\u00fcp\u00e4\u00e4v\u00e4salmi\u2019 2. Lein\u00e4salmi\u2019 3. Salmi\u2019 lats\u00f5 s\u00fcnn\u00fc puhul 4. Siist ja s\u00e4\u00e4lt nukast Kaldkriips\u00f5 vaih\u00f5l om keeletoim\u00f5ndaja pakut v\u00f5roper\u00e4tsemb s\u00f5nastus. H\u00e4ll\u00fcp\u00e4\u00e4v\u00e4salmi\u2019 \u00dcts ruus uma h\u00e4itsme valla lei ja sull\u00f5 aasta manu t\u00f5i. Ei tuust es juhtu mid\u00e4gi &#8211; kuun h\u00e4itsege\u2019 elun edesi! Annika Anton *** Kooni\u2019 paistus kin\u00e4 p\u00e4iv, pito pit\u00e4\u2019ol\u00f5-i vaiv, Loe edasi &rsaquo;","og_url":"https:\/\/wi.ee\/annameedasi\/voro\/salmid\/","og_site_name":"Anname edasi!","article_modified_time":"2014-12-22T07:16:11+00:00","twitter_card":"summary_large_image","twitter_misc":{"Est. reading time":"9 minutit"},"schema":{"@context":"https:\/\/schema.org","@graph":[{"@type":"WebPage","@id":"https:\/\/wi.ee\/annameedasi\/voro\/salmid\/","url":"https:\/\/wi.ee\/annameedasi\/voro\/salmid\/","name":"Salmid - Anname edasi!","isPartOf":{"@id":"https:\/\/wi.ee\/annameedasi\/#website"},"datePublished":"2014-12-19T09:57:08+00:00","dateModified":"2014-12-22T07:16:11+00:00","breadcrumb":{"@id":"https:\/\/wi.ee\/annameedasi\/voro\/salmid\/#breadcrumb"},"inLanguage":"et","potentialAction":[{"@type":"ReadAction","target":["https:\/\/wi.ee\/annameedasi\/voro\/salmid\/"]}]},{"@type":"BreadcrumbList","@id":"https:\/\/wi.ee\/annameedasi\/voro\/salmid\/#breadcrumb","itemListElement":[{"@type":"ListItem","position":1,"name":"Home","item":"https:\/\/wi.ee\/annameedasi\/"},{"@type":"ListItem","position":2,"name":"Vana V\u00f5romaa","item":"https:\/\/wi.ee\/annameedasi\/voro\/"},{"@type":"ListItem","position":3,"name":"Salmid"}]},{"@type":"WebSite","@id":"https:\/\/wi.ee\/annameedasi\/#website","url":"https:\/\/wi.ee\/annameedasi\/","name":"Anname edasi!","description":"","potentialAction":[{"@type":"SearchAction","target":{"@type":"EntryPoint","urlTemplate":"https:\/\/wi.ee\/annameedasi\/?s={search_term_string}"},"query-input":{"@type":"PropertyValueSpecification","valueRequired":true,"valueName":"search_term_string"}}],"inLanguage":"et"}]}},"_links":{"self":[{"href":"https:\/\/wi.ee\/annameedasi\/wp-json\/wp\/v2\/pages\/129","targetHints":{"allow":["GET"]}}],"collection":[{"href":"https:\/\/wi.ee\/annameedasi\/wp-json\/wp\/v2\/pages"}],"about":[{"href":"https:\/\/wi.ee\/annameedasi\/wp-json\/wp\/v2\/types\/page"}],"author":[{"embeddable":true,"href":"https:\/\/wi.ee\/annameedasi\/wp-json\/wp\/v2\/users\/2"}],"replies":[{"embeddable":true,"href":"https:\/\/wi.ee\/annameedasi\/wp-json\/wp\/v2\/comments?post=129"}],"version-history":[{"count":20,"href":"https:\/\/wi.ee\/annameedasi\/wp-json\/wp\/v2\/pages\/129\/revisions"}],"predecessor-version":[{"id":152,"href":"https:\/\/wi.ee\/annameedasi\/wp-json\/wp\/v2\/pages\/129\/revisions\/152"}],"up":[{"embeddable":true,"href":"https:\/\/wi.ee\/annameedasi\/wp-json\/wp\/v2\/pages\/14"}],"wp:attachment":[{"href":"https:\/\/wi.ee\/annameedasi\/wp-json\/wp\/v2\/media?parent=129"}],"curies":[{"name":"wp","href":"https:\/\/api.w.org\/{rel}","templated":true}]}}